{"id":10375,"date":"2023-10-10T11:38:54","date_gmt":"2023-10-10T09:38:54","guid":{"rendered":"https:\/\/iphysio.es\/?page_id=10375"},"modified":"2024-09-11T10:53:20","modified_gmt":"2024-09-11T08:53:20","slug":"unidad-para-la-mujer-2","status":"publish","type":"page","link":"https:\/\/iphysio.es\/index.php\/unidad-para-la-mujer-2\/","title":{"rendered":"Unidad para la mujer"},"content":{"rendered":"\n<table id=\"tablepress-16\" class=\"tablepress tablepress-id-16\">\n<tbody class=\"row-hover\">\n<tr class=\"row-1\">\n\t<td class=\"column-1\"><b>La UMI<\/b><\/td><td class=\"column-2\"><b>El suelo p\u00e9lvico<\/b><\/td><td class=\"column-3\"><\/td><td class=\"column-4\"><\/td><td class=\"column-5\"><\/td><td class=\"column-6\"><b>Ejercicio y embarazo<\/b><\/td><td class=\"column-7\"><\/td><td class=\"column-8\"><\/td>\n<\/tr>\n<tr class=\"row-2\">\n\t<td class=\"column-1\"><a href=\"https:\/\/iphysio.es\/index.php\/unidad-para-la-mujer-2\/\">Unidad para la mujer<\/a><\/td><td class=\"column-2\"><a href=\"https:\/\/iphysio.es\/index.php\/suelo-pelvico\/\">El suelo p\u00e9lvico<\/a><\/td><td class=\"column-3\"><a href=\"https:\/\/iphysio.es\/index.php\/disfunciones-de-suelo-pelvico\/\">Disfunciones<\/a><\/td><td class=\"column-4\"><a href=\"https:\/\/iphysio.es\/index.php\/diastasis-abdominal\/\">Di\u00e1stasis abdominal<\/a><\/td><td class=\"column-5\"><a href=\"https:\/\/iphysio.es\/index.php\/cicatriz-de-cesarea\/\">Cicatriz de ces\u00e1rea<\/a><\/td><td class=\"column-6\"><a href=\"https:\/\/iphysio.es\/index.php\/ejercicio-en-el-embarazo\/\">Beneficios para la madre<\/a><\/td><td class=\"column-7\"><a href=\"https:\/\/iphysio.es\/index.php\/beneficios-del-ejercicio-materno\/\">Beneficios para el beb\u00e9<\/a><\/td><td class=\"column-8\"><a href=\"https:\/\/iphysio.es\/index.php\/ejercicio-para-embarazadas-en-talavera\/\">Clases en iPhysio<\/a><\/td>\n<\/tr>\n<\/tbody>\n<\/table>\n<!-- #tablepress-16 from cache -->\n<hr \/>\n<h2 style=\"text-align: center;\"><strong>UNIDAD PARA LA MUJER<\/strong><\/h2>\n<h4 style=\"text-align: center;\">Especialidad en fisioterapia de Cl\u00ednica iPhysio<\/h4>\n<hr \/>\n<p style=\"text-align: left;\"><img loading=\"lazy\" decoding=\"async\" class=\"alignleft wp-image-10384 \" src=\"https:\/\/iphysio.es\/wp-content\/uploads\/2023\/10\/unidad-para-la-mujer.png\" alt=\"unidad para la mujer\" width=\"289\" height=\"482\" srcset=\"https:\/\/iphysio.es\/wp-content\/uploads\/2023\/10\/unidad-para-la-mujer.png 300w, https:\/\/iphysio.es\/wp-content\/uploads\/2023\/10\/unidad-para-la-mujer-180x300.png 180w\" sizes=\"auto, (max-width: 289px) 100vw, 289px\" \/>Cl\u00ednica iPhysio ha puesto en marcha una unidad para la mujer, un \u00e1rea de fisioterapia enfocada a tratar los <strong>problemas de salud que afectan a las mujeres, durante cada etapa de su vida<\/strong>.<\/p>\n<h3>\u00c1rea de suelo p\u00e9lvico<\/h3>\n<p><img loading=\"lazy\" decoding=\"async\" class=\"alignright wp-image-10391\" src=\"https:\/\/iphysio.es\/wp-content\/uploads\/2023\/10\/unidad-para-la-mujer.jpg\" alt=\"unidad para la mujer en fisioterapia\" width=\"340\" height=\"340\" srcset=\"https:\/\/iphysio.es\/wp-content\/uploads\/2023\/10\/unidad-para-la-mujer.jpg 400w, https:\/\/iphysio.es\/wp-content\/uploads\/2023\/10\/unidad-para-la-mujer-150x150.jpg 150w, https:\/\/iphysio.es\/wp-content\/uploads\/2023\/10\/unidad-para-la-mujer-300x300.jpg 300w\" sizes=\"auto, (max-width: 340px) 100vw, 340px\" \/><\/p>\n<p>El \u00e1rea de suelo p\u00e9lvico, <strong>dirigida por fisioterapeutas tituladas y especializadas <\/strong>, aborda disfunciones relacionadas con:<\/p>\n<ul>\n<li><span style=\"color: #000000;\"><strong>preparaci\u00f3n f\u00edsica y acompa\u00f1amiento<\/strong> para el <strong>embarazo, parto y posparto<\/strong><\/span><\/li>\n<li style=\"text-align: left;\"><strong>s\u00edndromes dolorosos<\/strong> en esta zona (endometriosis, cirug\u00edas, &#8230;)<\/li>\n<li style=\"text-align: left;\"><strong>incontinencia<\/strong> urinaria<\/li>\n<li style=\"text-align: left;\"><strong>prolapsos<\/strong><\/li>\n<li style=\"text-align: left;\"><strong>disfunciones sexuales<\/strong> (dispareunia, vaginismo, &#8230;)<\/li>\n<li style=\"text-align: left;\"><strong>di\u00e1stasis<\/strong> abdominal<\/li>\n<li style=\"text-align: left;\">tratamiento fisioest\u00e9tico de la <strong>cicatriz por ces\u00e1rea<\/strong>, o<\/li>\n<li style=\"text-align: left;\">preparaci\u00f3n los \u00f3rganos p\u00e9lvicos para los cambios hormonales que pueden producirse con la <strong>menopausia<\/strong>, y su posible repercusi\u00f3n \u00f3sea y muscular.<\/li>\n<\/ul>\n<h3>Fisioterapeutas especializadas, en la unidad para la mujer<\/h3>\n<p>La unidad para la mujer de Cl\u00ednica iPhysio, que <strong>ya est\u00e1 en funcionamiento<\/strong>, cuenta con <strong><a href=\"https:\/\/iphysio.es\/index.php\/equipo-y-clinica\/\" target=\"_blank\" rel=\"noopener\">fisioterapeutas<\/a> especialistas<\/strong> que dise\u00f1an tratamientos personalizados para mejorar la calidad de vida de las pacientes, <strong>dispone de medios t\u00e9cnicos como<\/strong>:<\/p>\n<ul>\n<li><strong>Radiofrecuencia<\/strong>\u00a0para activaci\u00f3n del tejido conectivo y mejorar la firmeza abdominal, aumentar la recuperaci\u00f3n org\u00e1nica y funcional del suelo p\u00e9lvico tras el parto y disminuir dolor en problemas de relaciones.<\/li>\n<li><strong>Ecograf\u00eda<\/strong>\u00a0funcional y progresiva de la evoluci\u00f3n de la posible di\u00e1stasis y su recuperaci\u00f3n muscular<\/li>\n<li><strong>Biofeedback EMS<\/strong>\u00a0de \u00faltima generaci\u00f3n e interactivo para la recuperaci\u00f3n funcional y muscular del suelo p\u00e9lvico (Biostim)<\/li>\n<\/ul>\n<div class=\"su-note\"  style=\"border-color:#d8d8d8;border-radius:2px;-moz-border-radius:2px;-webkit-border-radius:2px;\"><div class=\"su-note-inner su-u-clearfix su-u-trim\" style=\"background-color:#f2f2f2;border-color:#ffffff;color:#3c3c3c;border-radius:2px;-moz-border-radius:2px;-webkit-border-radius:2px;\">\n<p><strong>&#x2665;<\/strong> Si te interesa recibir m\u00e1s informaci\u00f3n sobre alguna de nuestras <strong>actividades relacionadas con la gestaci\u00f3n<\/strong>, puede utilizar este formulario.<br \/>\n<strong>&#x2665;<\/strong> En funci\u00f3n de lo que m\u00e1s te interese, nos ayudar\u00eda saber de cu\u00e1ntas semanas est\u00e1s embarazada, y la fecha prevista o efectiva del parto.<br \/>\n<strong>&#x2665;<\/strong> <em>Las clases de ejercicio durante el embarazo incluyen el taller de preparaci\u00f3n al parto para ti y tu pareja<\/em><\/p>\n<div class=\"su-row\"><div class=\"su-column su-column-size-2-3\"><div class=\"su-column-inner su-u-clearfix su-u-trim\">\n<div class=\"wpforms-container wpforms-container-full\" id=\"wpforms-11151\"><form id=\"wpforms-form-11151\" class=\"wpforms-validate wpforms-form\" data-formid=\"11151\" method=\"post\" enctype=\"multipart\/form-data\" action=\"\/index.php\/wp-json\/wp\/v2\/pages\/10375\" data-token=\"5cd3420d5a1a81c9d1286b6ab7f551d3\" data-token-time=\"1778500619\"><noscript class=\"wpforms-error-noscript\">Por favor, activa JavaScript en tu navegador para completar este formulario.<\/noscript><div class=\"wpforms-field-container\"><div id=\"wpforms-11151-field_1-container\" class=\"wpforms-field wpforms-field-name\" data-field-id=\"1\"><label class=\"wpforms-field-label\" for=\"wpforms-11151-field_1\">Nombre <span class=\"wpforms-required-label\">*<\/span><\/label><input type=\"text\" id=\"wpforms-11151-field_1\" class=\"wpforms-field-medium wpforms-field-required\" name=\"wpforms[fields][1]\" required><\/div><div id=\"wpforms-11151-field_3-container\" class=\"wpforms-field wpforms-field-text\" data-field-id=\"3\"><label class=\"wpforms-field-label\" for=\"wpforms-11151-field_3\">Tel\u00e9fono <span class=\"wpforms-required-label\">*<\/span><\/label><input type=\"text\" id=\"wpforms-11151-field_3\" class=\"wpforms-field-medium wpforms-field-required\" name=\"wpforms[fields][3]\" required><\/div><div id=\"wpforms-11151-field_4-container\" class=\"wpforms-field wpforms-field-email\" data-field-id=\"4\"><label class=\"wpforms-field-label\" for=\"wpforms-11151-field_4\">Correo electr\u00f3nico <span class=\"wpforms-required-label\">*<\/span><\/label><input type=\"email\" id=\"wpforms-11151-field_4\" class=\"wpforms-field-medium wpforms-field-required\" name=\"wpforms[fields][4]\" spellcheck=\"false\" required><\/div><div id=\"wpforms-11151-field_5-container\" class=\"wpforms-field wpforms-field-checkbox wpforms-list-3-columns\" data-field-id=\"5\"><label class=\"wpforms-field-label\">Solicito m\u00e1s informaci\u00f3n sobre:<\/label><ul id=\"wpforms-11151-field_5\"><li class=\"choice-1 depth-1\"><input type=\"checkbox\" id=\"wpforms-11151-field_5_1\" name=\"wpforms[fields][5][]\" value=\"Ejercicio para el embarazo\"  ><label class=\"wpforms-field-label-inline\" for=\"wpforms-11151-field_5_1\">Ejercicio para el embarazo<\/label><\/li><li class=\"choice-2 depth-1\"><input type=\"checkbox\" id=\"wpforms-11151-field_5_2\" name=\"wpforms[fields][5][]\" value=\"Taller de preparaci\u00f3n al parto\"  ><label class=\"wpforms-field-label-inline\" for=\"wpforms-11151-field_5_2\">Taller de preparaci\u00f3n al parto<\/label><\/li><li class=\"choice-3 depth-1\"><input type=\"checkbox\" id=\"wpforms-11151-field_5_3\" name=\"wpforms[fields][5][]\" value=\"Ejercicio en el posparto\"  ><label class=\"wpforms-field-label-inline\" for=\"wpforms-11151-field_5_3\">Ejercicio en el posparto<\/label><\/li><\/ul><\/div><div id=\"wpforms-11151-field_6-container\" class=\"wpforms-field wpforms-field-textarea\" data-field-id=\"6\"><label class=\"wpforms-field-label\" for=\"wpforms-11151-field_6\">\u00bfAlgo que quieras comentarnos?<\/label><textarea id=\"wpforms-11151-field_6\" class=\"wpforms-field-small\" name=\"wpforms[fields][6]\" ><\/textarea><\/div><div id=\"wpforms-11151-field_7-container\" class=\"wpforms-field wpforms-field-gdpr-checkbox\" data-field-id=\"7\"><label class=\"wpforms-field-label\">Acuerdo RGPD  <span class=\"wpforms-required-label\">*<\/span><\/label><ul id=\"wpforms-11151-field_7\" class=\"wpforms-field-required\"><li class=\"choice-1\"><input type=\"checkbox\" id=\"wpforms-11151-field_7_1\" name=\"wpforms[fields][7][]\" value=\"Doy mi consentimiento para que esta web almacene la informaci\u00f3n que env\u00edo para que puedan responder a mi petici\u00f3n. \" required ><label class=\"wpforms-field-label-inline\" for=\"wpforms-11151-field_7_1\">Doy mi consentimiento para que esta web almacene la informaci\u00f3n que env\u00edo para que puedan responder a mi petici\u00f3n. <\/label><\/li><\/ul><\/div><\/div><!-- .wpforms-field-container --><div class=\"wpforms-submit-container\" ><input type=\"hidden\" name=\"wpforms[id]\" value=\"11151\"><input type=\"hidden\" name=\"page_title\" value=\"\"><input type=\"hidden\" name=\"page_url\" value=\"https:\/\/iphysio.es\/index.php\/wp-json\/wp\/v2\/pages\/10375\"><input type=\"hidden\" name=\"url_referer\" value=\"\"><button type=\"submit\" name=\"wpforms[submit]\" id=\"wpforms-submit-11151\" class=\"wpforms-submit\" data-alt-text=\"Enviando...\" data-submit-text=\"Enviar\" aria-live=\"assertive\" value=\"wpforms-submit\">Enviar<\/button><\/div><\/form><\/div>  <!-- .wpforms-container -->\n<\/div><\/div> <div class=\"su-column su-column-size-1-3\"><div class=\"su-column-inner su-u-clearfix su-u-trim\"><img loading=\"lazy\" decoding=\"async\" class=\"alignnone wp-image-11152 size-full\" src=\"https:\/\/iphysio.es\/wp-content\/uploads\/2024\/09\/preparacion-al-parto.jpg\" alt=\"\" width=\"300\" height=\"600\" srcset=\"https:\/\/iphysio.es\/wp-content\/uploads\/2024\/09\/preparacion-al-parto.jpg 300w, https:\/\/iphysio.es\/wp-content\/uploads\/2024\/09\/preparacion-al-parto-150x300.jpg 150w\" sizes=\"auto, (max-width: 300px) 100vw, 300px\" \/><\/div><\/div><\/div>\n<\/div><\/div>\n<h6><div class=\"su-row\"><div class=\"su-column su-column-size-1-4\"><div class=\"su-column-inner su-u-clearfix su-u-trim\"><img loading=\"lazy\" decoding=\"async\" class=\"wp-image-7473 alignleft\" style=\"font-size: 17px; font-weight: bold; letter-spacing: 1.7px; text-transform: uppercase;\" src=\"https:\/\/iphysio.es\/wp-content\/uploads\/2020\/10\/ven-a-iphysio-e1603906558691-1024x642.png\" alt=\"\" width=\"262\" height=\"164\" srcset=\"https:\/\/iphysio.es\/wp-content\/uploads\/2020\/10\/ven-a-iphysio-e1603906558691-1024x642.png 1024w, https:\/\/iphysio.es\/wp-content\/uploads\/2020\/10\/ven-a-iphysio-e1603906558691-300x188.png 300w, https:\/\/iphysio.es\/wp-content\/uploads\/2020\/10\/ven-a-iphysio-e1603906558691-768x482.png 768w, https:\/\/iphysio.es\/wp-content\/uploads\/2020\/10\/ven-a-iphysio-e1603906558691.png 1747w\" sizes=\"auto, (max-width: 262px) 100vw, 262px\" \/><\/div><\/div> <div class=\"su-column su-column-size-3-4\"><div class=\"su-column-inner su-u-clearfix su-u-trim\"><div class=\"su-quote su-quote-style-default\"><div class=\"su-quote-inner su-u-clearfix su-u-trim\">Uno de los objetivos de esta unidad, trabajar durante el\u00a0embarazo, implica un entrenamiento espec\u00edfico centrado en aliviar cualquier posible dolor, mejorar la postura, y fortalecer y \u201cengrasar\u201d todas las estructuras corporales que sostienen al feto e intervendr\u00e1n en el\u00a0parto, mejorando tambi\u00e9n su\u00a0recuperaci\u00f3n\u00a0tras el parto. <strong>Adem\u00e1s, el ejercicio dirigido y pautado durante la gestaci\u00f3n tambi\u00e9n tiene <a href=\"https:\/\/iphysio.es\/index.php\/beneficios-del-ejercicio-materno\/\">beneficios para el beb\u00e9<\/a><\/strong>.<\/div><\/div><\/div><\/div><\/div><\/h6>\n<h6 style=\"text-align: center;\">Si deseas concertar una cita espec\u00edficamente para esta unidad, puedes hacerlo por tel\u00e9fono <span style=\"color: #000000;\"><strong>925 68 12 02<\/strong><\/span> o WhatsApp <span style=\"color: #000000;\"><strong>657 658 269<\/strong><\/span><\/h6>\n<p style=\"text-align: right;\"><a href=\"https:\/\/www.facebook.com\/iPhysioTalavera\/\" target=\"_blank\" rel=\"noopener\">S\u00edguenos en RRSS<\/a><\/p>\n<div class=\"su-note\"  style=\"border-color:#d8d8d8;border-radius:2px;-moz-border-radius:2px;-webkit-border-radius:2px;\"><div class=\"su-note-inner su-u-clearfix su-u-trim\" style=\"background-color:#f2f2f2;border-color:#ffffff;color:#3c3c3c;border-radius:2px;-moz-border-radius:2px;-webkit-border-radius:2px;\">\n\n<table id=\"tablepress-13\" class=\"tablepress tablepress-id-13\">\n<tbody class=\"row-hover\">\n<tr class=\"row-1\">\n\t<td class=\"column-1\"><b>Servicios Cl\u00ednica iPhysio<\/b><\/td><td class=\"column-2\"><a href=\"https:\/\/iphysio.es\/index.php\/nuestros-servicios\/fisioterapia-talavera-de-la-reina\/\"> \u00b7 Fisioterapia<\/a><\/td><td class=\"column-3\"><a href=\"https:\/\/iphysio.es\/index.php\/unidad-para-la-mujer-2\/\"> \u00b7 Unidad para la mujer<\/a><\/td><td class=\"column-4\"><a href=\"https:\/\/iphysio.es\/index.php\/nuestros-servicios\/fisioterapia-talavera-de-la-reina\/colico-del-lactante\/\"> \u00b7 Lactantes<\/a><\/td><td class=\"column-5\"><a href=\"https:\/\/iphysio.es\/index.php\/nuestros-servicios\/nutricion-y-dietetica-talavera\/\">\u00b7 Nutrici\u00f3n<\/a><\/td><td class=\"column-6\"><a href=\"https:\/\/iphysio.es\/index.php\/nuestros-servicios\/actividades-en-sala-cuidar-tu-cuerpo\/\">\u00b7 Pilates<\/a><\/td><td class=\"column-7\"><a href=\"https:\/\/iphysio.es\/index.php\/entrenamiento-deportivo\/\">\u00b7 Entrenamiento<\/a><\/td>\n<\/tr>\n<\/tbody>\n<\/table>\n<!-- #tablepress-13 from cache -->\n<\/div><\/div>\n<p>&nbsp;<\/p>\n ","protected":false},"excerpt":{"rendered":"<p>UNIDAD PARA LA MUJER Especialidad en fisioterapia de Cl\u00ednica iPhysio Cl\u00ednica iPhysio ha puesto en marcha una unidad para la mujer, un \u00e1rea de fisioterapia enfocada a tratar los problemas de salud que afectan a las mujeres, durante cada etapa de su vida. \u00c1rea de suelo p\u00e9lvico El \u00e1rea de suelo p\u00e9lvico, dirigida por fisioterapeutas tituladas y especializadas , aborda disfunciones relacionadas con: preparaci\u00f3n f\u00edsica y acompa\u00f1amiento para el embarazo, parto y posparto s\u00edndromes dolorosos en esta zona (endometriosis, cirug\u00edas,&hellip;<\/p>\n","protected":false},"author":1,"featured_media":0,"parent":0,"menu_order":0,"comment_status":"closed","ping_status":"closed","template":"","meta":{"footnotes":"","_links_to":"","_links_to_target":""},"class_list":["post-10375","page","type-page","status-publish","hentry"],"yoast_head":"<!-- This site is optimized with the Yoast SEO plugin v27.5 - https:\/\/yoast.com\/product\/yoast-seo-wordpress\/ -->\n<title>Unidad para la mujer, especialidad en fisioterapia | Cl\u00ednica iPhysio<\/title>\n<meta name=\"description\" content=\"Unidad para la mujer, fisioterapia enfocada a tratar los problemas de salud que afectan a las mujeres, durante cada etapa de su vida.\" \/>\n<meta name=\"robots\" content=\"index, follow, max-snippet:-1, max-image-preview:large, max-video-preview:-1\" \/>\n<link rel=\"canonical\" href=\"https:\/\/iphysio.es\/index.php\/unidad-para-la-mujer-2\/\" \/>\n<meta property=\"og:locale\" content=\"es_ES\" \/>\n<meta property=\"og:type\" content=\"article\" \/>\n<meta property=\"og:title\" content=\"Unidad para la mujer, especialidad en fisioterapia | Cl\u00ednica iPhysio\" \/>\n<meta property=\"og:description\" content=\"Unidad para la mujer, fisioterapia enfocada a tratar los problemas de salud que afectan a las mujeres, durante cada etapa de su vida.\" \/>\n<meta property=\"og:url\" content=\"https:\/\/iphysio.es\/index.php\/unidad-para-la-mujer-2\/\" \/>\n<meta property=\"og:site_name\" content=\"Cl\u00ednica iPhysio Therapy\" \/>\n<meta property=\"article:publisher\" content=\"https:\/\/www.facebook.com\/iPhysioTalavera\/\" \/>\n<meta property=\"article:modified_time\" content=\"2024-09-11T08:53:20+00:00\" \/>\n<meta property=\"og:image\" content=\"https:\/\/iphysio.es\/wp-content\/uploads\/2023\/10\/unidad-para-la-mujer.png\" \/>\n<meta name=\"twitter:card\" content=\"summary_large_image\" \/>\n<meta name=\"twitter:site\" content=\"@IphysioT\" \/>\n<meta name=\"twitter:label1\" content=\"Tiempo de lectura\" \/>\n\t<meta name=\"twitter:data1\" content=\"2 minutos\" \/>\n<script type=\"application\/ld+json\" class=\"yoast-schema-graph\">{\"@context\":\"https:\\\/\\\/schema.org\",\"@graph\":[{\"@type\":\"WebPage\",\"@id\":\"https:\\\/\\\/iphysio.es\\\/index.php\\\/unidad-para-la-mujer-2\\\/\",\"url\":\"https:\\\/\\\/iphysio.es\\\/index.php\\\/unidad-para-la-mujer-2\\\/\",\"name\":\"Unidad para la mujer, especialidad en fisioterapia | Cl\u00ednica iPhysio\",\"isPartOf\":{\"@id\":\"https:\\\/\\\/iphysio.es\\\/#website\"},\"primaryImageOfPage\":{\"@id\":\"https:\\\/\\\/iphysio.es\\\/index.php\\\/unidad-para-la-mujer-2\\\/#primaryimage\"},\"image\":{\"@id\":\"https:\\\/\\\/iphysio.es\\\/index.php\\\/unidad-para-la-mujer-2\\\/#primaryimage\"},\"thumbnailUrl\":\"https:\\\/\\\/iphysio.es\\\/wp-content\\\/uploads\\\/2023\\\/10\\\/unidad-para-la-mujer.png\",\"datePublished\":\"2023-10-10T09:38:54+00:00\",\"dateModified\":\"2024-09-11T08:53:20+00:00\",\"description\":\"Unidad para la mujer, fisioterapia enfocada a tratar los problemas de salud que afectan a las mujeres, durante cada etapa de su vida.\",\"breadcrumb\":{\"@id\":\"https:\\\/\\\/iphysio.es\\\/index.php\\\/unidad-para-la-mujer-2\\\/#breadcrumb\"},\"inLanguage\":\"es\",\"potentialAction\":[{\"@type\":\"ReadAction\",\"target\":[\"https:\\\/\\\/iphysio.es\\\/index.php\\\/unidad-para-la-mujer-2\\\/\"]}]},{\"@type\":\"ImageObject\",\"inLanguage\":\"es\",\"@id\":\"https:\\\/\\\/iphysio.es\\\/index.php\\\/unidad-para-la-mujer-2\\\/#primaryimage\",\"url\":\"https:\\\/\\\/iphysio.es\\\/wp-content\\\/uploads\\\/2023\\\/10\\\/unidad-para-la-mujer.png\",\"contentUrl\":\"https:\\\/\\\/iphysio.es\\\/wp-content\\\/uploads\\\/2023\\\/10\\\/unidad-para-la-mujer.png\",\"width\":300,\"height\":500},{\"@type\":\"BreadcrumbList\",\"@id\":\"https:\\\/\\\/iphysio.es\\\/index.php\\\/unidad-para-la-mujer-2\\\/#breadcrumb\",\"itemListElement\":[{\"@type\":\"ListItem\",\"position\":1,\"name\":\"Portada\",\"item\":\"https:\\\/\\\/iphysio.es\\\/\"},{\"@type\":\"ListItem\",\"position\":2,\"name\":\"Unidad para la mujer\"}]},{\"@type\":\"WebSite\",\"@id\":\"https:\\\/\\\/iphysio.es\\\/#website\",\"url\":\"https:\\\/\\\/iphysio.es\\\/\",\"name\":\"Cl\u00ednica iPhysio Therapy\",\"description\":\"Fisioterapia, Nutrici\u00f3n y Diet\u00e9tica, Pilates, Hipopresivos, Lumbalgias, Cervicalgias, Esguinces, Biomec\u00e1nica\",\"publisher\":{\"@id\":\"https:\\\/\\\/iphysio.es\\\/#organization\"},\"potentialAction\":[{\"@type\":\"SearchAction\",\"target\":{\"@type\":\"EntryPoint\",\"urlTemplate\":\"https:\\\/\\\/iphysio.es\\\/?s={search_term_string}\"},\"query-input\":{\"@type\":\"PropertyValueSpecification\",\"valueRequired\":true,\"valueName\":\"search_term_string\"}}],\"inLanguage\":\"es\"},{\"@type\":\"Organization\",\"@id\":\"https:\\\/\\\/iphysio.es\\\/#organization\",\"name\":\"Fisiotalavera S.L.\",\"url\":\"https:\\\/\\\/iphysio.es\\\/\",\"logo\":{\"@type\":\"ImageObject\",\"inLanguage\":\"es\",\"@id\":\"https:\\\/\\\/iphysio.es\\\/#\\\/schema\\\/logo\\\/image\\\/\",\"url\":\"https:\\\/\\\/iphysio.es\\\/wp-content\\\/uploads\\\/2016\\\/11\\\/cropped-solologo.png\",\"contentUrl\":\"https:\\\/\\\/iphysio.es\\\/wp-content\\\/uploads\\\/2016\\\/11\\\/cropped-solologo.png\",\"width\":402,\"height\":428,\"caption\":\"Fisiotalavera S.L.\"},\"image\":{\"@id\":\"https:\\\/\\\/iphysio.es\\\/#\\\/schema\\\/logo\\\/image\\\/\"},\"sameAs\":[\"https:\\\/\\\/www.facebook.com\\\/iPhysioTalavera\\\/\",\"https:\\\/\\\/x.com\\\/IphysioT\"]}]}<\/script>\n<!-- \/ Yoast SEO plugin. -->","yoast_head_json":{"title":"Unidad para la mujer, especialidad en fisioterapia | Cl\u00ednica iPhysio","description":"Unidad para la mujer, fisioterapia enfocada a tratar los problemas de salud que afectan a las mujeres, durante cada etapa de su vida.","robots":{"index":"index","follow":"follow","max-snippet":"max-snippet:-1","max-image-preview":"max-image-preview:large","max-video-preview":"max-video-preview:-1"},"canonical":"https:\/\/iphysio.es\/index.php\/unidad-para-la-mujer-2\/","og_locale":"es_ES","og_type":"article","og_title":"Unidad para la mujer, especialidad en fisioterapia | Cl\u00ednica iPhysio","og_description":"Unidad para la mujer, fisioterapia enfocada a tratar los problemas de salud que afectan a las mujeres, durante cada etapa de su vida.","og_url":"https:\/\/iphysio.es\/index.php\/unidad-para-la-mujer-2\/","og_site_name":"Cl\u00ednica iPhysio Therapy","article_publisher":"https:\/\/www.facebook.com\/iPhysioTalavera\/","article_modified_time":"2024-09-11T08:53:20+00:00","og_image":[{"url":"https:\/\/iphysio.es\/wp-content\/uploads\/2023\/10\/unidad-para-la-mujer.png","type":"","width":"","height":""}],"twitter_card":"summary_large_image","twitter_site":"@IphysioT","twitter_misc":{"Tiempo de lectura":"2 minutos"},"schema":{"@context":"https:\/\/schema.org","@graph":[{"@type":"WebPage","@id":"https:\/\/iphysio.es\/index.php\/unidad-para-la-mujer-2\/","url":"https:\/\/iphysio.es\/index.php\/unidad-para-la-mujer-2\/","name":"Unidad para la mujer, especialidad en fisioterapia | Cl\u00ednica iPhysio","isPartOf":{"@id":"https:\/\/iphysio.es\/#website"},"primaryImageOfPage":{"@id":"https:\/\/iphysio.es\/index.php\/unidad-para-la-mujer-2\/#primaryimage"},"image":{"@id":"https:\/\/iphysio.es\/index.php\/unidad-para-la-mujer-2\/#primaryimage"},"thumbnailUrl":"https:\/\/iphysio.es\/wp-content\/uploads\/2023\/10\/unidad-para-la-mujer.png","datePublished":"2023-10-10T09:38:54+00:00","dateModified":"2024-09-11T08:53:20+00:00","description":"Unidad para la mujer, fisioterapia enfocada a tratar los problemas de salud que afectan a las mujeres, durante cada etapa de su vida.","breadcrumb":{"@id":"https:\/\/iphysio.es\/index.php\/unidad-para-la-mujer-2\/#breadcrumb"},"inLanguage":"es","potentialAction":[{"@type":"ReadAction","target":["https:\/\/iphysio.es\/index.php\/unidad-para-la-mujer-2\/"]}]},{"@type":"ImageObject","inLanguage":"es","@id":"https:\/\/iphysio.es\/index.php\/unidad-para-la-mujer-2\/#primaryimage","url":"https:\/\/iphysio.es\/wp-content\/uploads\/2023\/10\/unidad-para-la-mujer.png","contentUrl":"https:\/\/iphysio.es\/wp-content\/uploads\/2023\/10\/unidad-para-la-mujer.png","width":300,"height":500},{"@type":"BreadcrumbList","@id":"https:\/\/iphysio.es\/index.php\/unidad-para-la-mujer-2\/#breadcrumb","itemListElement":[{"@type":"ListItem","position":1,"name":"Portada","item":"https:\/\/iphysio.es\/"},{"@type":"ListItem","position":2,"name":"Unidad para la mujer"}]},{"@type":"WebSite","@id":"https:\/\/iphysio.es\/#website","url":"https:\/\/iphysio.es\/","name":"Cl\u00ednica iPhysio Therapy","description":"Fisioterapia, Nutrici\u00f3n y Diet\u00e9tica, Pilates, Hipopresivos, Lumbalgias, Cervicalgias, Esguinces, Biomec\u00e1nica","publisher":{"@id":"https:\/\/iphysio.es\/#organization"},"potentialAction":[{"@type":"SearchAction","target":{"@type":"EntryPoint","urlTemplate":"https:\/\/iphysio.es\/?s={search_term_string}"},"query-input":{"@type":"PropertyValueSpecification","valueRequired":true,"valueName":"search_term_string"}}],"inLanguage":"es"},{"@type":"Organization","@id":"https:\/\/iphysio.es\/#organization","name":"Fisiotalavera S.L.","url":"https:\/\/iphysio.es\/","logo":{"@type":"ImageObject","inLanguage":"es","@id":"https:\/\/iphysio.es\/#\/schema\/logo\/image\/","url":"https:\/\/iphysio.es\/wp-content\/uploads\/2016\/11\/cropped-solologo.png","contentUrl":"https:\/\/iphysio.es\/wp-content\/uploads\/2016\/11\/cropped-solologo.png","width":402,"height":428,"caption":"Fisiotalavera S.L."},"image":{"@id":"https:\/\/iphysio.es\/#\/schema\/logo\/image\/"},"sameAs":["https:\/\/www.facebook.com\/iPhysioTalavera\/","https:\/\/x.com\/IphysioT"]}]}},"_links":{"self":[{"href":"https:\/\/iphysio.es\/index.php\/wp-json\/wp\/v2\/pages\/10375","targetHints":{"allow":["GET"]}}],"collection":[{"href":"https:\/\/iphysio.es\/index.php\/wp-json\/wp\/v2\/pages"}],"about":[{"href":"https:\/\/iphysio.es\/index.php\/wp-json\/wp\/v2\/types\/page"}],"author":[{"embeddable":true,"href":"https:\/\/iphysio.es\/index.php\/wp-json\/wp\/v2\/users\/1"}],"replies":[{"embeddable":true,"href":"https:\/\/iphysio.es\/index.php\/wp-json\/wp\/v2\/comments?post=10375"}],"version-history":[{"count":0,"href":"https:\/\/iphysio.es\/index.php\/wp-json\/wp\/v2\/pages\/10375\/revisions"}],"wp:attachment":[{"href":"https:\/\/iphysio.es\/index.php\/wp-json\/wp\/v2\/media?parent=10375"}],"curies":[{"name":"wp","href":"https:\/\/api.w.org\/{rel}","templated":true}]}}