{"id":10459,"date":"2023-10-10T19:08:14","date_gmt":"2023-10-10T17:08:14","guid":{"rendered":"https:\/\/iphysio.es\/?page_id=10459"},"modified":"2023-10-11T10:21:07","modified_gmt":"2023-10-11T08:21:07","slug":"beneficios-del-ejercicio-materno","status":"publish","type":"page","link":"https:\/\/iphysio.es\/index.php\/beneficios-del-ejercicio-materno\/","title":{"rendered":"Beneficios del ejercicio materno para el beb\u00e9"},"content":{"rendered":"\n<table id=\"tablepress-16\" class=\"tablepress tablepress-id-16\">\n<tbody class=\"row-hover\">\n<tr class=\"row-1\">\n\t<td class=\"column-1\"><b>La UMI<\/b><\/td><td class=\"column-2\"><b>El suelo p\u00e9lvico<\/b><\/td><td class=\"column-3\"><\/td><td class=\"column-4\"><\/td><td class=\"column-5\"><\/td><td class=\"column-6\"><b>Ejercicio y embarazo<\/b><\/td><td class=\"column-7\"><\/td><td class=\"column-8\"><\/td>\n<\/tr>\n<tr class=\"row-2\">\n\t<td class=\"column-1\"><a href=\"https:\/\/iphysio.es\/index.php\/unidad-para-la-mujer-2\/\">Unidad para la mujer<\/a><\/td><td class=\"column-2\"><a href=\"https:\/\/iphysio.es\/index.php\/suelo-pelvico\/\">El suelo p\u00e9lvico<\/a><\/td><td class=\"column-3\"><a href=\"https:\/\/iphysio.es\/index.php\/disfunciones-de-suelo-pelvico\/\">Disfunciones<\/a><\/td><td class=\"column-4\"><a href=\"https:\/\/iphysio.es\/index.php\/diastasis-abdominal\/\">Di\u00e1stasis abdominal<\/a><\/td><td class=\"column-5\"><a href=\"https:\/\/iphysio.es\/index.php\/cicatriz-de-cesarea\/\">Cicatriz de ces\u00e1rea<\/a><\/td><td class=\"column-6\"><a href=\"https:\/\/iphysio.es\/index.php\/ejercicio-en-el-embarazo\/\">Beneficios para la madre<\/a><\/td><td class=\"column-7\"><a href=\"https:\/\/iphysio.es\/index.php\/beneficios-del-ejercicio-materno\/\">Beneficios para el beb\u00e9<\/a><\/td><td class=\"column-8\"><a href=\"https:\/\/iphysio.es\/index.php\/ejercicio-para-embarazadas-en-talavera\/\">Clases en iPhysio<\/a><\/td>\n<\/tr>\n<\/tbody>\n<\/table>\n<!-- #tablepress-16 from cache -->\n<hr \/>\n<h3 style=\"text-align: center;\"><strong>UNIDAD PARA LA MUJER<\/strong><\/h3>\n<h1 style=\"text-align: center;\">Beneficios del ejercicio materno para el beb\u00e9<\/h1>\n<hr \/>\n<p style=\"text-align: left;\"><img loading=\"lazy\" decoding=\"async\" class=\"alignleft wp-image-10463 size-full\" src=\"https:\/\/iphysio.es\/wp-content\/uploads\/2023\/10\/ejercicio-embarazadas.jpg\" alt=\"beneficios del ejercicio materno\" width=\"300\" height=\"500\" srcset=\"https:\/\/iphysio.es\/wp-content\/uploads\/2023\/10\/ejercicio-embarazadas.jpg 300w, https:\/\/iphysio.es\/wp-content\/uploads\/2023\/10\/ejercicio-embarazadas-180x300.jpg 180w\" sizes=\"auto, (max-width: 300px) 100vw, 300px\" \/>Si est\u00e1s esperando un hijo, repasaremos contigo los beneficios del ejercicio materno, es decir,\u00a0<strong>c\u00f3mo influir\u00e1 el ejercicio<\/strong> (o falta de \u00e9l) <strong>en tu salud y en la de tu beb\u00e9<\/strong> a lo largo de la gestaci\u00f3n, en el momento del parto y en las semanas posteriores.<\/p>\n<p>E iniciamos con lo que seguramente m\u00e1s te interesa.<\/p>\n<h3>Beneficios de una maternidad activa<\/h3>\n<p>NO. El ejercicio pautado y correcto, dirigido por un profesional especializado, no es peligroso para el beb\u00e9. Al contrario, hay evidencias cient\u00edficas de que <strong>una mujer activa<\/strong> (mejor si ya lo era previamente) <strong>tendr\u00e1 menos probabilidades de experimentar problemas en la gestaci\u00f3n y en el momento del parto<\/strong>.<\/p>\n<p>Estudios m\u00e9dicos espec\u00edficos sobre el ejercicio durante el embarazo concluyen que, <strong>en general, los beb\u00e9s de madres activas<\/strong>, que NO tienen embarazos de riesgo:<\/p>\n<p><img loading=\"lazy\" decoding=\"async\" class=\"alignright wp-image-10470\" src=\"https:\/\/iphysio.es\/wp-content\/uploads\/2023\/10\/ejercicio-embarazadas-bebes.jpg\" alt=\"beneficios del ejercicio materno\" width=\"378\" height=\"378\" srcset=\"https:\/\/iphysio.es\/wp-content\/uploads\/2023\/10\/ejercicio-embarazadas-bebes.jpg 400w, https:\/\/iphysio.es\/wp-content\/uploads\/2023\/10\/ejercicio-embarazadas-bebes-150x150.jpg 150w, https:\/\/iphysio.es\/wp-content\/uploads\/2023\/10\/ejercicio-embarazadas-bebes-300x300.jpg 300w\" sizes=\"auto, (max-width: 378px) 100vw, 378px\" \/><\/p>\n<ul>\n<li>Padecen<strong> menos estr\u00e9s fetal<\/strong> gracias a las endorfinas que se liberan durante el ejercicio<\/li>\n<li>Mejoran su <strong>respuesta inmunol\u00f3gica<\/strong><\/li>\n<li>Muestran un <strong>neurodesarrollo<\/strong> avanzado<\/li>\n<li>Su <strong>cerebro<\/strong> es m\u00e1s activo y maduro<\/li>\n<li>Obtienen el <strong>ox\u00edgeno<\/strong> y alimento necesarios, porque el ejercicio previene la hipertensi\u00f3n gestacional (que afecta casi a un 10% de las embarazadas, y reduce el flujo de sangre a la placenta)<\/li>\n<li>Su <strong>coraz\u00f3n<\/strong> es m\u00e1s fuerte y saludable (menor frecuencia card\u00edaca)<\/li>\n<li>Desarrollan mejores <strong>reflejos<\/strong> y <strong>habilidades motoras<\/strong><\/li>\n<li>Presentan menor probabilidad de bajo <strong>peso<\/strong><\/li>\n<li>Tienden a llevar despu\u00e9s una <strong>vida f\u00edsicamente activa<\/strong>, con mejor <strong>funci\u00f3n cardiorespiratoria<\/strong> y menor \u00edndice de obesidad infantil<\/li>\n<li>En su infancia, punt\u00faan mejor en pruebas de<strong> inteligencia general, memoria y lenguaje oral<\/strong>.<\/li>\n<\/ul>\n<h3>Adem\u00e1s, el ejercicio (y la preparaci\u00f3n corporal que supone) facilita el parto y reduce muy sensiblemente el posible sufrimiento fetal durante este proceso.<\/h3>\n<p>Te recordamos que <strong>esta actividad debe estar pautada y dirigida por un profesional especializado<\/strong>, y que <strong>Cl\u00ednica iPhysio cuenta con una <a href=\"https:\/\/iphysio.es\/index.php\/lorena-jara-fisioterapeuta\/\" target=\"_blank\" rel=\"noopener\">fisioterapeuta experta<\/a> y titulada en ejercicio durante el embarazo y el postparto<\/strong>.<\/p>\n<h6 style=\"text-align: center;\">Ponte en contacto con nosotros para saber en qu\u00e9 m\u00e1s aspectos puede beneficiarte un ejercicio dirigido si est\u00e1s embarazada y,\u00a0si deseas concertar una cita espec\u00edficamente para esta unidad, puedes hacerlo por tel\u00e9fono <span style=\"color: #000000;\"><strong>925 68 12 02<\/strong><\/span> o WhatsApp <span style=\"color: #000000;\"><strong>657 658 269<\/strong><\/span><\/h6>\n<p><img loading=\"lazy\" decoding=\"async\" class=\"wp-image-7473 aligncenter\" style=\"font-size: 17px; font-weight: bold; letter-spacing: 1.7px; text-transform: uppercase;\" src=\"https:\/\/iphysio.es\/wp-content\/uploads\/2020\/10\/ven-a-iphysio-e1603906558691-1024x642.png\" alt=\"\" width=\"262\" height=\"164\" srcset=\"https:\/\/iphysio.es\/wp-content\/uploads\/2020\/10\/ven-a-iphysio-e1603906558691-1024x642.png 1024w, https:\/\/iphysio.es\/wp-content\/uploads\/2020\/10\/ven-a-iphysio-e1603906558691-300x188.png 300w, https:\/\/iphysio.es\/wp-content\/uploads\/2020\/10\/ven-a-iphysio-e1603906558691-768x482.png 768w, https:\/\/iphysio.es\/wp-content\/uploads\/2020\/10\/ven-a-iphysio-e1603906558691.png 1747w\" sizes=\"auto, (max-width: 262px) 100vw, 262px\" \/><\/p>\n<p style=\"text-align: right;\"><a href=\"https:\/\/www.facebook.com\/iPhysioTalavera\/\" target=\"_blank\" rel=\"noopener\">S\u00edguenos en RRSS<\/a><\/p>\n<div class=\"su-note\"  style=\"border-color:#d8d8d8;border-radius:2px;-moz-border-radius:2px;-webkit-border-radius:2px;\"><div class=\"su-note-inner su-u-clearfix su-u-trim\" style=\"background-color:#f2f2f2;border-color:#ffffff;color:#3c3c3c;border-radius:2px;-moz-border-radius:2px;-webkit-border-radius:2px;\">\n\n<table id=\"tablepress-13\" class=\"tablepress tablepress-id-13\">\n<tbody class=\"row-hover\">\n<tr class=\"row-1\">\n\t<td class=\"column-1\"><b>Servicios Cl\u00ednica iPhysio<\/b><\/td><td class=\"column-2\"><a href=\"https:\/\/iphysio.es\/index.php\/nuestros-servicios\/fisioterapia-talavera-de-la-reina\/\"> \u00b7 Fisioterapia<\/a><\/td><td class=\"column-3\"><a href=\"https:\/\/iphysio.es\/index.php\/unidad-para-la-mujer-2\/\"> \u00b7 Unidad para la mujer<\/a><\/td><td class=\"column-4\"><a href=\"https:\/\/iphysio.es\/index.php\/nuestros-servicios\/fisioterapia-talavera-de-la-reina\/colico-del-lactante\/\"> \u00b7 Lactantes<\/a><\/td><td class=\"column-5\"><a href=\"https:\/\/iphysio.es\/index.php\/nuestros-servicios\/nutricion-y-dietetica-talavera\/\">\u00b7 Nutrici\u00f3n<\/a><\/td><td class=\"column-6\"><a href=\"https:\/\/iphysio.es\/index.php\/nuestros-servicios\/actividades-en-sala-cuidar-tu-cuerpo\/\">\u00b7 Pilates<\/a><\/td><td class=\"column-7\"><a href=\"https:\/\/iphysio.es\/index.php\/entrenamiento-deportivo\/\">\u00b7 Entrenamiento<\/a><\/td>\n<\/tr>\n<\/tbody>\n<\/table>\n<!-- #tablepress-13 from cache -->\n<\/div><\/div>\n ","protected":false},"excerpt":{"rendered":"<p>UNIDAD PARA LA MUJER Beneficios del ejercicio materno para el beb\u00e9 Si est\u00e1s esperando un hijo, repasaremos contigo los beneficios del ejercicio materno, es decir,\u00a0c\u00f3mo influir\u00e1 el ejercicio (o falta de \u00e9l) en tu salud y en la de tu beb\u00e9 a lo largo de la gestaci\u00f3n, en el momento del parto y en las semanas posteriores. E iniciamos con lo que seguramente m\u00e1s te interesa. Beneficios de una maternidad activa NO. El ejercicio pautado y correcto, dirigido por un&hellip;<\/p>\n","protected":false},"author":1,"featured_media":0,"parent":0,"menu_order":0,"comment_status":"closed","ping_status":"closed","template":"","meta":{"footnotes":"","_links_to":"","_links_to_target":""},"class_list":["post-10459","page","type-page","status-publish","hentry"],"yoast_head":"<!-- This site is optimized with the Yoast SEO plugin v27.5 - https:\/\/yoast.com\/product\/yoast-seo-wordpress\/ -->\n<title>Beneficios del ejercicio materno para el beb\u00e9 | Cl\u00ednica iPhysio<\/title>\n<meta name=\"description\" content=\"Beneficios del ejercicio materno para el beb\u00e9, c\u00f3mo puede ayudar a su desarrollo y a reducir el sufrimiento fetal durante el parto.\" \/>\n<meta name=\"robots\" content=\"index, follow, max-snippet:-1, max-image-preview:large, max-video-preview:-1\" \/>\n<link rel=\"canonical\" href=\"https:\/\/iphysio.es\/index.php\/beneficios-del-ejercicio-materno\/\" \/>\n<meta property=\"og:locale\" content=\"es_ES\" \/>\n<meta property=\"og:type\" content=\"article\" \/>\n<meta property=\"og:title\" content=\"Beneficios del ejercicio materno para el beb\u00e9 | Cl\u00ednica iPhysio\" \/>\n<meta property=\"og:description\" content=\"Beneficios del ejercicio materno para el beb\u00e9, c\u00f3mo puede ayudar a su desarrollo y a reducir el sufrimiento fetal durante el parto.\" \/>\n<meta property=\"og:url\" content=\"https:\/\/iphysio.es\/index.php\/beneficios-del-ejercicio-materno\/\" \/>\n<meta property=\"og:site_name\" content=\"Cl\u00ednica iPhysio Therapy\" \/>\n<meta property=\"article:publisher\" content=\"https:\/\/www.facebook.com\/iPhysioTalavera\/\" \/>\n<meta property=\"article:modified_time\" content=\"2023-10-11T08:21:07+00:00\" \/>\n<meta property=\"og:image\" content=\"https:\/\/iphysio.es\/wp-content\/uploads\/2023\/10\/ejercicio-embarazadas-bebes.jpg\" \/>\n\t<meta property=\"og:image:width\" content=\"400\" \/>\n\t<meta property=\"og:image:height\" content=\"400\" \/>\n\t<meta property=\"og:image:type\" content=\"image\/jpeg\" \/>\n<meta name=\"twitter:card\" content=\"summary_large_image\" \/>\n<meta name=\"twitter:image\" content=\"https:\/\/iphysio.es\/wp-content\/uploads\/2023\/10\/ejercicio-embarazadas-bebes.jpg\" \/>\n<meta name=\"twitter:site\" content=\"@IphysioT\" \/>\n<meta name=\"twitter:label1\" content=\"Tiempo de lectura\" \/>\n\t<meta name=\"twitter:data1\" content=\"2 minutos\" \/>\n<script type=\"application\/ld+json\" class=\"yoast-schema-graph\">{\"@context\":\"https:\\\/\\\/schema.org\",\"@graph\":[{\"@type\":\"WebPage\",\"@id\":\"https:\\\/\\\/iphysio.es\\\/index.php\\\/beneficios-del-ejercicio-materno\\\/\",\"url\":\"https:\\\/\\\/iphysio.es\\\/index.php\\\/beneficios-del-ejercicio-materno\\\/\",\"name\":\"Beneficios del ejercicio materno para el beb\u00e9 | Cl\u00ednica iPhysio\",\"isPartOf\":{\"@id\":\"https:\\\/\\\/iphysio.es\\\/#website\"},\"primaryImageOfPage\":{\"@id\":\"https:\\\/\\\/iphysio.es\\\/index.php\\\/beneficios-del-ejercicio-materno\\\/#primaryimage\"},\"image\":{\"@id\":\"https:\\\/\\\/iphysio.es\\\/index.php\\\/beneficios-del-ejercicio-materno\\\/#primaryimage\"},\"thumbnailUrl\":\"https:\\\/\\\/iphysio.es\\\/wp-content\\\/uploads\\\/2023\\\/10\\\/ejercicio-embarazadas.jpg\",\"datePublished\":\"2023-10-10T17:08:14+00:00\",\"dateModified\":\"2023-10-11T08:21:07+00:00\",\"description\":\"Beneficios del ejercicio materno para el beb\u00e9, c\u00f3mo puede ayudar a su desarrollo y a reducir el sufrimiento fetal durante el parto.\",\"breadcrumb\":{\"@id\":\"https:\\\/\\\/iphysio.es\\\/index.php\\\/beneficios-del-ejercicio-materno\\\/#breadcrumb\"},\"inLanguage\":\"es\",\"potentialAction\":[{\"@type\":\"ReadAction\",\"target\":[\"https:\\\/\\\/iphysio.es\\\/index.php\\\/beneficios-del-ejercicio-materno\\\/\"]}]},{\"@type\":\"ImageObject\",\"inLanguage\":\"es\",\"@id\":\"https:\\\/\\\/iphysio.es\\\/index.php\\\/beneficios-del-ejercicio-materno\\\/#primaryimage\",\"url\":\"https:\\\/\\\/iphysio.es\\\/wp-content\\\/uploads\\\/2023\\\/10\\\/ejercicio-embarazadas.jpg\",\"contentUrl\":\"https:\\\/\\\/iphysio.es\\\/wp-content\\\/uploads\\\/2023\\\/10\\\/ejercicio-embarazadas.jpg\",\"width\":300,\"height\":500},{\"@type\":\"BreadcrumbList\",\"@id\":\"https:\\\/\\\/iphysio.es\\\/index.php\\\/beneficios-del-ejercicio-materno\\\/#breadcrumb\",\"itemListElement\":[{\"@type\":\"ListItem\",\"position\":1,\"name\":\"Portada\",\"item\":\"https:\\\/\\\/iphysio.es\\\/\"},{\"@type\":\"ListItem\",\"position\":2,\"name\":\"Beneficios del ejercicio materno para el beb\u00e9\"}]},{\"@type\":\"WebSite\",\"@id\":\"https:\\\/\\\/iphysio.es\\\/#website\",\"url\":\"https:\\\/\\\/iphysio.es\\\/\",\"name\":\"Cl\u00ednica iPhysio Therapy\",\"description\":\"Fisioterapia, Nutrici\u00f3n y Diet\u00e9tica, Pilates, Hipopresivos, Lumbalgias, Cervicalgias, Esguinces, Biomec\u00e1nica\",\"publisher\":{\"@id\":\"https:\\\/\\\/iphysio.es\\\/#organization\"},\"potentialAction\":[{\"@type\":\"SearchAction\",\"target\":{\"@type\":\"EntryPoint\",\"urlTemplate\":\"https:\\\/\\\/iphysio.es\\\/?s={search_term_string}\"},\"query-input\":{\"@type\":\"PropertyValueSpecification\",\"valueRequired\":true,\"valueName\":\"search_term_string\"}}],\"inLanguage\":\"es\"},{\"@type\":\"Organization\",\"@id\":\"https:\\\/\\\/iphysio.es\\\/#organization\",\"name\":\"Fisiotalavera S.L.\",\"url\":\"https:\\\/\\\/iphysio.es\\\/\",\"logo\":{\"@type\":\"ImageObject\",\"inLanguage\":\"es\",\"@id\":\"https:\\\/\\\/iphysio.es\\\/#\\\/schema\\\/logo\\\/image\\\/\",\"url\":\"https:\\\/\\\/iphysio.es\\\/wp-content\\\/uploads\\\/2016\\\/11\\\/cropped-solologo.png\",\"contentUrl\":\"https:\\\/\\\/iphysio.es\\\/wp-content\\\/uploads\\\/2016\\\/11\\\/cropped-solologo.png\",\"width\":402,\"height\":428,\"caption\":\"Fisiotalavera S.L.\"},\"image\":{\"@id\":\"https:\\\/\\\/iphysio.es\\\/#\\\/schema\\\/logo\\\/image\\\/\"},\"sameAs\":[\"https:\\\/\\\/www.facebook.com\\\/iPhysioTalavera\\\/\",\"https:\\\/\\\/x.com\\\/IphysioT\"]}]}<\/script>\n<!-- \/ Yoast SEO plugin. -->","yoast_head_json":{"title":"Beneficios del ejercicio materno para el beb\u00e9 | Cl\u00ednica iPhysio","description":"Beneficios del ejercicio materno para el beb\u00e9, c\u00f3mo puede ayudar a su desarrollo y a reducir el sufrimiento fetal durante el parto.","robots":{"index":"index","follow":"follow","max-snippet":"max-snippet:-1","max-image-preview":"max-image-preview:large","max-video-preview":"max-video-preview:-1"},"canonical":"https:\/\/iphysio.es\/index.php\/beneficios-del-ejercicio-materno\/","og_locale":"es_ES","og_type":"article","og_title":"Beneficios del ejercicio materno para el beb\u00e9 | Cl\u00ednica iPhysio","og_description":"Beneficios del ejercicio materno para el beb\u00e9, c\u00f3mo puede ayudar a su desarrollo y a reducir el sufrimiento fetal durante el parto.","og_url":"https:\/\/iphysio.es\/index.php\/beneficios-del-ejercicio-materno\/","og_site_name":"Cl\u00ednica iPhysio Therapy","article_publisher":"https:\/\/www.facebook.com\/iPhysioTalavera\/","article_modified_time":"2023-10-11T08:21:07+00:00","og_image":[{"width":400,"height":400,"url":"https:\/\/iphysio.es\/wp-content\/uploads\/2023\/10\/ejercicio-embarazadas-bebes.jpg","type":"image\/jpeg"}],"twitter_card":"summary_large_image","twitter_image":"https:\/\/iphysio.es\/wp-content\/uploads\/2023\/10\/ejercicio-embarazadas-bebes.jpg","twitter_site":"@IphysioT","twitter_misc":{"Tiempo de lectura":"2 minutos"},"schema":{"@context":"https:\/\/schema.org","@graph":[{"@type":"WebPage","@id":"https:\/\/iphysio.es\/index.php\/beneficios-del-ejercicio-materno\/","url":"https:\/\/iphysio.es\/index.php\/beneficios-del-ejercicio-materno\/","name":"Beneficios del ejercicio materno para el beb\u00e9 | Cl\u00ednica iPhysio","isPartOf":{"@id":"https:\/\/iphysio.es\/#website"},"primaryImageOfPage":{"@id":"https:\/\/iphysio.es\/index.php\/beneficios-del-ejercicio-materno\/#primaryimage"},"image":{"@id":"https:\/\/iphysio.es\/index.php\/beneficios-del-ejercicio-materno\/#primaryimage"},"thumbnailUrl":"https:\/\/iphysio.es\/wp-content\/uploads\/2023\/10\/ejercicio-embarazadas.jpg","datePublished":"2023-10-10T17:08:14+00:00","dateModified":"2023-10-11T08:21:07+00:00","description":"Beneficios del ejercicio materno para el beb\u00e9, c\u00f3mo puede ayudar a su desarrollo y a reducir el sufrimiento fetal durante el parto.","breadcrumb":{"@id":"https:\/\/iphysio.es\/index.php\/beneficios-del-ejercicio-materno\/#breadcrumb"},"inLanguage":"es","potentialAction":[{"@type":"ReadAction","target":["https:\/\/iphysio.es\/index.php\/beneficios-del-ejercicio-materno\/"]}]},{"@type":"ImageObject","inLanguage":"es","@id":"https:\/\/iphysio.es\/index.php\/beneficios-del-ejercicio-materno\/#primaryimage","url":"https:\/\/iphysio.es\/wp-content\/uploads\/2023\/10\/ejercicio-embarazadas.jpg","contentUrl":"https:\/\/iphysio.es\/wp-content\/uploads\/2023\/10\/ejercicio-embarazadas.jpg","width":300,"height":500},{"@type":"BreadcrumbList","@id":"https:\/\/iphysio.es\/index.php\/beneficios-del-ejercicio-materno\/#breadcrumb","itemListElement":[{"@type":"ListItem","position":1,"name":"Portada","item":"https:\/\/iphysio.es\/"},{"@type":"ListItem","position":2,"name":"Beneficios del ejercicio materno para el beb\u00e9"}]},{"@type":"WebSite","@id":"https:\/\/iphysio.es\/#website","url":"https:\/\/iphysio.es\/","name":"Cl\u00ednica iPhysio Therapy","description":"Fisioterapia, Nutrici\u00f3n y Diet\u00e9tica, Pilates, Hipopresivos, Lumbalgias, Cervicalgias, Esguinces, Biomec\u00e1nica","publisher":{"@id":"https:\/\/iphysio.es\/#organization"},"potentialAction":[{"@type":"SearchAction","target":{"@type":"EntryPoint","urlTemplate":"https:\/\/iphysio.es\/?s={search_term_string}"},"query-input":{"@type":"PropertyValueSpecification","valueRequired":true,"valueName":"search_term_string"}}],"inLanguage":"es"},{"@type":"Organization","@id":"https:\/\/iphysio.es\/#organization","name":"Fisiotalavera S.L.","url":"https:\/\/iphysio.es\/","logo":{"@type":"ImageObject","inLanguage":"es","@id":"https:\/\/iphysio.es\/#\/schema\/logo\/image\/","url":"https:\/\/iphysio.es\/wp-content\/uploads\/2016\/11\/cropped-solologo.png","contentUrl":"https:\/\/iphysio.es\/wp-content\/uploads\/2016\/11\/cropped-solologo.png","width":402,"height":428,"caption":"Fisiotalavera S.L."},"image":{"@id":"https:\/\/iphysio.es\/#\/schema\/logo\/image\/"},"sameAs":["https:\/\/www.facebook.com\/iPhysioTalavera\/","https:\/\/x.com\/IphysioT"]}]}},"_links":{"self":[{"href":"https:\/\/iphysio.es\/index.php\/wp-json\/wp\/v2\/pages\/10459","targetHints":{"allow":["GET"]}}],"collection":[{"href":"https:\/\/iphysio.es\/index.php\/wp-json\/wp\/v2\/pages"}],"about":[{"href":"https:\/\/iphysio.es\/index.php\/wp-json\/wp\/v2\/types\/page"}],"author":[{"embeddable":true,"href":"https:\/\/iphysio.es\/index.php\/wp-json\/wp\/v2\/users\/1"}],"replies":[{"embeddable":true,"href":"https:\/\/iphysio.es\/index.php\/wp-json\/wp\/v2\/comments?post=10459"}],"version-history":[{"count":0,"href":"https:\/\/iphysio.es\/index.php\/wp-json\/wp\/v2\/pages\/10459\/revisions"}],"wp:attachment":[{"href":"https:\/\/iphysio.es\/index.php\/wp-json\/wp\/v2\/media?parent=10459"}],"curies":[{"name":"wp","href":"https:\/\/api.w.org\/{rel}","templated":true}]}}