{"id":10535,"date":"2023-10-19T11:41:06","date_gmt":"2023-10-19T09:41:06","guid":{"rendered":"https:\/\/iphysio.es\/?page_id=10535"},"modified":"2023-10-25T18:06:51","modified_gmt":"2023-10-25T16:06:51","slug":"disfunciones-de-suelo-pelvico","status":"publish","type":"page","link":"https:\/\/iphysio.es\/index.php\/disfunciones-de-suelo-pelvico\/","title":{"rendered":"Disfunciones de suelo p\u00e9lvico"},"content":{"rendered":"\n<table id=\"tablepress-16\" class=\"tablepress tablepress-id-16\">\n<tbody class=\"row-hover\">\n<tr class=\"row-1\">\n\t<td class=\"column-1\"><b>La UMI<\/b><\/td><td class=\"column-2\"><b>El suelo p\u00e9lvico<\/b><\/td><td class=\"column-3\"><\/td><td class=\"column-4\"><\/td><td class=\"column-5\"><\/td><td class=\"column-6\"><b>Ejercicio y embarazo<\/b><\/td><td class=\"column-7\"><\/td><td class=\"column-8\"><\/td>\n<\/tr>\n<tr class=\"row-2\">\n\t<td class=\"column-1\"><a href=\"https:\/\/iphysio.es\/index.php\/unidad-para-la-mujer-2\/\">Unidad para la mujer<\/a><\/td><td class=\"column-2\"><a href=\"https:\/\/iphysio.es\/index.php\/suelo-pelvico\/\">El suelo p\u00e9lvico<\/a><\/td><td class=\"column-3\"><a href=\"https:\/\/iphysio.es\/index.php\/disfunciones-de-suelo-pelvico\/\">Disfunciones<\/a><\/td><td class=\"column-4\"><a href=\"https:\/\/iphysio.es\/index.php\/diastasis-abdominal\/\">Di\u00e1stasis abdominal<\/a><\/td><td class=\"column-5\"><a href=\"https:\/\/iphysio.es\/index.php\/cicatriz-de-cesarea\/\">Cicatriz de ces\u00e1rea<\/a><\/td><td class=\"column-6\"><a href=\"https:\/\/iphysio.es\/index.php\/ejercicio-en-el-embarazo\/\">Beneficios para la madre<\/a><\/td><td class=\"column-7\"><a href=\"https:\/\/iphysio.es\/index.php\/beneficios-del-ejercicio-materno\/\">Beneficios para el beb\u00e9<\/a><\/td><td class=\"column-8\"><a href=\"https:\/\/iphysio.es\/index.php\/ejercicio-para-embarazadas-en-talavera\/\">Clases en iPhysio<\/a><\/td>\n<\/tr>\n<\/tbody>\n<\/table>\n<!-- #tablepress-16 from cache -->\n<hr \/>\n<h3 style=\"text-align: center;\"><strong>UNIDAD PARA LA MUJER<\/strong><\/h3>\n<h1 style=\"text-align: center;\">Disfunciones de suelo p\u00e9lvico<\/h1>\n<hr \/>\n<p style=\"text-align: left;\">Como hemos visto en el \u00e1rea de <a href=\"https:\/\/iphysio.es\/index.php\/suelo-pelvico\/\">suelo p\u00e9lvico<\/a>, las disfunciones en esta zona abarcan cualquier dolor o alteraci\u00f3n muscular, por insuficiente o excesiva tensi\u00f3n de trabajo, lo que puede repercutir en anomal\u00edas y problemas en el correcto funcionamiento de los \u00f3rganos que acompa\u00f1an.<\/p>\n<h2><img loading=\"lazy\" decoding=\"async\" class=\"alignleft wp-image-7159\" src=\"https:\/\/iphysio.es\/wp-content\/uploads\/2020\/10\/contact-iphysio-talavera.png\" alt=\"\" width=\"35\" height=\"34\" srcset=\"https:\/\/iphysio.es\/wp-content\/uploads\/2020\/10\/contact-iphysio-talavera.png 640w, https:\/\/iphysio.es\/wp-content\/uploads\/2020\/10\/contact-iphysio-talavera-150x150.png 150w, https:\/\/iphysio.es\/wp-content\/uploads\/2020\/10\/contact-iphysio-talavera-300x293.png 300w\" sizes=\"auto, (max-width: 35px) 100vw, 35px\" \/><strong>Incontinencia urinaria<\/strong><\/h2>\n<div class=\"su-row\"><div class=\"su-column su-column-size-1-2\"><div class=\"su-column-inner su-u-clearfix su-u-trim\">\n<p>Dependiendo de su causa, una p\u00e9rdida accidental de orina no implica en s\u00ed un problema.<\/p>\n<p>La incontinencia urinaria es cuando de manera habitual y reiterada\u00a0<strong>los m\u00fasculos que controlan la vejiga tienen problemas\u00a0<\/strong>para\u00a0<strong>tensarse<\/strong>\u00a0(y mover la orina hacia la uretra),\u00a0<strong>y\/o relajarse<\/strong>\u00a0(para que salga del cuerpo), o cuando hay disfunci\u00f3n nerviosa.<\/p>\n<p>Aunque es m\u00e1s habitual en personas mayores (progresiva relajaci\u00f3n muscular) y sobre todo en mujeres, este trastorno org\u00e1nico puede aparecer mucho antes, desencadenado por <strong>distintos factores:<\/strong><\/div><\/div> <div class=\"su-column su-column-size-1-2\"><div class=\"su-column-inner su-u-clearfix su-u-trim\">\n<ul>\n<li>disfunciones de suelo p\u00e9lvico<\/li>\n<li>embarazo\/parto (presi\u00f3n del \u00fatero)<\/li>\n<li>prolapsos de \u00f3rganos p\u00e9lvicos que repercuten en la vejiga<\/li>\n<li>problemas relacionados con la pr\u00f3stata<\/li>\n<li>menopausia<\/li>\n<li>estre\u00f1imiento<\/li>\n<li>consumo excesivo de diur\u00e9ticos o de medicamentos con estos efectos<\/li>\n<li>sobrepeso<\/li>\n<li>ciertas patolog\u00edas (infecciones, artrosis, Alzheimer, diabetes, &#8230;)<\/li>\n<\/ul>\n<\/div><\/div><\/div>\n<p><strong>Si no se trata<\/strong>, adem\u00e1s de afectar la <strong>calidad de vida<\/strong>, puede ocasionar <strong>erupciones, infecciones recurrentes y otros problemas de peor soluci\u00f3n a medio\/largo plazo<\/strong>.<\/p>\n<div class=\"su-note\"  style=\"border-color:#d8d8d8;border-radius:2px;-moz-border-radius:2px;-webkit-border-radius:2px;\"><div class=\"su-note-inner su-u-clearfix su-u-trim\" style=\"background-color:#f2f2f2;border-color:#ffffff;color:#3c3c3c;border-radius:2px;-moz-border-radius:2px;-webkit-border-radius:2px;\"><strong>\u00bfSe puede controlar\/superar?<\/strong><\/p>\n<p><img loading=\"lazy\" decoding=\"async\" class=\"alignright wp-image-10561\" src=\"https:\/\/iphysio.es\/wp-content\/uploads\/2023\/10\/incontinencia-urinaria.jpg\" alt=\"disfunciones de suelo p\u00e9lvico\" width=\"218\" height=\"218\" srcset=\"https:\/\/iphysio.es\/wp-content\/uploads\/2023\/10\/incontinencia-urinaria.jpg 300w, https:\/\/iphysio.es\/wp-content\/uploads\/2023\/10\/incontinencia-urinaria-150x150.jpg 150w\" sizes=\"auto, (max-width: 218px) 100vw, 218px\" \/>S\u00ed. <strong>Dependiendo<\/strong> de la <strong>causa subyacente<\/strong>\u00a0y de la <strong>edad y circunstancias<\/strong>\u00a0individuales, la incontinencia urinaria puede tratarse. La m\u00e1s abordable es la \u00abincontinencia de esfuerzo\u00bb (al hacer ejercicio, toser, estornudar, re\u00edr, levantar peso, &#8230;), m\u00e1s frecuente en mujeres j\u00f3venes, pero en todos los casos <strong>se puede intervenir para reducirla\/controlarla<\/strong>.<\/p>\n<p>Adem\u00e1s del cambio de h\u00e1bitos o evitar el consumo de algunos alimentos\/bebidas (cafe\u00edna, picantes, edulcorantes artificiales, &#8230;), <strong>es muy importante trabajar directamente sobre el suelo p\u00e9lvico<\/strong>, para garantizar su m\u00e1xima funcionalidad.<\/p>\n<p>Si tienes este problema, o empiezas a detectarlo, , para que te haga una evaluaci\u00f3n y pruebas objetivas, como un \u00abdiario miccional\u00bb de la situaci\u00f3n actual (cu\u00e1ndo y cu\u00e1nto) o escalas espec\u00edficas (ICIQ-SF, &#8230;), y determine su reversibilidad.\u00a0<\/div><\/div>\n<p>&nbsp;<\/p>\n<h2><img loading=\"lazy\" decoding=\"async\" class=\"alignleft wp-image-7159\" src=\"https:\/\/iphysio.es\/wp-content\/uploads\/2020\/10\/contact-iphysio-talavera.png\" alt=\"\" width=\"35\" height=\"34\" srcset=\"https:\/\/iphysio.es\/wp-content\/uploads\/2020\/10\/contact-iphysio-talavera.png 640w, https:\/\/iphysio.es\/wp-content\/uploads\/2020\/10\/contact-iphysio-talavera-150x150.png 150w, https:\/\/iphysio.es\/wp-content\/uploads\/2020\/10\/contact-iphysio-talavera-300x293.png 300w\" sizes=\"auto, (max-width: 35px) 100vw, 35px\" \/><strong>Dispareunia (coitalgia)<\/strong><\/h2>\n<div class=\"su-row\"><div class=\"su-column su-column-size-1-2\"><div class=\"su-column-inner su-u-clearfix su-u-trim\">\n<p>Dispareunia (o coitalgia) es el <strong>dolor genital persistente o recurrente ligado a las relaciones sexuales<\/strong>. Puede ser <strong>superficial <\/strong>(ubicado en la vulva o entrada de la vagina) <strong>o profundo<\/strong> (en la zona media\/profunda del canal vaginal), y aparecer antes, durante o despu\u00e9s del coito, llegando a <strong>convertirse en un problema para la persona y para su relaci\u00f3n.<\/strong><\/p>\n<p>Puede estar provocado <strong>por problemas estructurales<\/strong> (enfermedades, infecciones, cirug\u00edas, medicaciones, lesiones musculares, &#8230;), <strong>o de tipo emocional\/psicol\u00f3gico<\/strong> (ansiedad, estr\u00e9s, problemas de intimidad, antecedentes de abusos, &#8230;).<\/div><\/div> <div class=\"su-column su-column-size-1-2\"><div class=\"su-column-inner su-u-clearfix su-u-trim\">\n<h5><strong>S\u00cdNTOMAS<\/strong><\/h5>\n<p><strong>S\u00edntomas generales<\/strong> de la dispareunia podr\u00edan ser<span style=\"color: #000000;\"><strong> dolor<\/strong><\/span>:<\/p>\n<ul>\n<li>en la penetraci\u00f3n<\/li>\n<li>incluso por dispositivos menstruales o ginecol\u00f3gicos (copa menstrual, tamp\u00f3n)<\/li>\n<li>\u00a0durante el coito (o molestia, pinchazo, ardor, &#8230;)<\/li>\n<li>tras las relaciones sexuales, que puede llegar a durar horas<\/li>\n<\/ul>\n<\/div><\/div><\/div>\n<div class=\"su-note\"  style=\"border-color:#d8d8d8;border-radius:2px;-moz-border-radius:2px;-webkit-border-radius:2px;\"><div class=\"su-note-inner su-u-clearfix su-u-trim\" style=\"background-color:#f2f2f2;border-color:#ffffff;color:#3c3c3c;border-radius:2px;-moz-border-radius:2px;-webkit-border-radius:2px;\"><img loading=\"lazy\" decoding=\"async\" class=\"alignleft wp-image-10571\" src=\"https:\/\/iphysio.es\/wp-content\/uploads\/2023\/10\/coitalgia.jpg\" alt=\"disfunciones de suelo p\u00e9lvico\" width=\"239\" height=\"200\" srcset=\"https:\/\/iphysio.es\/wp-content\/uploads\/2023\/10\/coitalgia.jpg 588w, https:\/\/iphysio.es\/wp-content\/uploads\/2023\/10\/coitalgia-300x252.jpg 300w\" sizes=\"auto, (max-width: 239px) 100vw, 239px\" \/><strong>TERMINAR CON LAS RELACIONES DOLOROSAS<\/strong><\/p>\n<p>Para intentar <strong>reducir y\/o erradicar esta disfunci\u00f3n<\/strong>, el profesional sanitario estudiar\u00e1 tu caso para identificar el origen, revisando tus antecedentes m\u00e9dicos y realizando un an\u00e1lisis p\u00e9lvico.\u00a0Si fuera aconsejable, te recomendar\u00eda pruebas adicionales (ecograf\u00eda p\u00e9lvica, &#8230;), y\/o una valoraci\u00f3n complementaria con otro especialista sanitario (ginec\u00f3logo, psic\u00f3logo, &#8230;).<\/p>\n<p>A partir de aqu\u00ed, podr\u00e1 empezar a tratarse con diferentes terapias: t\u00e9cnicas manuales, vibraci\u00f3n, radiofrecuencia, electroterapia, biofeedback, t\u00e9cnicas de relajaci\u00f3n vaginal, &#8230;<\/p>\n<p><strong>\u00bfSientes alg\u00fan s\u00edntoma de dispareunia o dudas<\/strong> sobre ellos? Acude a un profesional de la salud como el fisioterapeuta especializado en suelo p\u00e9lvico para una valoraci\u00f3n completa.<\/p>\n<p>Tener dolor durante las relaciones sexuales no deber\u00eda normalizarse: deben ser placenteras, por tanto, cualquier problema que lo impida deber\u00eda ser evaluado por un profesional. Como <strong>nuestra fisioterapeuta Sara Porrero<\/strong>, titulada y colegiada, <strong>especialista en fisioterapia uroginecol\u00f3gica y obstetricia<\/strong>.<\/div><\/div>\n<p style=\"text-align: center;\">Te recordamos que <strong>estos tratamientos debe estar pautados y dirigidos por profesionales especializados<\/strong>.<\/p>\n<h6 style=\"text-align: center;\">Si deseas concertar una cita espec\u00edficamente para esta unidad, puedes hacerlo por tel\u00e9fono <span style=\"color: #000000;\"><strong>925 68 12 02<\/strong><\/span> o WhatsApp <span style=\"color: #000000;\"><strong>657 658 269<\/strong><\/span><\/h6>\n<p><img loading=\"lazy\" decoding=\"async\" class=\"wp-image-7473 aligncenter\" style=\"font-size: 17px; font-weight: bold; letter-spacing: 1.7px; text-transform: uppercase;\" src=\"https:\/\/iphysio.es\/wp-content\/uploads\/2020\/10\/ven-a-iphysio-e1603906558691-1024x642.png\" alt=\"\" width=\"262\" height=\"164\" srcset=\"https:\/\/iphysio.es\/wp-content\/uploads\/2020\/10\/ven-a-iphysio-e1603906558691-1024x642.png 1024w, https:\/\/iphysio.es\/wp-content\/uploads\/2020\/10\/ven-a-iphysio-e1603906558691-300x188.png 300w, https:\/\/iphysio.es\/wp-content\/uploads\/2020\/10\/ven-a-iphysio-e1603906558691-768x482.png 768w, https:\/\/iphysio.es\/wp-content\/uploads\/2020\/10\/ven-a-iphysio-e1603906558691.png 1747w\" sizes=\"auto, (max-width: 262px) 100vw, 262px\" \/><\/p>\n<p style=\"text-align: right;\"><a href=\"https:\/\/www.facebook.com\/iPhysioTalavera\/\" target=\"_blank\" rel=\"noopener\">S\u00edguenos en RRSS<\/a><\/p>\n<div class=\"su-note\"  style=\"border-color:#d8d8d8;border-radius:2px;-moz-border-radius:2px;-webkit-border-radius:2px;\"><div class=\"su-note-inner su-u-clearfix su-u-trim\" style=\"background-color:#f2f2f2;border-color:#ffffff;color:#3c3c3c;border-radius:2px;-moz-border-radius:2px;-webkit-border-radius:2px;\">\n\n<table id=\"tablepress-13\" class=\"tablepress tablepress-id-13\">\n<tbody class=\"row-hover\">\n<tr class=\"row-1\">\n\t<td class=\"column-1\"><b>Servicios Cl\u00ednica iPhysio<\/b><\/td><td class=\"column-2\"><a href=\"https:\/\/iphysio.es\/index.php\/nuestros-servicios\/fisioterapia-talavera-de-la-reina\/\"> \u00b7 Fisioterapia<\/a><\/td><td class=\"column-3\"><a href=\"https:\/\/iphysio.es\/index.php\/unidad-para-la-mujer-2\/\"> \u00b7 Unidad para la mujer<\/a><\/td><td class=\"column-4\"><a href=\"https:\/\/iphysio.es\/index.php\/nuestros-servicios\/fisioterapia-talavera-de-la-reina\/colico-del-lactante\/\"> \u00b7 Lactantes<\/a><\/td><td class=\"column-5\"><a href=\"https:\/\/iphysio.es\/index.php\/nuestros-servicios\/nutricion-y-dietetica-talavera\/\">\u00b7 Nutrici\u00f3n<\/a><\/td><td class=\"column-6\"><a href=\"https:\/\/iphysio.es\/index.php\/nuestros-servicios\/actividades-en-sala-cuidar-tu-cuerpo\/\">\u00b7 Pilates<\/a><\/td><td class=\"column-7\"><a href=\"https:\/\/iphysio.es\/index.php\/entrenamiento-deportivo\/\">\u00b7 Entrenamiento<\/a><\/td>\n<\/tr>\n<\/tbody>\n<\/table>\n<!-- #tablepress-13 from cache -->\n<\/div><\/div>\n ","protected":false},"excerpt":{"rendered":"<p>UNIDAD PARA LA MUJER Disfunciones de suelo p\u00e9lvico Como hemos visto en el \u00e1rea de suelo p\u00e9lvico, las disfunciones en esta zona abarcan cualquier dolor o alteraci\u00f3n muscular, por insuficiente o excesiva tensi\u00f3n de trabajo, lo que puede repercutir en anomal\u00edas y problemas en el correcto funcionamiento de los \u00f3rganos que acompa\u00f1an. Incontinencia urinaria Si no se trata, adem\u00e1s de afectar la calidad de vida, puede ocasionar erupciones, infecciones recurrentes y otros problemas de peor soluci\u00f3n a medio\/largo plazo. &nbsp;&hellip;<\/p>\n","protected":false},"author":1,"featured_media":0,"parent":0,"menu_order":0,"comment_status":"closed","ping_status":"closed","template":"","meta":{"footnotes":"","_links_to":"","_links_to_target":""},"class_list":["post-10535","page","type-page","status-publish","hentry"],"yoast_head":"<!-- This site is optimized with the Yoast SEO plugin v27.5 - https:\/\/yoast.com\/product\/yoast-seo-wordpress\/ -->\n<title>Disfunciones de suelo p\u00e9lvico | Cl\u00ednica iPhysio Therapy<\/title>\n<meta name=\"description\" content=\"Las disfunciones de suelo p\u00e9lvico pueden repercutir en anomal\u00edas y problemas, como incontinencia urinaria, dispareunia (coitalgia), ...\" \/>\n<meta name=\"robots\" content=\"index, follow, max-snippet:-1, max-image-preview:large, max-video-preview:-1\" \/>\n<link rel=\"canonical\" href=\"https:\/\/iphysio.es\/index.php\/disfunciones-de-suelo-pelvico\/\" \/>\n<meta property=\"og:locale\" content=\"es_ES\" \/>\n<meta property=\"og:type\" content=\"article\" \/>\n<meta property=\"og:title\" content=\"Disfunciones de suelo p\u00e9lvico | Cl\u00ednica iPhysio Therapy\" \/>\n<meta property=\"og:description\" content=\"Las disfunciones de suelo p\u00e9lvico pueden repercutir en anomal\u00edas y problemas, como incontinencia urinaria, dispareunia (coitalgia), ...\" \/>\n<meta property=\"og:url\" content=\"https:\/\/iphysio.es\/index.php\/disfunciones-de-suelo-pelvico\/\" \/>\n<meta property=\"og:site_name\" content=\"Cl\u00ednica iPhysio Therapy\" \/>\n<meta property=\"article:publisher\" content=\"https:\/\/www.facebook.com\/iPhysioTalavera\/\" \/>\n<meta property=\"article:modified_time\" content=\"2023-10-25T16:06:51+00:00\" \/>\n<meta property=\"og:image\" content=\"https:\/\/iphysio.es\/wp-content\/uploads\/2020\/10\/contact-iphysio-talavera.png\" \/>\n<meta name=\"twitter:card\" content=\"summary_large_image\" \/>\n<meta name=\"twitter:site\" content=\"@IphysioT\" \/>\n<meta name=\"twitter:label1\" content=\"Tiempo de lectura\" \/>\n\t<meta name=\"twitter:data1\" content=\"4 minutos\" \/>\n<script type=\"application\/ld+json\" class=\"yoast-schema-graph\">{\"@context\":\"https:\\\/\\\/schema.org\",\"@graph\":[{\"@type\":\"WebPage\",\"@id\":\"https:\\\/\\\/iphysio.es\\\/index.php\\\/disfunciones-de-suelo-pelvico\\\/\",\"url\":\"https:\\\/\\\/iphysio.es\\\/index.php\\\/disfunciones-de-suelo-pelvico\\\/\",\"name\":\"Disfunciones de suelo p\u00e9lvico | Cl\u00ednica iPhysio Therapy\",\"isPartOf\":{\"@id\":\"https:\\\/\\\/iphysio.es\\\/#website\"},\"primaryImageOfPage\":{\"@id\":\"https:\\\/\\\/iphysio.es\\\/index.php\\\/disfunciones-de-suelo-pelvico\\\/#primaryimage\"},\"image\":{\"@id\":\"https:\\\/\\\/iphysio.es\\\/index.php\\\/disfunciones-de-suelo-pelvico\\\/#primaryimage\"},\"thumbnailUrl\":\"https:\\\/\\\/iphysio.es\\\/wp-content\\\/uploads\\\/2020\\\/10\\\/contact-iphysio-talavera.png\",\"datePublished\":\"2023-10-19T09:41:06+00:00\",\"dateModified\":\"2023-10-25T16:06:51+00:00\",\"description\":\"Las disfunciones de suelo p\u00e9lvico pueden repercutir en anomal\u00edas y problemas, como incontinencia urinaria, dispareunia (coitalgia), ...\",\"breadcrumb\":{\"@id\":\"https:\\\/\\\/iphysio.es\\\/index.php\\\/disfunciones-de-suelo-pelvico\\\/#breadcrumb\"},\"inLanguage\":\"es\",\"potentialAction\":[{\"@type\":\"ReadAction\",\"target\":[\"https:\\\/\\\/iphysio.es\\\/index.php\\\/disfunciones-de-suelo-pelvico\\\/\"]}]},{\"@type\":\"ImageObject\",\"inLanguage\":\"es\",\"@id\":\"https:\\\/\\\/iphysio.es\\\/index.php\\\/disfunciones-de-suelo-pelvico\\\/#primaryimage\",\"url\":\"https:\\\/\\\/iphysio.es\\\/wp-content\\\/uploads\\\/2020\\\/10\\\/contact-iphysio-talavera.png\",\"contentUrl\":\"https:\\\/\\\/iphysio.es\\\/wp-content\\\/uploads\\\/2020\\\/10\\\/contact-iphysio-talavera.png\",\"width\":640,\"height\":626},{\"@type\":\"BreadcrumbList\",\"@id\":\"https:\\\/\\\/iphysio.es\\\/index.php\\\/disfunciones-de-suelo-pelvico\\\/#breadcrumb\",\"itemListElement\":[{\"@type\":\"ListItem\",\"position\":1,\"name\":\"Portada\",\"item\":\"https:\\\/\\\/iphysio.es\\\/\"},{\"@type\":\"ListItem\",\"position\":2,\"name\":\"Disfunciones de suelo p\u00e9lvico\"}]},{\"@type\":\"WebSite\",\"@id\":\"https:\\\/\\\/iphysio.es\\\/#website\",\"url\":\"https:\\\/\\\/iphysio.es\\\/\",\"name\":\"Cl\u00ednica iPhysio Therapy\",\"description\":\"Fisioterapia, Nutrici\u00f3n y Diet\u00e9tica, Pilates, Hipopresivos, Lumbalgias, Cervicalgias, Esguinces, Biomec\u00e1nica\",\"publisher\":{\"@id\":\"https:\\\/\\\/iphysio.es\\\/#organization\"},\"potentialAction\":[{\"@type\":\"SearchAction\",\"target\":{\"@type\":\"EntryPoint\",\"urlTemplate\":\"https:\\\/\\\/iphysio.es\\\/?s={search_term_string}\"},\"query-input\":{\"@type\":\"PropertyValueSpecification\",\"valueRequired\":true,\"valueName\":\"search_term_string\"}}],\"inLanguage\":\"es\"},{\"@type\":\"Organization\",\"@id\":\"https:\\\/\\\/iphysio.es\\\/#organization\",\"name\":\"Fisiotalavera S.L.\",\"url\":\"https:\\\/\\\/iphysio.es\\\/\",\"logo\":{\"@type\":\"ImageObject\",\"inLanguage\":\"es\",\"@id\":\"https:\\\/\\\/iphysio.es\\\/#\\\/schema\\\/logo\\\/image\\\/\",\"url\":\"https:\\\/\\\/iphysio.es\\\/wp-content\\\/uploads\\\/2016\\\/11\\\/cropped-solologo.png\",\"contentUrl\":\"https:\\\/\\\/iphysio.es\\\/wp-content\\\/uploads\\\/2016\\\/11\\\/cropped-solologo.png\",\"width\":402,\"height\":428,\"caption\":\"Fisiotalavera S.L.\"},\"image\":{\"@id\":\"https:\\\/\\\/iphysio.es\\\/#\\\/schema\\\/logo\\\/image\\\/\"},\"sameAs\":[\"https:\\\/\\\/www.facebook.com\\\/iPhysioTalavera\\\/\",\"https:\\\/\\\/x.com\\\/IphysioT\"]}]}<\/script>\n<!-- \/ Yoast SEO plugin. -->","yoast_head_json":{"title":"Disfunciones de suelo p\u00e9lvico | Cl\u00ednica iPhysio Therapy","description":"Las disfunciones de suelo p\u00e9lvico pueden repercutir en anomal\u00edas y problemas, como incontinencia urinaria, dispareunia (coitalgia), ...","robots":{"index":"index","follow":"follow","max-snippet":"max-snippet:-1","max-image-preview":"max-image-preview:large","max-video-preview":"max-video-preview:-1"},"canonical":"https:\/\/iphysio.es\/index.php\/disfunciones-de-suelo-pelvico\/","og_locale":"es_ES","og_type":"article","og_title":"Disfunciones de suelo p\u00e9lvico | Cl\u00ednica iPhysio Therapy","og_description":"Las disfunciones de suelo p\u00e9lvico pueden repercutir en anomal\u00edas y problemas, como incontinencia urinaria, dispareunia (coitalgia), ...","og_url":"https:\/\/iphysio.es\/index.php\/disfunciones-de-suelo-pelvico\/","og_site_name":"Cl\u00ednica iPhysio Therapy","article_publisher":"https:\/\/www.facebook.com\/iPhysioTalavera\/","article_modified_time":"2023-10-25T16:06:51+00:00","og_image":[{"url":"https:\/\/iphysio.es\/wp-content\/uploads\/2020\/10\/contact-iphysio-talavera.png","type":"","width":"","height":""}],"twitter_card":"summary_large_image","twitter_site":"@IphysioT","twitter_misc":{"Tiempo de lectura":"4 minutos"},"schema":{"@context":"https:\/\/schema.org","@graph":[{"@type":"WebPage","@id":"https:\/\/iphysio.es\/index.php\/disfunciones-de-suelo-pelvico\/","url":"https:\/\/iphysio.es\/index.php\/disfunciones-de-suelo-pelvico\/","name":"Disfunciones de suelo p\u00e9lvico | Cl\u00ednica iPhysio Therapy","isPartOf":{"@id":"https:\/\/iphysio.es\/#website"},"primaryImageOfPage":{"@id":"https:\/\/iphysio.es\/index.php\/disfunciones-de-suelo-pelvico\/#primaryimage"},"image":{"@id":"https:\/\/iphysio.es\/index.php\/disfunciones-de-suelo-pelvico\/#primaryimage"},"thumbnailUrl":"https:\/\/iphysio.es\/wp-content\/uploads\/2020\/10\/contact-iphysio-talavera.png","datePublished":"2023-10-19T09:41:06+00:00","dateModified":"2023-10-25T16:06:51+00:00","description":"Las disfunciones de suelo p\u00e9lvico pueden repercutir en anomal\u00edas y problemas, como incontinencia urinaria, dispareunia (coitalgia), ...","breadcrumb":{"@id":"https:\/\/iphysio.es\/index.php\/disfunciones-de-suelo-pelvico\/#breadcrumb"},"inLanguage":"es","potentialAction":[{"@type":"ReadAction","target":["https:\/\/iphysio.es\/index.php\/disfunciones-de-suelo-pelvico\/"]}]},{"@type":"ImageObject","inLanguage":"es","@id":"https:\/\/iphysio.es\/index.php\/disfunciones-de-suelo-pelvico\/#primaryimage","url":"https:\/\/iphysio.es\/wp-content\/uploads\/2020\/10\/contact-iphysio-talavera.png","contentUrl":"https:\/\/iphysio.es\/wp-content\/uploads\/2020\/10\/contact-iphysio-talavera.png","width":640,"height":626},{"@type":"BreadcrumbList","@id":"https:\/\/iphysio.es\/index.php\/disfunciones-de-suelo-pelvico\/#breadcrumb","itemListElement":[{"@type":"ListItem","position":1,"name":"Portada","item":"https:\/\/iphysio.es\/"},{"@type":"ListItem","position":2,"name":"Disfunciones de suelo p\u00e9lvico"}]},{"@type":"WebSite","@id":"https:\/\/iphysio.es\/#website","url":"https:\/\/iphysio.es\/","name":"Cl\u00ednica iPhysio Therapy","description":"Fisioterapia, Nutrici\u00f3n y Diet\u00e9tica, Pilates, Hipopresivos, Lumbalgias, Cervicalgias, Esguinces, Biomec\u00e1nica","publisher":{"@id":"https:\/\/iphysio.es\/#organization"},"potentialAction":[{"@type":"SearchAction","target":{"@type":"EntryPoint","urlTemplate":"https:\/\/iphysio.es\/?s={search_term_string}"},"query-input":{"@type":"PropertyValueSpecification","valueRequired":true,"valueName":"search_term_string"}}],"inLanguage":"es"},{"@type":"Organization","@id":"https:\/\/iphysio.es\/#organization","name":"Fisiotalavera S.L.","url":"https:\/\/iphysio.es\/","logo":{"@type":"ImageObject","inLanguage":"es","@id":"https:\/\/iphysio.es\/#\/schema\/logo\/image\/","url":"https:\/\/iphysio.es\/wp-content\/uploads\/2016\/11\/cropped-solologo.png","contentUrl":"https:\/\/iphysio.es\/wp-content\/uploads\/2016\/11\/cropped-solologo.png","width":402,"height":428,"caption":"Fisiotalavera S.L."},"image":{"@id":"https:\/\/iphysio.es\/#\/schema\/logo\/image\/"},"sameAs":["https:\/\/www.facebook.com\/iPhysioTalavera\/","https:\/\/x.com\/IphysioT"]}]}},"_links":{"self":[{"href":"https:\/\/iphysio.es\/index.php\/wp-json\/wp\/v2\/pages\/10535","targetHints":{"allow":["GET"]}}],"collection":[{"href":"https:\/\/iphysio.es\/index.php\/wp-json\/wp\/v2\/pages"}],"about":[{"href":"https:\/\/iphysio.es\/index.php\/wp-json\/wp\/v2\/types\/page"}],"author":[{"embeddable":true,"href":"https:\/\/iphysio.es\/index.php\/wp-json\/wp\/v2\/users\/1"}],"replies":[{"embeddable":true,"href":"https:\/\/iphysio.es\/index.php\/wp-json\/wp\/v2\/comments?post=10535"}],"version-history":[{"count":0,"href":"https:\/\/iphysio.es\/index.php\/wp-json\/wp\/v2\/pages\/10535\/revisions"}],"wp:attachment":[{"href":"https:\/\/iphysio.es\/index.php\/wp-json\/wp\/v2\/media?parent=10535"}],"curies":[{"name":"wp","href":"https:\/\/api.w.org\/{rel}","templated":true}]}}