{"id":10678,"date":"2023-10-27T19:32:53","date_gmt":"2023-10-27T17:32:53","guid":{"rendered":"https:\/\/iphysio.es\/?page_id=10678"},"modified":"2023-10-27T19:33:19","modified_gmt":"2023-10-27T17:33:19","slug":"cicatriz-de-cesarea","status":"publish","type":"page","link":"https:\/\/iphysio.es\/index.php\/cicatriz-de-cesarea\/","title":{"rendered":"Cicatriz de ces\u00e1rea"},"content":{"rendered":"\n<table id=\"tablepress-16\" class=\"tablepress tablepress-id-16\">\n<tbody class=\"row-hover\">\n<tr class=\"row-1\">\n\t<td class=\"column-1\"><b>La UMI<\/b><\/td><td class=\"column-2\"><b>El suelo p\u00e9lvico<\/b><\/td><td class=\"column-3\"><\/td><td class=\"column-4\"><\/td><td class=\"column-5\"><\/td><td class=\"column-6\"><b>Ejercicio y embarazo<\/b><\/td><td class=\"column-7\"><\/td><td class=\"column-8\"><\/td>\n<\/tr>\n<tr class=\"row-2\">\n\t<td class=\"column-1\"><a href=\"https:\/\/iphysio.es\/index.php\/unidad-para-la-mujer-2\/\">Unidad para la mujer<\/a><\/td><td class=\"column-2\"><a href=\"https:\/\/iphysio.es\/index.php\/suelo-pelvico\/\">El suelo p\u00e9lvico<\/a><\/td><td class=\"column-3\"><a href=\"https:\/\/iphysio.es\/index.php\/disfunciones-de-suelo-pelvico\/\">Disfunciones<\/a><\/td><td class=\"column-4\"><a href=\"https:\/\/iphysio.es\/index.php\/diastasis-abdominal\/\">Di\u00e1stasis abdominal<\/a><\/td><td class=\"column-5\"><a href=\"https:\/\/iphysio.es\/index.php\/cicatriz-de-cesarea\/\">Cicatriz de ces\u00e1rea<\/a><\/td><td class=\"column-6\"><a href=\"https:\/\/iphysio.es\/index.php\/ejercicio-en-el-embarazo\/\">Beneficios para la madre<\/a><\/td><td class=\"column-7\"><a href=\"https:\/\/iphysio.es\/index.php\/beneficios-del-ejercicio-materno\/\">Beneficios para el beb\u00e9<\/a><\/td><td class=\"column-8\"><a href=\"https:\/\/iphysio.es\/index.php\/ejercicio-para-embarazadas-en-talavera\/\">Clases en iPhysio<\/a><\/td>\n<\/tr>\n<\/tbody>\n<\/table>\n<!-- #tablepress-16 from cache -->\n<hr \/>\n<h3 style=\"text-align: center;\"><strong>UNIDAD PARA LA MUJER<\/strong><\/h3>\n<h1 style=\"text-align: center;\">Cicatriz de ces\u00e1rea<\/h1>\n<hr \/>\n<p style=\"text-align: left;\"><img loading=\"lazy\" decoding=\"async\" class=\"alignleft wp-image-10682 size-full\" src=\"https:\/\/iphysio.es\/wp-content\/uploads\/2023\/10\/cicatriz-de-cesarea-2-e1698426673663.jpg\" alt=\"cicatriz de cesarea\" width=\"300\" height=\"465\" srcset=\"https:\/\/iphysio.es\/wp-content\/uploads\/2023\/10\/cicatriz-de-cesarea-2-e1698426673663.jpg 300w, https:\/\/iphysio.es\/wp-content\/uploads\/2023\/10\/cicatriz-de-cesarea-2-e1698426673663-194x300.jpg 194w\" sizes=\"auto, (max-width: 300px) 100vw, 300px\" \/>\u00bfQuiz\u00e1s tienes una cicatriz de ces\u00e1rea y quieres que se haga una valoraci\u00f3n de su estado y progresi\u00f3n? Como sabes, la ces\u00e1rea implica cortar varias capas (piel, m\u00fasculo y pared uterina) y su posterior sutura.<\/p>\n<p style=\"text-align: left;\">Como en toda cirug\u00eda se genera una cicatriz que requiere atenci\u00f3n y cuidados para evitar\/detectar problemas: queloides, adherencias, cicatriz hipertr\u00f3fica o <em>istmocele<\/em> (bolsa en la pared del \u00fatero si la incisi\u00f3n no cierra bien).<\/p>\n<p>Si no hay complicaci\u00f3n, esta cicatriz de ces\u00e1rea estar\u00e1 bastante saneada en unos dos meses. Pero <strong>para ayudar al proceso y evitar\/reducir posibles complicaciones, hay que prestarle atenci\u00f3n desde el principio<\/strong>, con una buena hidrataci\u00f3n (como el aceite de rosa mosqueta) y masajes y tratamientos adecuados.<\/p>\n<p>Adem\u00e1s, regeneramos el tejido y se disimula la pigmentaci\u00f3n.<\/p>\n<h3>Es muy importante tratar siempre la cicatriz de la ces\u00e1rea<\/h3>\n<p><strong>No es solo un tema est\u00e9tico<\/strong>, tambi\u00e9n podr\u00eda provocar problemas, como di\u00e1stasis abdominal y\/o dolor por las adherencias (y restricciones de movilidad) que, a su vez, repercutir\u00e1n en dolor a su alrededor y zona lumbar, cistitis de repetici\u00f3n, molestias en relaciones sexuales o con diferentes prendas de ropa, sensaci\u00f3n de acartonamiento, hormigueos, &#8230;<\/p>\n<h5>Tu cicatriz tiene que ser el\u00e1stica e indolora.<br \/>\n<span style=\"color: #ffffff;\">Tratamiento con fisioterapia de la cicatriz de ces\u00e1rea<\/span><\/h5>\n<div class=\"su-row\"><div class=\"su-column su-column-size-2-3\"><div class=\"su-column-inner su-u-clearfix su-u-trim\">\n<h2>Tratamiento con fisioterapia de la cicatriz de ces\u00e1rea<\/h2>\n<p><strong>Cada mujer cicatriza diferente<\/strong>, por eso se debe individualizar el tratamiento, y\u00a0<strong>empezar unas cuatros semanas despu\u00e9s del parto. <\/strong>Pero\u00a0<strong>siempre puede tratarse<\/strong>,\u00a0aunque haya pasado m\u00e1s tiempo.<\/p>\n<p><strong>\u00bfHas tenido una ces\u00e1rea?<\/strong>\u00a0Para ayudarte nuestra fisioterapeuta utilizar\u00e1 terapias manuales, diatermia-radiofrecuencia, ventosas o punci\u00f3n seca, adem\u00e1s de ense\u00f1arte ejercicios espec\u00edficos para tu faja abdominal.<\/p>\n<p>Te recordamos que <strong>esta actividad debe estar pautada y dirigida por un profesional especializado<\/strong>, y que <strong>Cl\u00ednica iPhysio cuenta con una <a href=\"https:\/\/iphysio.es\/index.php\/lorena-jara-fisioterapeuta\/\" target=\"_blank\" rel=\"noopener\">fisioterapeuta experta<\/a> y titulada para ayudarte en este proceso<\/strong>.<\/p>\n<h6 style=\"text-align: center;\">Ponte en contacto con nosotros y,\u00a0si deseas concertar una cita espec\u00edficamente para esta unidad, puedes hacerlo por tel\u00e9fono <span style=\"color: #000000;\"><strong>925 68 12 02<\/strong><\/span> o WhatsApp <span style=\"color: #000000;\"><strong>657 658 269<\/strong><\/span><\/h6>\n<\/div><\/div> <div class=\"su-column su-column-size-1-3\"><div class=\"su-column-inner su-u-clearfix su-u-trim\">\n<div style=\"width: 640px;\" class=\"wp-video\"><video class=\"wp-video-shortcode\" id=\"video-10678-1\" width=\"640\" height=\"640\" loop autoplay preload=\"metadata\" controls=\"controls\"><source type=\"video\/mp4\" src=\"https:\/\/iphysio.es\/wp-content\/uploads\/2023\/10\/Ces\u00e1rea.mp4?_=1\" \/><a href=\"https:\/\/iphysio.es\/wp-content\/uploads\/2023\/10\/Ces\u00e1rea.mp4\">https:\/\/iphysio.es\/wp-content\/uploads\/2023\/10\/Ces\u00e1rea.mp4<\/a><\/video><\/div>\n<\/div><\/div><\/div>\n<p><img loading=\"lazy\" decoding=\"async\" class=\"wp-image-7473 aligncenter\" style=\"font-size: 17px; font-weight: bold; letter-spacing: 1.7px; text-transform: uppercase;\" src=\"https:\/\/iphysio.es\/wp-content\/uploads\/2020\/10\/ven-a-iphysio-e1603906558691-1024x642.png\" alt=\"\" width=\"262\" height=\"164\" srcset=\"https:\/\/iphysio.es\/wp-content\/uploads\/2020\/10\/ven-a-iphysio-e1603906558691-1024x642.png 1024w, https:\/\/iphysio.es\/wp-content\/uploads\/2020\/10\/ven-a-iphysio-e1603906558691-300x188.png 300w, https:\/\/iphysio.es\/wp-content\/uploads\/2020\/10\/ven-a-iphysio-e1603906558691-768x482.png 768w, https:\/\/iphysio.es\/wp-content\/uploads\/2020\/10\/ven-a-iphysio-e1603906558691.png 1747w\" sizes=\"auto, (max-width: 262px) 100vw, 262px\" \/><\/p>\n<p style=\"text-align: right;\"><a href=\"https:\/\/www.facebook.com\/iPhysioTalavera\/\" target=\"_blank\" rel=\"noopener\">S\u00edguenos en RRSS<\/a><\/p>\n<div class=\"su-note\"  style=\"border-color:#d8d8d8;border-radius:2px;-moz-border-radius:2px;-webkit-border-radius:2px;\"><div class=\"su-note-inner su-u-clearfix su-u-trim\" style=\"background-color:#f2f2f2;border-color:#ffffff;color:#3c3c3c;border-radius:2px;-moz-border-radius:2px;-webkit-border-radius:2px;\">\n\n<table id=\"tablepress-13\" class=\"tablepress tablepress-id-13\">\n<tbody class=\"row-hover\">\n<tr class=\"row-1\">\n\t<td class=\"column-1\"><b>Servicios Cl\u00ednica iPhysio<\/b><\/td><td class=\"column-2\"><a href=\"https:\/\/iphysio.es\/index.php\/nuestros-servicios\/fisioterapia-talavera-de-la-reina\/\"> \u00b7 Fisioterapia<\/a><\/td><td class=\"column-3\"><a href=\"https:\/\/iphysio.es\/index.php\/unidad-para-la-mujer-2\/\"> \u00b7 Unidad para la mujer<\/a><\/td><td class=\"column-4\"><a href=\"https:\/\/iphysio.es\/index.php\/nuestros-servicios\/fisioterapia-talavera-de-la-reina\/colico-del-lactante\/\"> \u00b7 Lactantes<\/a><\/td><td class=\"column-5\"><a href=\"https:\/\/iphysio.es\/index.php\/nuestros-servicios\/nutricion-y-dietetica-talavera\/\">\u00b7 Nutrici\u00f3n<\/a><\/td><td class=\"column-6\"><a href=\"https:\/\/iphysio.es\/index.php\/nuestros-servicios\/actividades-en-sala-cuidar-tu-cuerpo\/\">\u00b7 Pilates<\/a><\/td><td class=\"column-7\"><a href=\"https:\/\/iphysio.es\/index.php\/entrenamiento-deportivo\/\">\u00b7 Entrenamiento<\/a><\/td>\n<\/tr>\n<\/tbody>\n<\/table>\n<!-- #tablepress-13 from cache -->\n<\/div><\/div>\n ","protected":false},"excerpt":{"rendered":"<p>UNIDAD PARA LA MUJER Cicatriz de ces\u00e1rea \u00bfQuiz\u00e1s tienes una cicatriz de ces\u00e1rea y quieres que se haga una valoraci\u00f3n de su estado y progresi\u00f3n? Como sabes, la ces\u00e1rea implica cortar varias capas (piel, m\u00fasculo y pared uterina) y su posterior sutura. Como en toda cirug\u00eda se genera una cicatriz que requiere atenci\u00f3n y cuidados para evitar\/detectar problemas: queloides, adherencias, cicatriz hipertr\u00f3fica o istmocele (bolsa en la pared del \u00fatero si la incisi\u00f3n no cierra bien). Si no hay complicaci\u00f3n,&hellip;<\/p>\n","protected":false},"author":1,"featured_media":0,"parent":0,"menu_order":0,"comment_status":"closed","ping_status":"closed","template":"","meta":{"footnotes":"","_links_to":"","_links_to_target":""},"class_list":["post-10678","page","type-page","status-publish","hentry"],"yoast_head":"<!-- This site is optimized with the Yoast SEO plugin v27.5 - https:\/\/yoast.com\/product\/yoast-seo-wordpress\/ -->\n<title>Cicatriz de cesarea, tratamiento con fisioterapia | Cl\u00ednica iPhysio<\/title>\n<meta name=\"description\" content=\"Cicatriz de ces\u00e1rea: prestarle atenci\u00f3n desde el principio para una correcta evoluci\u00f3n. Si lo necesitas, cuenta con nuestra fisioterapeuta especializada.\" \/>\n<meta name=\"robots\" content=\"index, follow, max-snippet:-1, max-image-preview:large, max-video-preview:-1\" \/>\n<link rel=\"canonical\" href=\"https:\/\/iphysio.es\/index.php\/cicatriz-de-cesarea\/\" \/>\n<meta property=\"og:locale\" content=\"es_ES\" \/>\n<meta property=\"og:type\" content=\"article\" \/>\n<meta property=\"og:title\" content=\"Cicatriz de cesarea, tratamiento con fisioterapia | Cl\u00ednica iPhysio\" \/>\n<meta property=\"og:description\" content=\"Cicatriz de ces\u00e1rea: prestarle atenci\u00f3n desde el principio para una correcta evoluci\u00f3n. Si lo necesitas, cuenta con nuestra fisioterapeuta especializada.\" \/>\n<meta property=\"og:url\" content=\"https:\/\/iphysio.es\/index.php\/cicatriz-de-cesarea\/\" \/>\n<meta property=\"og:site_name\" content=\"Cl\u00ednica iPhysio Therapy\" \/>\n<meta property=\"article:publisher\" content=\"https:\/\/www.facebook.com\/iPhysioTalavera\/\" \/>\n<meta property=\"article:modified_time\" content=\"2023-10-27T17:33:19+00:00\" \/>\n<meta property=\"og:image\" content=\"https:\/\/iphysio.es\/wp-content\/uploads\/2023\/10\/cicatriz-de-cesarea-2-e1698426673663.jpg\" \/>\n<meta name=\"twitter:card\" content=\"summary_large_image\" \/>\n<meta name=\"twitter:site\" content=\"@IphysioT\" \/>\n<meta name=\"twitter:label1\" content=\"Tiempo de lectura\" \/>\n\t<meta name=\"twitter:data1\" content=\"2 minutos\" \/>\n<script type=\"application\/ld+json\" class=\"yoast-schema-graph\">{\"@context\":\"https:\\\/\\\/schema.org\",\"@graph\":[{\"@type\":\"WebPage\",\"@id\":\"https:\\\/\\\/iphysio.es\\\/index.php\\\/cicatriz-de-cesarea\\\/\",\"url\":\"https:\\\/\\\/iphysio.es\\\/index.php\\\/cicatriz-de-cesarea\\\/\",\"name\":\"Cicatriz de cesarea, tratamiento con fisioterapia | Cl\u00ednica iPhysio\",\"isPartOf\":{\"@id\":\"https:\\\/\\\/iphysio.es\\\/#website\"},\"primaryImageOfPage\":{\"@id\":\"https:\\\/\\\/iphysio.es\\\/index.php\\\/cicatriz-de-cesarea\\\/#primaryimage\"},\"image\":{\"@id\":\"https:\\\/\\\/iphysio.es\\\/index.php\\\/cicatriz-de-cesarea\\\/#primaryimage\"},\"thumbnailUrl\":\"https:\\\/\\\/iphysio.es\\\/wp-content\\\/uploads\\\/2023\\\/10\\\/cicatriz-de-cesarea-2-e1698426673663.jpg\",\"datePublished\":\"2023-10-27T17:32:53+00:00\",\"dateModified\":\"2023-10-27T17:33:19+00:00\",\"description\":\"Cicatriz de ces\u00e1rea: prestarle atenci\u00f3n desde el principio para una correcta evoluci\u00f3n. Si lo necesitas, cuenta con nuestra fisioterapeuta especializada.\",\"breadcrumb\":{\"@id\":\"https:\\\/\\\/iphysio.es\\\/index.php\\\/cicatriz-de-cesarea\\\/#breadcrumb\"},\"inLanguage\":\"es\",\"potentialAction\":[{\"@type\":\"ReadAction\",\"target\":[\"https:\\\/\\\/iphysio.es\\\/index.php\\\/cicatriz-de-cesarea\\\/\"]}]},{\"@type\":\"ImageObject\",\"inLanguage\":\"es\",\"@id\":\"https:\\\/\\\/iphysio.es\\\/index.php\\\/cicatriz-de-cesarea\\\/#primaryimage\",\"url\":\"https:\\\/\\\/iphysio.es\\\/wp-content\\\/uploads\\\/2023\\\/10\\\/cicatriz-de-cesarea-2-e1698426673663.jpg\",\"contentUrl\":\"https:\\\/\\\/iphysio.es\\\/wp-content\\\/uploads\\\/2023\\\/10\\\/cicatriz-de-cesarea-2-e1698426673663.jpg\",\"width\":300,\"height\":465},{\"@type\":\"BreadcrumbList\",\"@id\":\"https:\\\/\\\/iphysio.es\\\/index.php\\\/cicatriz-de-cesarea\\\/#breadcrumb\",\"itemListElement\":[{\"@type\":\"ListItem\",\"position\":1,\"name\":\"Portada\",\"item\":\"https:\\\/\\\/iphysio.es\\\/\"},{\"@type\":\"ListItem\",\"position\":2,\"name\":\"Cicatriz de ces\u00e1rea\"}]},{\"@type\":\"WebSite\",\"@id\":\"https:\\\/\\\/iphysio.es\\\/#website\",\"url\":\"https:\\\/\\\/iphysio.es\\\/\",\"name\":\"Cl\u00ednica iPhysio Therapy\",\"description\":\"Fisioterapia, Nutrici\u00f3n y Diet\u00e9tica, Pilates, Hipopresivos, Lumbalgias, Cervicalgias, Esguinces, Biomec\u00e1nica\",\"publisher\":{\"@id\":\"https:\\\/\\\/iphysio.es\\\/#organization\"},\"potentialAction\":[{\"@type\":\"SearchAction\",\"target\":{\"@type\":\"EntryPoint\",\"urlTemplate\":\"https:\\\/\\\/iphysio.es\\\/?s={search_term_string}\"},\"query-input\":{\"@type\":\"PropertyValueSpecification\",\"valueRequired\":true,\"valueName\":\"search_term_string\"}}],\"inLanguage\":\"es\"},{\"@type\":\"Organization\",\"@id\":\"https:\\\/\\\/iphysio.es\\\/#organization\",\"name\":\"Fisiotalavera S.L.\",\"url\":\"https:\\\/\\\/iphysio.es\\\/\",\"logo\":{\"@type\":\"ImageObject\",\"inLanguage\":\"es\",\"@id\":\"https:\\\/\\\/iphysio.es\\\/#\\\/schema\\\/logo\\\/image\\\/\",\"url\":\"https:\\\/\\\/iphysio.es\\\/wp-content\\\/uploads\\\/2016\\\/11\\\/cropped-solologo.png\",\"contentUrl\":\"https:\\\/\\\/iphysio.es\\\/wp-content\\\/uploads\\\/2016\\\/11\\\/cropped-solologo.png\",\"width\":402,\"height\":428,\"caption\":\"Fisiotalavera S.L.\"},\"image\":{\"@id\":\"https:\\\/\\\/iphysio.es\\\/#\\\/schema\\\/logo\\\/image\\\/\"},\"sameAs\":[\"https:\\\/\\\/www.facebook.com\\\/iPhysioTalavera\\\/\",\"https:\\\/\\\/x.com\\\/IphysioT\"]}]}<\/script>\n<!-- \/ Yoast SEO plugin. -->","yoast_head_json":{"title":"Cicatriz de cesarea, tratamiento con fisioterapia | Cl\u00ednica iPhysio","description":"Cicatriz de ces\u00e1rea: prestarle atenci\u00f3n desde el principio para una correcta evoluci\u00f3n. Si lo necesitas, cuenta con nuestra fisioterapeuta especializada.","robots":{"index":"index","follow":"follow","max-snippet":"max-snippet:-1","max-image-preview":"max-image-preview:large","max-video-preview":"max-video-preview:-1"},"canonical":"https:\/\/iphysio.es\/index.php\/cicatriz-de-cesarea\/","og_locale":"es_ES","og_type":"article","og_title":"Cicatriz de cesarea, tratamiento con fisioterapia | Cl\u00ednica iPhysio","og_description":"Cicatriz de ces\u00e1rea: prestarle atenci\u00f3n desde el principio para una correcta evoluci\u00f3n. Si lo necesitas, cuenta con nuestra fisioterapeuta especializada.","og_url":"https:\/\/iphysio.es\/index.php\/cicatriz-de-cesarea\/","og_site_name":"Cl\u00ednica iPhysio Therapy","article_publisher":"https:\/\/www.facebook.com\/iPhysioTalavera\/","article_modified_time":"2023-10-27T17:33:19+00:00","og_image":[{"url":"https:\/\/iphysio.es\/wp-content\/uploads\/2023\/10\/cicatriz-de-cesarea-2-e1698426673663.jpg","type":"","width":"","height":""}],"twitter_card":"summary_large_image","twitter_site":"@IphysioT","twitter_misc":{"Tiempo de lectura":"2 minutos"},"schema":{"@context":"https:\/\/schema.org","@graph":[{"@type":"WebPage","@id":"https:\/\/iphysio.es\/index.php\/cicatriz-de-cesarea\/","url":"https:\/\/iphysio.es\/index.php\/cicatriz-de-cesarea\/","name":"Cicatriz de cesarea, tratamiento con fisioterapia | Cl\u00ednica iPhysio","isPartOf":{"@id":"https:\/\/iphysio.es\/#website"},"primaryImageOfPage":{"@id":"https:\/\/iphysio.es\/index.php\/cicatriz-de-cesarea\/#primaryimage"},"image":{"@id":"https:\/\/iphysio.es\/index.php\/cicatriz-de-cesarea\/#primaryimage"},"thumbnailUrl":"https:\/\/iphysio.es\/wp-content\/uploads\/2023\/10\/cicatriz-de-cesarea-2-e1698426673663.jpg","datePublished":"2023-10-27T17:32:53+00:00","dateModified":"2023-10-27T17:33:19+00:00","description":"Cicatriz de ces\u00e1rea: prestarle atenci\u00f3n desde el principio para una correcta evoluci\u00f3n. Si lo necesitas, cuenta con nuestra fisioterapeuta especializada.","breadcrumb":{"@id":"https:\/\/iphysio.es\/index.php\/cicatriz-de-cesarea\/#breadcrumb"},"inLanguage":"es","potentialAction":[{"@type":"ReadAction","target":["https:\/\/iphysio.es\/index.php\/cicatriz-de-cesarea\/"]}]},{"@type":"ImageObject","inLanguage":"es","@id":"https:\/\/iphysio.es\/index.php\/cicatriz-de-cesarea\/#primaryimage","url":"https:\/\/iphysio.es\/wp-content\/uploads\/2023\/10\/cicatriz-de-cesarea-2-e1698426673663.jpg","contentUrl":"https:\/\/iphysio.es\/wp-content\/uploads\/2023\/10\/cicatriz-de-cesarea-2-e1698426673663.jpg","width":300,"height":465},{"@type":"BreadcrumbList","@id":"https:\/\/iphysio.es\/index.php\/cicatriz-de-cesarea\/#breadcrumb","itemListElement":[{"@type":"ListItem","position":1,"name":"Portada","item":"https:\/\/iphysio.es\/"},{"@type":"ListItem","position":2,"name":"Cicatriz de ces\u00e1rea"}]},{"@type":"WebSite","@id":"https:\/\/iphysio.es\/#website","url":"https:\/\/iphysio.es\/","name":"Cl\u00ednica iPhysio Therapy","description":"Fisioterapia, Nutrici\u00f3n y Diet\u00e9tica, Pilates, Hipopresivos, Lumbalgias, Cervicalgias, Esguinces, Biomec\u00e1nica","publisher":{"@id":"https:\/\/iphysio.es\/#organization"},"potentialAction":[{"@type":"SearchAction","target":{"@type":"EntryPoint","urlTemplate":"https:\/\/iphysio.es\/?s={search_term_string}"},"query-input":{"@type":"PropertyValueSpecification","valueRequired":true,"valueName":"search_term_string"}}],"inLanguage":"es"},{"@type":"Organization","@id":"https:\/\/iphysio.es\/#organization","name":"Fisiotalavera S.L.","url":"https:\/\/iphysio.es\/","logo":{"@type":"ImageObject","inLanguage":"es","@id":"https:\/\/iphysio.es\/#\/schema\/logo\/image\/","url":"https:\/\/iphysio.es\/wp-content\/uploads\/2016\/11\/cropped-solologo.png","contentUrl":"https:\/\/iphysio.es\/wp-content\/uploads\/2016\/11\/cropped-solologo.png","width":402,"height":428,"caption":"Fisiotalavera S.L."},"image":{"@id":"https:\/\/iphysio.es\/#\/schema\/logo\/image\/"},"sameAs":["https:\/\/www.facebook.com\/iPhysioTalavera\/","https:\/\/x.com\/IphysioT"]}]}},"_links":{"self":[{"href":"https:\/\/iphysio.es\/index.php\/wp-json\/wp\/v2\/pages\/10678","targetHints":{"allow":["GET"]}}],"collection":[{"href":"https:\/\/iphysio.es\/index.php\/wp-json\/wp\/v2\/pages"}],"about":[{"href":"https:\/\/iphysio.es\/index.php\/wp-json\/wp\/v2\/types\/page"}],"author":[{"embeddable":true,"href":"https:\/\/iphysio.es\/index.php\/wp-json\/wp\/v2\/users\/1"}],"replies":[{"embeddable":true,"href":"https:\/\/iphysio.es\/index.php\/wp-json\/wp\/v2\/comments?post=10678"}],"version-history":[{"count":0,"href":"https:\/\/iphysio.es\/index.php\/wp-json\/wp\/v2\/pages\/10678\/revisions"}],"wp:attachment":[{"href":"https:\/\/iphysio.es\/index.php\/wp-json\/wp\/v2\/media?parent=10678"}],"curies":[{"name":"wp","href":"https:\/\/api.w.org\/{rel}","templated":true}]}}