{"id":10755,"date":"2024-01-31T09:29:08","date_gmt":"2024-01-31T08:29:08","guid":{"rendered":"https:\/\/iphysio.es\/?page_id=10755"},"modified":"2024-02-13T19:10:57","modified_gmt":"2024-02-13T18:10:57","slug":"david-olmedo-nutricionista","status":"publish","type":"page","link":"https:\/\/iphysio.es\/index.php\/david-olmedo-nutricionista\/","title":{"rendered":"David Olmedo | Nutricionista"},"content":{"rendered":"<div class=\"su-row\"><div class=\"su-column su-column-size-1-3\"><div class=\"su-column-inner su-u-clearfix su-u-trim\">\n<p><img loading=\"lazy\" decoding=\"async\" class=\"alignnone wp-image-10766 size-full\" title=\"David Olmedo, diet\u00e9tica y nutrici\u00f3n\" src=\"https:\/\/iphysio.es\/wp-content\/uploads\/2024\/02\/David-Olmedo-nutricionista-talavera-iphysio.jpg\" alt=\"\" width=\"600\" height=\"800\" \/><\/p>\n<div class=\"su-note\"  style=\"border-color:#dfdfdf;border-radius:2px;-moz-border-radius:2px;-webkit-border-radius:2px;\"><div class=\"su-note-inner su-u-clearfix su-u-trim\" style=\"background-color:#f9f9f9;border-color:#ffffff;color:#3c3c3c;border-radius:2px;-moz-border-radius:2px;-webkit-border-radius:2px;\">\n<table id=\"tablepress-8\" class=\"tablepress tablepress-id-8\">\n<tbody class=\"row-hover\">\n<tr class=\"row-1\">\n\t<td class=\"column-1\"><a href=\"https:\/\/iphysio.es\/index.php\/nuestros-servicios\/fisioterapia-talavera-de-la-reina\/\"><b>FISIOTERAPIA<\/b><\/a><br \/>\n<a href=\"https:\/\/iphysio.es\/index.php\/sara-porrero-fisioterapeuta\/\">Sara<\/a> Porrero<br \/>\n<a href=\"https:\/\/iphysio.es\/index.php\/angel-perez-fisioterapeuta\/\">\u00c1ngel<\/a> P\u00e9rez<br \/>\n<a href=\"https:\/\/iphysio.es\/index.php\/miriam-fernandez\/\">M\u00edriam<\/a> Fern\u00e1ndez<\/td><td class=\"column-2\"><a href=\"https:\/\/iphysio.es\/index.php\/juan-fisioterapeuta\/\">Juan Antonio<\/a> D. Basilio<br \/>\n<a href=\"https:\/\/iphysio.es\/index.php\/luis-navas\/\">Luis Fernando<\/a> Navas<br \/>\n<a href=\"https:\/\/iphysio.es\/index.php\/lorena-jara-fisioterapeuta\/\">Lorena<\/a> Jara<br \/>\n<i>(E)<\/i> <a href=\"https:\/\/iphysio.es\/index.php\/pedro-camacho\/\">Pedro<\/a> Camacho<\/td>\n<\/tr>\n<tr class=\"row-2\">\n\t<td class=\"column-1\"><a href=\"https:\/\/iphysio.es\/index.php\/nuestros-servicios\/fisioterapia-talavera-de-la-reina\/\"><b>NUTRICI\u00d3N<\/b><\/a><br \/>\n<a href=\"https:\/\/iphysio.es\/index.php\/miriam-alia-nutricionista\/\">M\u00edriam  <\/a> Al\u00eda<\/td><td class=\"column-2\">.<br \/>\n<a href=\"https:\/\/iphysio.es\/index.php\/david-olmedo-nutricionista\/\">David  <\/a> Olmedo<\/td>\n<\/tr>\n<tr class=\"row-3\">\n\t<td class=\"column-1\"><a href=\"https:\/\/iphysio.es\/index.php\/nuestros-servicios\/actividades-en-sala-cuidar-tu-cuerpo\/\"><b>PILATES<\/b><\/a><br \/>\n<a href=\"https:\/\/iphysio.es\/index.php\/miriam-fernandez\/\">M\u00edriam<\/a> Fern\u00e1ndez<\/td><td class=\"column-2\"><a href=\"https:\/\/iphysio.es\/index.php\/pablo-luengo\/\">Pablo<\/a> G. Luengo<br \/>\nCarolina Rodr\u00edguez<\/td>\n<\/tr>\n<tr class=\"row-4\">\n\t<td class=\"column-1\"><a href=\"https:\/\/iphysio.es\/index.php\/entrenamiento-deportivo\/\"><b>ENTRENAMIENTO<\/b><\/a><\/td><td class=\"column-2\"><a href=\"https:\/\/iphysio.es\/index.php\/alvaro-s-arjona-entrenador\/\">\u00c1lvaro<\/a> S. Arjona<\/td>\n<\/tr>\n<\/tbody>\n<\/table>\n<!-- #tablepress-8 from cache --><\/div><\/div>\n<\/div><\/div> <div class=\"su-column su-column-size-1-3\"><div class=\"su-column-inner su-u-clearfix su-u-trim\">\n<h2>David Olmedo, Diplomado en Nutrici\u00f3n Humana y Diet\u00e9tica<\/h2>\n<p>Colegiado\u00a0MAD00175 <a href=\"https:\/\/www.codinma.es\/\" target=\"_blank\" rel=\"noopener\">CODINMA<\/a><\/p>\n<hr \/>\n<ul>\n<li><b>Graduado\u00a0<\/b>en <a href=\"https:\/\/iphysio.es\/index.php\/nuestros-servicios\/nutricion-y-dietetica-talavera\/\" target=\"_blank\" rel=\"noopener\">Nutrici\u00f3n<\/a> Humana y Diet\u00e9tica<br \/>\n(Universidad Complutense, Madrid)<\/li>\n<li>Acreditaci\u00f3n <a href=\"https:\/\/www.isak.global\/\" target=\"_blank\" rel=\"noopener\"><strong>ISAK<\/strong><\/a> Nivel 1\u00a0(International Society for the Advancement of Kinanthropometry)<br \/>\n(Universidad Complutense, Madrid)<\/li>\n<li>Experto Universitario en\u00a0<strong>Nutrici\u00f3n Deportiva<\/strong><br \/>\n(docente)<\/li>\n<li>Certificado \u00ab<strong>Periodizaci\u00f3n\u00a0nutricional en atletas<\/strong>\u00ab<br \/>\n(Exercise Physiology and Training)<\/li>\n<li>Certificado \u00abSuplementaci\u00f3n en <strong>deportes de resistencia<\/strong>\u00ab<br \/>\n(Exercise Physiology and Training)<\/li>\n<li>Curso en \u00ab<strong>Urgencias metab\u00f3licas<\/strong>\u00ab<br \/>\n(Nutricia Profesionales)<\/li>\n<\/ul>\n<\/div><\/div> <div class=\"su-column su-column-size-1-3\"><div class=\"su-column-inner su-u-clearfix su-u-trim\"><img loading=\"lazy\" decoding=\"async\" class=\"alignnone wp-image-10762 size-full\" src=\"https:\/\/iphysio.es\/wp-content\/uploads\/2024\/01\/david-olmedo-nutricion-deportiva-talavera.jpg\" alt=\"\" width=\"600\" height=\"800\" srcset=\"https:\/\/iphysio.es\/wp-content\/uploads\/2024\/01\/david-olmedo-nutricion-deportiva-talavera.jpg 600w, https:\/\/iphysio.es\/wp-content\/uploads\/2024\/01\/david-olmedo-nutricion-deportiva-talavera-225x300.jpg 225w\" sizes=\"auto, (max-width: 600px) 100vw, 600px\" \/><\/p>\n<div class=\"su-accordion su-u-trim\"><div class=\"su-spoiler su-spoiler-style-default su-spoiler-icon-plus su-spoiler-closed\" data-scroll-offset=\"0\" data-anchor-in-url=\"no\"><div class=\"su-spoiler-title\" tabindex=\"0\" role=\"button\"><span class=\"su-spoiler-icon\"><\/span><strong>OTRAS TITULACIONES, JORNADAS ESPECIALIZADAS<\/strong><\/div><div class=\"su-spoiler-content su-u-clearfix su-u-trim\">\n<\/div><\/div><div class=\"su-spoiler su-spoiler-style-default su-spoiler-icon-plus su-spoiler-closed\" data-scroll-offset=\"0\" data-anchor-in-url=\"no\"><div class=\"su-spoiler-title\" tabindex=\"0\" role=\"button\"><span class=\"su-spoiler-icon\"><\/span><strong>BLOG<\/strong><\/div><div class=\"su-spoiler-content su-u-clearfix su-u-trim\">\n<\/div><\/div> <div class=\"su-spoiler su-spoiler-style-default su-spoiler-icon-plus su-spoiler-closed\" data-scroll-offset=\"0\" data-anchor-in-url=\"no\"><div class=\"su-spoiler-title\" tabindex=\"0\" role=\"button\"><span class=\"su-spoiler-icon\"><\/span><strong>SOLICITAR CITA CON DAVID OLMEDO. Nutricionista<\/strong><\/div><div class=\"su-spoiler-content su-u-clearfix su-u-trim\">\n<div class=\"wpforms-container wpforms-container-full\" id=\"wpforms-10758\"><form id=\"wpforms-form-10758\" class=\"wpforms-validate wpforms-form\" data-formid=\"10758\" method=\"post\" enctype=\"multipart\/form-data\" action=\"\/index.php\/wp-json\/wp\/v2\/pages\/10755\" data-token=\"2f9c4fc4f6795cbdbc640afb64bf3e83\" data-token-time=\"1778745335\"><noscript class=\"wpforms-error-noscript\">Por favor, activa JavaScript en tu navegador para completar este formulario.<\/noscript><div class=\"wpforms-field-container\"><div id=\"wpforms-10758-field_10-container\" class=\"wpforms-field wpforms-field-checkbox\" data-field-id=\"10\"><label class=\"wpforms-field-label\">Solicitud de primera consulta del servicio de Nutrici\u00f3n y Diet\u00e9tica, con David Olmedo <span class=\"wpforms-required-label\">*<\/span><\/label><ul id=\"wpforms-10758-field_10\" class=\"wpforms-field-required\"><li class=\"choice-1 depth-1\"><input type=\"checkbox\" id=\"wpforms-10758-field_10_1\" name=\"wpforms[fields][10][]\" value=\"CONFIRMO SOLICITUD\" required ><label class=\"wpforms-field-label-inline\" for=\"wpforms-10758-field_10_1\">CONFIRMO SOLICITUD<\/label><\/li><\/ul><div class=\"wpforms-field-description\">Marcando esta casilla, confirma que est\u00e1 solicitando EXCLUSIVAMENTE contactar con David Olmedo para una PRIMERA CONSULTA. Para cualquier otra finalidad, por favor vaya a nuestra p\u00e1gina de \"CONTACTO\" del men\u00fa superior.<\/div><\/div><div id=\"wpforms-10758-field_0-container\" class=\"wpforms-field wpforms-field-name\" data-field-id=\"0\"><label class=\"wpforms-field-label\" for=\"wpforms-10758-field_0\">Nombre <span class=\"wpforms-required-label\">*<\/span><\/label><input type=\"text\" id=\"wpforms-10758-field_0\" class=\"wpforms-field-large wpforms-field-required\" name=\"wpforms[fields][0]\" required><\/div><div id=\"wpforms-10758-field_3-container\" class=\"wpforms-field wpforms-field-number\" data-field-id=\"3\"><label class=\"wpforms-field-label\" for=\"wpforms-10758-field_3\">Tel\u00e9fono <span class=\"wpforms-required-label\">*<\/span><\/label><input type=\"number\" id=\"wpforms-10758-field_3\" class=\"wpforms-field-large wpforms-field-required\" name=\"wpforms[fields][3]\" step=\"any\" required><\/div><div id=\"wpforms-10758-field_1-container\" class=\"wpforms-field wpforms-field-email\" data-field-id=\"1\"><label class=\"wpforms-field-label\" for=\"wpforms-10758-field_1\">Correo electr\u00f3nico <span class=\"wpforms-required-label\">*<\/span><\/label><input type=\"email\" id=\"wpforms-10758-field_1\" class=\"wpforms-field-large wpforms-field-required\" name=\"wpforms[fields][1]\" spellcheck=\"false\" required><\/div><div id=\"wpforms-10758-field_7-container\" class=\"wpforms-field wpforms-field-checkbox\" data-field-id=\"7\"><label class=\"wpforms-field-label\">Protecci\u00f3n de datos <span class=\"wpforms-required-label\">*<\/span><\/label><ul id=\"wpforms-10758-field_7\" class=\"wpforms-field-required\"><li class=\"choice-1 depth-1\"><input type=\"checkbox\" id=\"wpforms-10758-field_7_1\" name=\"wpforms[fields][7][]\" value=\"S\u00cd, HE LE\u00cdDO Y ACEPTO la cl\u00e1usula de protecci\u00f3n de datos\" required ><label class=\"wpforms-field-label-inline\" for=\"wpforms-10758-field_7_1\">S\u00cd, HE LE\u00cdDO Y ACEPTO la cl\u00e1usula de protecci\u00f3n de datos<\/label><\/li><\/ul><div class=\"wpforms-field-description\">PROTECCI\u00d3N DE DATOS. En cumplimiento de lo establecido en la Ley Org\u00e1nica 3\/2018, de 5 de dic., de Protecci\u00f3n de Datos de Car\u00e1cter Personal y del Reglamento (UE) 2016\/679 del Parlamento Europeo y del Consejo de 27 de abril de 2016, le comunicamos que los datos que usted nos facilite quedar\u00e1n incorporados y ser\u00e1n tratados en los ficheros titularidad de Fisiotalavera SL, con el fin de poderle prestar nuestros servicios, as\u00ed como para mantenerle informado sobre cuestiones relativas a la actividad de la empresa y sus servicios. Mediante la aceptaci\u00f3n del presente documento usted da su consentimiento expreso para que Fisiotalavera SL pueda utilizar con este fin concreto los datos de car\u00e1cter personal facilitados por usted, comprometi\u00e9ndose a tratarlos de forma confidencial y a no comunicar o cederlos a terceros. Asimismo, le informamos que puede ejercer los derechos de acceso, rectificaci\u00f3n, cancelaci\u00f3n u oposici\u00f3n de dichos datos mediante escrito dirigido a: Tratamiento de Datos de Fisiotalavera SL, \u00c1ngel del Alc\u00e1zar 68 Talavera de Reina info@iphysio.es, acompa\u00f1ando copia de DNI.\u00a0<\/div><\/div><\/div><!-- .wpforms-field-container --><div class=\"wpforms-field wpforms-field-hp\"><label for=\"wpforms-10758-field-hp\" class=\"wpforms-field-label\">Comment<\/label><input type=\"text\" name=\"wpforms[hp]\" id=\"wpforms-10758-field-hp\" class=\"wpforms-field-medium\"><\/div><div class=\"wpforms-submit-container\" ><input type=\"hidden\" name=\"wpforms[id]\" value=\"10758\"><input type=\"hidden\" name=\"page_title\" value=\"\"><input type=\"hidden\" name=\"page_url\" value=\"https:\/\/iphysio.es\/index.php\/wp-json\/wp\/v2\/pages\/10755\"><input type=\"hidden\" name=\"url_referer\" value=\"\"><button type=\"submit\" name=\"wpforms[submit]\" id=\"wpforms-submit-10758\" class=\"wpforms-submit\" data-alt-text=\"Enviando...\" data-submit-text=\"Enviar\" aria-live=\"assertive\" value=\"wpforms-submit\">Enviar<\/button><\/div><\/form><\/div>  <!-- .wpforms-container -->\n<\/div><\/div> <\/div>\n<\/div><\/div><\/div>\n ","protected":false},"excerpt":{"rendered":"","protected":false},"author":1,"featured_media":0,"parent":0,"menu_order":0,"comment_status":"closed","ping_status":"closed","template":"","meta":{"footnotes":"","_links_to":"","_links_to_target":""},"class_list":["post-10755","page","type-page","status-publish","hentry"],"yoast_head":"<!-- This site is optimized with the Yoast SEO plugin v27.6 - https:\/\/yoast.com\/product\/yoast-seo-wordpress\/ -->\n<title>David Olmedo. Nutricionista en Talavera | Cl\u00ednica iPhysio<\/title>\n<meta name=\"description\" content=\"David Olmedo, Diplomado en Nutrici\u00f3n Humana y Diet\u00e9tica, y Experto Universitario en Nutrici\u00f3n Deportiva. Consulta en Cl\u00ednica iPhysio, Talavera de la Reina.\" \/>\n<meta name=\"robots\" content=\"index, follow, max-snippet:-1, max-image-preview:large, max-video-preview:-1\" \/>\n<link rel=\"canonical\" href=\"https:\/\/iphysio.es\/index.php\/david-olmedo-nutricionista\/\" \/>\n<meta property=\"og:locale\" content=\"es_ES\" \/>\n<meta property=\"og:type\" content=\"article\" \/>\n<meta property=\"og:title\" content=\"David Olmedo. Nutricionista en Talavera | Cl\u00ednica iPhysio\" \/>\n<meta property=\"og:description\" content=\"David Olmedo, Diplomado en Nutrici\u00f3n Humana y Diet\u00e9tica, y Experto Universitario en Nutrici\u00f3n Deportiva. Consulta en Cl\u00ednica iPhysio, Talavera de la Reina.\" \/>\n<meta property=\"og:url\" content=\"https:\/\/iphysio.es\/index.php\/david-olmedo-nutricionista\/\" \/>\n<meta property=\"og:site_name\" content=\"Cl\u00ednica iPhysio Therapy\" \/>\n<meta property=\"article:publisher\" content=\"https:\/\/www.facebook.com\/iPhysioTalavera\/\" \/>\n<meta property=\"article:modified_time\" content=\"2024-02-13T18:10:57+00:00\" \/>\n<meta property=\"og:image\" content=\"https:\/\/iphysio.es\/wp-content\/uploads\/2024\/02\/David-Olmedo-nutricionista-talavera-iphysio.jpg\" \/>\n<meta name=\"twitter:card\" content=\"summary_large_image\" \/>\n<meta name=\"twitter:site\" content=\"@IphysioT\" \/>\n<meta name=\"twitter:label1\" content=\"Tiempo de lectura\" \/>\n\t<meta name=\"twitter:data1\" content=\"1 minuto\" \/>\n<script type=\"application\/ld+json\" class=\"yoast-schema-graph\">{\"@context\":\"https:\\\/\\\/schema.org\",\"@graph\":[{\"@type\":\"WebPage\",\"@id\":\"https:\\\/\\\/iphysio.es\\\/index.php\\\/david-olmedo-nutricionista\\\/\",\"url\":\"https:\\\/\\\/iphysio.es\\\/index.php\\\/david-olmedo-nutricionista\\\/\",\"name\":\"David Olmedo. Nutricionista en Talavera | Cl\u00ednica iPhysio\",\"isPartOf\":{\"@id\":\"https:\\\/\\\/iphysio.es\\\/#website\"},\"primaryImageOfPage\":{\"@id\":\"https:\\\/\\\/iphysio.es\\\/index.php\\\/david-olmedo-nutricionista\\\/#primaryimage\"},\"image\":{\"@id\":\"https:\\\/\\\/iphysio.es\\\/index.php\\\/david-olmedo-nutricionista\\\/#primaryimage\"},\"thumbnailUrl\":\"https:\\\/\\\/iphysio.es\\\/wp-content\\\/uploads\\\/2024\\\/02\\\/David-Olmedo-nutricionista-talavera-iphysio.jpg\",\"datePublished\":\"2024-01-31T08:29:08+00:00\",\"dateModified\":\"2024-02-13T18:10:57+00:00\",\"description\":\"David Olmedo, Diplomado en Nutrici\u00f3n Humana y Diet\u00e9tica, y Experto Universitario en Nutrici\u00f3n Deportiva. Consulta en Cl\u00ednica iPhysio, Talavera de la Reina.\",\"breadcrumb\":{\"@id\":\"https:\\\/\\\/iphysio.es\\\/index.php\\\/david-olmedo-nutricionista\\\/#breadcrumb\"},\"inLanguage\":\"es\",\"potentialAction\":[{\"@type\":\"ReadAction\",\"target\":[\"https:\\\/\\\/iphysio.es\\\/index.php\\\/david-olmedo-nutricionista\\\/\"]}]},{\"@type\":\"ImageObject\",\"inLanguage\":\"es\",\"@id\":\"https:\\\/\\\/iphysio.es\\\/index.php\\\/david-olmedo-nutricionista\\\/#primaryimage\",\"url\":\"https:\\\/\\\/iphysio.es\\\/wp-content\\\/uploads\\\/2024\\\/02\\\/David-Olmedo-nutricionista-talavera-iphysio.jpg\",\"contentUrl\":\"https:\\\/\\\/iphysio.es\\\/wp-content\\\/uploads\\\/2024\\\/02\\\/David-Olmedo-nutricionista-talavera-iphysio.jpg\",\"width\":600,\"height\":800},{\"@type\":\"BreadcrumbList\",\"@id\":\"https:\\\/\\\/iphysio.es\\\/index.php\\\/david-olmedo-nutricionista\\\/#breadcrumb\",\"itemListElement\":[{\"@type\":\"ListItem\",\"position\":1,\"name\":\"Portada\",\"item\":\"https:\\\/\\\/iphysio.es\\\/\"},{\"@type\":\"ListItem\",\"position\":2,\"name\":\"David Olmedo | Nutricionista\"}]},{\"@type\":\"WebSite\",\"@id\":\"https:\\\/\\\/iphysio.es\\\/#website\",\"url\":\"https:\\\/\\\/iphysio.es\\\/\",\"name\":\"Cl\u00ednica iPhysio Therapy\",\"description\":\"Fisioterapia, Nutrici\u00f3n y Diet\u00e9tica, Pilates, Hipopresivos, Lumbalgias, Cervicalgias, Esguinces, Biomec\u00e1nica\",\"publisher\":{\"@id\":\"https:\\\/\\\/iphysio.es\\\/#organization\"},\"potentialAction\":[{\"@type\":\"SearchAction\",\"target\":{\"@type\":\"EntryPoint\",\"urlTemplate\":\"https:\\\/\\\/iphysio.es\\\/?s={search_term_string}\"},\"query-input\":{\"@type\":\"PropertyValueSpecification\",\"valueRequired\":true,\"valueName\":\"search_term_string\"}}],\"inLanguage\":\"es\"},{\"@type\":\"Organization\",\"@id\":\"https:\\\/\\\/iphysio.es\\\/#organization\",\"name\":\"Fisiotalavera S.L.\",\"url\":\"https:\\\/\\\/iphysio.es\\\/\",\"logo\":{\"@type\":\"ImageObject\",\"inLanguage\":\"es\",\"@id\":\"https:\\\/\\\/iphysio.es\\\/#\\\/schema\\\/logo\\\/image\\\/\",\"url\":\"https:\\\/\\\/iphysio.es\\\/wp-content\\\/uploads\\\/2016\\\/11\\\/cropped-solologo.png\",\"contentUrl\":\"https:\\\/\\\/iphysio.es\\\/wp-content\\\/uploads\\\/2016\\\/11\\\/cropped-solologo.png\",\"width\":402,\"height\":428,\"caption\":\"Fisiotalavera S.L.\"},\"image\":{\"@id\":\"https:\\\/\\\/iphysio.es\\\/#\\\/schema\\\/logo\\\/image\\\/\"},\"sameAs\":[\"https:\\\/\\\/www.facebook.com\\\/iPhysioTalavera\\\/\",\"https:\\\/\\\/x.com\\\/IphysioT\"]}]}<\/script>\n<!-- \/ Yoast SEO plugin. -->","yoast_head_json":{"title":"David Olmedo. Nutricionista en Talavera | Cl\u00ednica iPhysio","description":"David Olmedo, Diplomado en Nutrici\u00f3n Humana y Diet\u00e9tica, y Experto Universitario en Nutrici\u00f3n Deportiva. Consulta en Cl\u00ednica iPhysio, Talavera de la Reina.","robots":{"index":"index","follow":"follow","max-snippet":"max-snippet:-1","max-image-preview":"max-image-preview:large","max-video-preview":"max-video-preview:-1"},"canonical":"https:\/\/iphysio.es\/index.php\/david-olmedo-nutricionista\/","og_locale":"es_ES","og_type":"article","og_title":"David Olmedo. Nutricionista en Talavera | Cl\u00ednica iPhysio","og_description":"David Olmedo, Diplomado en Nutrici\u00f3n Humana y Diet\u00e9tica, y Experto Universitario en Nutrici\u00f3n Deportiva. Consulta en Cl\u00ednica iPhysio, Talavera de la Reina.","og_url":"https:\/\/iphysio.es\/index.php\/david-olmedo-nutricionista\/","og_site_name":"Cl\u00ednica iPhysio Therapy","article_publisher":"https:\/\/www.facebook.com\/iPhysioTalavera\/","article_modified_time":"2024-02-13T18:10:57+00:00","og_image":[{"url":"https:\/\/iphysio.es\/wp-content\/uploads\/2024\/02\/David-Olmedo-nutricionista-talavera-iphysio.jpg","type":"","width":"","height":""}],"twitter_card":"summary_large_image","twitter_site":"@IphysioT","twitter_misc":{"Tiempo de lectura":"1 minuto"},"schema":{"@context":"https:\/\/schema.org","@graph":[{"@type":"WebPage","@id":"https:\/\/iphysio.es\/index.php\/david-olmedo-nutricionista\/","url":"https:\/\/iphysio.es\/index.php\/david-olmedo-nutricionista\/","name":"David Olmedo. Nutricionista en Talavera | Cl\u00ednica iPhysio","isPartOf":{"@id":"https:\/\/iphysio.es\/#website"},"primaryImageOfPage":{"@id":"https:\/\/iphysio.es\/index.php\/david-olmedo-nutricionista\/#primaryimage"},"image":{"@id":"https:\/\/iphysio.es\/index.php\/david-olmedo-nutricionista\/#primaryimage"},"thumbnailUrl":"https:\/\/iphysio.es\/wp-content\/uploads\/2024\/02\/David-Olmedo-nutricionista-talavera-iphysio.jpg","datePublished":"2024-01-31T08:29:08+00:00","dateModified":"2024-02-13T18:10:57+00:00","description":"David Olmedo, Diplomado en Nutrici\u00f3n Humana y Diet\u00e9tica, y Experto Universitario en Nutrici\u00f3n Deportiva. Consulta en Cl\u00ednica iPhysio, Talavera de la Reina.","breadcrumb":{"@id":"https:\/\/iphysio.es\/index.php\/david-olmedo-nutricionista\/#breadcrumb"},"inLanguage":"es","potentialAction":[{"@type":"ReadAction","target":["https:\/\/iphysio.es\/index.php\/david-olmedo-nutricionista\/"]}]},{"@type":"ImageObject","inLanguage":"es","@id":"https:\/\/iphysio.es\/index.php\/david-olmedo-nutricionista\/#primaryimage","url":"https:\/\/iphysio.es\/wp-content\/uploads\/2024\/02\/David-Olmedo-nutricionista-talavera-iphysio.jpg","contentUrl":"https:\/\/iphysio.es\/wp-content\/uploads\/2024\/02\/David-Olmedo-nutricionista-talavera-iphysio.jpg","width":600,"height":800},{"@type":"BreadcrumbList","@id":"https:\/\/iphysio.es\/index.php\/david-olmedo-nutricionista\/#breadcrumb","itemListElement":[{"@type":"ListItem","position":1,"name":"Portada","item":"https:\/\/iphysio.es\/"},{"@type":"ListItem","position":2,"name":"David Olmedo | Nutricionista"}]},{"@type":"WebSite","@id":"https:\/\/iphysio.es\/#website","url":"https:\/\/iphysio.es\/","name":"Cl\u00ednica iPhysio Therapy","description":"Fisioterapia, Nutrici\u00f3n y Diet\u00e9tica, Pilates, Hipopresivos, Lumbalgias, Cervicalgias, Esguinces, Biomec\u00e1nica","publisher":{"@id":"https:\/\/iphysio.es\/#organization"},"potentialAction":[{"@type":"SearchAction","target":{"@type":"EntryPoint","urlTemplate":"https:\/\/iphysio.es\/?s={search_term_string}"},"query-input":{"@type":"PropertyValueSpecification","valueRequired":true,"valueName":"search_term_string"}}],"inLanguage":"es"},{"@type":"Organization","@id":"https:\/\/iphysio.es\/#organization","name":"Fisiotalavera S.L.","url":"https:\/\/iphysio.es\/","logo":{"@type":"ImageObject","inLanguage":"es","@id":"https:\/\/iphysio.es\/#\/schema\/logo\/image\/","url":"https:\/\/iphysio.es\/wp-content\/uploads\/2016\/11\/cropped-solologo.png","contentUrl":"https:\/\/iphysio.es\/wp-content\/uploads\/2016\/11\/cropped-solologo.png","width":402,"height":428,"caption":"Fisiotalavera S.L."},"image":{"@id":"https:\/\/iphysio.es\/#\/schema\/logo\/image\/"},"sameAs":["https:\/\/www.facebook.com\/iPhysioTalavera\/","https:\/\/x.com\/IphysioT"]}]}},"_links":{"self":[{"href":"https:\/\/iphysio.es\/index.php\/wp-json\/wp\/v2\/pages\/10755","targetHints":{"allow":["GET"]}}],"collection":[{"href":"https:\/\/iphysio.es\/index.php\/wp-json\/wp\/v2\/pages"}],"about":[{"href":"https:\/\/iphysio.es\/index.php\/wp-json\/wp\/v2\/types\/page"}],"author":[{"embeddable":true,"href":"https:\/\/iphysio.es\/index.php\/wp-json\/wp\/v2\/users\/1"}],"replies":[{"embeddable":true,"href":"https:\/\/iphysio.es\/index.php\/wp-json\/wp\/v2\/comments?post=10755"}],"version-history":[{"count":0,"href":"https:\/\/iphysio.es\/index.php\/wp-json\/wp\/v2\/pages\/10755\/revisions"}],"wp:attachment":[{"href":"https:\/\/iphysio.es\/index.php\/wp-json\/wp\/v2\/media?parent=10755"}],"curies":[{"name":"wp","href":"https:\/\/api.w.org\/{rel}","templated":true}]}}