{"id":11159,"date":"2024-09-23T20:04:21","date_gmt":"2024-09-23T18:04:21","guid":{"rendered":"https:\/\/iphysio.es\/?page_id=11159"},"modified":"2024-09-23T20:13:42","modified_gmt":"2024-09-23T18:13:42","slug":"pedro-camacho","status":"publish","type":"page","link":"https:\/\/iphysio.es\/index.php\/pedro-camacho\/","title":{"rendered":"Pedro Camacho | Enfermero"},"content":{"rendered":"<div class=\"su-row\"><div class=\"su-column su-column-size-1-3\"><div class=\"su-column-inner su-u-clearfix su-u-trim\">\n<p><img loading=\"lazy\" decoding=\"async\" class=\"alignnone wp-image-11156 size-full\" src=\"https:\/\/iphysio.es\/wp-content\/uploads\/2024\/09\/Pedro-Camacho.jpg\" alt=\"Pedro Camacho\" width=\"600\" height=\"800\" srcset=\"https:\/\/iphysio.es\/wp-content\/uploads\/2024\/09\/Pedro-Camacho.jpg 600w, https:\/\/iphysio.es\/wp-content\/uploads\/2024\/09\/Pedro-Camacho-225x300.jpg 225w\" sizes=\"auto, (max-width: 600px) 100vw, 600px\" \/><\/p>\n<div class=\"su-note\"  style=\"border-color:#dfdfdf;border-radius:2px;-moz-border-radius:2px;-webkit-border-radius:2px;\"><div class=\"su-note-inner su-u-clearfix su-u-trim\" style=\"background-color:#f9f9f9;border-color:#ffffff;color:#3c3c3c;border-radius:2px;-moz-border-radius:2px;-webkit-border-radius:2px;\">\n<table id=\"tablepress-8\" class=\"tablepress tablepress-id-8\">\n<tbody class=\"row-hover\">\n<tr class=\"row-1\">\n\t<td class=\"column-1\"><a href=\"https:\/\/iphysio.es\/index.php\/nuestros-servicios\/fisioterapia-talavera-de-la-reina\/\"><b>FISIOTERAPIA<\/b><\/a><br \/>\n<a href=\"https:\/\/iphysio.es\/index.php\/sara-porrero-fisioterapeuta\/\">Sara<\/a> Porrero<br \/>\n<a href=\"https:\/\/iphysio.es\/index.php\/angel-perez-fisioterapeuta\/\">\u00c1ngel<\/a> P\u00e9rez<br \/>\n<a href=\"https:\/\/iphysio.es\/index.php\/miriam-fernandez\/\">M\u00edriam<\/a> Fern\u00e1ndez<\/td><td class=\"column-2\"><a href=\"https:\/\/iphysio.es\/index.php\/juan-fisioterapeuta\/\">Juan Antonio<\/a> D. Basilio<br \/>\n<a href=\"https:\/\/iphysio.es\/index.php\/luis-navas\/\">Luis Fernando<\/a> Navas<br \/>\n<a href=\"https:\/\/iphysio.es\/index.php\/lorena-jara-fisioterapeuta\/\">Lorena<\/a> Jara<br \/>\n<i>(E)<\/i> <a href=\"https:\/\/iphysio.es\/index.php\/pedro-camacho\/\">Pedro<\/a> Camacho<\/td>\n<\/tr>\n<tr class=\"row-2\">\n\t<td class=\"column-1\"><a href=\"https:\/\/iphysio.es\/index.php\/nuestros-servicios\/fisioterapia-talavera-de-la-reina\/\"><b>NUTRICI\u00d3N<\/b><\/a><br \/>\n<a href=\"https:\/\/iphysio.es\/index.php\/miriam-alia-nutricionista\/\">M\u00edriam  <\/a> Al\u00eda<\/td><td class=\"column-2\">.<br \/>\n<a href=\"https:\/\/iphysio.es\/index.php\/david-olmedo-nutricionista\/\">David  <\/a> Olmedo<\/td>\n<\/tr>\n<tr class=\"row-3\">\n\t<td class=\"column-1\"><a href=\"https:\/\/iphysio.es\/index.php\/nuestros-servicios\/actividades-en-sala-cuidar-tu-cuerpo\/\"><b>PILATES<\/b><\/a><br \/>\n<a href=\"https:\/\/iphysio.es\/index.php\/miriam-fernandez\/\">M\u00edriam<\/a> Fern\u00e1ndez<\/td><td class=\"column-2\"><a href=\"https:\/\/iphysio.es\/index.php\/pablo-luengo\/\">Pablo<\/a> G. Luengo<br \/>\nCarolina Rodr\u00edguez<\/td>\n<\/tr>\n<tr class=\"row-4\">\n\t<td class=\"column-1\"><a href=\"https:\/\/iphysio.es\/index.php\/entrenamiento-deportivo\/\"><b>ENTRENAMIENTO<\/b><\/a><\/td><td class=\"column-2\"><a href=\"https:\/\/iphysio.es\/index.php\/alvaro-s-arjona-entrenador\/\">\u00c1lvaro<\/a> S. Arjona<\/td>\n<\/tr>\n<\/tbody>\n<\/table>\n<!-- #tablepress-8 from cache --><\/div><\/div>\n<\/div><\/div> <div class=\"su-column su-column-size-1-3\"><div class=\"su-column-inner su-u-clearfix su-u-trim\">\n<h2 style=\"text-align: center;\"><strong>Pedro Camacho<\/strong><br \/>\nEnfermero<\/h2>\n<p style=\"text-align: center;\">Colegiado 3812\u00a0<a href=\"https:\/\/www.coento.com\/\" target=\"_blank\" rel=\"noopener\">COENTO<\/a><\/p>\n<hr \/>\n<ul>\n<li><strong>Diplomado Universitario de Enfermer\u00eda<br \/>\n<\/strong>(Universidad de Extremadura, 1997)<\/li>\n<li><strong>M\u00e1ster en nutrici\u00f3n pedi\u00e1trica y perinatal<\/strong><br \/>\n(Universidad Europea Miguel de Cervantes, 2018)<\/li>\n<\/ul>\n<p>Pedro Camacho es enfermero en el \u00e1mbito de la Atenci\u00f3n Primaria y Especializada con amplia experiencia en Pediatr\u00eda y Neonatolog\u00eda.<\/p>\n<p>Reconocido como uno de los mayores expertos a nivel mundial en el manejo del c\u00f3lico del lactante, Pedro ha logrado un alto nivel de satisfacci\u00f3n entre los padres, quienes destacan su dedicaci\u00f3n y efectividad.<\/p>\n<p>Desde la apertura de su consulta en 2010, Pedro Camacho ha ayudado a miles de beb\u00e9s creando su m\u00e9todo propio, patentado y registrado, logrando as\u00ed destacarse como un profesional de la enfermer\u00eda en pediatr\u00eda con las mejores valoraciones.<\/p>\n<p>Su dilatada experiencia lo convierte en un referente para padres y profesionales de la salud.<\/p>\n<p>Adem\u00e1s, ejerce como divulgador sanitario en redes sociales (<a href=\"https:\/\/www.instagram.com\/mireciennacido\/\" target=\"_blank\" rel=\"noopener\">@mireciennacido<\/a>) con un enfoque pr\u00e1ctico y basado en la evidencia cient\u00edfica.<\/p>\n<\/div><\/div> <div class=\"su-column su-column-size-1-3\"><div class=\"su-column-inner su-u-clearfix su-u-trim\">\n<p><img loading=\"lazy\" decoding=\"async\" class=\"alignnone wp-image-11164 size-full\" src=\"https:\/\/iphysio.es\/wp-content\/uploads\/2024\/09\/Pedro-Camacho-enfermero.jpg\" alt=\"Pedro Camacho\" width=\"600\" height=\"800\" srcset=\"https:\/\/iphysio.es\/wp-content\/uploads\/2024\/09\/Pedro-Camacho-enfermero.jpg 600w, https:\/\/iphysio.es\/wp-content\/uploads\/2024\/09\/Pedro-Camacho-enfermero-225x300.jpg 225w\" sizes=\"auto, (max-width: 600px) 100vw, 600px\" \/><\/p>\n<div class=\"su-accordion su-u-trim\"><div class=\"su-spoiler su-spoiler-style-default su-spoiler-icon-plus su-spoiler-closed\" data-scroll-offset=\"0\" data-anchor-in-url=\"no\"><div class=\"su-spoiler-title\" tabindex=\"0\" role=\"button\"><span class=\"su-spoiler-icon\"><\/span><strong>SOLICITUD DE CONSULTA con Pedro Camacho<\/strong><\/div><div class=\"su-spoiler-content su-u-clearfix su-u-trim\">\n<ul>\n<li>Por <strong>tel\u00e9fono<\/strong>: 925 68 12 02<\/li>\n<li>Por <strong>WhastApp<\/strong>: 625 457 791<\/li>\n<\/ul>\n<\/div><\/div><\/div>\n<p>Es autor de varios libros influyentes sobre el cuidado y la salud del beb\u00e9 y participa en reconocidos medios digitales, radio y televisi\u00f3n. M\u00e1s informaci\u00f3n en <a href=\"https:\/\/www.mireciennacido.com\" target=\"_blank\" rel=\"noopener\">www.mireciennacido.com<\/a> y en <a href=\"https:\/\/www.colicolactantetalavera.com\" target=\"_blank\" rel=\"noopener\">www.colicolactantetalavera.com<\/a><\/p>\n<p><strong>Autor de los libros<\/strong>:<\/p>\n<ul>\n<li>Har\u00eda cualquier cosa por ti. El gran libro del reci\u00e9n nacido.<\/li>\n<li>Mam\u00e1, me hago mayor&#8230;Una gu\u00eda para ayudarte en la transici\u00f3n del beb\u00e9 al ni\u00f1o peque\u00f1o.<\/li>\n<\/ul>\n<\/div><\/div><\/div>\n ","protected":false},"excerpt":{"rendered":"","protected":false},"author":1,"featured_media":0,"parent":0,"menu_order":0,"comment_status":"closed","ping_status":"closed","template":"","meta":{"footnotes":"","_links_to":"","_links_to_target":""},"class_list":["post-11159","page","type-page","status-publish","hentry"],"yoast_head":"<!-- This site is optimized with the Yoast SEO plugin v27.5 - https:\/\/yoast.com\/product\/yoast-seo-wordpress\/ -->\n<title>Pedro Camacho | Enfermero pedi\u00e1trico | Cl\u00ednica iPhysio<\/title>\n<meta name=\"description\" content=\"Pedro Camacho, especialista en Talavera de la Reina para una soluci\u00f3n integral, inmediata y efectiva para el manejo del c\u00f3lico del lactante\" \/>\n<meta name=\"robots\" content=\"index, follow, max-snippet:-1, max-image-preview:large, max-video-preview:-1\" \/>\n<link rel=\"canonical\" href=\"https:\/\/iphysio.es\/index.php\/pedro-camacho\/\" \/>\n<meta property=\"og:locale\" content=\"es_ES\" \/>\n<meta property=\"og:type\" content=\"article\" \/>\n<meta property=\"og:title\" content=\"Pedro Camacho | Enfermero pedi\u00e1trico | Cl\u00ednica iPhysio\" \/>\n<meta property=\"og:description\" content=\"Pedro Camacho, especialista en Talavera de la Reina para una soluci\u00f3n integral, inmediata y efectiva para el manejo del c\u00f3lico del lactante\" \/>\n<meta property=\"og:url\" content=\"https:\/\/iphysio.es\/index.php\/pedro-camacho\/\" \/>\n<meta property=\"og:site_name\" content=\"Cl\u00ednica iPhysio Therapy\" \/>\n<meta property=\"article:publisher\" content=\"https:\/\/www.facebook.com\/iPhysioTalavera\/\" \/>\n<meta property=\"article:modified_time\" content=\"2024-09-23T18:13:42+00:00\" \/>\n<meta property=\"og:image\" content=\"https:\/\/iphysio.es\/wp-content\/uploads\/2024\/09\/Pedro-Camacho.jpg\" \/>\n<meta name=\"twitter:card\" content=\"summary_large_image\" \/>\n<meta name=\"twitter:site\" content=\"@IphysioT\" \/>\n<meta name=\"twitter:label1\" content=\"Tiempo de lectura\" \/>\n\t<meta name=\"twitter:data1\" content=\"2 minutos\" \/>\n<script type=\"application\/ld+json\" class=\"yoast-schema-graph\">{\"@context\":\"https:\\\/\\\/schema.org\",\"@graph\":[{\"@type\":\"WebPage\",\"@id\":\"https:\\\/\\\/iphysio.es\\\/index.php\\\/pedro-camacho\\\/\",\"url\":\"https:\\\/\\\/iphysio.es\\\/index.php\\\/pedro-camacho\\\/\",\"name\":\"Pedro Camacho | Enfermero pedi\u00e1trico | Cl\u00ednica iPhysio\",\"isPartOf\":{\"@id\":\"https:\\\/\\\/iphysio.es\\\/#website\"},\"primaryImageOfPage\":{\"@id\":\"https:\\\/\\\/iphysio.es\\\/index.php\\\/pedro-camacho\\\/#primaryimage\"},\"image\":{\"@id\":\"https:\\\/\\\/iphysio.es\\\/index.php\\\/pedro-camacho\\\/#primaryimage\"},\"thumbnailUrl\":\"https:\\\/\\\/iphysio.es\\\/wp-content\\\/uploads\\\/2024\\\/09\\\/Pedro-Camacho.jpg\",\"datePublished\":\"2024-09-23T18:04:21+00:00\",\"dateModified\":\"2024-09-23T18:13:42+00:00\",\"description\":\"Pedro Camacho, especialista en Talavera de la Reina para una soluci\u00f3n integral, inmediata y efectiva para el manejo del c\u00f3lico del lactante\",\"breadcrumb\":{\"@id\":\"https:\\\/\\\/iphysio.es\\\/index.php\\\/pedro-camacho\\\/#breadcrumb\"},\"inLanguage\":\"es\",\"potentialAction\":[{\"@type\":\"ReadAction\",\"target\":[\"https:\\\/\\\/iphysio.es\\\/index.php\\\/pedro-camacho\\\/\"]}]},{\"@type\":\"ImageObject\",\"inLanguage\":\"es\",\"@id\":\"https:\\\/\\\/iphysio.es\\\/index.php\\\/pedro-camacho\\\/#primaryimage\",\"url\":\"https:\\\/\\\/iphysio.es\\\/wp-content\\\/uploads\\\/2024\\\/09\\\/Pedro-Camacho.jpg\",\"contentUrl\":\"https:\\\/\\\/iphysio.es\\\/wp-content\\\/uploads\\\/2024\\\/09\\\/Pedro-Camacho.jpg\",\"width\":600,\"height\":800},{\"@type\":\"BreadcrumbList\",\"@id\":\"https:\\\/\\\/iphysio.es\\\/index.php\\\/pedro-camacho\\\/#breadcrumb\",\"itemListElement\":[{\"@type\":\"ListItem\",\"position\":1,\"name\":\"Portada\",\"item\":\"https:\\\/\\\/iphysio.es\\\/\"},{\"@type\":\"ListItem\",\"position\":2,\"name\":\"Pedro Camacho | Enfermero\"}]},{\"@type\":\"WebSite\",\"@id\":\"https:\\\/\\\/iphysio.es\\\/#website\",\"url\":\"https:\\\/\\\/iphysio.es\\\/\",\"name\":\"Cl\u00ednica iPhysio Therapy\",\"description\":\"Fisioterapia, Nutrici\u00f3n y Diet\u00e9tica, Pilates, Hipopresivos, Lumbalgias, Cervicalgias, Esguinces, Biomec\u00e1nica\",\"publisher\":{\"@id\":\"https:\\\/\\\/iphysio.es\\\/#organization\"},\"potentialAction\":[{\"@type\":\"SearchAction\",\"target\":{\"@type\":\"EntryPoint\",\"urlTemplate\":\"https:\\\/\\\/iphysio.es\\\/?s={search_term_string}\"},\"query-input\":{\"@type\":\"PropertyValueSpecification\",\"valueRequired\":true,\"valueName\":\"search_term_string\"}}],\"inLanguage\":\"es\"},{\"@type\":\"Organization\",\"@id\":\"https:\\\/\\\/iphysio.es\\\/#organization\",\"name\":\"Fisiotalavera S.L.\",\"url\":\"https:\\\/\\\/iphysio.es\\\/\",\"logo\":{\"@type\":\"ImageObject\",\"inLanguage\":\"es\",\"@id\":\"https:\\\/\\\/iphysio.es\\\/#\\\/schema\\\/logo\\\/image\\\/\",\"url\":\"https:\\\/\\\/iphysio.es\\\/wp-content\\\/uploads\\\/2016\\\/11\\\/cropped-solologo.png\",\"contentUrl\":\"https:\\\/\\\/iphysio.es\\\/wp-content\\\/uploads\\\/2016\\\/11\\\/cropped-solologo.png\",\"width\":402,\"height\":428,\"caption\":\"Fisiotalavera S.L.\"},\"image\":{\"@id\":\"https:\\\/\\\/iphysio.es\\\/#\\\/schema\\\/logo\\\/image\\\/\"},\"sameAs\":[\"https:\\\/\\\/www.facebook.com\\\/iPhysioTalavera\\\/\",\"https:\\\/\\\/x.com\\\/IphysioT\"]}]}<\/script>\n<!-- \/ Yoast SEO plugin. -->","yoast_head_json":{"title":"Pedro Camacho | Enfermero pedi\u00e1trico | Cl\u00ednica iPhysio","description":"Pedro Camacho, especialista en Talavera de la Reina para una soluci\u00f3n integral, inmediata y efectiva para el manejo del c\u00f3lico del lactante","robots":{"index":"index","follow":"follow","max-snippet":"max-snippet:-1","max-image-preview":"max-image-preview:large","max-video-preview":"max-video-preview:-1"},"canonical":"https:\/\/iphysio.es\/index.php\/pedro-camacho\/","og_locale":"es_ES","og_type":"article","og_title":"Pedro Camacho | Enfermero pedi\u00e1trico | Cl\u00ednica iPhysio","og_description":"Pedro Camacho, especialista en Talavera de la Reina para una soluci\u00f3n integral, inmediata y efectiva para el manejo del c\u00f3lico del lactante","og_url":"https:\/\/iphysio.es\/index.php\/pedro-camacho\/","og_site_name":"Cl\u00ednica iPhysio Therapy","article_publisher":"https:\/\/www.facebook.com\/iPhysioTalavera\/","article_modified_time":"2024-09-23T18:13:42+00:00","og_image":[{"url":"https:\/\/iphysio.es\/wp-content\/uploads\/2024\/09\/Pedro-Camacho.jpg","type":"","width":"","height":""}],"twitter_card":"summary_large_image","twitter_site":"@IphysioT","twitter_misc":{"Tiempo de lectura":"2 minutos"},"schema":{"@context":"https:\/\/schema.org","@graph":[{"@type":"WebPage","@id":"https:\/\/iphysio.es\/index.php\/pedro-camacho\/","url":"https:\/\/iphysio.es\/index.php\/pedro-camacho\/","name":"Pedro Camacho | Enfermero pedi\u00e1trico | Cl\u00ednica iPhysio","isPartOf":{"@id":"https:\/\/iphysio.es\/#website"},"primaryImageOfPage":{"@id":"https:\/\/iphysio.es\/index.php\/pedro-camacho\/#primaryimage"},"image":{"@id":"https:\/\/iphysio.es\/index.php\/pedro-camacho\/#primaryimage"},"thumbnailUrl":"https:\/\/iphysio.es\/wp-content\/uploads\/2024\/09\/Pedro-Camacho.jpg","datePublished":"2024-09-23T18:04:21+00:00","dateModified":"2024-09-23T18:13:42+00:00","description":"Pedro Camacho, especialista en Talavera de la Reina para una soluci\u00f3n integral, inmediata y efectiva para el manejo del c\u00f3lico del lactante","breadcrumb":{"@id":"https:\/\/iphysio.es\/index.php\/pedro-camacho\/#breadcrumb"},"inLanguage":"es","potentialAction":[{"@type":"ReadAction","target":["https:\/\/iphysio.es\/index.php\/pedro-camacho\/"]}]},{"@type":"ImageObject","inLanguage":"es","@id":"https:\/\/iphysio.es\/index.php\/pedro-camacho\/#primaryimage","url":"https:\/\/iphysio.es\/wp-content\/uploads\/2024\/09\/Pedro-Camacho.jpg","contentUrl":"https:\/\/iphysio.es\/wp-content\/uploads\/2024\/09\/Pedro-Camacho.jpg","width":600,"height":800},{"@type":"BreadcrumbList","@id":"https:\/\/iphysio.es\/index.php\/pedro-camacho\/#breadcrumb","itemListElement":[{"@type":"ListItem","position":1,"name":"Portada","item":"https:\/\/iphysio.es\/"},{"@type":"ListItem","position":2,"name":"Pedro Camacho | Enfermero"}]},{"@type":"WebSite","@id":"https:\/\/iphysio.es\/#website","url":"https:\/\/iphysio.es\/","name":"Cl\u00ednica iPhysio Therapy","description":"Fisioterapia, Nutrici\u00f3n y Diet\u00e9tica, Pilates, Hipopresivos, Lumbalgias, Cervicalgias, Esguinces, Biomec\u00e1nica","publisher":{"@id":"https:\/\/iphysio.es\/#organization"},"potentialAction":[{"@type":"SearchAction","target":{"@type":"EntryPoint","urlTemplate":"https:\/\/iphysio.es\/?s={search_term_string}"},"query-input":{"@type":"PropertyValueSpecification","valueRequired":true,"valueName":"search_term_string"}}],"inLanguage":"es"},{"@type":"Organization","@id":"https:\/\/iphysio.es\/#organization","name":"Fisiotalavera S.L.","url":"https:\/\/iphysio.es\/","logo":{"@type":"ImageObject","inLanguage":"es","@id":"https:\/\/iphysio.es\/#\/schema\/logo\/image\/","url":"https:\/\/iphysio.es\/wp-content\/uploads\/2016\/11\/cropped-solologo.png","contentUrl":"https:\/\/iphysio.es\/wp-content\/uploads\/2016\/11\/cropped-solologo.png","width":402,"height":428,"caption":"Fisiotalavera S.L."},"image":{"@id":"https:\/\/iphysio.es\/#\/schema\/logo\/image\/"},"sameAs":["https:\/\/www.facebook.com\/iPhysioTalavera\/","https:\/\/x.com\/IphysioT"]}]}},"_links":{"self":[{"href":"https:\/\/iphysio.es\/index.php\/wp-json\/wp\/v2\/pages\/11159","targetHints":{"allow":["GET"]}}],"collection":[{"href":"https:\/\/iphysio.es\/index.php\/wp-json\/wp\/v2\/pages"}],"about":[{"href":"https:\/\/iphysio.es\/index.php\/wp-json\/wp\/v2\/types\/page"}],"author":[{"embeddable":true,"href":"https:\/\/iphysio.es\/index.php\/wp-json\/wp\/v2\/users\/1"}],"replies":[{"embeddable":true,"href":"https:\/\/iphysio.es\/index.php\/wp-json\/wp\/v2\/comments?post=11159"}],"version-history":[{"count":0,"href":"https:\/\/iphysio.es\/index.php\/wp-json\/wp\/v2\/pages\/11159\/revisions"}],"wp:attachment":[{"href":"https:\/\/iphysio.es\/index.php\/wp-json\/wp\/v2\/media?parent=11159"}],"curies":[{"name":"wp","href":"https:\/\/api.w.org\/{rel}","templated":true}]}}