{"id":11194,"date":"2024-09-26T18:43:56","date_gmt":"2024-09-26T16:43:56","guid":{"rendered":"https:\/\/iphysio.es\/?page_id=11194"},"modified":"2024-09-26T18:43:56","modified_gmt":"2024-09-26T16:43:56","slug":"miriam-fernandez","status":"publish","type":"page","link":"https:\/\/iphysio.es\/index.php\/miriam-fernandez\/","title":{"rendered":"M\u00edriam Fern\u00e1ndez"},"content":{"rendered":"<div class=\"su-row\"><div class=\"su-column su-column-size-1-3\"><div class=\"su-column-inner su-u-clearfix su-u-trim\">\n<p><img loading=\"lazy\" decoding=\"async\" class=\"alignnone wp-image-11196 size-full\" src=\"https:\/\/iphysio.es\/wp-content\/uploads\/2024\/09\/Miriam-Fernandez.jpg\" alt=\"M\u00edriam Fern\u00e1ndez\" width=\"600\" height=\"800\" srcset=\"https:\/\/iphysio.es\/wp-content\/uploads\/2024\/09\/Miriam-Fernandez.jpg 600w, https:\/\/iphysio.es\/wp-content\/uploads\/2024\/09\/Miriam-Fernandez-225x300.jpg 225w\" sizes=\"auto, (max-width: 600px) 100vw, 600px\" \/><\/p>\n<div class=\"su-note\"  style=\"border-color:#dfdfdf;border-radius:2px;-moz-border-radius:2px;-webkit-border-radius:2px;\"><div class=\"su-note-inner su-u-clearfix su-u-trim\" style=\"background-color:#f9f9f9;border-color:#ffffff;color:#3c3c3c;border-radius:2px;-moz-border-radius:2px;-webkit-border-radius:2px;\">\n<table id=\"tablepress-8\" class=\"tablepress tablepress-id-8\">\n<tbody class=\"row-hover\">\n<tr class=\"row-1\">\n\t<td class=\"column-1\"><a href=\"https:\/\/iphysio.es\/index.php\/nuestros-servicios\/fisioterapia-talavera-de-la-reina\/\"><b>FISIOTERAPIA<\/b><\/a><br \/>\n<a href=\"https:\/\/iphysio.es\/index.php\/sara-porrero-fisioterapeuta\/\">Sara<\/a> Porrero<br \/>\n<a href=\"https:\/\/iphysio.es\/index.php\/angel-perez-fisioterapeuta\/\">\u00c1ngel<\/a> P\u00e9rez<br \/>\n<a href=\"https:\/\/iphysio.es\/index.php\/miriam-fernandez\/\">M\u00edriam<\/a> Fern\u00e1ndez<\/td><td class=\"column-2\"><a href=\"https:\/\/iphysio.es\/index.php\/juan-fisioterapeuta\/\">Juan Antonio<\/a> D. Basilio<br \/>\n<a href=\"https:\/\/iphysio.es\/index.php\/luis-navas\/\">Luis Fernando<\/a> Navas<br \/>\n<a href=\"https:\/\/iphysio.es\/index.php\/lorena-jara-fisioterapeuta\/\">Lorena<\/a> Jara<br \/>\n<i>(E)<\/i> <a href=\"https:\/\/iphysio.es\/index.php\/pedro-camacho\/\">Pedro<\/a> Camacho<\/td>\n<\/tr>\n<tr class=\"row-2\">\n\t<td class=\"column-1\"><a href=\"https:\/\/iphysio.es\/index.php\/nuestros-servicios\/fisioterapia-talavera-de-la-reina\/\"><b>NUTRICI\u00d3N<\/b><\/a><br \/>\n<a href=\"https:\/\/iphysio.es\/index.php\/miriam-alia-nutricionista\/\">M\u00edriam  <\/a> Al\u00eda<\/td><td class=\"column-2\">.<br \/>\n<a href=\"https:\/\/iphysio.es\/index.php\/david-olmedo-nutricionista\/\">David  <\/a> Olmedo<\/td>\n<\/tr>\n<tr class=\"row-3\">\n\t<td class=\"column-1\"><a href=\"https:\/\/iphysio.es\/index.php\/nuestros-servicios\/actividades-en-sala-cuidar-tu-cuerpo\/\"><b>PILATES<\/b><\/a><br \/>\n<a href=\"https:\/\/iphysio.es\/index.php\/miriam-fernandez\/\">M\u00edriam<\/a> Fern\u00e1ndez<\/td><td class=\"column-2\"><a href=\"https:\/\/iphysio.es\/index.php\/pablo-luengo\/\">Pablo<\/a> G. Luengo<br \/>\nCarolina Rodr\u00edguez<\/td>\n<\/tr>\n<tr class=\"row-4\">\n\t<td class=\"column-1\"><a href=\"https:\/\/iphysio.es\/index.php\/entrenamiento-deportivo\/\"><b>ENTRENAMIENTO<\/b><\/a><\/td><td class=\"column-2\"><a href=\"https:\/\/iphysio.es\/index.php\/alvaro-s-arjona-entrenador\/\">\u00c1lvaro<\/a> S. Arjona<\/td>\n<\/tr>\n<\/tbody>\n<\/table>\n<!-- #tablepress-8 from cache --><\/div><\/div>\n<\/div><\/div> <div class=\"su-column su-column-size-1-3\"><div class=\"su-column-inner su-u-clearfix su-u-trim\">\n<h2 style=\"text-align: center;\"><strong>M\u00edriam Fern\u00e1ndez<\/strong><br \/>\nFisioterapeuta<br \/>\nInstructora Pilates<\/h2>\n<p style=\"text-align: center;\">Colegiada 3332\u00a0<a href=\"https:\/\/www.coficam.org\/\" target=\"_blank\" rel=\"noopener\">COFICAM<\/a><\/p>\n<hr \/>\n<ul>\n<li><strong>Graduada en Fisioterapia<br \/>\n<\/strong>(Universidad Aut\u00f3noma de Madrid)<\/li>\n<li><strong>Experta en disfunciones de suelo p\u00e9lvico y en el cuidado de la mujer embarazada<\/strong><br \/>\n(Universidad Aut\u00f3noma de Madrid)<\/li>\n<li><strong>Experto en punci\u00f3n seca<br \/>\n<\/strong>(Universidad Aut\u00f3noma de Madrid)<\/li>\n<li><strong>Experto en fisioterapia en disfunciones del suelo p\u00e9lvico<br \/>\n<\/strong>(Universidad Aut\u00f3noma de Madrid)<\/li>\n<li><strong>Ecograf\u00eda pelviperineal<br \/>\n<\/strong>(VINNO Ultrasound)<\/li>\n<li><strong>Pilates m\u00e1quinas reformer y torre<br \/>\n<\/strong>(Federaci\u00f3n Espa\u00f1ola de Pilates)<\/li>\n<\/ul>\n<\/div><\/div> <div class=\"su-column su-column-size-1-3\"><div class=\"su-column-inner su-u-clearfix su-u-trim\">\n<p><img loading=\"lazy\" decoding=\"async\" class=\"alignnone wp-image-11197 size-full\" src=\"https:\/\/iphysio.es\/wp-content\/uploads\/2024\/09\/Miriam-Fernandez-P.jpg\" alt=\"M\u00edriam Fern\u00e1ndez\" width=\"600\" height=\"800\" srcset=\"https:\/\/iphysio.es\/wp-content\/uploads\/2024\/09\/Miriam-Fernandez-P.jpg 600w, https:\/\/iphysio.es\/wp-content\/uploads\/2024\/09\/Miriam-Fernandez-P-225x300.jpg 225w\" sizes=\"auto, (max-width: 600px) 100vw, 600px\" \/><\/p>\n<div class=\"su-accordion su-u-trim\"><div class=\"su-spoiler su-spoiler-style-default su-spoiler-icon-plus su-spoiler-closed\" data-scroll-offset=\"0\" data-anchor-in-url=\"no\"><div class=\"su-spoiler-title\" tabindex=\"0\" role=\"button\"><span class=\"su-spoiler-icon\"><\/span><strong>OTRAS TITULACIONES, JORNADAS ESPECIALIZADAS<\/strong><\/div><div class=\"su-spoiler-content su-u-clearfix su-u-trim\">\n<ul>\n<li>Programa de actualizaci\u00f3n en ejercicio terap\u00e9utico (CFCM)<\/li>\n<li>Primeros auxilios (Cruz Roja)<\/li>\n<\/ul>\n<\/div><\/div><div class=\"su-spoiler su-spoiler-style-default su-spoiler-icon-plus su-spoiler-closed\" data-scroll-offset=\"0\" data-anchor-in-url=\"no\"><div class=\"su-spoiler-title\" tabindex=\"0\" role=\"button\"><span class=\"su-spoiler-icon\"><\/span><strong>BLOG<\/strong><\/div><div class=\"su-spoiler-content su-u-clearfix su-u-trim\">\n<\/div><\/div> <div class=\"su-spoiler su-spoiler-style-default su-spoiler-icon-plus su-spoiler-closed\" data-scroll-offset=\"0\" data-anchor-in-url=\"no\"><div class=\"su-spoiler-title\" tabindex=\"0\" role=\"button\"><span class=\"su-spoiler-icon\"><\/span><strong>SOLICITUD DE CONSULTA de fisioterapia con M\u00edriam Fern\u00e1ndez<\/strong><\/div><div class=\"su-spoiler-content su-u-clearfix su-u-trim\">\n<p>Puede<strong> solicitar cita <\/strong>en nuestro<strong> servicio de fisioterapia:<\/strong><\/p>\n<ul>\n<li>Por <strong>tel\u00e9fono<\/strong>: 925 68 12 02<\/li>\n<li>Por <strong>WhastApp<\/strong>: 657 658 269<\/li>\n<li>Mediante <strong><a href=\"https:\/\/iphysio.es\/index.php\/contacto\/\">formulario<\/a><\/strong><\/li>\n<\/ul>\n<\/div><\/div><\/div>\n<\/div><\/div><\/div>\n ","protected":false},"excerpt":{"rendered":"","protected":false},"author":1,"featured_media":0,"parent":0,"menu_order":0,"comment_status":"closed","ping_status":"closed","template":"","meta":{"footnotes":"","_links_to":"","_links_to_target":""},"class_list":["post-11194","page","type-page","status-publish","hentry"],"yoast_head":"<!-- This site is optimized with the Yoast SEO plugin v27.6 - https:\/\/yoast.com\/product\/yoast-seo-wordpress\/ -->\n<title>M\u00edriam Fern\u00e1ndez fisioterapeuta | Cl\u00ednica iPhysio Therapy<\/title>\n<meta name=\"description\" content=\"M\u00edriam Fern\u00e1ndez, fisioterapeuta experta en disfunciones de suelo p\u00e9lvico, ecograf\u00eda pelviperineal y pilates m\u00e1quinas reformer y torre\" \/>\n<meta name=\"robots\" content=\"index, follow, max-snippet:-1, max-image-preview:large, max-video-preview:-1\" \/>\n<link rel=\"canonical\" href=\"https:\/\/iphysio.es\/index.php\/miriam-fernandez\/\" \/>\n<meta property=\"og:locale\" content=\"es_ES\" \/>\n<meta property=\"og:type\" content=\"article\" \/>\n<meta property=\"og:title\" content=\"M\u00edriam Fern\u00e1ndez fisioterapeuta | Cl\u00ednica iPhysio Therapy\" \/>\n<meta property=\"og:description\" content=\"M\u00edriam Fern\u00e1ndez, fisioterapeuta experta en disfunciones de suelo p\u00e9lvico, ecograf\u00eda pelviperineal y pilates m\u00e1quinas reformer y torre\" \/>\n<meta property=\"og:url\" content=\"https:\/\/iphysio.es\/index.php\/miriam-fernandez\/\" \/>\n<meta property=\"og:site_name\" content=\"Cl\u00ednica iPhysio Therapy\" \/>\n<meta property=\"article:publisher\" content=\"https:\/\/www.facebook.com\/iPhysioTalavera\/\" \/>\n<meta property=\"og:image\" content=\"https:\/\/iphysio.es\/wp-content\/uploads\/2024\/09\/Miriam-Fernandez.jpg\" \/>\n<meta name=\"twitter:card\" content=\"summary_large_image\" \/>\n<meta name=\"twitter:site\" content=\"@IphysioT\" \/>\n<meta name=\"twitter:label1\" content=\"Tiempo de lectura\" \/>\n\t<meta name=\"twitter:data1\" content=\"1 minuto\" \/>\n<script type=\"application\/ld+json\" class=\"yoast-schema-graph\">{\"@context\":\"https:\\\/\\\/schema.org\",\"@graph\":[{\"@type\":\"WebPage\",\"@id\":\"https:\\\/\\\/iphysio.es\\\/index.php\\\/miriam-fernandez\\\/\",\"url\":\"https:\\\/\\\/iphysio.es\\\/index.php\\\/miriam-fernandez\\\/\",\"name\":\"M\u00edriam Fern\u00e1ndez fisioterapeuta | Cl\u00ednica iPhysio Therapy\",\"isPartOf\":{\"@id\":\"https:\\\/\\\/iphysio.es\\\/#website\"},\"primaryImageOfPage\":{\"@id\":\"https:\\\/\\\/iphysio.es\\\/index.php\\\/miriam-fernandez\\\/#primaryimage\"},\"image\":{\"@id\":\"https:\\\/\\\/iphysio.es\\\/index.php\\\/miriam-fernandez\\\/#primaryimage\"},\"thumbnailUrl\":\"https:\\\/\\\/iphysio.es\\\/wp-content\\\/uploads\\\/2024\\\/09\\\/Miriam-Fernandez.jpg\",\"datePublished\":\"2024-09-26T16:43:56+00:00\",\"description\":\"M\u00edriam Fern\u00e1ndez, fisioterapeuta experta en disfunciones de suelo p\u00e9lvico, ecograf\u00eda pelviperineal y pilates m\u00e1quinas reformer y torre\",\"breadcrumb\":{\"@id\":\"https:\\\/\\\/iphysio.es\\\/index.php\\\/miriam-fernandez\\\/#breadcrumb\"},\"inLanguage\":\"es\",\"potentialAction\":[{\"@type\":\"ReadAction\",\"target\":[\"https:\\\/\\\/iphysio.es\\\/index.php\\\/miriam-fernandez\\\/\"]}]},{\"@type\":\"ImageObject\",\"inLanguage\":\"es\",\"@id\":\"https:\\\/\\\/iphysio.es\\\/index.php\\\/miriam-fernandez\\\/#primaryimage\",\"url\":\"https:\\\/\\\/iphysio.es\\\/wp-content\\\/uploads\\\/2024\\\/09\\\/Miriam-Fernandez.jpg\",\"contentUrl\":\"https:\\\/\\\/iphysio.es\\\/wp-content\\\/uploads\\\/2024\\\/09\\\/Miriam-Fernandez.jpg\",\"width\":600,\"height\":800},{\"@type\":\"BreadcrumbList\",\"@id\":\"https:\\\/\\\/iphysio.es\\\/index.php\\\/miriam-fernandez\\\/#breadcrumb\",\"itemListElement\":[{\"@type\":\"ListItem\",\"position\":1,\"name\":\"Portada\",\"item\":\"https:\\\/\\\/iphysio.es\\\/\"},{\"@type\":\"ListItem\",\"position\":2,\"name\":\"M\u00edriam Fern\u00e1ndez\"}]},{\"@type\":\"WebSite\",\"@id\":\"https:\\\/\\\/iphysio.es\\\/#website\",\"url\":\"https:\\\/\\\/iphysio.es\\\/\",\"name\":\"Cl\u00ednica iPhysio Therapy\",\"description\":\"Fisioterapia, Nutrici\u00f3n y Diet\u00e9tica, Pilates, Hipopresivos, Lumbalgias, Cervicalgias, Esguinces, Biomec\u00e1nica\",\"publisher\":{\"@id\":\"https:\\\/\\\/iphysio.es\\\/#organization\"},\"potentialAction\":[{\"@type\":\"SearchAction\",\"target\":{\"@type\":\"EntryPoint\",\"urlTemplate\":\"https:\\\/\\\/iphysio.es\\\/?s={search_term_string}\"},\"query-input\":{\"@type\":\"PropertyValueSpecification\",\"valueRequired\":true,\"valueName\":\"search_term_string\"}}],\"inLanguage\":\"es\"},{\"@type\":\"Organization\",\"@id\":\"https:\\\/\\\/iphysio.es\\\/#organization\",\"name\":\"Fisiotalavera S.L.\",\"url\":\"https:\\\/\\\/iphysio.es\\\/\",\"logo\":{\"@type\":\"ImageObject\",\"inLanguage\":\"es\",\"@id\":\"https:\\\/\\\/iphysio.es\\\/#\\\/schema\\\/logo\\\/image\\\/\",\"url\":\"https:\\\/\\\/iphysio.es\\\/wp-content\\\/uploads\\\/2016\\\/11\\\/cropped-solologo.png\",\"contentUrl\":\"https:\\\/\\\/iphysio.es\\\/wp-content\\\/uploads\\\/2016\\\/11\\\/cropped-solologo.png\",\"width\":402,\"height\":428,\"caption\":\"Fisiotalavera S.L.\"},\"image\":{\"@id\":\"https:\\\/\\\/iphysio.es\\\/#\\\/schema\\\/logo\\\/image\\\/\"},\"sameAs\":[\"https:\\\/\\\/www.facebook.com\\\/iPhysioTalavera\\\/\",\"https:\\\/\\\/x.com\\\/IphysioT\"]}]}<\/script>\n<!-- \/ Yoast SEO plugin. -->","yoast_head_json":{"title":"M\u00edriam Fern\u00e1ndez fisioterapeuta | Cl\u00ednica iPhysio Therapy","description":"M\u00edriam Fern\u00e1ndez, fisioterapeuta experta en disfunciones de suelo p\u00e9lvico, ecograf\u00eda pelviperineal y pilates m\u00e1quinas reformer y torre","robots":{"index":"index","follow":"follow","max-snippet":"max-snippet:-1","max-image-preview":"max-image-preview:large","max-video-preview":"max-video-preview:-1"},"canonical":"https:\/\/iphysio.es\/index.php\/miriam-fernandez\/","og_locale":"es_ES","og_type":"article","og_title":"M\u00edriam Fern\u00e1ndez fisioterapeuta | Cl\u00ednica iPhysio Therapy","og_description":"M\u00edriam Fern\u00e1ndez, fisioterapeuta experta en disfunciones de suelo p\u00e9lvico, ecograf\u00eda pelviperineal y pilates m\u00e1quinas reformer y torre","og_url":"https:\/\/iphysio.es\/index.php\/miriam-fernandez\/","og_site_name":"Cl\u00ednica iPhysio Therapy","article_publisher":"https:\/\/www.facebook.com\/iPhysioTalavera\/","og_image":[{"url":"https:\/\/iphysio.es\/wp-content\/uploads\/2024\/09\/Miriam-Fernandez.jpg","type":"","width":"","height":""}],"twitter_card":"summary_large_image","twitter_site":"@IphysioT","twitter_misc":{"Tiempo de lectura":"1 minuto"},"schema":{"@context":"https:\/\/schema.org","@graph":[{"@type":"WebPage","@id":"https:\/\/iphysio.es\/index.php\/miriam-fernandez\/","url":"https:\/\/iphysio.es\/index.php\/miriam-fernandez\/","name":"M\u00edriam Fern\u00e1ndez fisioterapeuta | Cl\u00ednica iPhysio Therapy","isPartOf":{"@id":"https:\/\/iphysio.es\/#website"},"primaryImageOfPage":{"@id":"https:\/\/iphysio.es\/index.php\/miriam-fernandez\/#primaryimage"},"image":{"@id":"https:\/\/iphysio.es\/index.php\/miriam-fernandez\/#primaryimage"},"thumbnailUrl":"https:\/\/iphysio.es\/wp-content\/uploads\/2024\/09\/Miriam-Fernandez.jpg","datePublished":"2024-09-26T16:43:56+00:00","description":"M\u00edriam Fern\u00e1ndez, fisioterapeuta experta en disfunciones de suelo p\u00e9lvico, ecograf\u00eda pelviperineal y pilates m\u00e1quinas reformer y torre","breadcrumb":{"@id":"https:\/\/iphysio.es\/index.php\/miriam-fernandez\/#breadcrumb"},"inLanguage":"es","potentialAction":[{"@type":"ReadAction","target":["https:\/\/iphysio.es\/index.php\/miriam-fernandez\/"]}]},{"@type":"ImageObject","inLanguage":"es","@id":"https:\/\/iphysio.es\/index.php\/miriam-fernandez\/#primaryimage","url":"https:\/\/iphysio.es\/wp-content\/uploads\/2024\/09\/Miriam-Fernandez.jpg","contentUrl":"https:\/\/iphysio.es\/wp-content\/uploads\/2024\/09\/Miriam-Fernandez.jpg","width":600,"height":800},{"@type":"BreadcrumbList","@id":"https:\/\/iphysio.es\/index.php\/miriam-fernandez\/#breadcrumb","itemListElement":[{"@type":"ListItem","position":1,"name":"Portada","item":"https:\/\/iphysio.es\/"},{"@type":"ListItem","position":2,"name":"M\u00edriam Fern\u00e1ndez"}]},{"@type":"WebSite","@id":"https:\/\/iphysio.es\/#website","url":"https:\/\/iphysio.es\/","name":"Cl\u00ednica iPhysio Therapy","description":"Fisioterapia, Nutrici\u00f3n y Diet\u00e9tica, Pilates, Hipopresivos, Lumbalgias, Cervicalgias, Esguinces, Biomec\u00e1nica","publisher":{"@id":"https:\/\/iphysio.es\/#organization"},"potentialAction":[{"@type":"SearchAction","target":{"@type":"EntryPoint","urlTemplate":"https:\/\/iphysio.es\/?s={search_term_string}"},"query-input":{"@type":"PropertyValueSpecification","valueRequired":true,"valueName":"search_term_string"}}],"inLanguage":"es"},{"@type":"Organization","@id":"https:\/\/iphysio.es\/#organization","name":"Fisiotalavera S.L.","url":"https:\/\/iphysio.es\/","logo":{"@type":"ImageObject","inLanguage":"es","@id":"https:\/\/iphysio.es\/#\/schema\/logo\/image\/","url":"https:\/\/iphysio.es\/wp-content\/uploads\/2016\/11\/cropped-solologo.png","contentUrl":"https:\/\/iphysio.es\/wp-content\/uploads\/2016\/11\/cropped-solologo.png","width":402,"height":428,"caption":"Fisiotalavera S.L."},"image":{"@id":"https:\/\/iphysio.es\/#\/schema\/logo\/image\/"},"sameAs":["https:\/\/www.facebook.com\/iPhysioTalavera\/","https:\/\/x.com\/IphysioT"]}]}},"_links":{"self":[{"href":"https:\/\/iphysio.es\/index.php\/wp-json\/wp\/v2\/pages\/11194","targetHints":{"allow":["GET"]}}],"collection":[{"href":"https:\/\/iphysio.es\/index.php\/wp-json\/wp\/v2\/pages"}],"about":[{"href":"https:\/\/iphysio.es\/index.php\/wp-json\/wp\/v2\/types\/page"}],"author":[{"embeddable":true,"href":"https:\/\/iphysio.es\/index.php\/wp-json\/wp\/v2\/users\/1"}],"replies":[{"embeddable":true,"href":"https:\/\/iphysio.es\/index.php\/wp-json\/wp\/v2\/comments?post=11194"}],"version-history":[{"count":0,"href":"https:\/\/iphysio.es\/index.php\/wp-json\/wp\/v2\/pages\/11194\/revisions"}],"wp:attachment":[{"href":"https:\/\/iphysio.es\/index.php\/wp-json\/wp\/v2\/media?parent=11194"}],"curies":[{"name":"wp","href":"https:\/\/api.w.org\/{rel}","templated":true}]}}