{"id":178,"date":"2017-01-10T11:31:02","date_gmt":"2017-01-10T11:31:02","guid":{"rendered":"http:\/\/iphysio.es\/?page_id=178"},"modified":"2022-04-21T18:47:25","modified_gmt":"2022-04-21T16:47:25","slug":"fibrolisis-instrumental-ganchos","status":"publish","type":"page","link":"https:\/\/iphysio.es\/index.php\/nuestros-servicios\/fisioterapia-talavera-de-la-reina\/fibrolisis-instrumental-ganchos\/","title":{"rendered":"Fibrolisis Instrumental (Ganchos)"},"content":{"rendered":"<h2 style=\"text-align: left;\"><strong>FIBROLISIS INSTRUMENTAL (GANCHOS)<\/strong><\/h2>\n<h4>Indicada en cualquier lesi\u00f3n en la que no exista un buen deslizamiento entre diferentes planos musculares<\/h4>\n<hr \/>\n<p style=\"text-align: left;\"><div class=\"su-row\"><div class=\"su-column su-column-size-2-3\"><div class=\"su-column-inner su-u-clearfix su-u-trim\">La<strong> fibrolisis instrumental<\/strong> es un m\u00e9todo de tratamiento de las algias (trastornos dolorosos) mec\u00e1nicas del aparato locomotor y est\u00e1 dirigida a la <em>aponeurosis. <\/em>La aponeurosis es un tejido similar al tend\u00f3n pero de distinta forma, que funciona como nexo de uni\u00f3n entre diferentes estructuras del cuerpo. Adem\u00e1s proporciona estabilidad entre ellas.<\/p>\n<p><img loading=\"lazy\" decoding=\"async\" class=\"aligncenter wp-image-12 size-portfolio\" title=\"Fibrolisis Instrumental\" src=\"https:\/\/iphysio.es\/wp-content\/uploads\/2016\/11\/miofascial-instrumental-ganchos-600x400.jpg\" alt=\"Fibrolisis Instrumental (Ganchos)\" width=\"600\" height=\"400\" \/><\/p>\n<p>Pero en algunos casos, los dep\u00f3sitos c\u00e1lcicos ocasionan adherencias en este tejido (la aponeurosis) y en su uni\u00f3n con los diferentes planos musculares. Adem\u00e1s, estas adherencias suelen est\u00e1n localizadas en zonas con un peor retorno venoso, alrededor de las articulaciones.<\/p>\n<p>Precisamente el\u00a0<strong>OBJETIVO<\/strong>\u00a0de esta t\u00e9cnica es eliminar dichas adherencias.<\/p>\n<p>Mediante la fibrolisis instrumental dotamos de una mayor movilidad a los diferentes planos. Como resultado, logramos que la acci\u00f3n muscular sea de mayor calidad al no tener restricciones.<\/p>\n<h4>El efecto circulatorio de la fibrolisis instrumental ayuda a la eliminaci\u00f3n de sustancias de deshecho y toxinas ya que mejoran la circulaci\u00f3n local y linf\u00e1tica.<\/h4>\n<p>Por lo tanto, utilizamos la fibrolisis instrumental (o con ganchos) para eliminar formaciones patol\u00f3gicas de tejido fibroso\u00a0 en los tejidos (m\u00fasculos, ligamentos, tendones, \u2026).<\/p>\n<p>Esta t\u00e9cnica nos permite actuar de forma espec\u00edfica en la zona concreta que lo necesite. Es especialmente \u00fatil para las lesiones derivadas de la actividad deportiva.<\/p>\n<h2>Acude siempre a un profesional debidamente cualificado<\/h2>\n<\/div><\/div> <div class=\"su-column su-column-size-1-3\"><div class=\"su-column-inner su-u-clearfix su-u-trim\">\n<div class=\"su-note\"  style=\"border-color:#d8d8d8;border-radius:2px;-moz-border-radius:2px;-webkit-border-radius:2px;\"><div class=\"su-note-inner su-u-clearfix su-u-trim\" style=\"background-color:#f2f2f2;border-color:#ffffff;color:#3c3c3c;border-radius:2px;-moz-border-radius:2px;-webkit-border-radius:2px;\">\n<h3>Servicios de fisioterapia<\/h3>\n\n<table id=\"tablepress-4\" class=\"tablepress tablepress-id-4\">\n<tbody class=\"row-hover\">\n<tr class=\"row-1\">\n\t<td class=\"column-1\">Fisioterapia cl\u00ednica<\/td>\n<\/tr>\n<tr class=\"row-2\">\n\t<td class=\"column-1\"><a href=\"https:\/\/iphysio.es\/index.php\/nuestros-servicios\/fisioterapia-talavera-de-la-reina\/fisioterapia-deportiva\/\">Fisioterapia Deportiva\u00a0<\/a><\/td>\n<\/tr>\n<tr class=\"row-3\">\n\t<td class=\"column-1\"><a href=\"https:\/\/iphysio.es\/index.php\/ecografia-musculoesqueletica\/\">Ecograf\u00eda Musculoesquel\u00e9tica<\/a><\/td>\n<\/tr>\n<tr class=\"row-4\">\n\t<td class=\"column-1\"><a href=\"https:\/\/iphysio.es\/index.php\/nuestros-servicios\/fisioterapia-talavera-de-la-reina\/especialistas-en-atm-articulacion-temporo-mandibular-bruxismo-talavera\/\">Articulaci\u00f3n Temporo Mandibular <\/a><\/td>\n<\/tr>\n<tr class=\"row-5\">\n\t<td class=\"column-1\"><a href=\"https:\/\/iphysio.es\/index.php\/nuestros-servicios\/fisioterapia-talavera-de-la-reina\/puncion-seca-pgm\/\">Punci\u00f3n Seca PGM<\/a><\/td>\n<\/tr>\n<tr class=\"row-6\">\n\t<td class=\"column-1\"><a href=\"https:\/\/iphysio.es\/index.php\/diastasis-abdominal\/\">Di\u00e1stasis abdominal<\/a><\/td>\n<\/tr>\n<tr class=\"row-7\">\n\t<td class=\"column-1\"><a href=\"https:\/\/iphysio.es\/index.php\/nuestros-servicios\/fisioterapia-talavera-de-la-reina\/vendaje-neuromuscular\/\">Vendaje Neuromuscular<\/a><\/td>\n<\/tr>\n<tr class=\"row-8\">\n\t<td class=\"column-1\"><a href=\"https:\/\/iphysio.es\/index.php\/nuestros-servicios\/fisioterapia-talavera-de-la-reina\/colico-del-lactante\/\">C\u00f3lico del lactante <\/a><\/td>\n<\/tr>\n<tr class=\"row-9\">\n\t<td class=\"column-1\"><a href=\"https:\/\/iphysio.es\/index.php\/nuestros-servicios\/fisioterapia-talavera-de-la-reina\/fibrolisis-instrumental-ganchos\/\">Fibrolisis Instrumental (Ganchos)<\/a><\/td>\n<\/tr>\n<tr class=\"row-10\">\n\t<td class=\"column-1\"><a href=\"https:\/\/iphysio.es\/index.php\/nuestros-servicios\/fisioterapia-talavera-de-la-reina\/fisioterapia-traumatologica-y-reumatologica\/\">Fisioterapia en Traumatolog\u00eda y Reumatolog\u00eda<\/a><\/td>\n<\/tr>\n<tr class=\"row-11\">\n\t<td class=\"column-1\"><a href=\"https:\/\/iphysio.es\/index.php\/nuestros-servicios\/fisioterapia-talavera-de-la-reina\/entrenamiento-isoinercial-epte\/\">Entrenamiento Isoinercial y Exc\u00e9ntrico EPTE\u00ae<\/a><\/td>\n<\/tr>\n<tr class=\"row-12\">\n\t<td class=\"column-1\"><a href=\"https:\/\/iphysio.es\/index.php\/nuestros-servicios\/fisioterapia-talavera-de-la-reina\/electrolisis-percutanea-terapeutica-epte\/\">Electrolisis Percut\u00e1nea Terap\u00e9utica EPTE\u00ae<\/a><\/td>\n<\/tr>\n<\/tbody>\n<\/table>\n<!-- #tablepress-4 from cache --><\/div><\/div>\n<div class=\"su-note\"  style=\"border-color:#d8d8d8;border-radius:2px;-moz-border-radius:2px;-webkit-border-radius:2px;\"><div class=\"su-note-inner su-u-clearfix su-u-trim\" style=\"background-color:#f2f2f2;border-color:#ffffff;color:#3c3c3c;border-radius:2px;-moz-border-radius:2px;-webkit-border-radius:2px;\">\n<div class=\"su-service\"><div class=\"su-service-title\" style=\"padding-left:32px;min-height:18px;line-height:18px\"><i class=\"sui sui-star\" style=\"font-size:18px;color:#348dc1\"><\/i> Bonos y tarjetas-regalo<\/div><div class=\"su-service-content su-u-clearfix su-u-trim\" style=\"padding-left:32px\">Tambi\u00e9n puedes regalar salud:\u00a0<a href=\"https:\/\/iphysio.es\/index.php\/bonos-iphysio\/\" target=\"_blank\" rel=\"noopener\">m\u00e1s informaci\u00f3n<\/a><\/div><\/div><\/div><\/div>\n<div class=\"su-note\"  style=\"border-color:#d8d8d8;border-radius:2px;-moz-border-radius:2px;-webkit-border-radius:2px;\"><div class=\"su-note-inner su-u-clearfix su-u-trim\" style=\"background-color:#f2f2f2;border-color:#ffffff;color:#3c3c3c;border-radius:2px;-moz-border-radius:2px;-webkit-border-radius:2px;\">\n\n<table id=\"tablepress-14\" class=\"tablepress tablepress-id-14\">\n<tbody class=\"row-hover\">\n<tr class=\"row-1\">\n\t<td class=\"column-1\"><b>Servicios Cl\u00ednica iPhysio<\/b><\/td>\n<\/tr>\n<tr class=\"row-2\">\n\t<td class=\"column-1\"><a href=\"https:\/\/iphysio.es\/index.php\/nuestros-servicios\/fisioterapia-talavera-de-la-reina\/\">\u00b7 Fisioterapia<\/a><\/td>\n<\/tr>\n<tr class=\"row-3\">\n\t<td class=\"column-1\"><a href=\"https:\/\/iphysio.es\/index.php\/unidad-para-la-mujer-2\/\"> \u00b7 Unidad para la mujer<\/a><\/td>\n<\/tr>\n<tr class=\"row-4\">\n\t<td class=\"column-1\"><a href=\"https:\/\/iphysio.es\/index.php\/nuestros-servicios\/fisioterapia-talavera-de-la-reina\/colico-del-lactante\/\">\u00b7 C\u00f3lico del lactante<\/a><\/td>\n<\/tr>\n<tr class=\"row-5\">\n\t<td class=\"column-1\"><a href=\"https:\/\/iphysio.es\/index.php\/nuestros-servicios\/nutricion-y-dietetica-talavera\/\">\u00b7 Nutrici\u00f3n y Diet\u00e9tica<\/a><\/td>\n<\/tr>\n<tr class=\"row-6\">\n\t<td class=\"column-1\"><a href=\"https:\/\/iphysio.es\/index.php\/nuestros-servicios\/actividades-en-sala-cuidar-tu-cuerpo\/\">\u00b7 Pilates<\/a><\/td>\n<\/tr>\n<tr class=\"row-7\">\n\t<td class=\"column-1\"><a href=\"https:\/\/iphysio.es\/index.php\/entrenamiento-deportivo\/\">\u00b7 Preparaci\u00f3n f\u00edsica<\/a><\/td>\n<\/tr>\n<\/tbody>\n<\/table>\n<!-- #tablepress-14 from cache -->\n<\/div><\/div><\/div><\/div><\/div>\n<p>&nbsp;<\/p>\n ","protected":false},"excerpt":{"rendered":"<p>FIBROLISIS INSTRUMENTAL (GANCHOS) Indicada en cualquier lesi\u00f3n en la que no exista un buen deslizamiento entre diferentes planos musculares &nbsp;<\/p>\n","protected":false},"author":1,"featured_media":0,"parent":52,"menu_order":0,"comment_status":"closed","ping_status":"closed","template":"","meta":{"footnotes":"","_links_to":"","_links_to_target":""},"class_list":["post-178","page","type-page","status-publish","hentry"],"yoast_head":"<!-- This site is optimized with the Yoast SEO plugin v27.5 - https:\/\/yoast.com\/product\/yoast-seo-wordpress\/ -->\n<title>Fibrolisis Instrumental (Ganchos) | Cl\u00ednica iPhysio Therapy<\/title>\n<meta name=\"description\" content=\"La fibrolisis instrumental (ganchos) es un m\u00e9todo de tratamiento de las algias (trastornos dolorosos) mec\u00e1nicas del aparato locomotor.\" \/>\n<meta name=\"robots\" content=\"index, follow, max-snippet:-1, max-image-preview:large, max-video-preview:-1\" \/>\n<link rel=\"canonical\" href=\"https:\/\/iphysio.es\/index.php\/nuestros-servicios\/fisioterapia-talavera-de-la-reina\/fibrolisis-instrumental-ganchos\/\" \/>\n<meta property=\"og:locale\" content=\"es_ES\" \/>\n<meta property=\"og:type\" content=\"article\" \/>\n<meta property=\"og:title\" content=\"Fibrolisis Instrumental (Ganchos) | Cl\u00ednica iPhysio Therapy\" \/>\n<meta property=\"og:description\" content=\"La fibrolisis instrumental (ganchos) es un m\u00e9todo de tratamiento de las algias (trastornos dolorosos) mec\u00e1nicas del aparato locomotor.\" \/>\n<meta property=\"og:url\" content=\"https:\/\/iphysio.es\/index.php\/nuestros-servicios\/fisioterapia-talavera-de-la-reina\/fibrolisis-instrumental-ganchos\/\" \/>\n<meta property=\"og:site_name\" content=\"Cl\u00ednica iPhysio Therapy\" \/>\n<meta property=\"article:publisher\" content=\"https:\/\/www.facebook.com\/iPhysioTalavera\/\" \/>\n<meta property=\"article:modified_time\" content=\"2022-04-21T16:47:25+00:00\" \/>\n<meta property=\"og:image\" content=\"https:\/\/iphysio.es\/wp-content\/uploads\/2016\/11\/miofascial-instrumental-ganchos-600x400.jpg\" \/>\n<meta name=\"twitter:card\" content=\"summary_large_image\" \/>\n<meta name=\"twitter:site\" content=\"@IphysioT\" \/>\n<meta name=\"twitter:label1\" content=\"Tiempo de lectura\" \/>\n\t<meta name=\"twitter:data1\" content=\"2 minutos\" \/>\n<script type=\"application\/ld+json\" class=\"yoast-schema-graph\">{\"@context\":\"https:\\\/\\\/schema.org\",\"@graph\":[{\"@type\":\"WebPage\",\"@id\":\"https:\\\/\\\/iphysio.es\\\/index.php\\\/nuestros-servicios\\\/fisioterapia-talavera-de-la-reina\\\/fibrolisis-instrumental-ganchos\\\/\",\"url\":\"https:\\\/\\\/iphysio.es\\\/index.php\\\/nuestros-servicios\\\/fisioterapia-talavera-de-la-reina\\\/fibrolisis-instrumental-ganchos\\\/\",\"name\":\"Fibrolisis Instrumental (Ganchos) | Cl\u00ednica iPhysio Therapy\",\"isPartOf\":{\"@id\":\"https:\\\/\\\/iphysio.es\\\/#website\"},\"primaryImageOfPage\":{\"@id\":\"https:\\\/\\\/iphysio.es\\\/index.php\\\/nuestros-servicios\\\/fisioterapia-talavera-de-la-reina\\\/fibrolisis-instrumental-ganchos\\\/#primaryimage\"},\"image\":{\"@id\":\"https:\\\/\\\/iphysio.es\\\/index.php\\\/nuestros-servicios\\\/fisioterapia-talavera-de-la-reina\\\/fibrolisis-instrumental-ganchos\\\/#primaryimage\"},\"thumbnailUrl\":\"https:\\\/\\\/iphysio.es\\\/wp-content\\\/uploads\\\/2016\\\/11\\\/miofascial-instrumental-ganchos-600x400.jpg\",\"datePublished\":\"2017-01-10T11:31:02+00:00\",\"dateModified\":\"2022-04-21T16:47:25+00:00\",\"description\":\"La fibrolisis instrumental (ganchos) es un m\u00e9todo de tratamiento de las algias (trastornos dolorosos) mec\u00e1nicas del aparato locomotor.\",\"breadcrumb\":{\"@id\":\"https:\\\/\\\/iphysio.es\\\/index.php\\\/nuestros-servicios\\\/fisioterapia-talavera-de-la-reina\\\/fibrolisis-instrumental-ganchos\\\/#breadcrumb\"},\"inLanguage\":\"es\",\"potentialAction\":[{\"@type\":\"ReadAction\",\"target\":[\"https:\\\/\\\/iphysio.es\\\/index.php\\\/nuestros-servicios\\\/fisioterapia-talavera-de-la-reina\\\/fibrolisis-instrumental-ganchos\\\/\"]}]},{\"@type\":\"ImageObject\",\"inLanguage\":\"es\",\"@id\":\"https:\\\/\\\/iphysio.es\\\/index.php\\\/nuestros-servicios\\\/fisioterapia-talavera-de-la-reina\\\/fibrolisis-instrumental-ganchos\\\/#primaryimage\",\"url\":\"https:\\\/\\\/iphysio.es\\\/wp-content\\\/uploads\\\/2016\\\/11\\\/miofascial-instrumental-ganchos.jpg\",\"contentUrl\":\"https:\\\/\\\/iphysio.es\\\/wp-content\\\/uploads\\\/2016\\\/11\\\/miofascial-instrumental-ganchos.jpg\",\"width\":5184,\"height\":3888,\"caption\":\"Fibr\u00f3lisis Instrumental (Ganchos)\"},{\"@type\":\"BreadcrumbList\",\"@id\":\"https:\\\/\\\/iphysio.es\\\/index.php\\\/nuestros-servicios\\\/fisioterapia-talavera-de-la-reina\\\/fibrolisis-instrumental-ganchos\\\/#breadcrumb\",\"itemListElement\":[{\"@type\":\"ListItem\",\"position\":1,\"name\":\"Portada\",\"item\":\"https:\\\/\\\/iphysio.es\\\/\"},{\"@type\":\"ListItem\",\"position\":2,\"name\":\"Nuestros servicios\",\"item\":\"https:\\\/\\\/iphysio.es\\\/index.php\\\/nuestros-servicios\\\/\"},{\"@type\":\"ListItem\",\"position\":3,\"name\":\"Fisioterapia\",\"item\":\"https:\\\/\\\/iphysio.es\\\/index.php\\\/nuestros-servicios\\\/fisioterapia-talavera-de-la-reina\\\/\"},{\"@type\":\"ListItem\",\"position\":4,\"name\":\"Fibrolisis Instrumental (Ganchos)\"}]},{\"@type\":\"WebSite\",\"@id\":\"https:\\\/\\\/iphysio.es\\\/#website\",\"url\":\"https:\\\/\\\/iphysio.es\\\/\",\"name\":\"Cl\u00ednica iPhysio Therapy\",\"description\":\"Fisioterapia, Nutrici\u00f3n y Diet\u00e9tica, Pilates, Hipopresivos, Lumbalgias, Cervicalgias, Esguinces, Biomec\u00e1nica\",\"publisher\":{\"@id\":\"https:\\\/\\\/iphysio.es\\\/#organization\"},\"potentialAction\":[{\"@type\":\"SearchAction\",\"target\":{\"@type\":\"EntryPoint\",\"urlTemplate\":\"https:\\\/\\\/iphysio.es\\\/?s={search_term_string}\"},\"query-input\":{\"@type\":\"PropertyValueSpecification\",\"valueRequired\":true,\"valueName\":\"search_term_string\"}}],\"inLanguage\":\"es\"},{\"@type\":\"Organization\",\"@id\":\"https:\\\/\\\/iphysio.es\\\/#organization\",\"name\":\"Fisiotalavera S.L.\",\"url\":\"https:\\\/\\\/iphysio.es\\\/\",\"logo\":{\"@type\":\"ImageObject\",\"inLanguage\":\"es\",\"@id\":\"https:\\\/\\\/iphysio.es\\\/#\\\/schema\\\/logo\\\/image\\\/\",\"url\":\"https:\\\/\\\/iphysio.es\\\/wp-content\\\/uploads\\\/2016\\\/11\\\/cropped-solologo.png\",\"contentUrl\":\"https:\\\/\\\/iphysio.es\\\/wp-content\\\/uploads\\\/2016\\\/11\\\/cropped-solologo.png\",\"width\":402,\"height\":428,\"caption\":\"Fisiotalavera S.L.\"},\"image\":{\"@id\":\"https:\\\/\\\/iphysio.es\\\/#\\\/schema\\\/logo\\\/image\\\/\"},\"sameAs\":[\"https:\\\/\\\/www.facebook.com\\\/iPhysioTalavera\\\/\",\"https:\\\/\\\/x.com\\\/IphysioT\"]}]}<\/script>\n<!-- \/ Yoast SEO plugin. -->","yoast_head_json":{"title":"Fibrolisis Instrumental (Ganchos) | Cl\u00ednica iPhysio Therapy","description":"La fibrolisis instrumental (ganchos) es un m\u00e9todo de tratamiento de las algias (trastornos dolorosos) mec\u00e1nicas del aparato locomotor.","robots":{"index":"index","follow":"follow","max-snippet":"max-snippet:-1","max-image-preview":"max-image-preview:large","max-video-preview":"max-video-preview:-1"},"canonical":"https:\/\/iphysio.es\/index.php\/nuestros-servicios\/fisioterapia-talavera-de-la-reina\/fibrolisis-instrumental-ganchos\/","og_locale":"es_ES","og_type":"article","og_title":"Fibrolisis Instrumental (Ganchos) | Cl\u00ednica iPhysio Therapy","og_description":"La fibrolisis instrumental (ganchos) es un m\u00e9todo de tratamiento de las algias (trastornos dolorosos) mec\u00e1nicas del aparato locomotor.","og_url":"https:\/\/iphysio.es\/index.php\/nuestros-servicios\/fisioterapia-talavera-de-la-reina\/fibrolisis-instrumental-ganchos\/","og_site_name":"Cl\u00ednica iPhysio Therapy","article_publisher":"https:\/\/www.facebook.com\/iPhysioTalavera\/","article_modified_time":"2022-04-21T16:47:25+00:00","og_image":[{"url":"https:\/\/iphysio.es\/wp-content\/uploads\/2016\/11\/miofascial-instrumental-ganchos-600x400.jpg","type":"","width":"","height":""}],"twitter_card":"summary_large_image","twitter_site":"@IphysioT","twitter_misc":{"Tiempo de lectura":"2 minutos"},"schema":{"@context":"https:\/\/schema.org","@graph":[{"@type":"WebPage","@id":"https:\/\/iphysio.es\/index.php\/nuestros-servicios\/fisioterapia-talavera-de-la-reina\/fibrolisis-instrumental-ganchos\/","url":"https:\/\/iphysio.es\/index.php\/nuestros-servicios\/fisioterapia-talavera-de-la-reina\/fibrolisis-instrumental-ganchos\/","name":"Fibrolisis Instrumental (Ganchos) | Cl\u00ednica iPhysio Therapy","isPartOf":{"@id":"https:\/\/iphysio.es\/#website"},"primaryImageOfPage":{"@id":"https:\/\/iphysio.es\/index.php\/nuestros-servicios\/fisioterapia-talavera-de-la-reina\/fibrolisis-instrumental-ganchos\/#primaryimage"},"image":{"@id":"https:\/\/iphysio.es\/index.php\/nuestros-servicios\/fisioterapia-talavera-de-la-reina\/fibrolisis-instrumental-ganchos\/#primaryimage"},"thumbnailUrl":"https:\/\/iphysio.es\/wp-content\/uploads\/2016\/11\/miofascial-instrumental-ganchos-600x400.jpg","datePublished":"2017-01-10T11:31:02+00:00","dateModified":"2022-04-21T16:47:25+00:00","description":"La fibrolisis instrumental (ganchos) es un m\u00e9todo de tratamiento de las algias (trastornos dolorosos) mec\u00e1nicas del aparato locomotor.","breadcrumb":{"@id":"https:\/\/iphysio.es\/index.php\/nuestros-servicios\/fisioterapia-talavera-de-la-reina\/fibrolisis-instrumental-ganchos\/#breadcrumb"},"inLanguage":"es","potentialAction":[{"@type":"ReadAction","target":["https:\/\/iphysio.es\/index.php\/nuestros-servicios\/fisioterapia-talavera-de-la-reina\/fibrolisis-instrumental-ganchos\/"]}]},{"@type":"ImageObject","inLanguage":"es","@id":"https:\/\/iphysio.es\/index.php\/nuestros-servicios\/fisioterapia-talavera-de-la-reina\/fibrolisis-instrumental-ganchos\/#primaryimage","url":"https:\/\/iphysio.es\/wp-content\/uploads\/2016\/11\/miofascial-instrumental-ganchos.jpg","contentUrl":"https:\/\/iphysio.es\/wp-content\/uploads\/2016\/11\/miofascial-instrumental-ganchos.jpg","width":5184,"height":3888,"caption":"Fibr\u00f3lisis Instrumental (Ganchos)"},{"@type":"BreadcrumbList","@id":"https:\/\/iphysio.es\/index.php\/nuestros-servicios\/fisioterapia-talavera-de-la-reina\/fibrolisis-instrumental-ganchos\/#breadcrumb","itemListElement":[{"@type":"ListItem","position":1,"name":"Portada","item":"https:\/\/iphysio.es\/"},{"@type":"ListItem","position":2,"name":"Nuestros servicios","item":"https:\/\/iphysio.es\/index.php\/nuestros-servicios\/"},{"@type":"ListItem","position":3,"name":"Fisioterapia","item":"https:\/\/iphysio.es\/index.php\/nuestros-servicios\/fisioterapia-talavera-de-la-reina\/"},{"@type":"ListItem","position":4,"name":"Fibrolisis Instrumental (Ganchos)"}]},{"@type":"WebSite","@id":"https:\/\/iphysio.es\/#website","url":"https:\/\/iphysio.es\/","name":"Cl\u00ednica iPhysio Therapy","description":"Fisioterapia, Nutrici\u00f3n y Diet\u00e9tica, Pilates, Hipopresivos, Lumbalgias, Cervicalgias, Esguinces, Biomec\u00e1nica","publisher":{"@id":"https:\/\/iphysio.es\/#organization"},"potentialAction":[{"@type":"SearchAction","target":{"@type":"EntryPoint","urlTemplate":"https:\/\/iphysio.es\/?s={search_term_string}"},"query-input":{"@type":"PropertyValueSpecification","valueRequired":true,"valueName":"search_term_string"}}],"inLanguage":"es"},{"@type":"Organization","@id":"https:\/\/iphysio.es\/#organization","name":"Fisiotalavera S.L.","url":"https:\/\/iphysio.es\/","logo":{"@type":"ImageObject","inLanguage":"es","@id":"https:\/\/iphysio.es\/#\/schema\/logo\/image\/","url":"https:\/\/iphysio.es\/wp-content\/uploads\/2016\/11\/cropped-solologo.png","contentUrl":"https:\/\/iphysio.es\/wp-content\/uploads\/2016\/11\/cropped-solologo.png","width":402,"height":428,"caption":"Fisiotalavera S.L."},"image":{"@id":"https:\/\/iphysio.es\/#\/schema\/logo\/image\/"},"sameAs":["https:\/\/www.facebook.com\/iPhysioTalavera\/","https:\/\/x.com\/IphysioT"]}]}},"_links":{"self":[{"href":"https:\/\/iphysio.es\/index.php\/wp-json\/wp\/v2\/pages\/178","targetHints":{"allow":["GET"]}}],"collection":[{"href":"https:\/\/iphysio.es\/index.php\/wp-json\/wp\/v2\/pages"}],"about":[{"href":"https:\/\/iphysio.es\/index.php\/wp-json\/wp\/v2\/types\/page"}],"author":[{"embeddable":true,"href":"https:\/\/iphysio.es\/index.php\/wp-json\/wp\/v2\/users\/1"}],"replies":[{"embeddable":true,"href":"https:\/\/iphysio.es\/index.php\/wp-json\/wp\/v2\/comments?post=178"}],"version-history":[{"count":0,"href":"https:\/\/iphysio.es\/index.php\/wp-json\/wp\/v2\/pages\/178\/revisions"}],"up":[{"embeddable":true,"href":"https:\/\/iphysio.es\/index.php\/wp-json\/wp\/v2\/pages\/52"}],"wp:attachment":[{"href":"https:\/\/iphysio.es\/index.php\/wp-json\/wp\/v2\/media?parent=178"}],"curies":[{"name":"wp","href":"https:\/\/api.w.org\/{rel}","templated":true}]}}