{"id":188,"date":"2017-01-10T11:49:06","date_gmt":"2017-01-10T11:49:06","guid":{"rendered":"http:\/\/iphysio.es\/?page_id=188"},"modified":"2022-04-21T19:00:46","modified_gmt":"2022-04-21T17:00:46","slug":"entrenamiento-isoinercial-epte","status":"publish","type":"page","link":"https:\/\/iphysio.es\/index.php\/nuestros-servicios\/fisioterapia-talavera-de-la-reina\/entrenamiento-isoinercial-epte\/","title":{"rendered":"Entrenamiento Isoinercial y Exc\u00e9ntrico EPTE\u00ae"},"content":{"rendered":"<h2 style=\"text-align: left;\"><strong>ENTRENAMIENTO ISOINERCIAL Y EXC\u00c9NTRICO EPTE\u00ae<\/strong><\/h2>\n<hr \/>\n<p style=\"text-align: left;\"><div class=\"su-row\"><div class=\"su-column su-column-size-2-3\"><div class=\"su-column-inner su-u-clearfix su-u-trim\">\n<h2>M\u00c9TODO ISOINERCIAL: C\u00d3MO FUNCIONA<\/h2>\n<p style=\"text-align: left;\">En el m\u00e9todo isoinercial el trabajo que se produce durante la <span id=\"su_tooltip_6a01d253716f6_button\" class=\"su-tooltip-button su-tooltip-button-outline-yes\" aria-describedby=\"su_tooltip_6a01d253716f6\" data-settings='{\"position\":\"top\",\"behavior\":\"hover\",\"hideDelay\":0}' tabindex=\"0\"><span style=\"color: #ff9900;\"><strong>fase conc\u00e9ntrica<\/strong><\/span><\/span><span style=\"display:none;z-index:100\" id=\"su_tooltip_6a01d253716f6\" class=\"su-tooltip\" role=\"tooltip\"><span class=\"su-tooltip-inner su-tooltip-shadow-no\" style=\"z-index:100;background:#FFFFFF;color:#454545;font-size:14px;border-radius:5px;text-align:left;max-width:300px;line-height:1.25\"><span class=\"su-tooltip-title\">FASE CONC\u00c9NTRICA<\/span><span class=\"su-tooltip-content su-u-trim\">En musculaci\u00f3n, movimiento en el que el m\u00fasculo se acorta. En contraposici\u00f3n, fase exc\u00e9ntrica es aquella en la que el m\u00fasculo se alarga.<\/span><\/span><span id=\"su_tooltip_6a01d253716f6_arrow\" class=\"su-tooltip-arrow\" style=\"z-index:100;background:#FFFFFF\" data-popper-arrow><\/span><\/span>: se transforma en energ\u00eda cin\u00e9tica y se disipa en la fase exc\u00e9ntrica. El resultado ser\u00e1 una mayor expresi\u00f3n de exc\u00e9ntrica.\u00a0Por tanto, habr\u00e1 una mayor activaci\u00f3n del m\u00fasculo en cuesti\u00f3n, en comparaci\u00f3n con lo que es posible con la metodolog\u00eda isot\u00f3nica.<\/p>\n<p style=\"text-align: left;\">Los equipos de rehabilitaci\u00f3n isoinercial permiten recrear situaciones de activaci\u00f3n de los m\u00fasculos relacionados directamente con la aceleraci\u00f3n del atleta,\u00a0 de forma modular y directamente proporcional a la fuerza aplicada.<\/p>\n<p style=\"text-align: left;\">As\u00ed, se pueden alcanzar con m\u00e1s facilidad no solo m\u00e1s cargas de trabajo y un mejor acondicionamiento muscular, sino unos tiempos de recuperaci\u00f3n m\u00e1s r\u00e1pidos.<\/p>\n<h2>M\u00c9TODO ISOINERCIAL: VENTAJAS<\/h2>\n<p>Vamos a apuntar solo algunos beneficios de esta\u00a0 t\u00e9cnica:<\/p>\n<ul>\n<li>Es capaz de generar fuerzas m\u00e1s altas que otros modos tradicionales de formaci\u00f3n<\/li>\n<li>Permite una mayor eficiencia (m\u00e1s trabajo mec\u00e1nico para el mismo gasto de energ\u00eda)<\/li>\n<li>Requiere menos compromiso cardiopulmonar<\/li>\n<li>Supone menor fatiga neuromuscular, pudiendo entrenar de forma selectiva<\/li>\n<li>Estimula microadaptaciones para la recuperaci\u00f3n muscular<\/li>\n<\/ul>\n<h2>M\u00c9TODO ISOINERCIAL: DEPORTISTAS<\/h2>\n<p>Este tipo de trabajo tambi\u00e9n es importante para los que practican deportes de resistencia (correr, ciclismo, etc.), ya que implica una disminuci\u00f3n de la funci\u00f3n oxidativa del m\u00fasculo.<\/p>\n<p>El dise\u00f1o de <em>EPTE Inertial Concept<\/em> permite un retorno suave y progresivo en la fase exc\u00e9ntrica del ejercicio.<\/p>\n<p>Tambi\u00e9n evita golpes o tirones, realizando el movimiento de fuerzas, que podr\u00edan inducir o provocar peque\u00f1as lesiones. Es decir, la potencia que debe ejercer el sujeto ser\u00e1 suficiente para hacer el esfuerzo requerido en cada caso.<\/p>\n<p>&nbsp;<\/p>\n<h5 style=\"margin-top: 0px; color: #888888; font-style: italic;\">ESTO IMPLICA QUE EL DISPOSITIVO PUEDA SER USADO POR UN DEPORTISTA PROFESIONAL Y POR UN AFICIONADO, EN CUALQUIER RANGO DE EDAD Y CONDICI\u00d3N F\u00cdSICA.<\/h5>\n<\/div><\/div> <div class=\"su-column su-column-size-1-3\"><div class=\"su-column-inner su-u-clearfix su-u-trim\">\n<div class=\"su-note\"  style=\"border-color:#d8d8d8;border-radius:2px;-moz-border-radius:2px;-webkit-border-radius:2px;\"><div class=\"su-note-inner su-u-clearfix su-u-trim\" style=\"background-color:#f2f2f2;border-color:#ffffff;color:#3c3c3c;border-radius:2px;-moz-border-radius:2px;-webkit-border-radius:2px;\">\n<h3>Servicios de fisioterapia<\/h3>\n\n<table id=\"tablepress-4\" class=\"tablepress tablepress-id-4\">\n<tbody class=\"row-hover\">\n<tr class=\"row-1\">\n\t<td class=\"column-1\">Fisioterapia cl\u00ednica<\/td>\n<\/tr>\n<tr class=\"row-2\">\n\t<td class=\"column-1\"><a href=\"https:\/\/iphysio.es\/index.php\/nuestros-servicios\/fisioterapia-talavera-de-la-reina\/fisioterapia-deportiva\/\">Fisioterapia Deportiva\u00a0<\/a><\/td>\n<\/tr>\n<tr class=\"row-3\">\n\t<td class=\"column-1\"><a href=\"https:\/\/iphysio.es\/index.php\/ecografia-musculoesqueletica\/\">Ecograf\u00eda Musculoesquel\u00e9tica<\/a><\/td>\n<\/tr>\n<tr class=\"row-4\">\n\t<td class=\"column-1\"><a href=\"https:\/\/iphysio.es\/index.php\/nuestros-servicios\/fisioterapia-talavera-de-la-reina\/especialistas-en-atm-articulacion-temporo-mandibular-bruxismo-talavera\/\">Articulaci\u00f3n Temporo Mandibular <\/a><\/td>\n<\/tr>\n<tr class=\"row-5\">\n\t<td class=\"column-1\"><a href=\"https:\/\/iphysio.es\/index.php\/nuestros-servicios\/fisioterapia-talavera-de-la-reina\/puncion-seca-pgm\/\">Punci\u00f3n Seca PGM<\/a><\/td>\n<\/tr>\n<tr class=\"row-6\">\n\t<td class=\"column-1\"><a href=\"https:\/\/iphysio.es\/index.php\/diastasis-abdominal\/\">Di\u00e1stasis abdominal<\/a><\/td>\n<\/tr>\n<tr class=\"row-7\">\n\t<td class=\"column-1\"><a href=\"https:\/\/iphysio.es\/index.php\/nuestros-servicios\/fisioterapia-talavera-de-la-reina\/vendaje-neuromuscular\/\">Vendaje Neuromuscular<\/a><\/td>\n<\/tr>\n<tr class=\"row-8\">\n\t<td class=\"column-1\"><a href=\"https:\/\/iphysio.es\/index.php\/nuestros-servicios\/fisioterapia-talavera-de-la-reina\/colico-del-lactante\/\">C\u00f3lico del lactante <\/a><\/td>\n<\/tr>\n<tr class=\"row-9\">\n\t<td class=\"column-1\"><a href=\"https:\/\/iphysio.es\/index.php\/nuestros-servicios\/fisioterapia-talavera-de-la-reina\/fibrolisis-instrumental-ganchos\/\">Fibrolisis Instrumental (Ganchos)<\/a><\/td>\n<\/tr>\n<tr class=\"row-10\">\n\t<td class=\"column-1\"><a href=\"https:\/\/iphysio.es\/index.php\/nuestros-servicios\/fisioterapia-talavera-de-la-reina\/fisioterapia-traumatologica-y-reumatologica\/\">Fisioterapia en Traumatolog\u00eda y Reumatolog\u00eda<\/a><\/td>\n<\/tr>\n<tr class=\"row-11\">\n\t<td class=\"column-1\"><a href=\"https:\/\/iphysio.es\/index.php\/nuestros-servicios\/fisioterapia-talavera-de-la-reina\/entrenamiento-isoinercial-epte\/\">Entrenamiento Isoinercial y Exc\u00e9ntrico EPTE\u00ae<\/a><\/td>\n<\/tr>\n<tr class=\"row-12\">\n\t<td class=\"column-1\"><a href=\"https:\/\/iphysio.es\/index.php\/nuestros-servicios\/fisioterapia-talavera-de-la-reina\/electrolisis-percutanea-terapeutica-epte\/\">Electrolisis Percut\u00e1nea Terap\u00e9utica EPTE\u00ae<\/a><\/td>\n<\/tr>\n<\/tbody>\n<\/table>\n<!-- #tablepress-4 from cache --><\/div><\/div>\n<div class=\"su-note\"  style=\"border-color:#d8d8d8;border-radius:2px;-moz-border-radius:2px;-webkit-border-radius:2px;\"><div class=\"su-note-inner su-u-clearfix su-u-trim\" style=\"background-color:#f2f2f2;border-color:#ffffff;color:#3c3c3c;border-radius:2px;-moz-border-radius:2px;-webkit-border-radius:2px;\">\n<div class=\"su-service\"><div class=\"su-service-title\" style=\"padding-left:32px;min-height:18px;line-height:18px\"><i class=\"sui sui-star\" style=\"font-size:18px;color:#348dc1\"><\/i> Bonos y tarjetas-regalo<\/div><div class=\"su-service-content su-u-clearfix su-u-trim\" style=\"padding-left:32px\">Tambi\u00e9n puedes regalar salud:\u00a0<a href=\"https:\/\/iphysio.es\/index.php\/bonos-iphysio\/\" target=\"_blank\" rel=\"noopener\">m\u00e1s informaci\u00f3n<\/a><\/div><\/div><\/div><\/div>\n<div class=\"su-note\"  style=\"border-color:#d8d8d8;border-radius:2px;-moz-border-radius:2px;-webkit-border-radius:2px;\"><div class=\"su-note-inner su-u-clearfix su-u-trim\" style=\"background-color:#f2f2f2;border-color:#ffffff;color:#3c3c3c;border-radius:2px;-moz-border-radius:2px;-webkit-border-radius:2px;\">\n\n<table id=\"tablepress-14\" class=\"tablepress tablepress-id-14\">\n<tbody class=\"row-hover\">\n<tr class=\"row-1\">\n\t<td class=\"column-1\"><b>Servicios Cl\u00ednica iPhysio<\/b><\/td>\n<\/tr>\n<tr class=\"row-2\">\n\t<td class=\"column-1\"><a href=\"https:\/\/iphysio.es\/index.php\/nuestros-servicios\/fisioterapia-talavera-de-la-reina\/\">\u00b7 Fisioterapia<\/a><\/td>\n<\/tr>\n<tr class=\"row-3\">\n\t<td class=\"column-1\"><a href=\"https:\/\/iphysio.es\/index.php\/unidad-para-la-mujer-2\/\"> \u00b7 Unidad para la mujer<\/a><\/td>\n<\/tr>\n<tr class=\"row-4\">\n\t<td class=\"column-1\"><a href=\"https:\/\/iphysio.es\/index.php\/nuestros-servicios\/fisioterapia-talavera-de-la-reina\/colico-del-lactante\/\">\u00b7 C\u00f3lico del lactante<\/a><\/td>\n<\/tr>\n<tr class=\"row-5\">\n\t<td class=\"column-1\"><a href=\"https:\/\/iphysio.es\/index.php\/nuestros-servicios\/nutricion-y-dietetica-talavera\/\">\u00b7 Nutrici\u00f3n y Diet\u00e9tica<\/a><\/td>\n<\/tr>\n<tr class=\"row-6\">\n\t<td class=\"column-1\"><a href=\"https:\/\/iphysio.es\/index.php\/nuestros-servicios\/actividades-en-sala-cuidar-tu-cuerpo\/\">\u00b7 Pilates<\/a><\/td>\n<\/tr>\n<tr class=\"row-7\">\n\t<td class=\"column-1\"><a href=\"https:\/\/iphysio.es\/index.php\/entrenamiento-deportivo\/\">\u00b7 Preparaci\u00f3n f\u00edsica<\/a><\/td>\n<\/tr>\n<\/tbody>\n<\/table>\n<!-- #tablepress-14 from cache -->\n<\/div><\/div><\/div><\/div><\/div>\n<div class=\"su-row\"><div class=\"su-column su-column-size-3-5\"><div class=\"su-column-inner su-u-clearfix su-u-trim\"><iframe loading=\"lazy\" src=\"https:\/\/www.youtube.com\/embed\/0LN0RSRwDLs\" width=\"780\" height=\"400\" frameborder=\"0\" allowfullscreen=\"allowfullscreen\" data-mce-fragment=\"1\"><span data-mce-type=\"bookmark\" style=\"display: inline-block; width: 0px; overflow: hidden; line-height: 0;\" class=\"mce_SELRES_start\">\ufeff<\/span>&lt;\/i<\/iframe><\/div><\/div> <div class=\"su-column su-column-size-2-5\"><div class=\"su-column-inner su-u-clearfix su-u-trim\">\n<p>&nbsp;<\/p>\n<p><em>EPTE\u00ae Inertial Concept<\/em>\u00a0potencia la fase exc\u00e9ntrica del ejercicio. Como describen diversos estudios (Tous 2005, Caruso 2005), en esta fase conc\u00e9ntrica se produce un da\u00f1o muscular que facilita la adaptaci\u00f3n de la musculatura al movimiento o gesto que se este realizando.<\/p>\n<p><strong>Ahora se pueden prevenir posibles lesiones.<\/strong><\/p>\n<p>La doble polea del dispositivo permite trabajar en un entorno libre y por tanto imitar desde gestos deportivos a tareas del d\u00eda a d\u00eda.<\/p>\n<p>As\u00ed se involucran una gran cantidad de cadenas musculares, en miembros inferiores y superiores.<\/div><\/div><\/div>\n<p>Podremos ajustar el tipo de cargas, movimientos y potencia de trabajo en funci\u00f3n del tipo de lesi\u00f3n y trabajar la fase exc\u00e9ntrica del movimiento junto a la conc\u00e9ntrica. En consecuencia obtenemos mayor ganancia de fuerza y desarrollo de la musculaci\u00f3n.<\/p>\n<h4><div class=\"su-quote su-quote-style-default\"><div class=\"su-quote-inner su-u-clearfix su-u-trim\"><strong>AUMENTO DE LA FUERZA, RESISTENCIA Y POTENCIA MUSCULAR. RECUPERACIONES M\u00c1S R\u00c1PIDAS Y EFICACES.<\/strong><\/div><\/div><\/h4>\n<h4 style=\"text-align: left;\">Cl\u00ednica iPhysio:\u00a0 la formaci\u00f3n y el equipo m\u00e1s novedoso y completo del mercado para entrenamiento y prevenci\u00f3n con equipos isoinerciales, <a href=\"https:\/\/epteinertialconcept.com\/\" target=\"_blank\" rel=\"noopener\">EPTE Inertial Concept<\/a><\/h4>\n ","protected":false},"excerpt":{"rendered":"<p>ENTRENAMIENTO ISOINERCIAL Y EXC\u00c9NTRICO EPTE\u00ae Podremos ajustar el tipo de cargas, movimientos y potencia de trabajo en funci\u00f3n del tipo de lesi\u00f3n y trabajar la fase exc\u00e9ntrica del movimiento junto a la conc\u00e9ntrica. En consecuencia obtenemos mayor ganancia de fuerza y desarrollo de la musculaci\u00f3n. Cl\u00ednica iPhysio:\u00a0 la formaci\u00f3n y el equipo m\u00e1s novedoso y completo del mercado para entrenamiento y prevenci\u00f3n con equipos isoinerciales, EPTE Inertial Concept<\/p>\n","protected":false},"author":1,"featured_media":0,"parent":52,"menu_order":0,"comment_status":"closed","ping_status":"closed","template":"","meta":{"footnotes":"","_links_to":"","_links_to_target":""},"class_list":["post-188","page","type-page","status-publish","hentry"],"yoast_head":"<!-- This site is optimized with the Yoast SEO plugin v27.5 - https:\/\/yoast.com\/product\/yoast-seo-wordpress\/ -->\n<title>Entrenamiento Isoinercial y Exc\u00e9ntrico EPTE\u00ae | Cl\u00ednica iPhysio Therapy<\/title>\n<meta name=\"description\" content=\"El Entrenamiento Isoinercial y Exc\u00e9ntrico EPTE\u00ae en Cl\u00ednica iPhysio Therapy Talavera, trabaja una fase conc\u00e9ntrica a la que le sigue otra exc\u00e9ntrica.\" \/>\n<meta name=\"robots\" content=\"index, follow, max-snippet:-1, max-image-preview:large, max-video-preview:-1\" \/>\n<link rel=\"canonical\" href=\"https:\/\/iphysio.es\/index.php\/nuestros-servicios\/fisioterapia-talavera-de-la-reina\/entrenamiento-isoinercial-epte\/\" \/>\n<meta property=\"og:locale\" content=\"es_ES\" \/>\n<meta property=\"og:type\" content=\"article\" \/>\n<meta property=\"og:title\" content=\"Entrenamiento Isoinercial y Exc\u00e9ntrico EPTE\u00ae | Cl\u00ednica iPhysio Therapy\" \/>\n<meta property=\"og:description\" content=\"El Entrenamiento Isoinercial y Exc\u00e9ntrico EPTE\u00ae en Cl\u00ednica iPhysio Therapy Talavera, trabaja una fase conc\u00e9ntrica a la que le sigue otra exc\u00e9ntrica.\" \/>\n<meta property=\"og:url\" content=\"https:\/\/iphysio.es\/index.php\/nuestros-servicios\/fisioterapia-talavera-de-la-reina\/entrenamiento-isoinercial-epte\/\" \/>\n<meta property=\"og:site_name\" content=\"Cl\u00ednica iPhysio Therapy\" \/>\n<meta property=\"article:publisher\" content=\"https:\/\/www.facebook.com\/iPhysioTalavera\/\" \/>\n<meta property=\"article:modified_time\" content=\"2022-04-21T17:00:46+00:00\" \/>\n<meta name=\"twitter:card\" content=\"summary_large_image\" \/>\n<meta name=\"twitter:site\" content=\"@IphysioT\" \/>\n<meta name=\"twitter:label1\" content=\"Tiempo de lectura\" \/>\n\t<meta name=\"twitter:data1\" content=\"3 minutos\" \/>\n<script type=\"application\/ld+json\" class=\"yoast-schema-graph\">{\"@context\":\"https:\\\/\\\/schema.org\",\"@graph\":[{\"@type\":\"WebPage\",\"@id\":\"https:\\\/\\\/iphysio.es\\\/index.php\\\/nuestros-servicios\\\/fisioterapia-talavera-de-la-reina\\\/entrenamiento-isoinercial-epte\\\/\",\"url\":\"https:\\\/\\\/iphysio.es\\\/index.php\\\/nuestros-servicios\\\/fisioterapia-talavera-de-la-reina\\\/entrenamiento-isoinercial-epte\\\/\",\"name\":\"Entrenamiento Isoinercial y Exc\u00e9ntrico EPTE\u00ae | Cl\u00ednica iPhysio Therapy\",\"isPartOf\":{\"@id\":\"https:\\\/\\\/iphysio.es\\\/#website\"},\"datePublished\":\"2017-01-10T11:49:06+00:00\",\"dateModified\":\"2022-04-21T17:00:46+00:00\",\"description\":\"El Entrenamiento Isoinercial y Exc\u00e9ntrico EPTE\u00ae en Cl\u00ednica iPhysio Therapy Talavera, trabaja una fase conc\u00e9ntrica a la que le sigue otra exc\u00e9ntrica.\",\"breadcrumb\":{\"@id\":\"https:\\\/\\\/iphysio.es\\\/index.php\\\/nuestros-servicios\\\/fisioterapia-talavera-de-la-reina\\\/entrenamiento-isoinercial-epte\\\/#breadcrumb\"},\"inLanguage\":\"es\",\"potentialAction\":[{\"@type\":\"ReadAction\",\"target\":[\"https:\\\/\\\/iphysio.es\\\/index.php\\\/nuestros-servicios\\\/fisioterapia-talavera-de-la-reina\\\/entrenamiento-isoinercial-epte\\\/\"]}]},{\"@type\":\"BreadcrumbList\",\"@id\":\"https:\\\/\\\/iphysio.es\\\/index.php\\\/nuestros-servicios\\\/fisioterapia-talavera-de-la-reina\\\/entrenamiento-isoinercial-epte\\\/#breadcrumb\",\"itemListElement\":[{\"@type\":\"ListItem\",\"position\":1,\"name\":\"Portada\",\"item\":\"https:\\\/\\\/iphysio.es\\\/\"},{\"@type\":\"ListItem\",\"position\":2,\"name\":\"Nuestros servicios\",\"item\":\"https:\\\/\\\/iphysio.es\\\/index.php\\\/nuestros-servicios\\\/\"},{\"@type\":\"ListItem\",\"position\":3,\"name\":\"Fisioterapia\",\"item\":\"https:\\\/\\\/iphysio.es\\\/index.php\\\/nuestros-servicios\\\/fisioterapia-talavera-de-la-reina\\\/\"},{\"@type\":\"ListItem\",\"position\":4,\"name\":\"Entrenamiento Isoinercial y Exc\u00e9ntrico EPTE\u00ae\"}]},{\"@type\":\"WebSite\",\"@id\":\"https:\\\/\\\/iphysio.es\\\/#website\",\"url\":\"https:\\\/\\\/iphysio.es\\\/\",\"name\":\"Cl\u00ednica iPhysio Therapy\",\"description\":\"Fisioterapia, Nutrici\u00f3n y Diet\u00e9tica, Pilates, Hipopresivos, Lumbalgias, Cervicalgias, Esguinces, Biomec\u00e1nica\",\"publisher\":{\"@id\":\"https:\\\/\\\/iphysio.es\\\/#organization\"},\"potentialAction\":[{\"@type\":\"SearchAction\",\"target\":{\"@type\":\"EntryPoint\",\"urlTemplate\":\"https:\\\/\\\/iphysio.es\\\/?s={search_term_string}\"},\"query-input\":{\"@type\":\"PropertyValueSpecification\",\"valueRequired\":true,\"valueName\":\"search_term_string\"}}],\"inLanguage\":\"es\"},{\"@type\":\"Organization\",\"@id\":\"https:\\\/\\\/iphysio.es\\\/#organization\",\"name\":\"Fisiotalavera S.L.\",\"url\":\"https:\\\/\\\/iphysio.es\\\/\",\"logo\":{\"@type\":\"ImageObject\",\"inLanguage\":\"es\",\"@id\":\"https:\\\/\\\/iphysio.es\\\/#\\\/schema\\\/logo\\\/image\\\/\",\"url\":\"https:\\\/\\\/iphysio.es\\\/wp-content\\\/uploads\\\/2016\\\/11\\\/cropped-solologo.png\",\"contentUrl\":\"https:\\\/\\\/iphysio.es\\\/wp-content\\\/uploads\\\/2016\\\/11\\\/cropped-solologo.png\",\"width\":402,\"height\":428,\"caption\":\"Fisiotalavera S.L.\"},\"image\":{\"@id\":\"https:\\\/\\\/iphysio.es\\\/#\\\/schema\\\/logo\\\/image\\\/\"},\"sameAs\":[\"https:\\\/\\\/www.facebook.com\\\/iPhysioTalavera\\\/\",\"https:\\\/\\\/x.com\\\/IphysioT\"]}]}<\/script>\n<!-- \/ Yoast SEO plugin. -->","yoast_head_json":{"title":"Entrenamiento Isoinercial y Exc\u00e9ntrico EPTE\u00ae | Cl\u00ednica iPhysio Therapy","description":"El Entrenamiento Isoinercial y Exc\u00e9ntrico EPTE\u00ae en Cl\u00ednica iPhysio Therapy Talavera, trabaja una fase conc\u00e9ntrica a la que le sigue otra exc\u00e9ntrica.","robots":{"index":"index","follow":"follow","max-snippet":"max-snippet:-1","max-image-preview":"max-image-preview:large","max-video-preview":"max-video-preview:-1"},"canonical":"https:\/\/iphysio.es\/index.php\/nuestros-servicios\/fisioterapia-talavera-de-la-reina\/entrenamiento-isoinercial-epte\/","og_locale":"es_ES","og_type":"article","og_title":"Entrenamiento Isoinercial y Exc\u00e9ntrico EPTE\u00ae | Cl\u00ednica iPhysio Therapy","og_description":"El Entrenamiento Isoinercial y Exc\u00e9ntrico EPTE\u00ae en Cl\u00ednica iPhysio Therapy Talavera, trabaja una fase conc\u00e9ntrica a la que le sigue otra exc\u00e9ntrica.","og_url":"https:\/\/iphysio.es\/index.php\/nuestros-servicios\/fisioterapia-talavera-de-la-reina\/entrenamiento-isoinercial-epte\/","og_site_name":"Cl\u00ednica iPhysio Therapy","article_publisher":"https:\/\/www.facebook.com\/iPhysioTalavera\/","article_modified_time":"2022-04-21T17:00:46+00:00","twitter_card":"summary_large_image","twitter_site":"@IphysioT","twitter_misc":{"Tiempo de lectura":"3 minutos"},"schema":{"@context":"https:\/\/schema.org","@graph":[{"@type":"WebPage","@id":"https:\/\/iphysio.es\/index.php\/nuestros-servicios\/fisioterapia-talavera-de-la-reina\/entrenamiento-isoinercial-epte\/","url":"https:\/\/iphysio.es\/index.php\/nuestros-servicios\/fisioterapia-talavera-de-la-reina\/entrenamiento-isoinercial-epte\/","name":"Entrenamiento Isoinercial y Exc\u00e9ntrico EPTE\u00ae | Cl\u00ednica iPhysio Therapy","isPartOf":{"@id":"https:\/\/iphysio.es\/#website"},"datePublished":"2017-01-10T11:49:06+00:00","dateModified":"2022-04-21T17:00:46+00:00","description":"El Entrenamiento Isoinercial y Exc\u00e9ntrico EPTE\u00ae en Cl\u00ednica iPhysio Therapy Talavera, trabaja una fase conc\u00e9ntrica a la que le sigue otra exc\u00e9ntrica.","breadcrumb":{"@id":"https:\/\/iphysio.es\/index.php\/nuestros-servicios\/fisioterapia-talavera-de-la-reina\/entrenamiento-isoinercial-epte\/#breadcrumb"},"inLanguage":"es","potentialAction":[{"@type":"ReadAction","target":["https:\/\/iphysio.es\/index.php\/nuestros-servicios\/fisioterapia-talavera-de-la-reina\/entrenamiento-isoinercial-epte\/"]}]},{"@type":"BreadcrumbList","@id":"https:\/\/iphysio.es\/index.php\/nuestros-servicios\/fisioterapia-talavera-de-la-reina\/entrenamiento-isoinercial-epte\/#breadcrumb","itemListElement":[{"@type":"ListItem","position":1,"name":"Portada","item":"https:\/\/iphysio.es\/"},{"@type":"ListItem","position":2,"name":"Nuestros servicios","item":"https:\/\/iphysio.es\/index.php\/nuestros-servicios\/"},{"@type":"ListItem","position":3,"name":"Fisioterapia","item":"https:\/\/iphysio.es\/index.php\/nuestros-servicios\/fisioterapia-talavera-de-la-reina\/"},{"@type":"ListItem","position":4,"name":"Entrenamiento Isoinercial y Exc\u00e9ntrico EPTE\u00ae"}]},{"@type":"WebSite","@id":"https:\/\/iphysio.es\/#website","url":"https:\/\/iphysio.es\/","name":"Cl\u00ednica iPhysio Therapy","description":"Fisioterapia, Nutrici\u00f3n y Diet\u00e9tica, Pilates, Hipopresivos, Lumbalgias, Cervicalgias, Esguinces, Biomec\u00e1nica","publisher":{"@id":"https:\/\/iphysio.es\/#organization"},"potentialAction":[{"@type":"SearchAction","target":{"@type":"EntryPoint","urlTemplate":"https:\/\/iphysio.es\/?s={search_term_string}"},"query-input":{"@type":"PropertyValueSpecification","valueRequired":true,"valueName":"search_term_string"}}],"inLanguage":"es"},{"@type":"Organization","@id":"https:\/\/iphysio.es\/#organization","name":"Fisiotalavera S.L.","url":"https:\/\/iphysio.es\/","logo":{"@type":"ImageObject","inLanguage":"es","@id":"https:\/\/iphysio.es\/#\/schema\/logo\/image\/","url":"https:\/\/iphysio.es\/wp-content\/uploads\/2016\/11\/cropped-solologo.png","contentUrl":"https:\/\/iphysio.es\/wp-content\/uploads\/2016\/11\/cropped-solologo.png","width":402,"height":428,"caption":"Fisiotalavera S.L."},"image":{"@id":"https:\/\/iphysio.es\/#\/schema\/logo\/image\/"},"sameAs":["https:\/\/www.facebook.com\/iPhysioTalavera\/","https:\/\/x.com\/IphysioT"]}]}},"_links":{"self":[{"href":"https:\/\/iphysio.es\/index.php\/wp-json\/wp\/v2\/pages\/188","targetHints":{"allow":["GET"]}}],"collection":[{"href":"https:\/\/iphysio.es\/index.php\/wp-json\/wp\/v2\/pages"}],"about":[{"href":"https:\/\/iphysio.es\/index.php\/wp-json\/wp\/v2\/types\/page"}],"author":[{"embeddable":true,"href":"https:\/\/iphysio.es\/index.php\/wp-json\/wp\/v2\/users\/1"}],"replies":[{"embeddable":true,"href":"https:\/\/iphysio.es\/index.php\/wp-json\/wp\/v2\/comments?post=188"}],"version-history":[{"count":0,"href":"https:\/\/iphysio.es\/index.php\/wp-json\/wp\/v2\/pages\/188\/revisions"}],"up":[{"embeddable":true,"href":"https:\/\/iphysio.es\/index.php\/wp-json\/wp\/v2\/pages\/52"}],"wp:attachment":[{"href":"https:\/\/iphysio.es\/index.php\/wp-json\/wp\/v2\/media?parent=188"}],"curies":[{"name":"wp","href":"https:\/\/api.w.org\/{rel}","templated":true}]}}