{"id":191,"date":"2017-01-10T11:52:36","date_gmt":"2017-01-10T11:52:36","guid":{"rendered":"http:\/\/iphysio.es\/?page_id=191"},"modified":"2022-04-21T19:03:51","modified_gmt":"2022-04-21T17:03:51","slug":"electrolisis-percutanea-terapeutica-epte","status":"publish","type":"page","link":"https:\/\/iphysio.es\/index.php\/nuestros-servicios\/fisioterapia-talavera-de-la-reina\/electrolisis-percutanea-terapeutica-epte\/","title":{"rendered":"Electr\u00f3lisis Percut\u00e1nea Terap\u00e9utica EPTE\u00ae"},"content":{"rendered":"<h2 style=\"text-align: left;\"><strong>ELECTR\u00d3LISIS PERCUT\u00c1NEA TERAP\u00c9UTICA EPTE \u00ae<\/strong><\/h2>\n<hr \/>\n<div class=\"su-row\"><div class=\"su-column su-column-size-2-3\"><div class=\"su-column-inner su-u-clearfix su-u-trim\">\n<p style=\"text-align: left;\"><iframe loading=\"lazy\" src=\"https:\/\/www.youtube.com\/embed\/25BGBK_HW2k\" width=\"780\" height=\"400\" frameborder=\"0\" allowfullscreen=\"allowfullscreen\"><\/iframe><\/p>\n<p style=\"text-align: left;\">La Electr\u00f3lisis Percut\u00e1nea Terap\u00e9utica, EPTE \u00ae, es una t\u00e9cnica innovadora para la recuperaci\u00f3n de tendinopat\u00edas.<\/p>\n<p style=\"text-align: left;\">Consiste b\u00e1sicamente en la <strong>aplicaci\u00f3n de una <span id=\"su_tooltip_6a01d236e5e61_button\" class=\"su-tooltip-button su-tooltip-button-outline-yes\" aria-describedby=\"su_tooltip_6a01d236e5e61\" data-settings='{\"position\":\"top\",\"behavior\":\"hover\",\"hideDelay\":0}' tabindex=\"0\"><span style=\"color: #ff9900;\">corriente galv\u00e1nica<\/span><\/span><span style=\"display:none;z-index:100\" id=\"su_tooltip_6a01d236e5e61\" class=\"su-tooltip\" role=\"tooltip\"><span class=\"su-tooltip-inner su-tooltip-shadow-no\" style=\"z-index:100;background:#FFFFFF;color:#454545;font-size:14px;border-radius:5px;text-align:left;max-width:300px;line-height:1.25\"><span class=\"su-tooltip-title\">CORRIENTE GALV\u00c1NICA<\/span><span class=\"su-tooltip-content su-u-trim\">Corriente de bajo voltaje, que es constante durante todo el periodo de tratamiento. <\/span><\/span><span id=\"su_tooltip_6a01d236e5e61_arrow\" class=\"su-tooltip-arrow\" style=\"z-index:100;background:#FFFFFF\" data-popper-arrow><\/span><\/span><\/strong><strong>\u00a0mediante una aguja de acupuntura<\/strong>, a fin de acceder as\u00ed al tejido blando da\u00f1ado y recuperarlo r\u00e1pidamente.<\/p>\n<p style=\"text-align: left;\">Efectiva y r\u00e1pida, a diferencia de otros tratamientos es pr\u00e1cticamente INDOLORA para el paciente.<\/p>\n<p>Porque la circulaci\u00f3n de esa corriente genera una descomposici\u00f3n de los tejidos en su sustancias b\u00e1sicas (electrolisis).<\/p>\n<p>Tambi\u00e9n se produce un calentamiento, porque al chocar los electrones en circulaci\u00f3n con los \u00e1tomos del material conductor (electrolito), la energ\u00eda cin\u00e9tica de los primeros se transforma en calor. En consecuencia se eleva\u00a0su temperatura.<\/p>\n<p>Con la aplicaci\u00f3n de <a href=\"https:\/\/epteinertialconcept.com\/\" target=\"_blank\" rel=\"noopener\">EPTE \u00ae<\/a> y, gracias a su modulador de intensidad (mA\/cm2), producimos un est\u00edmulo el\u00e9ctrico que provoca la destrucci\u00f3n del tejido blando degenerado, adem\u00e1s de una respuesta inflamatoria (necesaria para toda reparaci\u00f3n), aunque el tejido sano no se ve afectado.<\/p>\n<p>En efecto, gracias a EPTE \u00ae y a sus variables de baja intensidad, podemos tratar los tejidos blandos para conseguir excelentes resultados y\u00a0<strong>sin que el paciente experimente dolor<\/strong>.<\/div><\/div>\n<div class=\"su-column su-column-size-1-3\"><div class=\"su-column-inner su-u-clearfix su-u-trim\">\n<div class=\"su-note\"  style=\"border-color:#d8d8d8;border-radius:2px;-moz-border-radius:2px;-webkit-border-radius:2px;\"><div class=\"su-note-inner su-u-clearfix su-u-trim\" style=\"background-color:#f2f2f2;border-color:#ffffff;color:#3c3c3c;border-radius:2px;-moz-border-radius:2px;-webkit-border-radius:2px;\">\n<h3>Servicios de fisioterapia<\/h3>\n\n<table id=\"tablepress-4\" class=\"tablepress tablepress-id-4\">\n<tbody class=\"row-hover\">\n<tr class=\"row-1\">\n\t<td class=\"column-1\">Fisioterapia cl\u00ednica<\/td>\n<\/tr>\n<tr class=\"row-2\">\n\t<td class=\"column-1\"><a href=\"https:\/\/iphysio.es\/index.php\/nuestros-servicios\/fisioterapia-talavera-de-la-reina\/fisioterapia-deportiva\/\">Fisioterapia Deportiva\u00a0<\/a><\/td>\n<\/tr>\n<tr class=\"row-3\">\n\t<td class=\"column-1\"><a href=\"https:\/\/iphysio.es\/index.php\/ecografia-musculoesqueletica\/\">Ecograf\u00eda Musculoesquel\u00e9tica<\/a><\/td>\n<\/tr>\n<tr class=\"row-4\">\n\t<td class=\"column-1\"><a href=\"https:\/\/iphysio.es\/index.php\/nuestros-servicios\/fisioterapia-talavera-de-la-reina\/especialistas-en-atm-articulacion-temporo-mandibular-bruxismo-talavera\/\">Articulaci\u00f3n Temporo Mandibular <\/a><\/td>\n<\/tr>\n<tr class=\"row-5\">\n\t<td class=\"column-1\"><a href=\"https:\/\/iphysio.es\/index.php\/nuestros-servicios\/fisioterapia-talavera-de-la-reina\/puncion-seca-pgm\/\">Punci\u00f3n Seca PGM<\/a><\/td>\n<\/tr>\n<tr class=\"row-6\">\n\t<td class=\"column-1\"><a href=\"https:\/\/iphysio.es\/index.php\/diastasis-abdominal\/\">Di\u00e1stasis abdominal<\/a><\/td>\n<\/tr>\n<tr class=\"row-7\">\n\t<td class=\"column-1\"><a href=\"https:\/\/iphysio.es\/index.php\/nuestros-servicios\/fisioterapia-talavera-de-la-reina\/vendaje-neuromuscular\/\">Vendaje Neuromuscular<\/a><\/td>\n<\/tr>\n<tr class=\"row-8\">\n\t<td class=\"column-1\"><a href=\"https:\/\/iphysio.es\/index.php\/nuestros-servicios\/fisioterapia-talavera-de-la-reina\/colico-del-lactante\/\">C\u00f3lico del lactante <\/a><\/td>\n<\/tr>\n<tr class=\"row-9\">\n\t<td class=\"column-1\"><a href=\"https:\/\/iphysio.es\/index.php\/nuestros-servicios\/fisioterapia-talavera-de-la-reina\/fibrolisis-instrumental-ganchos\/\">Fibrolisis Instrumental (Ganchos)<\/a><\/td>\n<\/tr>\n<tr class=\"row-10\">\n\t<td class=\"column-1\"><a href=\"https:\/\/iphysio.es\/index.php\/nuestros-servicios\/fisioterapia-talavera-de-la-reina\/fisioterapia-traumatologica-y-reumatologica\/\">Fisioterapia en Traumatolog\u00eda y Reumatolog\u00eda<\/a><\/td>\n<\/tr>\n<tr class=\"row-11\">\n\t<td class=\"column-1\"><a href=\"https:\/\/iphysio.es\/index.php\/nuestros-servicios\/fisioterapia-talavera-de-la-reina\/entrenamiento-isoinercial-epte\/\">Entrenamiento Isoinercial y Exc\u00e9ntrico EPTE\u00ae<\/a><\/td>\n<\/tr>\n<tr class=\"row-12\">\n\t<td class=\"column-1\"><a href=\"https:\/\/iphysio.es\/index.php\/nuestros-servicios\/fisioterapia-talavera-de-la-reina\/electrolisis-percutanea-terapeutica-epte\/\">Electrolisis Percut\u00e1nea Terap\u00e9utica EPTE\u00ae<\/a><\/td>\n<\/tr>\n<\/tbody>\n<\/table>\n<!-- #tablepress-4 from cache --><\/div><\/div>\n<div class=\"su-note\"  style=\"border-color:#d8d8d8;border-radius:2px;-moz-border-radius:2px;-webkit-border-radius:2px;\"><div class=\"su-note-inner su-u-clearfix su-u-trim\" style=\"background-color:#f2f2f2;border-color:#ffffff;color:#3c3c3c;border-radius:2px;-moz-border-radius:2px;-webkit-border-radius:2px;\">\n<div class=\"su-service\"><div class=\"su-service-title\" style=\"padding-left:32px;min-height:18px;line-height:18px\"><i class=\"sui sui-star\" style=\"font-size:18px;color:#348dc1\"><\/i> Bonos y tarjetas-regalo<\/div><div class=\"su-service-content su-u-clearfix su-u-trim\" style=\"padding-left:32px\">Tambi\u00e9n puedes regalar salud:\u00a0<a href=\"https:\/\/iphysio.es\/index.php\/bonos-iphysio\/\" target=\"_blank\" rel=\"noopener\">m\u00e1s informaci\u00f3n<\/a><\/div><\/div><\/div><\/div>\n<div class=\"su-note\"  style=\"border-color:#d8d8d8;border-radius:2px;-moz-border-radius:2px;-webkit-border-radius:2px;\"><div class=\"su-note-inner su-u-clearfix su-u-trim\" style=\"background-color:#f2f2f2;border-color:#ffffff;color:#3c3c3c;border-radius:2px;-moz-border-radius:2px;-webkit-border-radius:2px;\">\n\n<table id=\"tablepress-14\" class=\"tablepress tablepress-id-14\">\n<tbody class=\"row-hover\">\n<tr class=\"row-1\">\n\t<td class=\"column-1\"><b>Servicios Cl\u00ednica iPhysio<\/b><\/td>\n<\/tr>\n<tr class=\"row-2\">\n\t<td class=\"column-1\"><a href=\"https:\/\/iphysio.es\/index.php\/nuestros-servicios\/fisioterapia-talavera-de-la-reina\/\">\u00b7 Fisioterapia<\/a><\/td>\n<\/tr>\n<tr class=\"row-3\">\n\t<td class=\"column-1\"><a href=\"https:\/\/iphysio.es\/index.php\/unidad-para-la-mujer-2\/\"> \u00b7 Unidad para la mujer<\/a><\/td>\n<\/tr>\n<tr class=\"row-4\">\n\t<td class=\"column-1\"><a href=\"https:\/\/iphysio.es\/index.php\/nuestros-servicios\/fisioterapia-talavera-de-la-reina\/colico-del-lactante\/\">\u00b7 C\u00f3lico del lactante<\/a><\/td>\n<\/tr>\n<tr class=\"row-5\">\n\t<td class=\"column-1\"><a href=\"https:\/\/iphysio.es\/index.php\/nuestros-servicios\/nutricion-y-dietetica-talavera\/\">\u00b7 Nutrici\u00f3n y Diet\u00e9tica<\/a><\/td>\n<\/tr>\n<tr class=\"row-6\">\n\t<td class=\"column-1\"><a href=\"https:\/\/iphysio.es\/index.php\/nuestros-servicios\/actividades-en-sala-cuidar-tu-cuerpo\/\">\u00b7 Pilates<\/a><\/td>\n<\/tr>\n<tr class=\"row-7\">\n\t<td class=\"column-1\"><a href=\"https:\/\/iphysio.es\/index.php\/entrenamiento-deportivo\/\">\u00b7 Preparaci\u00f3n f\u00edsica<\/a><\/td>\n<\/tr>\n<\/tbody>\n<\/table>\n<!-- #tablepress-14 from cache -->\n<\/div><\/div><\/div><\/div><\/div>\n<p><img loading=\"lazy\" decoding=\"async\" class=\"wp-image-4525 alignleft\" title=\"Electrolisis Percut\u00e1nea EPTE\" src=\"https:\/\/iphysio.es\/wp-content\/uploads\/2019\/05\/epte.png\" alt=\"Electrolisis Percut\u00e1nea EPTE\" width=\"456\" height=\"261\" srcset=\"https:\/\/iphysio.es\/wp-content\/uploads\/2019\/05\/epte.png 770w, https:\/\/iphysio.es\/wp-content\/uploads\/2019\/05\/epte-300x172.png 300w, https:\/\/iphysio.es\/wp-content\/uploads\/2019\/05\/epte-768x440.png 768w\" sizes=\"auto, (max-width: 456px) 100vw, 456px\" \/><\/p>\n<p>En resumen: la Electr\u00f3lisis Percut\u00e1nea Terap\u00e9utica se utiliza y es <strong>efectiva para el tratamiento<\/strong> de tendinopat\u00edas para <strong>todo tipo de pacientes.<\/strong>\u00a0Y por supuesto sin un perfil exclusivo: deportistas de \u00e9lite o aficionados, as\u00ed como personas con h\u00e1bitos de vida sedentarios.<\/p>\n<ul>\n<li>T\u00e9cnica indolora<\/li>\n<li>Recuperaci\u00f3n r\u00e1pida de tendinopat\u00edas<\/li>\n<li>T\u00e9cnica con efectividad cercana al 100%<\/li>\n<\/ul>\n<h4>T\u00e9cnica innovadora para la recuperaci\u00f3n de tendinopat\u00edas: efectiva,\u00a0 r\u00e1pida y pr\u00e1cticamente INDOLORA<strong>.<\/strong><\/h4>\n ","protected":false},"excerpt":{"rendered":"<p>ELECTR\u00d3LISIS PERCUT\u00c1NEA TERAP\u00c9UTICA EPTE \u00ae En resumen: la Electr\u00f3lisis Percut\u00e1nea Terap\u00e9utica se utiliza y es efectiva para el tratamiento de tendinopat\u00edas para todo tipo de pacientes.\u00a0Y por supuesto sin un perfil exclusivo: deportistas de \u00e9lite o aficionados, as\u00ed como personas con h\u00e1bitos de vida sedentarios. T\u00e9cnica indolora Recuperaci\u00f3n r\u00e1pida de tendinopat\u00edas T\u00e9cnica con efectividad cercana al 100% T\u00e9cnica innovadora para la recuperaci\u00f3n de tendinopat\u00edas: efectiva,\u00a0 r\u00e1pida y pr\u00e1cticamente INDOLORA.<\/p>\n","protected":false},"author":1,"featured_media":0,"parent":52,"menu_order":0,"comment_status":"closed","ping_status":"closed","template":"","meta":{"footnotes":"","_links_to":"","_links_to_target":""},"class_list":["post-191","page","type-page","status-publish","hentry"],"yoast_head":"<!-- This site is optimized with the Yoast SEO plugin v27.5 - https:\/\/yoast.com\/product\/yoast-seo-wordpress\/ -->\n<title>EPTE \u00ae, Electr\u00f3lisis Percut\u00e1nea Terap\u00e9utica | Cl\u00ednica iPhysio Therapy<\/title>\n<meta name=\"description\" content=\"EPTE \u00ae Electr\u00f3lisis Percut\u00e1nea Terap\u00e9utica. T\u00e9cnica innovadora para la recuperaci\u00f3n de tendinopat\u00edas. Efectiva, r\u00e1pida, casi indolora para el paciente.\" \/>\n<meta name=\"robots\" content=\"index, follow, max-snippet:-1, max-image-preview:large, max-video-preview:-1\" \/>\n<link rel=\"canonical\" href=\"https:\/\/iphysio.es\/index.php\/nuestros-servicios\/fisioterapia-talavera-de-la-reina\/electrolisis-percutanea-terapeutica-epte\/\" \/>\n<meta property=\"og:locale\" content=\"es_ES\" \/>\n<meta property=\"og:type\" content=\"article\" \/>\n<meta property=\"og:title\" content=\"EPTE \u00ae, Electr\u00f3lisis Percut\u00e1nea Terap\u00e9utica | Cl\u00ednica iPhysio Therapy\" \/>\n<meta property=\"og:description\" content=\"EPTE \u00ae Electr\u00f3lisis Percut\u00e1nea Terap\u00e9utica. T\u00e9cnica innovadora para la recuperaci\u00f3n de tendinopat\u00edas. Efectiva, r\u00e1pida, casi indolora para el paciente.\" \/>\n<meta property=\"og:url\" content=\"https:\/\/iphysio.es\/index.php\/nuestros-servicios\/fisioterapia-talavera-de-la-reina\/electrolisis-percutanea-terapeutica-epte\/\" \/>\n<meta property=\"og:site_name\" content=\"Cl\u00ednica iPhysio Therapy\" \/>\n<meta property=\"article:publisher\" content=\"https:\/\/www.facebook.com\/iPhysioTalavera\/\" \/>\n<meta property=\"article:modified_time\" content=\"2022-04-21T17:03:51+00:00\" \/>\n<meta property=\"og:image\" content=\"https:\/\/iphysio.es\/wp-content\/uploads\/2019\/05\/epte.png\" \/>\n<meta name=\"twitter:card\" content=\"summary_large_image\" \/>\n<meta name=\"twitter:site\" content=\"@IphysioT\" \/>\n<meta name=\"twitter:label1\" content=\"Tiempo de lectura\" \/>\n\t<meta name=\"twitter:data1\" content=\"2 minutos\" \/>\n<script type=\"application\/ld+json\" class=\"yoast-schema-graph\">{\"@context\":\"https:\\\/\\\/schema.org\",\"@graph\":[{\"@type\":\"WebPage\",\"@id\":\"https:\\\/\\\/iphysio.es\\\/index.php\\\/nuestros-servicios\\\/fisioterapia-talavera-de-la-reina\\\/electrolisis-percutanea-terapeutica-epte\\\/\",\"url\":\"https:\\\/\\\/iphysio.es\\\/index.php\\\/nuestros-servicios\\\/fisioterapia-talavera-de-la-reina\\\/electrolisis-percutanea-terapeutica-epte\\\/\",\"name\":\"EPTE \u00ae, Electr\u00f3lisis Percut\u00e1nea Terap\u00e9utica | Cl\u00ednica iPhysio Therapy\",\"isPartOf\":{\"@id\":\"https:\\\/\\\/iphysio.es\\\/#website\"},\"primaryImageOfPage\":{\"@id\":\"https:\\\/\\\/iphysio.es\\\/index.php\\\/nuestros-servicios\\\/fisioterapia-talavera-de-la-reina\\\/electrolisis-percutanea-terapeutica-epte\\\/#primaryimage\"},\"image\":{\"@id\":\"https:\\\/\\\/iphysio.es\\\/index.php\\\/nuestros-servicios\\\/fisioterapia-talavera-de-la-reina\\\/electrolisis-percutanea-terapeutica-epte\\\/#primaryimage\"},\"thumbnailUrl\":\"https:\\\/\\\/iphysio.es\\\/wp-content\\\/uploads\\\/2019\\\/05\\\/epte.png\",\"datePublished\":\"2017-01-10T11:52:36+00:00\",\"dateModified\":\"2022-04-21T17:03:51+00:00\",\"description\":\"EPTE \u00ae Electr\u00f3lisis Percut\u00e1nea Terap\u00e9utica. T\u00e9cnica innovadora para la recuperaci\u00f3n de tendinopat\u00edas. Efectiva, r\u00e1pida, casi indolora para el paciente.\",\"breadcrumb\":{\"@id\":\"https:\\\/\\\/iphysio.es\\\/index.php\\\/nuestros-servicios\\\/fisioterapia-talavera-de-la-reina\\\/electrolisis-percutanea-terapeutica-epte\\\/#breadcrumb\"},\"inLanguage\":\"es\",\"potentialAction\":[{\"@type\":\"ReadAction\",\"target\":[\"https:\\\/\\\/iphysio.es\\\/index.php\\\/nuestros-servicios\\\/fisioterapia-talavera-de-la-reina\\\/electrolisis-percutanea-terapeutica-epte\\\/\"]}]},{\"@type\":\"ImageObject\",\"inLanguage\":\"es\",\"@id\":\"https:\\\/\\\/iphysio.es\\\/index.php\\\/nuestros-servicios\\\/fisioterapia-talavera-de-la-reina\\\/electrolisis-percutanea-terapeutica-epte\\\/#primaryimage\",\"url\":\"https:\\\/\\\/iphysio.es\\\/wp-content\\\/uploads\\\/2019\\\/05\\\/epte.png\",\"contentUrl\":\"https:\\\/\\\/iphysio.es\\\/wp-content\\\/uploads\\\/2019\\\/05\\\/epte.png\",\"width\":770,\"height\":441},{\"@type\":\"BreadcrumbList\",\"@id\":\"https:\\\/\\\/iphysio.es\\\/index.php\\\/nuestros-servicios\\\/fisioterapia-talavera-de-la-reina\\\/electrolisis-percutanea-terapeutica-epte\\\/#breadcrumb\",\"itemListElement\":[{\"@type\":\"ListItem\",\"position\":1,\"name\":\"Portada\",\"item\":\"https:\\\/\\\/iphysio.es\\\/\"},{\"@type\":\"ListItem\",\"position\":2,\"name\":\"Nuestros servicios\",\"item\":\"https:\\\/\\\/iphysio.es\\\/index.php\\\/nuestros-servicios\\\/\"},{\"@type\":\"ListItem\",\"position\":3,\"name\":\"Fisioterapia\",\"item\":\"https:\\\/\\\/iphysio.es\\\/index.php\\\/nuestros-servicios\\\/fisioterapia-talavera-de-la-reina\\\/\"},{\"@type\":\"ListItem\",\"position\":4,\"name\":\"Electr\u00f3lisis Percut\u00e1nea Terap\u00e9utica EPTE\u00ae\"}]},{\"@type\":\"WebSite\",\"@id\":\"https:\\\/\\\/iphysio.es\\\/#website\",\"url\":\"https:\\\/\\\/iphysio.es\\\/\",\"name\":\"Cl\u00ednica iPhysio Therapy\",\"description\":\"Fisioterapia, Nutrici\u00f3n y Diet\u00e9tica, Pilates, Hipopresivos, Lumbalgias, Cervicalgias, Esguinces, Biomec\u00e1nica\",\"publisher\":{\"@id\":\"https:\\\/\\\/iphysio.es\\\/#organization\"},\"potentialAction\":[{\"@type\":\"SearchAction\",\"target\":{\"@type\":\"EntryPoint\",\"urlTemplate\":\"https:\\\/\\\/iphysio.es\\\/?s={search_term_string}\"},\"query-input\":{\"@type\":\"PropertyValueSpecification\",\"valueRequired\":true,\"valueName\":\"search_term_string\"}}],\"inLanguage\":\"es\"},{\"@type\":\"Organization\",\"@id\":\"https:\\\/\\\/iphysio.es\\\/#organization\",\"name\":\"Fisiotalavera S.L.\",\"url\":\"https:\\\/\\\/iphysio.es\\\/\",\"logo\":{\"@type\":\"ImageObject\",\"inLanguage\":\"es\",\"@id\":\"https:\\\/\\\/iphysio.es\\\/#\\\/schema\\\/logo\\\/image\\\/\",\"url\":\"https:\\\/\\\/iphysio.es\\\/wp-content\\\/uploads\\\/2016\\\/11\\\/cropped-solologo.png\",\"contentUrl\":\"https:\\\/\\\/iphysio.es\\\/wp-content\\\/uploads\\\/2016\\\/11\\\/cropped-solologo.png\",\"width\":402,\"height\":428,\"caption\":\"Fisiotalavera S.L.\"},\"image\":{\"@id\":\"https:\\\/\\\/iphysio.es\\\/#\\\/schema\\\/logo\\\/image\\\/\"},\"sameAs\":[\"https:\\\/\\\/www.facebook.com\\\/iPhysioTalavera\\\/\",\"https:\\\/\\\/x.com\\\/IphysioT\"]}]}<\/script>\n<!-- \/ Yoast SEO plugin. -->","yoast_head_json":{"title":"EPTE \u00ae, Electr\u00f3lisis Percut\u00e1nea Terap\u00e9utica | Cl\u00ednica iPhysio Therapy","description":"EPTE \u00ae Electr\u00f3lisis Percut\u00e1nea Terap\u00e9utica. T\u00e9cnica innovadora para la recuperaci\u00f3n de tendinopat\u00edas. Efectiva, r\u00e1pida, casi indolora para el paciente.","robots":{"index":"index","follow":"follow","max-snippet":"max-snippet:-1","max-image-preview":"max-image-preview:large","max-video-preview":"max-video-preview:-1"},"canonical":"https:\/\/iphysio.es\/index.php\/nuestros-servicios\/fisioterapia-talavera-de-la-reina\/electrolisis-percutanea-terapeutica-epte\/","og_locale":"es_ES","og_type":"article","og_title":"EPTE \u00ae, Electr\u00f3lisis Percut\u00e1nea Terap\u00e9utica | Cl\u00ednica iPhysio Therapy","og_description":"EPTE \u00ae Electr\u00f3lisis Percut\u00e1nea Terap\u00e9utica. T\u00e9cnica innovadora para la recuperaci\u00f3n de tendinopat\u00edas. Efectiva, r\u00e1pida, casi indolora para el paciente.","og_url":"https:\/\/iphysio.es\/index.php\/nuestros-servicios\/fisioterapia-talavera-de-la-reina\/electrolisis-percutanea-terapeutica-epte\/","og_site_name":"Cl\u00ednica iPhysio Therapy","article_publisher":"https:\/\/www.facebook.com\/iPhysioTalavera\/","article_modified_time":"2022-04-21T17:03:51+00:00","og_image":[{"url":"https:\/\/iphysio.es\/wp-content\/uploads\/2019\/05\/epte.png","type":"","width":"","height":""}],"twitter_card":"summary_large_image","twitter_site":"@IphysioT","twitter_misc":{"Tiempo de lectura":"2 minutos"},"schema":{"@context":"https:\/\/schema.org","@graph":[{"@type":"WebPage","@id":"https:\/\/iphysio.es\/index.php\/nuestros-servicios\/fisioterapia-talavera-de-la-reina\/electrolisis-percutanea-terapeutica-epte\/","url":"https:\/\/iphysio.es\/index.php\/nuestros-servicios\/fisioterapia-talavera-de-la-reina\/electrolisis-percutanea-terapeutica-epte\/","name":"EPTE \u00ae, Electr\u00f3lisis Percut\u00e1nea Terap\u00e9utica | Cl\u00ednica iPhysio Therapy","isPartOf":{"@id":"https:\/\/iphysio.es\/#website"},"primaryImageOfPage":{"@id":"https:\/\/iphysio.es\/index.php\/nuestros-servicios\/fisioterapia-talavera-de-la-reina\/electrolisis-percutanea-terapeutica-epte\/#primaryimage"},"image":{"@id":"https:\/\/iphysio.es\/index.php\/nuestros-servicios\/fisioterapia-talavera-de-la-reina\/electrolisis-percutanea-terapeutica-epte\/#primaryimage"},"thumbnailUrl":"https:\/\/iphysio.es\/wp-content\/uploads\/2019\/05\/epte.png","datePublished":"2017-01-10T11:52:36+00:00","dateModified":"2022-04-21T17:03:51+00:00","description":"EPTE \u00ae Electr\u00f3lisis Percut\u00e1nea Terap\u00e9utica. T\u00e9cnica innovadora para la recuperaci\u00f3n de tendinopat\u00edas. Efectiva, r\u00e1pida, casi indolora para el paciente.","breadcrumb":{"@id":"https:\/\/iphysio.es\/index.php\/nuestros-servicios\/fisioterapia-talavera-de-la-reina\/electrolisis-percutanea-terapeutica-epte\/#breadcrumb"},"inLanguage":"es","potentialAction":[{"@type":"ReadAction","target":["https:\/\/iphysio.es\/index.php\/nuestros-servicios\/fisioterapia-talavera-de-la-reina\/electrolisis-percutanea-terapeutica-epte\/"]}]},{"@type":"ImageObject","inLanguage":"es","@id":"https:\/\/iphysio.es\/index.php\/nuestros-servicios\/fisioterapia-talavera-de-la-reina\/electrolisis-percutanea-terapeutica-epte\/#primaryimage","url":"https:\/\/iphysio.es\/wp-content\/uploads\/2019\/05\/epte.png","contentUrl":"https:\/\/iphysio.es\/wp-content\/uploads\/2019\/05\/epte.png","width":770,"height":441},{"@type":"BreadcrumbList","@id":"https:\/\/iphysio.es\/index.php\/nuestros-servicios\/fisioterapia-talavera-de-la-reina\/electrolisis-percutanea-terapeutica-epte\/#breadcrumb","itemListElement":[{"@type":"ListItem","position":1,"name":"Portada","item":"https:\/\/iphysio.es\/"},{"@type":"ListItem","position":2,"name":"Nuestros servicios","item":"https:\/\/iphysio.es\/index.php\/nuestros-servicios\/"},{"@type":"ListItem","position":3,"name":"Fisioterapia","item":"https:\/\/iphysio.es\/index.php\/nuestros-servicios\/fisioterapia-talavera-de-la-reina\/"},{"@type":"ListItem","position":4,"name":"Electr\u00f3lisis Percut\u00e1nea Terap\u00e9utica EPTE\u00ae"}]},{"@type":"WebSite","@id":"https:\/\/iphysio.es\/#website","url":"https:\/\/iphysio.es\/","name":"Cl\u00ednica iPhysio Therapy","description":"Fisioterapia, Nutrici\u00f3n y Diet\u00e9tica, Pilates, Hipopresivos, Lumbalgias, Cervicalgias, Esguinces, Biomec\u00e1nica","publisher":{"@id":"https:\/\/iphysio.es\/#organization"},"potentialAction":[{"@type":"SearchAction","target":{"@type":"EntryPoint","urlTemplate":"https:\/\/iphysio.es\/?s={search_term_string}"},"query-input":{"@type":"PropertyValueSpecification","valueRequired":true,"valueName":"search_term_string"}}],"inLanguage":"es"},{"@type":"Organization","@id":"https:\/\/iphysio.es\/#organization","name":"Fisiotalavera S.L.","url":"https:\/\/iphysio.es\/","logo":{"@type":"ImageObject","inLanguage":"es","@id":"https:\/\/iphysio.es\/#\/schema\/logo\/image\/","url":"https:\/\/iphysio.es\/wp-content\/uploads\/2016\/11\/cropped-solologo.png","contentUrl":"https:\/\/iphysio.es\/wp-content\/uploads\/2016\/11\/cropped-solologo.png","width":402,"height":428,"caption":"Fisiotalavera S.L."},"image":{"@id":"https:\/\/iphysio.es\/#\/schema\/logo\/image\/"},"sameAs":["https:\/\/www.facebook.com\/iPhysioTalavera\/","https:\/\/x.com\/IphysioT"]}]}},"_links":{"self":[{"href":"https:\/\/iphysio.es\/index.php\/wp-json\/wp\/v2\/pages\/191","targetHints":{"allow":["GET"]}}],"collection":[{"href":"https:\/\/iphysio.es\/index.php\/wp-json\/wp\/v2\/pages"}],"about":[{"href":"https:\/\/iphysio.es\/index.php\/wp-json\/wp\/v2\/types\/page"}],"author":[{"embeddable":true,"href":"https:\/\/iphysio.es\/index.php\/wp-json\/wp\/v2\/users\/1"}],"replies":[{"embeddable":true,"href":"https:\/\/iphysio.es\/index.php\/wp-json\/wp\/v2\/comments?post=191"}],"version-history":[{"count":0,"href":"https:\/\/iphysio.es\/index.php\/wp-json\/wp\/v2\/pages\/191\/revisions"}],"up":[{"embeddable":true,"href":"https:\/\/iphysio.es\/index.php\/wp-json\/wp\/v2\/pages\/52"}],"wp:attachment":[{"href":"https:\/\/iphysio.es\/index.php\/wp-json\/wp\/v2\/media?parent=191"}],"curies":[{"name":"wp","href":"https:\/\/api.w.org\/{rel}","templated":true}]}}