{"id":210,"date":"2017-01-25T11:04:44","date_gmt":"2017-01-25T11:04:44","guid":{"rendered":"http:\/\/iphysio.es\/?page_id=210"},"modified":"2022-05-03T11:04:44","modified_gmt":"2022-05-03T09:04:44","slug":"veganismo-y-vegetarianismo","status":"publish","type":"page","link":"https:\/\/iphysio.es\/index.php\/nuestros-servicios\/nutricion-y-dietetica-talavera\/veganismo-y-vegetarianismo\/","title":{"rendered":"Veganismo y vegetarianismo"},"content":{"rendered":"<h2 style=\"text-align: left;\"><strong>VEGANISMO Y VEGETARIANISMO<\/strong><\/h2>\n<h4>Cada vez m\u00e1s extendidos, por razones \u00e9ticas, ambientales y\/o diet\u00e9ticas<\/h4>\n<p style=\"text-align: left;\"><div class=\"su-row\"><div class=\"su-column su-column-size-2-3\"><div class=\"su-column-inner su-u-clearfix su-u-trim\">\n<p><img loading=\"lazy\" decoding=\"async\" class=\"aligncenter wp-image-2625 size-full\" title=\"veganismo\" src=\"https:\/\/iphysio.es\/wp-content\/uploads\/2018\/09\/vegano-vegetariano.jpg\" alt=\"Veganismo\" width=\"1350\" height=\"900\" srcset=\"https:\/\/iphysio.es\/wp-content\/uploads\/2018\/09\/vegano-vegetariano.jpg 1350w, https:\/\/iphysio.es\/wp-content\/uploads\/2018\/09\/vegano-vegetariano-300x200.jpg 300w, https:\/\/iphysio.es\/wp-content\/uploads\/2018\/09\/vegano-vegetariano-768x512.jpg 768w, https:\/\/iphysio.es\/wp-content\/uploads\/2018\/09\/vegano-vegetariano-1024x683.jpg 1024w, https:\/\/iphysio.es\/wp-content\/uploads\/2018\/09\/vegano-vegetariano-600x400.jpg 600w\" sizes=\"auto, (max-width: 1350px) 100vw, 1350px\" \/><\/p>\n<p>El t\u00e9rmino \u00abvegano\u00bb fue acu\u00f1ado por Donald Watson en 1944, para referirse al vegetarismo que a\u00f1ad\u00eda los l\u00e1cteos a la lista de productos que no consume un vegetariano (ni carne, ni pescado ni marisco). Pero hoy en d\u00eda, el t\u00e9rmino \u00ab<strong>vegano<\/strong>\u00bb implica no consumir <strong>nada de origen animal<\/strong>\u00a0(no solo l\u00e1cteos), como por ejemplo la miel, los huevos, &#8230;<\/p>\n<h4><div class=\"su-quote su-quote-style-default\"><div class=\"su-quote-inner su-u-clearfix su-u-trim\"><strong>La primera asociaci\u00f3n vegetariana del mundo, la Vegetarian Society, se fund\u00f3 en Manchester el 30 de septiembre de 1847<\/strong><\/div><\/div><\/h4>\n<p>A principios de este s.XXI se ha incrementado notablemente el inter\u00e9s hacia este tipo de alimentaci\u00f3n. De hecho, en los \u00faltimos a\u00f1os se est\u00e1n abriendo cada vez m\u00e1s tiendas veganas y estos productos son ya habituales en los lineales de supermercados y restaurantes de todo tipo.<\/p>\n<p>Como decimos, la adopci\u00f3n de una alimentaci\u00f3n <strong>Vegetariana<\/strong><strong>\u00a0o Vegana<\/strong> va en aumento, y cada vez m\u00e1s personas eligen, por diferentes motivos, este tipo de alimentaci\u00f3n y el modo de vida que en general la acompa\u00f1a.<\/p>\n<p>Se ha visto que algunas personas que siguen una dieta vegana tienen menos enfermedades cr\u00f3nicas, incluidas enfermedades del coraz\u00f3n. Pero es <strong>muy importante<\/strong> tener en cuenta que\u00a0una dieta vegana desequilibrada puede conducir a deficiencias nutricionales que anulen sus efectos beneficiosos, y\u00a0 causar problemas graves de salud.<\/p>\n<p>En<span style=\"color: #000000;\"><strong>\u00a0Cl\u00ednica iPhysio\u00a0<\/strong><\/span><strong>te ofrecemos planificaciones personalizas<\/strong> y adaptadas a las necesidad y objetivos de cada persona <strong>con recetas equilibrada y saludables<\/strong>.<\/p>\n<h4><div class=\"su-quote su-quote-style-default su-quote-has-cite\"><div class=\"su-quote-inner su-u-clearfix su-u-trim\"><strong>Cada persona que he conocido y que se ha vuelto vegana dice que es la mejor decisi\u00f3n que han tomado.<\/strong><span class=\"su-quote-cite\">Lewis Hamilton<\/span><\/div><\/div><\/h4>\n<\/div><\/div> <div class=\"su-column su-column-size-1-3\"><div class=\"su-column-inner su-u-clearfix su-u-trim\"><div class=\"su-note\"  style=\"border-color:#d8d8d8;border-radius:2px;-moz-border-radius:2px;-webkit-border-radius:2px;\"><div class=\"su-note-inner su-u-clearfix su-u-trim\" style=\"background-color:#f2f2f2;border-color:#ffffff;color:#3c3c3c;border-radius:2px;-moz-border-radius:2px;-webkit-border-radius:2px;\">\n<h3>Nutrici\u00f3n y diet\u00e9tica<\/h3>\n\n<table id=\"tablepress-5\" class=\"tablepress tablepress-id-5\">\n<tbody class=\"row-hover\">\n<tr class=\"row-1\">\n\t<td class=\"column-1\"><a href=\"https:\/\/iphysio.es\/index.php\/nuestros-servicios\/nutricion-y-dietetica-talavera\/nutricion-clinica\/\">Nutrici\u00f3n Cl\u00ednica<\/a><\/td>\n<\/tr>\n<tr class=\"row-2\">\n\t<td class=\"column-1\"><a href=\"https:\/\/iphysio.es\/index.php\/nuestros-servicios\/nutricion-y-dietetica-talavera\/nutricion-deportiva\/\">Nutrici\u00f3n Deportiva<\/a><\/td>\n<\/tr>\n<tr class=\"row-3\">\n\t<td class=\"column-1\"><a href=\"https:\/\/iphysio.es\/index.php\/nuestros-servicios\/nutricion-y-dietetica-talavera\/nutricion-infantil\/\">Nutrici\u00f3n Infantil<\/a><\/td>\n<\/tr>\n<tr class=\"row-4\">\n\t<td class=\"column-1\"><a href=\"https:\/\/iphysio.es\/index.php\/nuestros-servicios\/nutricion-y-dietetica-talavera\/nutricion-en-el-embarazo-y-lactancia\/\">Embarazo y lactancia<\/a><\/td>\n<\/tr>\n<tr class=\"row-5\">\n\t<td class=\"column-1\"><a href=\"https:\/\/iphysio.es\/index.php\/nuestros-servicios\/nutricion-y-dietetica-talavera\/veganismo-y-vegetarianismo\/\">Vegetariana y vegana <\/a><\/td>\n<\/tr>\n<tr class=\"row-6\">\n\t<td class=\"column-1\">Educaci\u00f3n Nutricional<\/td>\n<\/tr>\n<\/tbody>\n<\/table>\n<!-- #tablepress-5 from cache -->\n<\/div><\/div>\n<div class=\"su-note\"  style=\"border-color:#d8d8d8;border-radius:2px;-moz-border-radius:2px;-webkit-border-radius:2px;\"><div class=\"su-note-inner su-u-clearfix su-u-trim\" style=\"background-color:#f2f2f2;border-color:#ffffff;color:#3c3c3c;border-radius:2px;-moz-border-radius:2px;-webkit-border-radius:2px;\">\n\n<table id=\"tablepress-14\" class=\"tablepress tablepress-id-14\">\n<tbody class=\"row-hover\">\n<tr class=\"row-1\">\n\t<td class=\"column-1\"><b>Servicios Cl\u00ednica iPhysio<\/b><\/td>\n<\/tr>\n<tr class=\"row-2\">\n\t<td class=\"column-1\"><a href=\"https:\/\/iphysio.es\/index.php\/nuestros-servicios\/fisioterapia-talavera-de-la-reina\/\">\u00b7 Fisioterapia<\/a><\/td>\n<\/tr>\n<tr class=\"row-3\">\n\t<td class=\"column-1\"><a href=\"https:\/\/iphysio.es\/index.php\/unidad-para-la-mujer-2\/\"> \u00b7 Unidad para la mujer<\/a><\/td>\n<\/tr>\n<tr class=\"row-4\">\n\t<td class=\"column-1\"><a href=\"https:\/\/iphysio.es\/index.php\/nuestros-servicios\/fisioterapia-talavera-de-la-reina\/colico-del-lactante\/\">\u00b7 C\u00f3lico del lactante<\/a><\/td>\n<\/tr>\n<tr class=\"row-5\">\n\t<td class=\"column-1\"><a href=\"https:\/\/iphysio.es\/index.php\/nuestros-servicios\/nutricion-y-dietetica-talavera\/\">\u00b7 Nutrici\u00f3n y Diet\u00e9tica<\/a><\/td>\n<\/tr>\n<tr class=\"row-6\">\n\t<td class=\"column-1\"><a href=\"https:\/\/iphysio.es\/index.php\/nuestros-servicios\/actividades-en-sala-cuidar-tu-cuerpo\/\">\u00b7 Pilates<\/a><\/td>\n<\/tr>\n<tr class=\"row-7\">\n\t<td class=\"column-1\"><a href=\"https:\/\/iphysio.es\/index.php\/entrenamiento-deportivo\/\">\u00b7 Preparaci\u00f3n f\u00edsica<\/a><\/td>\n<\/tr>\n<\/tbody>\n<\/table>\n<!-- #tablepress-14 from cache -->\n<\/div><\/div>\n<p><strong>\u00bfQuieres ser vegetariano y no sabes c\u00f3mo? \u00bfTienes miedo a d\u00e9ficits o carencias?<\/strong><\/p>\n<p><strong>\u00bfYa lo eres y quieres mejorar tu alimentaci\u00f3n o avanzar hacia un objetivo concreto?<\/strong><\/p>\n<p><strong>\u00bfEres deportista y quieres llevar una alimentaci\u00f3n vegetariana?<\/strong><\/p>\n<p><strong>\u00bfQuieres simplemente hacer un enfoque con m\u00e1s ideas de origen vegetal en tu alimentaci\u00f3n actual?<\/strong><\/p>\n<h2><\/h2>\n<h2><em><img loading=\"lazy\" decoding=\"async\" class=\"aligncenter wp-image-368 size-medium\" title=\"veganismo\" src=\"https:\/\/iphysio.es\/wp-content\/uploads\/2017\/01\/Veganismo-300x284.jpg\" alt=\"Veganismo\" width=\"300\" height=\"284\" srcset=\"https:\/\/iphysio.es\/wp-content\/uploads\/2017\/01\/Veganismo-300x284.jpg 300w, https:\/\/iphysio.es\/wp-content\/uploads\/2017\/01\/Veganismo-768x726.jpg 768w, https:\/\/iphysio.es\/wp-content\/uploads\/2017\/01\/Veganismo.jpg 880w\" sizes=\"auto, (max-width: 300px) 100vw, 300px\" \/><\/em><\/h2>\n<\/div><\/div><\/div>\n<h2 style=\"text-align: center;\">Acude siempre a un profesional debidamente cualificado<\/h2>\n ","protected":false},"excerpt":{"rendered":"<p>VEGANISMO Y VEGETARIANISMO Cada vez m\u00e1s extendidos, por razones \u00e9ticas, ambientales y\/o diet\u00e9ticas Acude siempre a un profesional debidamente cualificado<\/p>\n","protected":false},"author":1,"featured_media":0,"parent":54,"menu_order":0,"comment_status":"closed","ping_status":"closed","template":"","meta":{"footnotes":"","_links_to":"","_links_to_target":""},"class_list":["post-210","page","type-page","status-publish","hentry"],"yoast_head":"<!-- This site is optimized with the Yoast SEO plugin v27.5 - https:\/\/yoast.com\/product\/yoast-seo-wordpress\/ -->\n<title>Veganismo y vegetarianismo | Cl\u00ednica iPhysio Therapy<\/title>\n<meta name=\"description\" content=\"Veganismo y vegetarianismo. Cada vez m\u00e1s se elige este tipo de alimentaci\u00f3n y modo de vida. En iPhysio Therapy te ofrecemos planificaciones personalizas.\" \/>\n<meta name=\"robots\" content=\"index, follow, max-snippet:-1, max-image-preview:large, max-video-preview:-1\" \/>\n<link rel=\"canonical\" href=\"https:\/\/iphysio.es\/index.php\/nuestros-servicios\/nutricion-y-dietetica-talavera\/veganismo-y-vegetarianismo\/\" \/>\n<meta property=\"og:locale\" content=\"es_ES\" \/>\n<meta property=\"og:type\" content=\"article\" \/>\n<meta property=\"og:title\" content=\"Veganismo y vegetarianismo | Cl\u00ednica iPhysio Therapy\" \/>\n<meta property=\"og:description\" content=\"Veganismo y vegetarianismo. Cada vez m\u00e1s se elige este tipo de alimentaci\u00f3n y modo de vida. En iPhysio Therapy te ofrecemos planificaciones personalizas.\" \/>\n<meta property=\"og:url\" content=\"https:\/\/iphysio.es\/index.php\/nuestros-servicios\/nutricion-y-dietetica-talavera\/veganismo-y-vegetarianismo\/\" \/>\n<meta property=\"og:site_name\" content=\"Cl\u00ednica iPhysio Therapy\" \/>\n<meta property=\"article:publisher\" content=\"https:\/\/www.facebook.com\/iPhysioTalavera\/\" \/>\n<meta property=\"article:modified_time\" content=\"2022-05-03T09:04:44+00:00\" \/>\n<meta property=\"og:image\" content=\"https:\/\/iphysio.es\/wp-content\/uploads\/2018\/09\/vegano-vegetariano.jpg\" \/>\n<meta name=\"twitter:card\" content=\"summary_large_image\" \/>\n<meta name=\"twitter:site\" content=\"@IphysioT\" \/>\n<meta name=\"twitter:label1\" content=\"Tiempo de lectura\" \/>\n\t<meta name=\"twitter:data1\" content=\"2 minutos\" \/>\n<script type=\"application\/ld+json\" class=\"yoast-schema-graph\">{\"@context\":\"https:\\\/\\\/schema.org\",\"@graph\":[{\"@type\":\"WebPage\",\"@id\":\"https:\\\/\\\/iphysio.es\\\/index.php\\\/nuestros-servicios\\\/nutricion-y-dietetica-talavera\\\/veganismo-y-vegetarianismo\\\/\",\"url\":\"https:\\\/\\\/iphysio.es\\\/index.php\\\/nuestros-servicios\\\/nutricion-y-dietetica-talavera\\\/veganismo-y-vegetarianismo\\\/\",\"name\":\"Veganismo y vegetarianismo | Cl\u00ednica iPhysio Therapy\",\"isPartOf\":{\"@id\":\"https:\\\/\\\/iphysio.es\\\/#website\"},\"primaryImageOfPage\":{\"@id\":\"https:\\\/\\\/iphysio.es\\\/index.php\\\/nuestros-servicios\\\/nutricion-y-dietetica-talavera\\\/veganismo-y-vegetarianismo\\\/#primaryimage\"},\"image\":{\"@id\":\"https:\\\/\\\/iphysio.es\\\/index.php\\\/nuestros-servicios\\\/nutricion-y-dietetica-talavera\\\/veganismo-y-vegetarianismo\\\/#primaryimage\"},\"thumbnailUrl\":\"https:\\\/\\\/iphysio.es\\\/wp-content\\\/uploads\\\/2018\\\/09\\\/vegano-vegetariano.jpg\",\"datePublished\":\"2017-01-25T11:04:44+00:00\",\"dateModified\":\"2022-05-03T09:04:44+00:00\",\"description\":\"Veganismo y vegetarianismo. Cada vez m\u00e1s se elige este tipo de alimentaci\u00f3n y modo de vida. En iPhysio Therapy te ofrecemos planificaciones personalizas.\",\"breadcrumb\":{\"@id\":\"https:\\\/\\\/iphysio.es\\\/index.php\\\/nuestros-servicios\\\/nutricion-y-dietetica-talavera\\\/veganismo-y-vegetarianismo\\\/#breadcrumb\"},\"inLanguage\":\"es\",\"potentialAction\":[{\"@type\":\"ReadAction\",\"target\":[\"https:\\\/\\\/iphysio.es\\\/index.php\\\/nuestros-servicios\\\/nutricion-y-dietetica-talavera\\\/veganismo-y-vegetarianismo\\\/\"]}]},{\"@type\":\"ImageObject\",\"inLanguage\":\"es\",\"@id\":\"https:\\\/\\\/iphysio.es\\\/index.php\\\/nuestros-servicios\\\/nutricion-y-dietetica-talavera\\\/veganismo-y-vegetarianismo\\\/#primaryimage\",\"url\":\"https:\\\/\\\/iphysio.es\\\/wp-content\\\/uploads\\\/2018\\\/09\\\/vegano-vegetariano.jpg\",\"contentUrl\":\"https:\\\/\\\/iphysio.es\\\/wp-content\\\/uploads\\\/2018\\\/09\\\/vegano-vegetariano.jpg\",\"width\":1350,\"height\":900},{\"@type\":\"BreadcrumbList\",\"@id\":\"https:\\\/\\\/iphysio.es\\\/index.php\\\/nuestros-servicios\\\/nutricion-y-dietetica-talavera\\\/veganismo-y-vegetarianismo\\\/#breadcrumb\",\"itemListElement\":[{\"@type\":\"ListItem\",\"position\":1,\"name\":\"Portada\",\"item\":\"https:\\\/\\\/iphysio.es\\\/\"},{\"@type\":\"ListItem\",\"position\":2,\"name\":\"Nuestros servicios\",\"item\":\"https:\\\/\\\/iphysio.es\\\/index.php\\\/nuestros-servicios\\\/\"},{\"@type\":\"ListItem\",\"position\":3,\"name\":\"Nutrici\u00f3n y diet\u00e9tica en Talavera\",\"item\":\"https:\\\/\\\/iphysio.es\\\/index.php\\\/nuestros-servicios\\\/nutricion-y-dietetica-talavera\\\/\"},{\"@type\":\"ListItem\",\"position\":4,\"name\":\"Veganismo y vegetarianismo\"}]},{\"@type\":\"WebSite\",\"@id\":\"https:\\\/\\\/iphysio.es\\\/#website\",\"url\":\"https:\\\/\\\/iphysio.es\\\/\",\"name\":\"Cl\u00ednica iPhysio Therapy\",\"description\":\"Fisioterapia, Nutrici\u00f3n y Diet\u00e9tica, Pilates, Hipopresivos, Lumbalgias, Cervicalgias, Esguinces, Biomec\u00e1nica\",\"publisher\":{\"@id\":\"https:\\\/\\\/iphysio.es\\\/#organization\"},\"potentialAction\":[{\"@type\":\"SearchAction\",\"target\":{\"@type\":\"EntryPoint\",\"urlTemplate\":\"https:\\\/\\\/iphysio.es\\\/?s={search_term_string}\"},\"query-input\":{\"@type\":\"PropertyValueSpecification\",\"valueRequired\":true,\"valueName\":\"search_term_string\"}}],\"inLanguage\":\"es\"},{\"@type\":\"Organization\",\"@id\":\"https:\\\/\\\/iphysio.es\\\/#organization\",\"name\":\"Fisiotalavera S.L.\",\"url\":\"https:\\\/\\\/iphysio.es\\\/\",\"logo\":{\"@type\":\"ImageObject\",\"inLanguage\":\"es\",\"@id\":\"https:\\\/\\\/iphysio.es\\\/#\\\/schema\\\/logo\\\/image\\\/\",\"url\":\"https:\\\/\\\/iphysio.es\\\/wp-content\\\/uploads\\\/2016\\\/11\\\/cropped-solologo.png\",\"contentUrl\":\"https:\\\/\\\/iphysio.es\\\/wp-content\\\/uploads\\\/2016\\\/11\\\/cropped-solologo.png\",\"width\":402,\"height\":428,\"caption\":\"Fisiotalavera S.L.\"},\"image\":{\"@id\":\"https:\\\/\\\/iphysio.es\\\/#\\\/schema\\\/logo\\\/image\\\/\"},\"sameAs\":[\"https:\\\/\\\/www.facebook.com\\\/iPhysioTalavera\\\/\",\"https:\\\/\\\/x.com\\\/IphysioT\"]}]}<\/script>\n<!-- \/ Yoast SEO plugin. -->","yoast_head_json":{"title":"Veganismo y vegetarianismo | Cl\u00ednica iPhysio Therapy","description":"Veganismo y vegetarianismo. Cada vez m\u00e1s se elige este tipo de alimentaci\u00f3n y modo de vida. En iPhysio Therapy te ofrecemos planificaciones personalizas.","robots":{"index":"index","follow":"follow","max-snippet":"max-snippet:-1","max-image-preview":"max-image-preview:large","max-video-preview":"max-video-preview:-1"},"canonical":"https:\/\/iphysio.es\/index.php\/nuestros-servicios\/nutricion-y-dietetica-talavera\/veganismo-y-vegetarianismo\/","og_locale":"es_ES","og_type":"article","og_title":"Veganismo y vegetarianismo | Cl\u00ednica iPhysio Therapy","og_description":"Veganismo y vegetarianismo. Cada vez m\u00e1s se elige este tipo de alimentaci\u00f3n y modo de vida. En iPhysio Therapy te ofrecemos planificaciones personalizas.","og_url":"https:\/\/iphysio.es\/index.php\/nuestros-servicios\/nutricion-y-dietetica-talavera\/veganismo-y-vegetarianismo\/","og_site_name":"Cl\u00ednica iPhysio Therapy","article_publisher":"https:\/\/www.facebook.com\/iPhysioTalavera\/","article_modified_time":"2022-05-03T09:04:44+00:00","og_image":[{"url":"https:\/\/iphysio.es\/wp-content\/uploads\/2018\/09\/vegano-vegetariano.jpg","type":"","width":"","height":""}],"twitter_card":"summary_large_image","twitter_site":"@IphysioT","twitter_misc":{"Tiempo de lectura":"2 minutos"},"schema":{"@context":"https:\/\/schema.org","@graph":[{"@type":"WebPage","@id":"https:\/\/iphysio.es\/index.php\/nuestros-servicios\/nutricion-y-dietetica-talavera\/veganismo-y-vegetarianismo\/","url":"https:\/\/iphysio.es\/index.php\/nuestros-servicios\/nutricion-y-dietetica-talavera\/veganismo-y-vegetarianismo\/","name":"Veganismo y vegetarianismo | Cl\u00ednica iPhysio Therapy","isPartOf":{"@id":"https:\/\/iphysio.es\/#website"},"primaryImageOfPage":{"@id":"https:\/\/iphysio.es\/index.php\/nuestros-servicios\/nutricion-y-dietetica-talavera\/veganismo-y-vegetarianismo\/#primaryimage"},"image":{"@id":"https:\/\/iphysio.es\/index.php\/nuestros-servicios\/nutricion-y-dietetica-talavera\/veganismo-y-vegetarianismo\/#primaryimage"},"thumbnailUrl":"https:\/\/iphysio.es\/wp-content\/uploads\/2018\/09\/vegano-vegetariano.jpg","datePublished":"2017-01-25T11:04:44+00:00","dateModified":"2022-05-03T09:04:44+00:00","description":"Veganismo y vegetarianismo. Cada vez m\u00e1s se elige este tipo de alimentaci\u00f3n y modo de vida. En iPhysio Therapy te ofrecemos planificaciones personalizas.","breadcrumb":{"@id":"https:\/\/iphysio.es\/index.php\/nuestros-servicios\/nutricion-y-dietetica-talavera\/veganismo-y-vegetarianismo\/#breadcrumb"},"inLanguage":"es","potentialAction":[{"@type":"ReadAction","target":["https:\/\/iphysio.es\/index.php\/nuestros-servicios\/nutricion-y-dietetica-talavera\/veganismo-y-vegetarianismo\/"]}]},{"@type":"ImageObject","inLanguage":"es","@id":"https:\/\/iphysio.es\/index.php\/nuestros-servicios\/nutricion-y-dietetica-talavera\/veganismo-y-vegetarianismo\/#primaryimage","url":"https:\/\/iphysio.es\/wp-content\/uploads\/2018\/09\/vegano-vegetariano.jpg","contentUrl":"https:\/\/iphysio.es\/wp-content\/uploads\/2018\/09\/vegano-vegetariano.jpg","width":1350,"height":900},{"@type":"BreadcrumbList","@id":"https:\/\/iphysio.es\/index.php\/nuestros-servicios\/nutricion-y-dietetica-talavera\/veganismo-y-vegetarianismo\/#breadcrumb","itemListElement":[{"@type":"ListItem","position":1,"name":"Portada","item":"https:\/\/iphysio.es\/"},{"@type":"ListItem","position":2,"name":"Nuestros servicios","item":"https:\/\/iphysio.es\/index.php\/nuestros-servicios\/"},{"@type":"ListItem","position":3,"name":"Nutrici\u00f3n y diet\u00e9tica en Talavera","item":"https:\/\/iphysio.es\/index.php\/nuestros-servicios\/nutricion-y-dietetica-talavera\/"},{"@type":"ListItem","position":4,"name":"Veganismo y vegetarianismo"}]},{"@type":"WebSite","@id":"https:\/\/iphysio.es\/#website","url":"https:\/\/iphysio.es\/","name":"Cl\u00ednica iPhysio Therapy","description":"Fisioterapia, Nutrici\u00f3n y Diet\u00e9tica, Pilates, Hipopresivos, Lumbalgias, Cervicalgias, Esguinces, Biomec\u00e1nica","publisher":{"@id":"https:\/\/iphysio.es\/#organization"},"potentialAction":[{"@type":"SearchAction","target":{"@type":"EntryPoint","urlTemplate":"https:\/\/iphysio.es\/?s={search_term_string}"},"query-input":{"@type":"PropertyValueSpecification","valueRequired":true,"valueName":"search_term_string"}}],"inLanguage":"es"},{"@type":"Organization","@id":"https:\/\/iphysio.es\/#organization","name":"Fisiotalavera S.L.","url":"https:\/\/iphysio.es\/","logo":{"@type":"ImageObject","inLanguage":"es","@id":"https:\/\/iphysio.es\/#\/schema\/logo\/image\/","url":"https:\/\/iphysio.es\/wp-content\/uploads\/2016\/11\/cropped-solologo.png","contentUrl":"https:\/\/iphysio.es\/wp-content\/uploads\/2016\/11\/cropped-solologo.png","width":402,"height":428,"caption":"Fisiotalavera S.L."},"image":{"@id":"https:\/\/iphysio.es\/#\/schema\/logo\/image\/"},"sameAs":["https:\/\/www.facebook.com\/iPhysioTalavera\/","https:\/\/x.com\/IphysioT"]}]}},"_links":{"self":[{"href":"https:\/\/iphysio.es\/index.php\/wp-json\/wp\/v2\/pages\/210","targetHints":{"allow":["GET"]}}],"collection":[{"href":"https:\/\/iphysio.es\/index.php\/wp-json\/wp\/v2\/pages"}],"about":[{"href":"https:\/\/iphysio.es\/index.php\/wp-json\/wp\/v2\/types\/page"}],"author":[{"embeddable":true,"href":"https:\/\/iphysio.es\/index.php\/wp-json\/wp\/v2\/users\/1"}],"replies":[{"embeddable":true,"href":"https:\/\/iphysio.es\/index.php\/wp-json\/wp\/v2\/comments?post=210"}],"version-history":[{"count":0,"href":"https:\/\/iphysio.es\/index.php\/wp-json\/wp\/v2\/pages\/210\/revisions"}],"up":[{"embeddable":true,"href":"https:\/\/iphysio.es\/index.php\/wp-json\/wp\/v2\/pages\/54"}],"wp:attachment":[{"href":"https:\/\/iphysio.es\/index.php\/wp-json\/wp\/v2\/media?parent=210"}],"curies":[{"name":"wp","href":"https:\/\/api.w.org\/{rel}","templated":true}]}}