{"id":3321,"date":"2018-10-30T19:25:09","date_gmt":"2018-10-30T19:25:09","guid":{"rendered":"https:\/\/iphysio.es\/?page_id=3321"},"modified":"2024-06-21T19:46:21","modified_gmt":"2024-06-21T17:46:21","slug":"bonos-iphysio","status":"publish","type":"page","link":"https:\/\/iphysio.es\/index.php\/bonos-iphysio\/","title":{"rendered":"Bonos iPhysio"},"content":{"rendered":"<h1 style=\"text-align: center;\"><strong>BONOS y TARJETAS REGALO I<span style=\"color: #000000;\">P<\/span>HYSIO<\/strong><\/h1>\n<h4 style=\"text-align: center;\"><strong>Te ayudamos a invertir en salud.\u00a0<\/strong>Para que puedas regalar y regalarte.<\/h4>\n<div class=\"su-note\"  style=\"border-color:#d8d8d8;border-radius:2px;-moz-border-radius:2px;-webkit-border-radius:2px;\"><div class=\"su-note-inner su-u-clearfix su-u-trim\" style=\"background-color:#f2f2f2;border-color:#ffffff;color:#3c3c3c;border-radius:2px;-moz-border-radius:2px;-webkit-border-radius:2px;\">\n<h3 style=\"text-align: center;\"><strong>Bonos<\/strong><\/h3>\n<p><img loading=\"lazy\" decoding=\"async\" class=\"wp-image-6370 alignleft\" src=\"https:\/\/iphysio.es\/wp-content\/uploads\/2020\/02\/Bono-fisioterapia-x-3-1024x726.jpg\" alt=\"Bonos fisioterapia Talavera 3 sesiones\" width=\"398\" height=\"282\" srcset=\"https:\/\/iphysio.es\/wp-content\/uploads\/2020\/02\/Bono-fisioterapia-x-3-1024x726.jpg 1024w, https:\/\/iphysio.es\/wp-content\/uploads\/2020\/02\/Bono-fisioterapia-x-3-300x213.jpg 300w, https:\/\/iphysio.es\/wp-content\/uploads\/2020\/02\/Bono-fisioterapia-x-3-768x545.jpg 768w, https:\/\/iphysio.es\/wp-content\/uploads\/2020\/02\/Bono-fisioterapia-x-3.jpg 1748w\" sizes=\"auto, (max-width: 398px) 100vw, 398px\" \/><\/p>\n<p>Porque pensamos en ti y en tu salud, Cl\u00ednica iPhysio tiene para ti <strong>Bonos de 3, 5 y 10 sesiones de fisioterapia<\/strong>, para que los utilices libremente cuando creas que necesitas una sesi\u00f3n, para cualquier lesi\u00f3n y por cualquier circunstancia.<\/p>\n<p>Y si quieres, <span style=\"color: #000000;\"><strong>puedes solicitar tu cita con el fisio<\/strong><\/span>\u00a0que mejor te conoce y <span style=\"color: #000000;\"><strong>que te trata habitualmente<\/strong><\/span>, o con el que haya disponibilidad antes.\u00a0Son la soluci\u00f3n perfecta para que recibas tu tratamiento de fisioterapia si:<\/p>\n<ul>\n<li><span style=\"color: #000000;\"><strong>Tu lesi\u00f3n necesita m\u00e1s de una sesi\u00f3n<\/strong><\/span> de fisioterapia para quedar solucionada<\/li>\n<li><span style=\"color: #000000;\"><strong>Tu trabajo te hace propens@ a las contracturas<\/strong><\/span> u otros problemas similares<\/li>\n<li><span style=\"color: #000000;\"><strong>Por tu pr\u00e1ctica deportiva<\/strong><\/span>\u00a0quieres una descarga muscular cada cierto tiempo<\/li>\n<li><strong><span style=\"color: #000000;\">Tienes un problema de salud<\/span>\u00a0<\/strong>por el que necesitar\u00edas acudir con frecuencia a nosotros (p\u00e9rdida de masa muscular, problemas de equilibrio y riesgo de ca\u00edda, mejorar el estado general por la edad, evitar\/preparar una cirug\u00eda, eliminar\/reducir un dolor, &#8230;)<\/li>\n<li><span style=\"color: #000000;\"><strong>Crees que acudir a tu fisio regularmente<\/strong><\/span>\u00a0(por ejemplo una vez al mes) <span style=\"color: #000000;\"><strong>es bueno para tu salud<\/strong><\/span><\/li>\n<\/ul>\n<div class=\"cxmmr5t8 oygrvhab hcukyx3x c1et5uql o9v6fnle ii04i59q\">\n<p>Si est\u00e1s en uno de estos casos, preg\u00fantanos por nuestros bonos y <span style=\"color: #000000;\"><strong>pide tus citas cuando las vayas necesitando<\/strong><\/span>.\u00a0Solo tendr\u00e1s que firmar tu sesi\u00f3n cuando vengas.<\/div><\/div>\n<\/div>\n<h3 style=\"text-align: center;\"><strong>Regala h\u00e1bitos saludables<\/strong><\/h3>\n<p>No es f\u00e1cil animar a quienes nos importan a hacer cambios saludables en su estilo de vida (si creemos que les ir\u00eda bien) y que los conviertan en h\u00e1bitos. Ahora podemos animar a ese primer paso con un desaf\u00edo tangible o incluso una recompensa (por dejar de fumar, adopci\u00f3n de una dieta saludable, &#8230;) como la tarjeta regalo o un bono para ense\u00f1ar a mejorar la postura, aliviar un m\u00fasculo cargado, &#8230;<\/p>\n<p style=\"text-align: center;\"><div class=\"su-row\"><div class=\"su-column su-column-size-2-5\"><div class=\"su-column-inner su-u-clearfix su-u-trim\">Porque no solo es tratamiento. Si te preocupas por la salud y la forma f\u00edsica, deportista o no, y crees que hay que cuidar el cuerpo para que funcione correctamente. Y \u00bfpor qu\u00e9 no? a veces tambi\u00e9n hay que mimarse, simplemente.<span style=\"color: #000000;\">\u00a0<strong>Cl\u00ednica iPhysio Therapy pone a tu disposici\u00f3n opciones<\/strong><\/span> para que puedas regalar salud: sorprende y cuida a los que m\u00e1s quieres, o a ti. Nuestras <strong>tarjetas regalo<\/strong> y los <strong>bonos de <a href=\"https:\/\/iphysio.es\/index.php\/nuestros-servicios\/fisioterapia-talavera-de-la-reina\/\">fisioterapia<\/a> <\/strong>son una opci\u00f3n \u00fanica <span style=\"color: #000000;\"><strong>para regalar o regalarte salud<\/strong><\/span>.<\/div><\/div> <div class=\"su-column su-column-size-1-5\"><div class=\"su-column-inner su-u-clearfix su-u-trim\"><img loading=\"lazy\" decoding=\"async\" class=\"wp-image-3322 aligncenter\" src=\"https:\/\/iphysio.es\/wp-content\/uploads\/2018\/10\/bonos-iPhysio-1-600x400.jpg\" alt=\"Bono fisioterapia Talavera\" width=\"164\" height=\"109\" \/><strong>Utiliza nuestra tarjeta regalo para obsequiar con sesiones de <a href=\"https:\/\/iphysio.es\/index.php\/nuestros-servicios\/fisioterapia-talavera-de-la-reina\/\" target=\"_blank\" rel=\"noopener\">fisioterapia<\/a><\/strong><\/p>\n<\/div><\/div> <div class=\"su-column su-column-size-2-5\"><div class=\"su-column-inner su-u-clearfix su-u-trim\"><img loading=\"lazy\" decoding=\"async\" class=\"alignnone wp-image-4015 size-large\" src=\"https:\/\/iphysio.es\/wp-content\/uploads\/2019\/01\/Tarjeta-Regalo-anverso-1024x493.jpg\" alt=\"Bonos presoterapia Talavera\" width=\"640\" height=\"308\" srcset=\"https:\/\/iphysio.es\/wp-content\/uploads\/2019\/01\/Tarjeta-Regalo-anverso-1024x493.jpg 1024w, https:\/\/iphysio.es\/wp-content\/uploads\/2019\/01\/Tarjeta-Regalo-anverso-300x145.jpg 300w, https:\/\/iphysio.es\/wp-content\/uploads\/2019\/01\/Tarjeta-Regalo-anverso-768x370.jpg 768w, https:\/\/iphysio.es\/wp-content\/uploads\/2019\/01\/Tarjeta-Regalo-anverso.jpg 1200w\" sizes=\"auto, (max-width: 640px) 100vw, 640px\" \/><\/p>\n<\/div><\/div><\/div>\n<h2 style=\"text-align: center;\"><\/h2>\n<p>&nbsp;<\/p>\n<h2 style=\"text-align: center;\"><strong><span style=\"color: #000000;\">INF\u00d3RMATE SOBRE BONOS Y TARJETAS IPHYSIO<\/span><\/strong>. LL\u00c1MANOS AL <span style=\"color: #000000;\"><strong>925 68 12 02<\/strong><\/span><\/h2>\n<h5 style=\"text-align: center;\">Ahora que puedes, regala salud.<\/h5>\n<p>&nbsp;<\/p>\n ","protected":false},"excerpt":{"rendered":"<p>BONOS y TARJETAS REGALO IPHYSIO Te ayudamos a invertir en salud.\u00a0Para que puedas regalar y regalarte. Regala h\u00e1bitos saludables No es f\u00e1cil animar a quienes nos importan a hacer cambios saludables en su estilo de vida (si creemos que les ir\u00eda bien) y que los conviertan en h\u00e1bitos. Ahora podemos animar a ese primer paso con un desaf\u00edo tangible o incluso una recompensa (por dejar de fumar, adopci\u00f3n de una dieta saludable, &#8230;) como la tarjeta regalo o un bono&hellip;<\/p>\n","protected":false},"author":1,"featured_media":3351,"parent":0,"menu_order":0,"comment_status":"closed","ping_status":"closed","template":"","meta":{"footnotes":"","_links_to":"","_links_to_target":""},"class_list":["post-3321","page","type-page","status-publish","has-post-thumbnail","hentry","post-has-thumbnail"],"yoast_head":"<!-- This site is optimized with the Yoast SEO plugin v27.5 - https:\/\/yoast.com\/product\/yoast-seo-wordpress\/ -->\n<title>Bonos y Tarjetas Regalo iPhysio | Cl\u00ednica iPhysio Therapy<\/title>\n<meta name=\"description\" content=\"Bonos iPhysio y Tarjetas-Regalo, para que puedas REGALARTE Y REGALAR SALUD. Inf\u00f3rmate en \u00c1ngel del Alc\u00e1zar 68 (Talavera de la Reina) o en el 925 68 12 02.\" \/>\n<meta name=\"robots\" content=\"index, follow, max-snippet:-1, max-image-preview:large, max-video-preview:-1\" \/>\n<link rel=\"canonical\" href=\"https:\/\/iphysio.es\/index.php\/bonos-iphysio\/\" \/>\n<meta property=\"og:locale\" content=\"es_ES\" \/>\n<meta property=\"og:type\" content=\"article\" \/>\n<meta property=\"og:title\" content=\"Bonos y Tarjetas Regalo iPhysio | Cl\u00ednica iPhysio Therapy\" \/>\n<meta property=\"og:description\" content=\"Bonos iPhysio y Tarjetas-Regalo, para que puedas REGALARTE Y REGALAR SALUD. Inf\u00f3rmate en \u00c1ngel del Alc\u00e1zar 68 (Talavera de la Reina) o en el 925 68 12 02.\" \/>\n<meta property=\"og:url\" content=\"https:\/\/iphysio.es\/index.php\/bonos-iphysio\/\" \/>\n<meta property=\"og:site_name\" content=\"Cl\u00ednica iPhysio Therapy\" \/>\n<meta property=\"article:publisher\" content=\"https:\/\/www.facebook.com\/iPhysioTalavera\/\" \/>\n<meta property=\"article:modified_time\" content=\"2024-06-21T17:46:21+00:00\" \/>\n<meta property=\"og:image\" content=\"https:\/\/iphysio.es\/wp-content\/uploads\/2018\/10\/Bono-fisioterapia-psd.jpg\" \/>\n\t<meta property=\"og:image:width\" content=\"1748\" \/>\n\t<meta property=\"og:image:height\" content=\"1240\" \/>\n\t<meta property=\"og:image:type\" content=\"image\/jpeg\" \/>\n<meta name=\"twitter:card\" content=\"summary_large_image\" \/>\n<meta name=\"twitter:site\" content=\"@IphysioT\" \/>\n<meta name=\"twitter:label1\" content=\"Tiempo de lectura\" \/>\n\t<meta name=\"twitter:data1\" content=\"2 minutos\" \/>\n<script type=\"application\/ld+json\" class=\"yoast-schema-graph\">{\"@context\":\"https:\\\/\\\/schema.org\",\"@graph\":[{\"@type\":\"WebPage\",\"@id\":\"https:\\\/\\\/iphysio.es\\\/index.php\\\/bonos-iphysio\\\/\",\"url\":\"https:\\\/\\\/iphysio.es\\\/index.php\\\/bonos-iphysio\\\/\",\"name\":\"Bonos y Tarjetas Regalo iPhysio | Cl\u00ednica iPhysio Therapy\",\"isPartOf\":{\"@id\":\"https:\\\/\\\/iphysio.es\\\/#website\"},\"primaryImageOfPage\":{\"@id\":\"https:\\\/\\\/iphysio.es\\\/index.php\\\/bonos-iphysio\\\/#primaryimage\"},\"image\":{\"@id\":\"https:\\\/\\\/iphysio.es\\\/index.php\\\/bonos-iphysio\\\/#primaryimage\"},\"thumbnailUrl\":\"https:\\\/\\\/iphysio.es\\\/wp-content\\\/uploads\\\/2018\\\/10\\\/Bono-fisioterapia-psd.jpg\",\"datePublished\":\"2018-10-30T19:25:09+00:00\",\"dateModified\":\"2024-06-21T17:46:21+00:00\",\"description\":\"Bonos iPhysio y Tarjetas-Regalo, para que puedas REGALARTE Y REGALAR SALUD. Inf\u00f3rmate en \u00c1ngel del Alc\u00e1zar 68 (Talavera de la Reina) o en el 925 68 12 02.\",\"breadcrumb\":{\"@id\":\"https:\\\/\\\/iphysio.es\\\/index.php\\\/bonos-iphysio\\\/#breadcrumb\"},\"inLanguage\":\"es\",\"potentialAction\":[{\"@type\":\"ReadAction\",\"target\":[\"https:\\\/\\\/iphysio.es\\\/index.php\\\/bonos-iphysio\\\/\"]}]},{\"@type\":\"ImageObject\",\"inLanguage\":\"es\",\"@id\":\"https:\\\/\\\/iphysio.es\\\/index.php\\\/bonos-iphysio\\\/#primaryimage\",\"url\":\"https:\\\/\\\/iphysio.es\\\/wp-content\\\/uploads\\\/2018\\\/10\\\/Bono-fisioterapia-psd.jpg\",\"contentUrl\":\"https:\\\/\\\/iphysio.es\\\/wp-content\\\/uploads\\\/2018\\\/10\\\/Bono-fisioterapia-psd.jpg\",\"width\":1748,\"height\":1240},{\"@type\":\"BreadcrumbList\",\"@id\":\"https:\\\/\\\/iphysio.es\\\/index.php\\\/bonos-iphysio\\\/#breadcrumb\",\"itemListElement\":[{\"@type\":\"ListItem\",\"position\":1,\"name\":\"Portada\",\"item\":\"https:\\\/\\\/iphysio.es\\\/\"},{\"@type\":\"ListItem\",\"position\":2,\"name\":\"Bonos iPhysio\"}]},{\"@type\":\"WebSite\",\"@id\":\"https:\\\/\\\/iphysio.es\\\/#website\",\"url\":\"https:\\\/\\\/iphysio.es\\\/\",\"name\":\"Cl\u00ednica iPhysio Therapy\",\"description\":\"Fisioterapia, Nutrici\u00f3n y Diet\u00e9tica, Pilates, Hipopresivos, Lumbalgias, Cervicalgias, Esguinces, Biomec\u00e1nica\",\"publisher\":{\"@id\":\"https:\\\/\\\/iphysio.es\\\/#organization\"},\"potentialAction\":[{\"@type\":\"SearchAction\",\"target\":{\"@type\":\"EntryPoint\",\"urlTemplate\":\"https:\\\/\\\/iphysio.es\\\/?s={search_term_string}\"},\"query-input\":{\"@type\":\"PropertyValueSpecification\",\"valueRequired\":true,\"valueName\":\"search_term_string\"}}],\"inLanguage\":\"es\"},{\"@type\":\"Organization\",\"@id\":\"https:\\\/\\\/iphysio.es\\\/#organization\",\"name\":\"Fisiotalavera S.L.\",\"url\":\"https:\\\/\\\/iphysio.es\\\/\",\"logo\":{\"@type\":\"ImageObject\",\"inLanguage\":\"es\",\"@id\":\"https:\\\/\\\/iphysio.es\\\/#\\\/schema\\\/logo\\\/image\\\/\",\"url\":\"https:\\\/\\\/iphysio.es\\\/wp-content\\\/uploads\\\/2016\\\/11\\\/cropped-solologo.png\",\"contentUrl\":\"https:\\\/\\\/iphysio.es\\\/wp-content\\\/uploads\\\/2016\\\/11\\\/cropped-solologo.png\",\"width\":402,\"height\":428,\"caption\":\"Fisiotalavera S.L.\"},\"image\":{\"@id\":\"https:\\\/\\\/iphysio.es\\\/#\\\/schema\\\/logo\\\/image\\\/\"},\"sameAs\":[\"https:\\\/\\\/www.facebook.com\\\/iPhysioTalavera\\\/\",\"https:\\\/\\\/x.com\\\/IphysioT\"]}]}<\/script>\n<!-- \/ Yoast SEO plugin. -->","yoast_head_json":{"title":"Bonos y Tarjetas Regalo iPhysio | Cl\u00ednica iPhysio Therapy","description":"Bonos iPhysio y Tarjetas-Regalo, para que puedas REGALARTE Y REGALAR SALUD. Inf\u00f3rmate en \u00c1ngel del Alc\u00e1zar 68 (Talavera de la Reina) o en el 925 68 12 02.","robots":{"index":"index","follow":"follow","max-snippet":"max-snippet:-1","max-image-preview":"max-image-preview:large","max-video-preview":"max-video-preview:-1"},"canonical":"https:\/\/iphysio.es\/index.php\/bonos-iphysio\/","og_locale":"es_ES","og_type":"article","og_title":"Bonos y Tarjetas Regalo iPhysio | Cl\u00ednica iPhysio Therapy","og_description":"Bonos iPhysio y Tarjetas-Regalo, para que puedas REGALARTE Y REGALAR SALUD. Inf\u00f3rmate en \u00c1ngel del Alc\u00e1zar 68 (Talavera de la Reina) o en el 925 68 12 02.","og_url":"https:\/\/iphysio.es\/index.php\/bonos-iphysio\/","og_site_name":"Cl\u00ednica iPhysio Therapy","article_publisher":"https:\/\/www.facebook.com\/iPhysioTalavera\/","article_modified_time":"2024-06-21T17:46:21+00:00","og_image":[{"width":1748,"height":1240,"url":"https:\/\/iphysio.es\/wp-content\/uploads\/2018\/10\/Bono-fisioterapia-psd.jpg","type":"image\/jpeg"}],"twitter_card":"summary_large_image","twitter_site":"@IphysioT","twitter_misc":{"Tiempo de lectura":"2 minutos"},"schema":{"@context":"https:\/\/schema.org","@graph":[{"@type":"WebPage","@id":"https:\/\/iphysio.es\/index.php\/bonos-iphysio\/","url":"https:\/\/iphysio.es\/index.php\/bonos-iphysio\/","name":"Bonos y Tarjetas Regalo iPhysio | Cl\u00ednica iPhysio Therapy","isPartOf":{"@id":"https:\/\/iphysio.es\/#website"},"primaryImageOfPage":{"@id":"https:\/\/iphysio.es\/index.php\/bonos-iphysio\/#primaryimage"},"image":{"@id":"https:\/\/iphysio.es\/index.php\/bonos-iphysio\/#primaryimage"},"thumbnailUrl":"https:\/\/iphysio.es\/wp-content\/uploads\/2018\/10\/Bono-fisioterapia-psd.jpg","datePublished":"2018-10-30T19:25:09+00:00","dateModified":"2024-06-21T17:46:21+00:00","description":"Bonos iPhysio y Tarjetas-Regalo, para que puedas REGALARTE Y REGALAR SALUD. Inf\u00f3rmate en \u00c1ngel del Alc\u00e1zar 68 (Talavera de la Reina) o en el 925 68 12 02.","breadcrumb":{"@id":"https:\/\/iphysio.es\/index.php\/bonos-iphysio\/#breadcrumb"},"inLanguage":"es","potentialAction":[{"@type":"ReadAction","target":["https:\/\/iphysio.es\/index.php\/bonos-iphysio\/"]}]},{"@type":"ImageObject","inLanguage":"es","@id":"https:\/\/iphysio.es\/index.php\/bonos-iphysio\/#primaryimage","url":"https:\/\/iphysio.es\/wp-content\/uploads\/2018\/10\/Bono-fisioterapia-psd.jpg","contentUrl":"https:\/\/iphysio.es\/wp-content\/uploads\/2018\/10\/Bono-fisioterapia-psd.jpg","width":1748,"height":1240},{"@type":"BreadcrumbList","@id":"https:\/\/iphysio.es\/index.php\/bonos-iphysio\/#breadcrumb","itemListElement":[{"@type":"ListItem","position":1,"name":"Portada","item":"https:\/\/iphysio.es\/"},{"@type":"ListItem","position":2,"name":"Bonos iPhysio"}]},{"@type":"WebSite","@id":"https:\/\/iphysio.es\/#website","url":"https:\/\/iphysio.es\/","name":"Cl\u00ednica iPhysio Therapy","description":"Fisioterapia, Nutrici\u00f3n y Diet\u00e9tica, Pilates, Hipopresivos, Lumbalgias, Cervicalgias, Esguinces, Biomec\u00e1nica","publisher":{"@id":"https:\/\/iphysio.es\/#organization"},"potentialAction":[{"@type":"SearchAction","target":{"@type":"EntryPoint","urlTemplate":"https:\/\/iphysio.es\/?s={search_term_string}"},"query-input":{"@type":"PropertyValueSpecification","valueRequired":true,"valueName":"search_term_string"}}],"inLanguage":"es"},{"@type":"Organization","@id":"https:\/\/iphysio.es\/#organization","name":"Fisiotalavera S.L.","url":"https:\/\/iphysio.es\/","logo":{"@type":"ImageObject","inLanguage":"es","@id":"https:\/\/iphysio.es\/#\/schema\/logo\/image\/","url":"https:\/\/iphysio.es\/wp-content\/uploads\/2016\/11\/cropped-solologo.png","contentUrl":"https:\/\/iphysio.es\/wp-content\/uploads\/2016\/11\/cropped-solologo.png","width":402,"height":428,"caption":"Fisiotalavera S.L."},"image":{"@id":"https:\/\/iphysio.es\/#\/schema\/logo\/image\/"},"sameAs":["https:\/\/www.facebook.com\/iPhysioTalavera\/","https:\/\/x.com\/IphysioT"]}]}},"_links":{"self":[{"href":"https:\/\/iphysio.es\/index.php\/wp-json\/wp\/v2\/pages\/3321","targetHints":{"allow":["GET"]}}],"collection":[{"href":"https:\/\/iphysio.es\/index.php\/wp-json\/wp\/v2\/pages"}],"about":[{"href":"https:\/\/iphysio.es\/index.php\/wp-json\/wp\/v2\/types\/page"}],"author":[{"embeddable":true,"href":"https:\/\/iphysio.es\/index.php\/wp-json\/wp\/v2\/users\/1"}],"replies":[{"embeddable":true,"href":"https:\/\/iphysio.es\/index.php\/wp-json\/wp\/v2\/comments?post=3321"}],"version-history":[{"count":0,"href":"https:\/\/iphysio.es\/index.php\/wp-json\/wp\/v2\/pages\/3321\/revisions"}],"wp:featuredmedia":[{"embeddable":true,"href":"https:\/\/iphysio.es\/index.php\/wp-json\/wp\/v2\/media\/3351"}],"wp:attachment":[{"href":"https:\/\/iphysio.es\/index.php\/wp-json\/wp\/v2\/media?parent=3321"}],"curies":[{"name":"wp","href":"https:\/\/api.w.org\/{rel}","templated":true}]}}