{"id":40,"date":"2017-01-04T17:07:21","date_gmt":"2017-01-04T17:07:21","guid":{"rendered":"http:\/\/iphysio.es\/?page_id=40"},"modified":"2023-09-28T19:07:44","modified_gmt":"2023-09-28T17:07:44","slug":"inicio","status":"publish","type":"page","link":"https:\/\/iphysio.es\/","title":{"rendered":"Inicio"},"content":{"rendered":"<h2 id=\"clients-heading section-heading\" class=\"clients-heading section-heading\"><span style=\"color: #808080;\">CONF\u00cdAN EN NOSOTROS<\/span><\/h2>\n<div id='gallery-1' class='gallery galleryid-40 gallery-columns-7 gallery-size-thumbnail'><dl class='gallery-item'>\n\t\t\t<dt class='gallery-icon landscape'>\n\t\t\t\t<a data-gallery=\"gallery\" href='https:\/\/iphysio.es\/wp-content\/uploads\/2018\/08\/Fernando_Alarza_triatleta.jpg' rel=\"lightbox[gallery-0]\"><img loading=\"lazy\" decoding=\"async\" width=\"96\" height=\"96\" src=\"https:\/\/iphysio.es\/wp-content\/uploads\/2018\/08\/Fernando_Alarza_triatleta-150x150.jpg\" class=\"attachment-thumbnail size-thumbnail\" alt=\"Cl\u00ednica iPhysio\" aria-describedby=\"gallery-1-1448\" \/><\/a>\n\t\t\t<\/dt>\n\t\t\t\t<dd class='wp-caption-text gallery-caption' id='gallery-1-1448'>\n\t\t\t\tFERNANDO ALARZA | Triatlon\n\t\t\t\t<\/dd><\/dl><dl class='gallery-item'>\n\t\t\t<dt class='gallery-icon portrait'>\n\t\t\t\t<a data-gallery=\"gallery\" href='https:\/\/iphysio.es\/wp-content\/uploads\/2019\/06\/JA-Aranda.jpeg' rel=\"lightbox[gallery-0]\"><img loading=\"lazy\" decoding=\"async\" width=\"96\" height=\"96\" src=\"https:\/\/iphysio.es\/wp-content\/uploads\/2019\/06\/JA-Aranda-150x150.jpeg\" class=\"attachment-thumbnail size-thumbnail\" alt=\"Fisioterapia Talavera Cl\u00ednica iPhysio\" aria-describedby=\"gallery-1-4805\" \/><\/a>\n\t\t\t<\/dt>\n\t\t\t\t<dd class='wp-caption-text gallery-caption' id='gallery-1-4805'>\n\t\t\t\tJOSE ANTONIO ARANDA | Judo\n\t\t\t\t<\/dd><\/dl><dl class='gallery-item'>\n\t\t\t<dt class='gallery-icon landscape'>\n\t\t\t\t<a data-gallery=\"gallery\" href='https:\/\/iphysio.es\/wp-content\/uploads\/2019\/11\/CuervaR400.jpg' rel=\"lightbox[gallery-0]\"><img loading=\"lazy\" decoding=\"async\" width=\"96\" height=\"96\" src=\"https:\/\/iphysio.es\/wp-content\/uploads\/2019\/11\/CuervaR400-150x150.jpg\" class=\"attachment-thumbnail size-thumbnail\" alt=\"\" aria-describedby=\"gallery-1-5791\" srcset=\"https:\/\/iphysio.es\/wp-content\/uploads\/2019\/11\/CuervaR400-150x150.jpg 150w, https:\/\/iphysio.es\/wp-content\/uploads\/2019\/11\/CuervaR400-300x300.jpg 300w, https:\/\/iphysio.es\/wp-content\/uploads\/2019\/11\/CuervaR400.jpg 400w\" sizes=\"auto, (max-width: 96px) 100vw, 96px\" \/><\/a>\n\t\t\t<\/dt>\n\t\t\t\t<dd class='wp-caption-text gallery-caption' id='gallery-1-5791'>\n\t\t\t\tRA\u00daL CUERVA | K\u00e1rate\n\t\t\t\t<\/dd><\/dl><dl class='gallery-item'>\n\t\t\t<dt class='gallery-icon landscape'>\n\t\t\t\t<a data-gallery=\"gallery\" href='https:\/\/iphysio.es\/wp-content\/uploads\/2019\/11\/CuervaV400.jpg' rel=\"lightbox[gallery-0]\"><img loading=\"lazy\" decoding=\"async\" width=\"96\" height=\"96\" src=\"https:\/\/iphysio.es\/wp-content\/uploads\/2019\/11\/CuervaV400-150x150.jpg\" class=\"attachment-thumbnail size-thumbnail\" alt=\"\" aria-describedby=\"gallery-1-5795\" srcset=\"https:\/\/iphysio.es\/wp-content\/uploads\/2019\/11\/CuervaV400-150x150.jpg 150w, https:\/\/iphysio.es\/wp-content\/uploads\/2019\/11\/CuervaV400-300x300.jpg 300w, https:\/\/iphysio.es\/wp-content\/uploads\/2019\/11\/CuervaV400.jpg 400w\" sizes=\"auto, (max-width: 96px) 100vw, 96px\" \/><\/a>\n\t\t\t<\/dt>\n\t\t\t\t<dd class='wp-caption-text gallery-caption' id='gallery-1-5795'>\n\t\t\t\tV\u00cdCTOR CUERVA | K\u00e1rate\n\t\t\t\t<\/dd><\/dl><dl class='gallery-item'>\n\t\t\t<dt class='gallery-icon portrait'>\n\t\t\t\t<a data-gallery=\"gallery\" href='https:\/\/iphysio.es\/wp-content\/uploads\/2019\/06\/Elez-02.jpg' rel=\"lightbox[gallery-0]\"><img loading=\"lazy\" decoding=\"async\" width=\"96\" height=\"96\" src=\"https:\/\/iphysio.es\/wp-content\/uploads\/2019\/06\/Elez-02-150x150.jpg\" class=\"attachment-thumbnail size-thumbnail\" alt=\"Fisioterapia Talavera Cl\u00ednica iPhysio\" aria-describedby=\"gallery-1-4807\" \/><\/a>\n\t\t\t<\/dt>\n\t\t\t\t<dd class='wp-caption-text gallery-caption' id='gallery-1-4807'>\n\t\t\t\tIV\u00c1N \u00c9LEZ | Triatlon\n\t\t\t\t<\/dd><\/dl><dl class='gallery-item'>\n\t\t\t<dt class='gallery-icon landscape'>\n\t\t\t\t<a data-gallery=\"gallery\" href='https:\/\/iphysio.es\/wp-content\/uploads\/2018\/09\/alba_fernandez.jpg' rel=\"lightbox[gallery-0]\"><img loading=\"lazy\" decoding=\"async\" width=\"96\" height=\"96\" src=\"https:\/\/iphysio.es\/wp-content\/uploads\/2018\/09\/alba_fernandez-150x150.jpg\" class=\"attachment-thumbnail size-thumbnail\" alt=\"Cl\u00ednica iPhysio\" aria-describedby=\"gallery-1-2226\" \/><\/a>\n\t\t\t<\/dt>\n\t\t\t\t<dd class='wp-caption-text gallery-caption' id='gallery-1-2226'>\n\t\t\t\tALBA FERN\u00c1NDEZ | Atletismo\n\t\t\t\t<\/dd><\/dl><dl class='gallery-item'>\n\t\t\t<dt class='gallery-icon landscape'>\n\t\t\t\t<a data-gallery=\"gallery\" href='https:\/\/iphysio.es\/wp-content\/uploads\/2020\/01\/image3-e1578080106589.jpeg' rel=\"lightbox[gallery-0]\"><img loading=\"lazy\" decoding=\"async\" width=\"96\" height=\"96\" src=\"https:\/\/iphysio.es\/wp-content\/uploads\/2020\/01\/image3-e1578080106589-150x150.jpeg\" class=\"attachment-thumbnail size-thumbnail\" alt=\"\" aria-describedby=\"gallery-1-6130\" srcset=\"https:\/\/iphysio.es\/wp-content\/uploads\/2020\/01\/image3-e1578080106589-150x150.jpeg 150w, https:\/\/iphysio.es\/wp-content\/uploads\/2020\/01\/image3-e1578080106589-300x300.jpeg 300w, https:\/\/iphysio.es\/wp-content\/uploads\/2020\/01\/image3-e1578080106589.jpeg 398w\" sizes=\"auto, (max-width: 96px) 100vw, 96px\" \/><\/a>\n\t\t\t<\/dt>\n\t\t\t\t<dd class='wp-caption-text gallery-caption' id='gallery-1-6130'>\n\t\t\t\tLARA FERN\u00c1NDEZ | Muay Thai\n\t\t\t\t<\/dd><\/dl><br style=\"clear: both\" \/><dl class='gallery-item'>\n\t\t\t<dt class='gallery-icon landscape'>\n\t\t\t\t<a data-gallery=\"gallery\" href='https:\/\/iphysio.es\/wp-content\/uploads\/2018\/09\/sara_fernandez-e1535797162899.jpg' rel=\"lightbox[gallery-0]\"><img loading=\"lazy\" decoding=\"async\" width=\"96\" height=\"96\" src=\"https:\/\/iphysio.es\/wp-content\/uploads\/2018\/09\/sara_fernandez-e1535797162899-150x150.jpg\" class=\"attachment-thumbnail size-thumbnail\" alt=\"Fisioterapia Talavera Cl\u00ednica iPhysio\" aria-describedby=\"gallery-1-2214\" srcset=\"https:\/\/iphysio.es\/wp-content\/uploads\/2018\/09\/sara_fernandez-e1535797162899-150x150.jpg 150w, https:\/\/iphysio.es\/wp-content\/uploads\/2018\/09\/sara_fernandez-e1535797162899-300x298.jpg 300w, https:\/\/iphysio.es\/wp-content\/uploads\/2018\/09\/sara_fernandez-e1535797162899.jpg 673w\" sizes=\"auto, (max-width: 96px) 100vw, 96px\" \/><\/a>\n\t\t\t<\/dt>\n\t\t\t\t<dd class='wp-caption-text gallery-caption' id='gallery-1-2214'>\n\t\t\t\tSARA FERN\u00c1NDEZ | Triatlon\n\t\t\t\t<\/dd><\/dl><dl class='gallery-item'>\n\t\t\t<dt class='gallery-icon landscape'>\n\t\t\t\t<a data-gallery=\"gallery\" href='https:\/\/iphysio.es\/wp-content\/uploads\/2018\/08\/jesus_pino_ciclista.jpg' rel=\"lightbox[gallery-0]\"><img loading=\"lazy\" decoding=\"async\" width=\"96\" height=\"96\" src=\"https:\/\/iphysio.es\/wp-content\/uploads\/2018\/08\/jesus_pino_ciclista-150x150.jpg\" class=\"attachment-thumbnail size-thumbnail\" alt=\"Fisioterapia Talavera Cl\u00ednica iPhysio\" aria-describedby=\"gallery-1-1456\" \/><\/a>\n\t\t\t<\/dt>\n\t\t\t\t<dd class='wp-caption-text gallery-caption' id='gallery-1-1456'>\n\t\t\t\tJES\u00daS DEL PINO | Ciclismo\n\t\t\t\t<\/dd><\/dl><dl class='gallery-item'>\n\t\t\t<dt class='gallery-icon landscape'>\n\t\t\t\t<a data-gallery=\"gallery\" href='https:\/\/iphysio.es\/wp-content\/uploads\/2019\/07\/Isabel-rico.jpg' rel=\"lightbox[gallery-0]\"><img loading=\"lazy\" decoding=\"async\" width=\"96\" height=\"96\" src=\"https:\/\/iphysio.es\/wp-content\/uploads\/2019\/07\/Isabel-rico-150x150.jpg\" class=\"attachment-thumbnail size-thumbnail\" alt=\"\" aria-describedby=\"gallery-1-5043\" \/><\/a>\n\t\t\t<\/dt>\n\t\t\t\t<dd class='wp-caption-text gallery-caption' id='gallery-1-5043'>\n\t\t\t\tISABEL RICO | Rugby\n\t\t\t\t<\/dd><\/dl><dl class='gallery-item'>\n\t\t\t<dt class='gallery-icon landscape'>\n\t\t\t\t<a data-gallery=\"gallery\" href='https:\/\/iphysio.es\/wp-content\/uploads\/2018\/08\/sandra_sanchez_karate.jpg' rel=\"lightbox[gallery-0]\"><img loading=\"lazy\" decoding=\"async\" width=\"96\" height=\"96\" src=\"https:\/\/iphysio.es\/wp-content\/uploads\/2018\/08\/sandra_sanchez_karate-150x150.jpg\" class=\"attachment-thumbnail size-thumbnail\" alt=\"Cl\u00ednica iPhysio\" aria-describedby=\"gallery-1-1451\" \/><\/a>\n\t\t\t<\/dt>\n\t\t\t\t<dd class='wp-caption-text gallery-caption' id='gallery-1-1451'>\n\t\t\t\tSANDRA S\u00c1NCHEZ | K\u00e1rate\n\t\t\t\t<\/dd><\/dl><dl class='gallery-item'>\n\t\t\t<dt class='gallery-icon portrait'>\n\t\t\t\t<a data-gallery=\"gallery\" href='https:\/\/iphysio.es\/wp-content\/uploads\/2022\/03\/GERI.jpg' rel=\"lightbox[gallery-0]\"><img loading=\"lazy\" decoding=\"async\" width=\"96\" height=\"96\" src=\"https:\/\/iphysio.es\/wp-content\/uploads\/2022\/03\/GERI-150x150.jpg\" class=\"attachment-thumbnail size-thumbnail\" alt=\"\" aria-describedby=\"gallery-1-8239\" \/><\/a>\n\t\t\t<\/dt>\n\t\t\t\t<dd class='wp-caption-text gallery-caption' id='gallery-1-8239'>\n\t\t\t\tGERI S. PORTILLO | Autocross\n\t\t\t\t<\/dd><\/dl><dl class='gallery-item'>\n\t\t\t<dt class='gallery-icon landscape'>\n\t\t\t\t<a data-gallery=\"gallery\" href='https:\/\/iphysio.es\/wp-content\/uploads\/2019\/11\/Tejeda400.jpg' rel=\"lightbox[gallery-0]\"><img loading=\"lazy\" decoding=\"async\" width=\"96\" height=\"96\" src=\"https:\/\/iphysio.es\/wp-content\/uploads\/2019\/11\/Tejeda400-150x150.jpg\" class=\"attachment-thumbnail size-thumbnail\" alt=\"\" aria-describedby=\"gallery-1-5822\" srcset=\"https:\/\/iphysio.es\/wp-content\/uploads\/2019\/11\/Tejeda400-150x150.jpg 150w, https:\/\/iphysio.es\/wp-content\/uploads\/2019\/11\/Tejeda400-300x300.jpg 300w, https:\/\/iphysio.es\/wp-content\/uploads\/2019\/11\/Tejeda400.jpg 400w\" sizes=\"auto, (max-width: 96px) 100vw, 96px\" \/><\/a>\n\t\t\t<\/dt>\n\t\t\t\t<dd class='wp-caption-text gallery-caption' id='gallery-1-5822'>\n\t\t\t\tCARLOS TEJEDA | StairsRace\n\t\t\t\t<\/dd><\/dl>\n\t\t\t<br style='clear: both' \/>\n\t\t<\/div>\n\n<h2 style=\"text-align: center;\">SOMOS ESPECIALISTAS EN FISIOTERAPIA<\/h2>\n<h2 id=\"clients-heading section-heading\" class=\"clients-heading section-heading\"><\/h2>\n<p style=\"text-align: justify;\"><strong>Cl\u00ednica IPHYSIO THERAPY<\/strong> con una dilatada experiencia profesional en Fisioterapia General, Deportiva y Traumatol\u00f3gica, Nutrici\u00f3n Deportiva, Diet\u00e9tica, y Biomec\u00e1nica Deportiva. Sobre todo, somos\u00a0<a href=\"https:\/\/iphysio.es\/index.php\/equipo-y-clinica\/\" target=\"_blank\" rel=\"noopener\">profesionales<\/a> altamente cualificados y facultados para evaluar, examinar y tratar. Porque cimentamos nuestro trabajo por tu salud en tres pilares: atenci\u00f3n, respeto y cumplimiento de la normativa sanitaria. <span style=\"color: #ffffff;\">Fisioterapia Talavera<\/span><\/p>\n<p style=\"text-align: justify;\">Como resultado, recibir\u00e1s\u00a0<strong>atenci\u00f3n cercana, r\u00e1pida y personalizada<\/strong> seg\u00fan tus necesidades (fisioterapia u otros \u00e1mbitos) y tu tratamiento.\u00a0Nuestras instalaciones cuentan con el equipamiento, y los recursos materiales y humanos necesarios. Para que recibas la asistencia integral que necesites.<\/p>\n<div id=\"attachment_1062\" style=\"width: 348px\" class=\"wp-caption alignright\"><img loading=\"lazy\" decoding=\"async\" aria-describedby=\"caption-attachment-1062\" class=\"wp-image-1062\" title=\"Cl\u00ednica iPhysio Therapy, fisioterapia | FISIOWARM\u00ae\" src=\"https:\/\/iphysio.es\/wp-content\/uploads\/2018\/07\/3R9A7342-1024x1024.jpg\" alt=\"Fisioterapia en Talavera\" width=\"338\" height=\"338\" srcset=\"https:\/\/iphysio.es\/wp-content\/uploads\/2018\/07\/3R9A7342-1024x1024.jpg 1024w, https:\/\/iphysio.es\/wp-content\/uploads\/2018\/07\/3R9A7342-150x150.jpg 150w, https:\/\/iphysio.es\/wp-content\/uploads\/2018\/07\/3R9A7342-300x300.jpg 300w, https:\/\/iphysio.es\/wp-content\/uploads\/2018\/07\/3R9A7342-768x768.jpg 768w\" sizes=\"auto, (max-width: 338px) 100vw, 338px\" \/><p id=\"caption-attachment-1062\" class=\"wp-caption-text\">Cl\u00ednica iPhysio Therapy, fisioterapia | FISIOWARM\u00ae<\/p><\/div>\n<p style=\"text-align: left;\">En <strong>Cl\u00ednica IPHYSIO THERAPY<\/strong><\/p>\n<ul style=\"text-align: justify;\">\n<li>Apostamos por la <strong>prevenci\u00f3n,<\/strong> y ah\u00ed nuestras terapias muestran todo su potencia. Porque te ayudaremos a <strong>mejorar y mantener<\/strong> tu forma f\u00edsica y tu estado general de salud.<\/li>\n<li>Estamos <strong>preparados<\/strong> para abordar cualquier patolog\u00eda u objetivo, para obtener un resultado lo m\u00e1s precoz y completo posible.<\/li>\n<li>Respetamos los <strong>derechos del paciente<\/strong>, en cumplimiento de la normativa sanitaria vigente (autorizaciones sanitarias, historiales m\u00e9dicos, hojas de reclamaci\u00f3n y protecci\u00f3n de datos).<\/li>\n<\/ul>\n<p>Te invitamos a explorar esta p\u00e1gina para conocer a nuestros profesionales, y las disciplinas, instalaciones y equipos tecnol\u00f3gicos que ponemos al servicio de tu salud.<\/p>\n<p><strong style=\"text-align: justify;\">Cl\u00ednica IPHYSIO THERAPY<\/strong><span style=\"text-align: justify;\"> te da la bienvenida a este gran proyecto de salud que hacemos crecer d\u00eda a d\u00eda para ofrecerte las mejores garant\u00edas, con los mejores profesionales. Porque <strong>tu cuerpo es una m\u00e1quina<\/strong>, y <strong>nosotros lo cuidamos y te ense\u00f1amos a cuidarlo<\/strong>.\u00a0<\/span><span style=\"color: #ffffff;\">Fisioterapia Talavera<\/span><\/p>\n<h4 style=\"text-align: center;\"><\/h4>\n<h5 style=\"text-align: center;\">\u039e<\/h5>\n<h2 style=\"text-align: center;\"><div class=\"su-quote su-quote-style-default\"><div class=\"su-quote-inner su-u-clearfix su-u-trim\">La formaci\u00f3n, nuestro bien m\u00e1s preciado. <strong>Tu SALUD<\/strong>, <strong>nuestro OBJETIVO<\/strong><\/div><\/div><\/h2>\n ","protected":false},"excerpt":{"rendered":"<p>CONF\u00cdAN EN NOSOTROS SOMOS ESPECIALISTAS EN FISIOTERAPIA Cl\u00ednica IPHYSIO THERAPY con una dilatada experiencia profesional en Fisioterapia General, Deportiva y Traumatol\u00f3gica, Nutrici\u00f3n Deportiva, Diet\u00e9tica, y Biomec\u00e1nica Deportiva. Sobre todo, somos\u00a0profesionales altamente cualificados y facultados para evaluar, examinar y tratar. Porque cimentamos nuestro trabajo por tu salud en tres pilares: atenci\u00f3n, respeto y cumplimiento de la normativa sanitaria. Fisioterapia Talavera Como resultado, recibir\u00e1s\u00a0atenci\u00f3n cercana, r\u00e1pida y personalizada seg\u00fan tus necesidades (fisioterapia u otros \u00e1mbitos) y tu tratamiento.\u00a0Nuestras instalaciones cuentan con el&hellip;<\/p>\n","protected":false},"author":1,"featured_media":7302,"parent":0,"menu_order":0,"comment_status":"closed","ping_status":"closed","template":"","meta":{"footnotes":"","_links_to":"","_links_to_target":""},"class_list":["post-40","page","type-page","status-publish","has-post-thumbnail","hentry","post-has-thumbnail"],"yoast_head":"<!-- This site is optimized with the Yoast SEO plugin v27.5 - https:\/\/yoast.com\/product\/yoast-seo-wordpress\/ -->\n<title>Fisioterapia Talavera | Cl\u00ednica iPhysio | Nutrici\u00f3n. Pilates. Entrenamiento<\/title>\n<meta name=\"description\" content=\"Fisioterapia Talavera de la Reina 925681202. Cl\u00ednica especializada en fisioterapia general, deportiva y traumatol\u00f3gica. Nutrici\u00f3n. Pilates. Entrenamiento.\" \/>\n<meta name=\"robots\" content=\"index, follow, max-snippet:-1, max-image-preview:large, max-video-preview:-1\" \/>\n<link rel=\"canonical\" href=\"https:\/\/iphysio.es\/\" \/>\n<meta property=\"og:locale\" content=\"es_ES\" \/>\n<meta property=\"og:type\" content=\"article\" \/>\n<meta property=\"og:title\" content=\"Fisioterapia Talavera | Cl\u00ednica iPhysio | Nutrici\u00f3n. Pilates. Entrenamiento\" \/>\n<meta property=\"og:description\" content=\"Fisioterapia Talavera de la Reina 925681202. Cl\u00ednica especializada en fisioterapia general, deportiva y traumatol\u00f3gica. Nutrici\u00f3n. Pilates. Entrenamiento.\" \/>\n<meta property=\"og:url\" content=\"https:\/\/iphysio.es\/\" \/>\n<meta property=\"og:site_name\" content=\"Cl\u00ednica iPhysio Therapy\" \/>\n<meta property=\"article:publisher\" content=\"https:\/\/www.facebook.com\/iPhysioTalavera\/\" \/>\n<meta property=\"article:modified_time\" content=\"2023-09-28T17:07:44+00:00\" \/>\n<meta property=\"og:image\" content=\"https:\/\/iphysio.es\/wp-content\/uploads\/2020\/10\/fisioterapia-iphysio-talavera.jpg\" \/>\n\t<meta property=\"og:image:width\" content=\"1200\" \/>\n\t<meta property=\"og:image:height\" content=\"846\" \/>\n\t<meta property=\"og:image:type\" content=\"image\/jpeg\" \/>\n<meta name=\"twitter:card\" content=\"summary_large_image\" \/>\n<meta name=\"twitter:image\" content=\"https:\/\/iphysio.es\/wp-content\/uploads\/2020\/10\/fisioterapia-iphysio-talavera.jpg\" \/>\n<meta name=\"twitter:site\" content=\"@IphysioT\" \/>\n<meta name=\"twitter:label1\" content=\"Tiempo de lectura\" \/>\n\t<meta name=\"twitter:data1\" content=\"2 minutos\" \/>\n<script type=\"application\/ld+json\" class=\"yoast-schema-graph\">{\"@context\":\"https:\\\/\\\/schema.org\",\"@graph\":[{\"@type\":\"WebPage\",\"@id\":\"https:\\\/\\\/iphysio.es\\\/\",\"url\":\"https:\\\/\\\/iphysio.es\\\/\",\"name\":\"Fisioterapia Talavera | Cl\u00ednica iPhysio | Nutrici\u00f3n. Pilates. Entrenamiento\",\"isPartOf\":{\"@id\":\"https:\\\/\\\/iphysio.es\\\/#website\"},\"primaryImageOfPage\":{\"@id\":\"https:\\\/\\\/iphysio.es\\\/#primaryimage\"},\"image\":{\"@id\":\"https:\\\/\\\/iphysio.es\\\/#primaryimage\"},\"thumbnailUrl\":\"https:\\\/\\\/iphysio.es\\\/wp-content\\\/uploads\\\/2020\\\/10\\\/fisioterapia-iphysio-talavera.jpg\",\"datePublished\":\"2017-01-04T17:07:21+00:00\",\"dateModified\":\"2023-09-28T17:07:44+00:00\",\"description\":\"Fisioterapia Talavera de la Reina 925681202. Cl\u00ednica especializada en fisioterapia general, deportiva y traumatol\u00f3gica. Nutrici\u00f3n. Pilates. Entrenamiento.\",\"breadcrumb\":{\"@id\":\"https:\\\/\\\/iphysio.es\\\/#breadcrumb\"},\"inLanguage\":\"es\",\"potentialAction\":[{\"@type\":\"ReadAction\",\"target\":[\"https:\\\/\\\/iphysio.es\\\/\"]}]},{\"@type\":\"ImageObject\",\"inLanguage\":\"es\",\"@id\":\"https:\\\/\\\/iphysio.es\\\/#primaryimage\",\"url\":\"https:\\\/\\\/iphysio.es\\\/wp-content\\\/uploads\\\/2020\\\/10\\\/fisioterapia-iphysio-talavera.jpg\",\"contentUrl\":\"https:\\\/\\\/iphysio.es\\\/wp-content\\\/uploads\\\/2020\\\/10\\\/fisioterapia-iphysio-talavera.jpg\",\"width\":1200,\"height\":846},{\"@type\":\"BreadcrumbList\",\"@id\":\"https:\\\/\\\/iphysio.es\\\/#breadcrumb\",\"itemListElement\":[{\"@type\":\"ListItem\",\"position\":1,\"name\":\"Portada\",\"item\":\"https:\\\/\\\/iphysio.es\\\/\"},{\"@type\":\"ListItem\",\"position\":2,\"name\":\"Inicio\"}]},{\"@type\":\"WebSite\",\"@id\":\"https:\\\/\\\/iphysio.es\\\/#website\",\"url\":\"https:\\\/\\\/iphysio.es\\\/\",\"name\":\"Cl\u00ednica iPhysio Therapy\",\"description\":\"Fisioterapia, Nutrici\u00f3n y Diet\u00e9tica, Pilates, Hipopresivos, Lumbalgias, Cervicalgias, Esguinces, Biomec\u00e1nica\",\"publisher\":{\"@id\":\"https:\\\/\\\/iphysio.es\\\/#organization\"},\"potentialAction\":[{\"@type\":\"SearchAction\",\"target\":{\"@type\":\"EntryPoint\",\"urlTemplate\":\"https:\\\/\\\/iphysio.es\\\/?s={search_term_string}\"},\"query-input\":{\"@type\":\"PropertyValueSpecification\",\"valueRequired\":true,\"valueName\":\"search_term_string\"}}],\"inLanguage\":\"es\"},{\"@type\":\"Organization\",\"@id\":\"https:\\\/\\\/iphysio.es\\\/#organization\",\"name\":\"Fisiotalavera S.L.\",\"url\":\"https:\\\/\\\/iphysio.es\\\/\",\"logo\":{\"@type\":\"ImageObject\",\"inLanguage\":\"es\",\"@id\":\"https:\\\/\\\/iphysio.es\\\/#\\\/schema\\\/logo\\\/image\\\/\",\"url\":\"https:\\\/\\\/iphysio.es\\\/wp-content\\\/uploads\\\/2016\\\/11\\\/cropped-solologo.png\",\"contentUrl\":\"https:\\\/\\\/iphysio.es\\\/wp-content\\\/uploads\\\/2016\\\/11\\\/cropped-solologo.png\",\"width\":402,\"height\":428,\"caption\":\"Fisiotalavera S.L.\"},\"image\":{\"@id\":\"https:\\\/\\\/iphysio.es\\\/#\\\/schema\\\/logo\\\/image\\\/\"},\"sameAs\":[\"https:\\\/\\\/www.facebook.com\\\/iPhysioTalavera\\\/\",\"https:\\\/\\\/x.com\\\/IphysioT\"]}]}<\/script>\n<!-- \/ Yoast SEO plugin. -->","yoast_head_json":{"title":"Fisioterapia Talavera | Cl\u00ednica iPhysio | Nutrici\u00f3n. Pilates. Entrenamiento","description":"Fisioterapia Talavera de la Reina 925681202. Cl\u00ednica especializada en fisioterapia general, deportiva y traumatol\u00f3gica. Nutrici\u00f3n. Pilates. Entrenamiento.","robots":{"index":"index","follow":"follow","max-snippet":"max-snippet:-1","max-image-preview":"max-image-preview:large","max-video-preview":"max-video-preview:-1"},"canonical":"https:\/\/iphysio.es\/","og_locale":"es_ES","og_type":"article","og_title":"Fisioterapia Talavera | Cl\u00ednica iPhysio | Nutrici\u00f3n. Pilates. Entrenamiento","og_description":"Fisioterapia Talavera de la Reina 925681202. Cl\u00ednica especializada en fisioterapia general, deportiva y traumatol\u00f3gica. Nutrici\u00f3n. Pilates. Entrenamiento.","og_url":"https:\/\/iphysio.es\/","og_site_name":"Cl\u00ednica iPhysio Therapy","article_publisher":"https:\/\/www.facebook.com\/iPhysioTalavera\/","article_modified_time":"2023-09-28T17:07:44+00:00","og_image":[{"width":1200,"height":846,"url":"https:\/\/iphysio.es\/wp-content\/uploads\/2020\/10\/fisioterapia-iphysio-talavera.jpg","type":"image\/jpeg"}],"twitter_card":"summary_large_image","twitter_image":"https:\/\/iphysio.es\/wp-content\/uploads\/2020\/10\/fisioterapia-iphysio-talavera.jpg","twitter_site":"@IphysioT","twitter_misc":{"Tiempo de lectura":"2 minutos"},"schema":{"@context":"https:\/\/schema.org","@graph":[{"@type":"WebPage","@id":"https:\/\/iphysio.es\/","url":"https:\/\/iphysio.es\/","name":"Fisioterapia Talavera | Cl\u00ednica iPhysio | Nutrici\u00f3n. Pilates. Entrenamiento","isPartOf":{"@id":"https:\/\/iphysio.es\/#website"},"primaryImageOfPage":{"@id":"https:\/\/iphysio.es\/#primaryimage"},"image":{"@id":"https:\/\/iphysio.es\/#primaryimage"},"thumbnailUrl":"https:\/\/iphysio.es\/wp-content\/uploads\/2020\/10\/fisioterapia-iphysio-talavera.jpg","datePublished":"2017-01-04T17:07:21+00:00","dateModified":"2023-09-28T17:07:44+00:00","description":"Fisioterapia Talavera de la Reina 925681202. Cl\u00ednica especializada en fisioterapia general, deportiva y traumatol\u00f3gica. Nutrici\u00f3n. Pilates. Entrenamiento.","breadcrumb":{"@id":"https:\/\/iphysio.es\/#breadcrumb"},"inLanguage":"es","potentialAction":[{"@type":"ReadAction","target":["https:\/\/iphysio.es\/"]}]},{"@type":"ImageObject","inLanguage":"es","@id":"https:\/\/iphysio.es\/#primaryimage","url":"https:\/\/iphysio.es\/wp-content\/uploads\/2020\/10\/fisioterapia-iphysio-talavera.jpg","contentUrl":"https:\/\/iphysio.es\/wp-content\/uploads\/2020\/10\/fisioterapia-iphysio-talavera.jpg","width":1200,"height":846},{"@type":"BreadcrumbList","@id":"https:\/\/iphysio.es\/#breadcrumb","itemListElement":[{"@type":"ListItem","position":1,"name":"Portada","item":"https:\/\/iphysio.es\/"},{"@type":"ListItem","position":2,"name":"Inicio"}]},{"@type":"WebSite","@id":"https:\/\/iphysio.es\/#website","url":"https:\/\/iphysio.es\/","name":"Cl\u00ednica iPhysio Therapy","description":"Fisioterapia, Nutrici\u00f3n y Diet\u00e9tica, Pilates, Hipopresivos, Lumbalgias, Cervicalgias, Esguinces, Biomec\u00e1nica","publisher":{"@id":"https:\/\/iphysio.es\/#organization"},"potentialAction":[{"@type":"SearchAction","target":{"@type":"EntryPoint","urlTemplate":"https:\/\/iphysio.es\/?s={search_term_string}"},"query-input":{"@type":"PropertyValueSpecification","valueRequired":true,"valueName":"search_term_string"}}],"inLanguage":"es"},{"@type":"Organization","@id":"https:\/\/iphysio.es\/#organization","name":"Fisiotalavera S.L.","url":"https:\/\/iphysio.es\/","logo":{"@type":"ImageObject","inLanguage":"es","@id":"https:\/\/iphysio.es\/#\/schema\/logo\/image\/","url":"https:\/\/iphysio.es\/wp-content\/uploads\/2016\/11\/cropped-solologo.png","contentUrl":"https:\/\/iphysio.es\/wp-content\/uploads\/2016\/11\/cropped-solologo.png","width":402,"height":428,"caption":"Fisiotalavera S.L."},"image":{"@id":"https:\/\/iphysio.es\/#\/schema\/logo\/image\/"},"sameAs":["https:\/\/www.facebook.com\/iPhysioTalavera\/","https:\/\/x.com\/IphysioT"]}]}},"_links":{"self":[{"href":"https:\/\/iphysio.es\/index.php\/wp-json\/wp\/v2\/pages\/40","targetHints":{"allow":["GET"]}}],"collection":[{"href":"https:\/\/iphysio.es\/index.php\/wp-json\/wp\/v2\/pages"}],"about":[{"href":"https:\/\/iphysio.es\/index.php\/wp-json\/wp\/v2\/types\/page"}],"author":[{"embeddable":true,"href":"https:\/\/iphysio.es\/index.php\/wp-json\/wp\/v2\/users\/1"}],"replies":[{"embeddable":true,"href":"https:\/\/iphysio.es\/index.php\/wp-json\/wp\/v2\/comments?post=40"}],"version-history":[{"count":0,"href":"https:\/\/iphysio.es\/index.php\/wp-json\/wp\/v2\/pages\/40\/revisions"}],"wp:featuredmedia":[{"embeddable":true,"href":"https:\/\/iphysio.es\/index.php\/wp-json\/wp\/v2\/media\/7302"}],"wp:attachment":[{"href":"https:\/\/iphysio.es\/index.php\/wp-json\/wp\/v2\/media?parent=40"}],"curies":[{"name":"wp","href":"https:\/\/api.w.org\/{rel}","templated":true}]}}