{"id":4068,"date":"2019-10-02T13:26:30","date_gmt":"2019-10-02T11:26:30","guid":{"rendered":"https:\/\/iphysio.es\/?page_id=4068"},"modified":"2023-09-21T12:17:05","modified_gmt":"2023-09-21T10:17:05","slug":"miriam-alia-nutricionista","status":"publish","type":"page","link":"https:\/\/iphysio.es\/index.php\/miriam-alia-nutricionista\/","title":{"rendered":"M\u00edriam Al\u00eda, Nutricionista"},"content":{"rendered":"<div class=\"su-row\"><div class=\"su-column su-column-size-1-3\"><div class=\"su-column-inner su-u-clearfix su-u-trim\">\n<p><img loading=\"lazy\" decoding=\"async\" class=\"alignnone wp-image-10340 size-full\" title=\"Beatriz Vivar, diet\u00e9tica y nutrici\u00f3n\" src=\"https:\/\/iphysio.es\/wp-content\/uploads\/2023\/09\/M\u00edriam.jpg\" alt=\"\" width=\"600\" height=\"800\" srcset=\"https:\/\/iphysio.es\/wp-content\/uploads\/2023\/09\/M\u00edriam.jpg 600w, https:\/\/iphysio.es\/wp-content\/uploads\/2023\/09\/M\u00edriam-225x300.jpg 225w\" sizes=\"auto, (max-width: 600px) 100vw, 600px\" \/><\/p>\n<div class=\"su-note\"  style=\"border-color:#dfdfdf;border-radius:2px;-moz-border-radius:2px;-webkit-border-radius:2px;\"><div class=\"su-note-inner su-u-clearfix su-u-trim\" style=\"background-color:#f9f9f9;border-color:#ffffff;color:#3c3c3c;border-radius:2px;-moz-border-radius:2px;-webkit-border-radius:2px;\">\n<table id=\"tablepress-8\" class=\"tablepress tablepress-id-8\">\n<tbody class=\"row-hover\">\n<tr class=\"row-1\">\n\t<td class=\"column-1\"><a href=\"https:\/\/iphysio.es\/index.php\/nuestros-servicios\/fisioterapia-talavera-de-la-reina\/\"><b>FISIOTERAPIA<\/b><\/a><br \/>\n<a href=\"https:\/\/iphysio.es\/index.php\/sara-porrero-fisioterapeuta\/\">Sara<\/a> Porrero<br \/>\n<a href=\"https:\/\/iphysio.es\/index.php\/angel-perez-fisioterapeuta\/\">\u00c1ngel<\/a> P\u00e9rez<br \/>\n<a href=\"https:\/\/iphysio.es\/index.php\/miriam-fernandez\/\">M\u00edriam<\/a> Fern\u00e1ndez<\/td><td class=\"column-2\"><a href=\"https:\/\/iphysio.es\/index.php\/juan-fisioterapeuta\/\">Juan Antonio<\/a> D. Basilio<br \/>\n<a href=\"https:\/\/iphysio.es\/index.php\/luis-navas\/\">Luis Fernando<\/a> Navas<br \/>\n<a href=\"https:\/\/iphysio.es\/index.php\/lorena-jara-fisioterapeuta\/\">Lorena<\/a> Jara<br \/>\n<i>(E)<\/i> <a href=\"https:\/\/iphysio.es\/index.php\/pedro-camacho\/\">Pedro<\/a> Camacho<\/td>\n<\/tr>\n<tr class=\"row-2\">\n\t<td class=\"column-1\"><a href=\"https:\/\/iphysio.es\/index.php\/nuestros-servicios\/fisioterapia-talavera-de-la-reina\/\"><b>NUTRICI\u00d3N<\/b><\/a><br \/>\n<a href=\"https:\/\/iphysio.es\/index.php\/miriam-alia-nutricionista\/\">M\u00edriam  <\/a> Al\u00eda<\/td><td class=\"column-2\">.<br \/>\n<a href=\"https:\/\/iphysio.es\/index.php\/david-olmedo-nutricionista\/\">David  <\/a> Olmedo<\/td>\n<\/tr>\n<tr class=\"row-3\">\n\t<td class=\"column-1\"><a href=\"https:\/\/iphysio.es\/index.php\/nuestros-servicios\/actividades-en-sala-cuidar-tu-cuerpo\/\"><b>PILATES<\/b><\/a><br \/>\n<a href=\"https:\/\/iphysio.es\/index.php\/miriam-fernandez\/\">M\u00edriam<\/a> Fern\u00e1ndez<\/td><td class=\"column-2\"><a href=\"https:\/\/iphysio.es\/index.php\/pablo-luengo\/\">Pablo<\/a> G. Luengo<br \/>\nCarolina Rodr\u00edguez<\/td>\n<\/tr>\n<tr class=\"row-4\">\n\t<td class=\"column-1\"><a href=\"https:\/\/iphysio.es\/index.php\/entrenamiento-deportivo\/\"><b>ENTRENAMIENTO<\/b><\/a><\/td><td class=\"column-2\"><a href=\"https:\/\/iphysio.es\/index.php\/alvaro-s-arjona-entrenador\/\">\u00c1lvaro<\/a> S. Arjona<\/td>\n<\/tr>\n<\/tbody>\n<\/table>\n<!-- #tablepress-8 from cache --><\/div><\/div>\n<\/div><\/div> <div class=\"su-column su-column-size-1-3\"><div class=\"su-column-inner su-u-clearfix su-u-trim\">\n<h2>M\u00edriam Al\u00eda, Graduada en Nutrici\u00f3n Humana y Diet\u00e9tica<\/h2>\n<p>Colegiada 00136 <a href=\"https:\/\/www.codincam.es\/\" target=\"_blank\" rel=\"noopener\">CODINCAM<\/a><\/p>\n<hr \/>\n<ul>\n<li>Graduada en <strong>Nutrici\u00f3n Humana y Diet\u00e9tica<br \/>\n<\/strong>(Universidad Complutense, Madrid 2016)<\/li>\n<li><strong>M\u00e1ster<\/strong> en Nutrici\u00f3n Personalizada y Comunitaria\u00a0(Universidad de Valencia, 2017)<\/li>\n<li>Curso de especializaci\u00f3n en <strong>Nutrici\u00f3n Cl\u00ednica Avanzada\u00a0<\/strong>(Instituto de Ciencias de la Nutrici\u00f3n y Salud, Madrid 2018)<\/li>\n<li>Curso de Intervenci\u00f3n Nutricional en el <strong>Paciente Oncol\u00f3gico\u00a0<\/strong>(Academia Espa\u00f1ola de Nutrici\u00f3n y Diet\u00e9tica, Barcelona 2018)<\/li>\n<li>Curso en <strong>Nutrici\u00f3n Digesto-Absortiva\u00a0<\/strong>(Nutrinfo 2019)<\/li>\n<li>Tercer Curso Avanzado sobre <strong>Obesidad\u00a0<\/strong>(Real Academia Nacional de Farmacia, Madrid 2016)<\/li>\n<li>Investigadora en el estudio \u00abPrevalencia de <strong>desnutrici\u00f3n<\/strong> al ingreso en el Hospital General N. S. del Prado\u00bb<\/li>\n<\/ul>\n<\/div><\/div> <div class=\"su-column su-column-size-1-3\"><div class=\"su-column-inner su-u-clearfix su-u-trim\"><img loading=\"lazy\" decoding=\"async\" class=\"alignnone size-large wp-image-5052\" src=\"https:\/\/iphysio.es\/wp-content\/uploads\/2019\/08\/iphysio-nutricion-desayuno-saludable-1024x1024.jpg\" alt=\"Desayuno saludable, iPhysio Nutrici\u00f3n\" width=\"640\" height=\"640\" srcset=\"https:\/\/iphysio.es\/wp-content\/uploads\/2019\/08\/iphysio-nutricion-desayuno-saludable-1024x1024.jpg 1024w, https:\/\/iphysio.es\/wp-content\/uploads\/2019\/08\/iphysio-nutricion-desayuno-saludable-150x150.jpg 150w, https:\/\/iphysio.es\/wp-content\/uploads\/2019\/08\/iphysio-nutricion-desayuno-saludable-300x300.jpg 300w, https:\/\/iphysio.es\/wp-content\/uploads\/2019\/08\/iphysio-nutricion-desayuno-saludable-768x768.jpg 768w, https:\/\/iphysio.es\/wp-content\/uploads\/2019\/08\/iphysio-nutricion-desayuno-saludable.jpg 1280w\" sizes=\"auto, (max-width: 640px) 100vw, 640px\" \/><\/p>\n<hr \/>\n<div class=\"su-accordion su-u-trim\"><div class=\"su-spoiler su-spoiler-style-default su-spoiler-icon-plus su-spoiler-closed\" data-scroll-offset=\"0\" data-anchor-in-url=\"no\"><div class=\"su-spoiler-title\" tabindex=\"0\" role=\"button\"><span class=\"su-spoiler-icon\"><\/span><strong>JORNADAS ESPECIALIZADAS<\/strong><\/div><div class=\"su-spoiler-content su-u-clearfix su-u-trim\">\n<ul>\n<li>\u00abAvances en Nutrici\u00f3n y Diet\u00e9tica Cl\u00ednica: Prevenci\u00f3n, Tratamiento y Gesti\u00f3n\u00bb\u00a0II Congreso de Alimentaci\u00f3n, Nutrici\u00f3n y Diet\u00e9tica (Madrid)<\/li>\n<li>\u00abEl Dietista-Nutricionista: Pro-Motor de Salud P\u00fablica\u00bb\u00a0I Congreso de Alimentaci\u00f3n, Nutrici\u00f3n y Diet\u00e9tica (Zaragoza)<\/li>\n<li>31 Jornadas de Infancia, Alimentaci\u00f3n y Salud (Conselleria de Sanitat Universal i Salut P\u00fablica, Valencia)<\/li>\n<li>IV Congreso de estudiantes de Nutrici\u00f3n Humana y Diet\u00e9tica\u00a0(Universidad de Valencia)<\/li>\n<li>XIX Jornadas Internacionales de Nutrici\u00f3n Pr\u00e1ctica\u00a0(Universidad Complutense, Madrid)<\/li>\n<li>Jornada de Avances y Controversias en Nutrici\u00f3n y Salud (Facultad de Farmacia, Universidad Complutense, Madrid)<\/li>\n<li>XXIII Seminario de Nutrici\u00f3n Cl\u00ednica \u00abDr. Abraham Garc\u00eda Almansa\u00bb (Hospital General Universitario Gregorio Mara\u00f1\u00f3n, Madrid)<\/li>\n<\/ul>\n<\/div><\/div><div class=\"su-spoiler su-spoiler-style-default su-spoiler-icon-plus su-spoiler-closed\" data-scroll-offset=\"0\" data-anchor-in-url=\"no\"><div class=\"su-spoiler-title\" tabindex=\"0\" role=\"button\"><span class=\"su-spoiler-icon\"><\/span><strong>BLOG<\/strong><\/div><div class=\"su-spoiler-content su-u-clearfix su-u-trim\">\n<ul>\n<li><a href=\"https:\/\/iphysio.es\/index.php\/2019\/09\/20\/intestino-irritable\/\" target=\"_blank\" rel=\"noopener\">\u00bfIntestino irritable?<\/a><\/li>\n<li><a href=\"https:\/\/iphysio.es\/index.php\/2019\/08\/06\/desayuno-saludable\/\" target=\"_blank\" rel=\"noopener\">Desayuno saludable<\/a><\/li>\n<\/ul>\n<\/div><\/div> <div class=\"su-spoiler su-spoiler-style-default su-spoiler-icon-plus su-spoiler-closed\" data-scroll-offset=\"0\" data-anchor-in-url=\"no\"><div class=\"su-spoiler-title\" tabindex=\"0\" role=\"button\"><span class=\"su-spoiler-icon\"><\/span><strong>SOLICITAR CITA CON M\u00cdRIAM AL\u00cdA. Nutricionista<\/strong><\/div><div class=\"su-spoiler-content su-u-clearfix su-u-trim\">\n<div class=\"wpforms-container wpforms-container-full\" id=\"wpforms-5447\"><form id=\"wpforms-form-5447\" class=\"wpforms-validate wpforms-form\" data-formid=\"5447\" method=\"post\" enctype=\"multipart\/form-data\" action=\"\/index.php\/wp-json\/wp\/v2\/pages\/4068\" data-token=\"2ca1d8c7fac85e283298b8f84c874f90\" data-token-time=\"1778512982\"><noscript class=\"wpforms-error-noscript\">Por favor, activa JavaScript en tu navegador para completar este formulario.<\/noscript><div class=\"wpforms-field-container\"><div id=\"wpforms-5447-field_10-container\" class=\"wpforms-field wpforms-field-checkbox\" data-field-id=\"10\"><label class=\"wpforms-field-label\">Solicitud de primera consulta del servicio de Nutrici\u00f3n y Diet\u00e9tica, con M\u00edriam Al\u00eda <span class=\"wpforms-required-label\">*<\/span><\/label><ul id=\"wpforms-5447-field_10\" class=\"wpforms-field-required\"><li class=\"choice-1 depth-1\"><input type=\"checkbox\" id=\"wpforms-5447-field_10_1\" name=\"wpforms[fields][10][]\" value=\"CONFIRMO SOLICITUD\" required ><label class=\"wpforms-field-label-inline\" for=\"wpforms-5447-field_10_1\">CONFIRMO SOLICITUD<\/label><\/li><\/ul><div class=\"wpforms-field-description\">Marcando esta casilla, confirma que est\u00e1 solicitando EXCLUSIVAMENTE contactar con M\u00edriam Al\u00eda para una PRIMERA CONSULTA. Para cualquier otra finalidad, por favor vaya a nuestra p\u00e1gina de \"CONTACTO\" del men\u00fa superior.<\/div><\/div><div id=\"wpforms-5447-field_0-container\" class=\"wpforms-field wpforms-field-name\" data-field-id=\"0\"><label class=\"wpforms-field-label\" for=\"wpforms-5447-field_0\">Nombre <span class=\"wpforms-required-label\">*<\/span><\/label><input type=\"text\" id=\"wpforms-5447-field_0\" class=\"wpforms-field-large wpforms-field-required\" name=\"wpforms[fields][0]\" required><\/div><div id=\"wpforms-5447-field_3-container\" class=\"wpforms-field wpforms-field-number\" data-field-id=\"3\"><label class=\"wpforms-field-label\" for=\"wpforms-5447-field_3\">Tel\u00e9fono <span class=\"wpforms-required-label\">*<\/span><\/label><input type=\"number\" id=\"wpforms-5447-field_3\" class=\"wpforms-field-large wpforms-field-required\" name=\"wpforms[fields][3]\" step=\"any\" required><\/div><div id=\"wpforms-5447-field_1-container\" class=\"wpforms-field wpforms-field-email\" data-field-id=\"1\"><label class=\"wpforms-field-label\" for=\"wpforms-5447-field_1\">Correo electr\u00f3nico <span class=\"wpforms-required-label\">*<\/span><\/label><input type=\"email\" id=\"wpforms-5447-field_1\" class=\"wpforms-field-large wpforms-field-required\" name=\"wpforms[fields][1]\" spellcheck=\"false\" required><\/div><div id=\"wpforms-5447-field_7-container\" class=\"wpforms-field wpforms-field-checkbox\" data-field-id=\"7\"><label class=\"wpforms-field-label\">Protecci\u00f3n de datos <span class=\"wpforms-required-label\">*<\/span><\/label><ul id=\"wpforms-5447-field_7\" class=\"wpforms-field-required\"><li class=\"choice-1 depth-1\"><input type=\"checkbox\" id=\"wpforms-5447-field_7_1\" name=\"wpforms[fields][7][]\" value=\"S\u00cd, HE LE\u00cdDO Y ACEPTO la cl\u00e1usula de protecci\u00f3n de datos\" required ><label class=\"wpforms-field-label-inline\" for=\"wpforms-5447-field_7_1\">S\u00cd, HE LE\u00cdDO Y ACEPTO la cl\u00e1usula de protecci\u00f3n de datos<\/label><\/li><\/ul><div class=\"wpforms-field-description\">PROTECCI\u00d3N DE DATOS. En cumplimiento de lo establecido en la Ley Org\u00e1nica 3\/2018, de 5 de dic., de Protecci\u00f3n de Datos de Car\u00e1cter Personal y del Reglamento (UE) 2016\/679 del Parlamento Europeo y del Consejo de 27 de abril de 2016, le comunicamos que los datos que usted nos facilite quedar\u00e1n incorporados y ser\u00e1n tratados en los ficheros titularidad de Fisiotalavera SL, con el fin de poderle prestar nuestros servicios, as\u00ed como para mantenerle informado sobre cuestiones relativas a la actividad de la empresa y sus servicios. Mediante la aceptaci\u00f3n del presente documento usted da su consentimiento expreso para que Fisiotalavera SL pueda utilizar con este fin concreto los datos de car\u00e1cter personal facilitados por usted, comprometi\u00e9ndose a tratarlos de forma confidencial y a no comunicar o cederlos a terceros. Asimismo, le informamos que puede ejercer los derechos de acceso, rectificaci\u00f3n, cancelaci\u00f3n u oposici\u00f3n de dichos datos mediante escrito dirigido a: Tratamiento de Datos de Fisiotalavera SL, \u00c1ngel del Alc\u00e1zar 68 Talavera de Reina info@iphysio.es, acompa\u00f1ando copia de DNI.\u00a0<\/div><\/div><\/div><!-- .wpforms-field-container --><div class=\"wpforms-field wpforms-field-hp\"><label for=\"wpforms-5447-field-hp\" class=\"wpforms-field-label\">Phone<\/label><input type=\"text\" name=\"wpforms[hp]\" id=\"wpforms-5447-field-hp\" class=\"wpforms-field-medium\"><\/div><div class=\"wpforms-submit-container\" ><input type=\"hidden\" name=\"wpforms[id]\" value=\"5447\"><input type=\"hidden\" name=\"page_title\" value=\"\"><input type=\"hidden\" name=\"page_url\" value=\"https:\/\/iphysio.es\/index.php\/wp-json\/wp\/v2\/pages\/4068\"><input type=\"hidden\" name=\"url_referer\" value=\"\"><button type=\"submit\" name=\"wpforms[submit]\" id=\"wpforms-submit-5447\" class=\"wpforms-submit\" data-alt-text=\"Enviando...\" data-submit-text=\"Enviar\" aria-live=\"assertive\" value=\"wpforms-submit\">Enviar<\/button><\/div><\/form><\/div>  <!-- .wpforms-container -->\n<\/div><\/div> <\/div>\n<\/div><\/div><\/div>\n ","protected":false},"excerpt":{"rendered":"","protected":false},"author":1,"featured_media":0,"parent":0,"menu_order":0,"comment_status":"closed","ping_status":"closed","template":"","meta":{"footnotes":"","_links_to":"","_links_to_target":""},"class_list":["post-4068","page","type-page","status-publish","hentry"],"yoast_head":"<!-- This site is optimized with the Yoast SEO plugin v27.5 - https:\/\/yoast.com\/product\/yoast-seo-wordpress\/ -->\n<title>M\u00edriam Al\u00eda. Nutricionista en Talavera | Cl\u00ednica iPhysio Therapy<\/title>\n<meta name=\"description\" content=\"M\u00edriam Al\u00eda. Nutricionista en Cl\u00ednica iPhysio. Graduada en Nutrici\u00f3n Humana y Diet\u00e9tica por la Universidad Complutense (2016).\" \/>\n<meta name=\"robots\" content=\"index, follow, max-snippet:-1, max-image-preview:large, max-video-preview:-1\" \/>\n<link rel=\"canonical\" href=\"https:\/\/iphysio.es\/index.php\/miriam-alia-nutricionista\/\" \/>\n<meta property=\"og:locale\" content=\"es_ES\" \/>\n<meta property=\"og:type\" content=\"article\" \/>\n<meta property=\"og:title\" content=\"M\u00edriam Al\u00eda. Nutricionista en Talavera | Cl\u00ednica iPhysio Therapy\" \/>\n<meta property=\"og:description\" content=\"M\u00edriam Al\u00eda. Nutricionista en Cl\u00ednica iPhysio. Graduada en Nutrici\u00f3n Humana y Diet\u00e9tica por la Universidad Complutense (2016).\" \/>\n<meta property=\"og:url\" content=\"https:\/\/iphysio.es\/index.php\/miriam-alia-nutricionista\/\" \/>\n<meta property=\"og:site_name\" content=\"Cl\u00ednica iPhysio Therapy\" \/>\n<meta property=\"article:publisher\" content=\"https:\/\/www.facebook.com\/iPhysioTalavera\/\" \/>\n<meta property=\"article:modified_time\" content=\"2023-09-21T10:17:05+00:00\" \/>\n<meta property=\"og:image\" content=\"https:\/\/iphysio.es\/wp-content\/uploads\/2019\/08\/iphysio-nutricion-desayuno-saludable-1024x1024.jpg\" \/>\n<meta name=\"twitter:card\" content=\"summary_large_image\" \/>\n<meta name=\"twitter:site\" content=\"@IphysioT\" \/>\n<meta name=\"twitter:label1\" content=\"Tiempo de lectura\" \/>\n\t<meta name=\"twitter:data1\" content=\"2 minutos\" \/>\n<script type=\"application\/ld+json\" class=\"yoast-schema-graph\">{\"@context\":\"https:\\\/\\\/schema.org\",\"@graph\":[{\"@type\":\"WebPage\",\"@id\":\"https:\\\/\\\/iphysio.es\\\/index.php\\\/miriam-alia-nutricionista\\\/\",\"url\":\"https:\\\/\\\/iphysio.es\\\/index.php\\\/miriam-alia-nutricionista\\\/\",\"name\":\"M\u00edriam Al\u00eda. Nutricionista en Talavera | Cl\u00ednica iPhysio Therapy\",\"isPartOf\":{\"@id\":\"https:\\\/\\\/iphysio.es\\\/#website\"},\"primaryImageOfPage\":{\"@id\":\"https:\\\/\\\/iphysio.es\\\/index.php\\\/miriam-alia-nutricionista\\\/#primaryimage\"},\"image\":{\"@id\":\"https:\\\/\\\/iphysio.es\\\/index.php\\\/miriam-alia-nutricionista\\\/#primaryimage\"},\"thumbnailUrl\":\"https:\\\/\\\/iphysio.es\\\/wp-content\\\/uploads\\\/2019\\\/08\\\/iphysio-nutricion-desayuno-saludable-1024x1024.jpg\",\"datePublished\":\"2019-10-02T11:26:30+00:00\",\"dateModified\":\"2023-09-21T10:17:05+00:00\",\"description\":\"M\u00edriam Al\u00eda. Nutricionista en Cl\u00ednica iPhysio. Graduada en Nutrici\u00f3n Humana y Diet\u00e9tica por la Universidad Complutense (2016).\",\"breadcrumb\":{\"@id\":\"https:\\\/\\\/iphysio.es\\\/index.php\\\/miriam-alia-nutricionista\\\/#breadcrumb\"},\"inLanguage\":\"es\",\"potentialAction\":[{\"@type\":\"ReadAction\",\"target\":[\"https:\\\/\\\/iphysio.es\\\/index.php\\\/miriam-alia-nutricionista\\\/\"]}]},{\"@type\":\"ImageObject\",\"inLanguage\":\"es\",\"@id\":\"https:\\\/\\\/iphysio.es\\\/index.php\\\/miriam-alia-nutricionista\\\/#primaryimage\",\"url\":\"https:\\\/\\\/iphysio.es\\\/wp-content\\\/uploads\\\/2019\\\/08\\\/iphysio-nutricion-desayuno-saludable.jpg\",\"contentUrl\":\"https:\\\/\\\/iphysio.es\\\/wp-content\\\/uploads\\\/2019\\\/08\\\/iphysio-nutricion-desayuno-saludable.jpg\",\"width\":1280,\"height\":1280,\"caption\":\"Desayuno saludable, iPhysio Nutrici\u00f3n\"},{\"@type\":\"BreadcrumbList\",\"@id\":\"https:\\\/\\\/iphysio.es\\\/index.php\\\/miriam-alia-nutricionista\\\/#breadcrumb\",\"itemListElement\":[{\"@type\":\"ListItem\",\"position\":1,\"name\":\"Portada\",\"item\":\"https:\\\/\\\/iphysio.es\\\/\"},{\"@type\":\"ListItem\",\"position\":2,\"name\":\"M\u00edriam Al\u00eda, Nutricionista\"}]},{\"@type\":\"WebSite\",\"@id\":\"https:\\\/\\\/iphysio.es\\\/#website\",\"url\":\"https:\\\/\\\/iphysio.es\\\/\",\"name\":\"Cl\u00ednica iPhysio Therapy\",\"description\":\"Fisioterapia, Nutrici\u00f3n y Diet\u00e9tica, Pilates, Hipopresivos, Lumbalgias, Cervicalgias, Esguinces, Biomec\u00e1nica\",\"publisher\":{\"@id\":\"https:\\\/\\\/iphysio.es\\\/#organization\"},\"potentialAction\":[{\"@type\":\"SearchAction\",\"target\":{\"@type\":\"EntryPoint\",\"urlTemplate\":\"https:\\\/\\\/iphysio.es\\\/?s={search_term_string}\"},\"query-input\":{\"@type\":\"PropertyValueSpecification\",\"valueRequired\":true,\"valueName\":\"search_term_string\"}}],\"inLanguage\":\"es\"},{\"@type\":\"Organization\",\"@id\":\"https:\\\/\\\/iphysio.es\\\/#organization\",\"name\":\"Fisiotalavera S.L.\",\"url\":\"https:\\\/\\\/iphysio.es\\\/\",\"logo\":{\"@type\":\"ImageObject\",\"inLanguage\":\"es\",\"@id\":\"https:\\\/\\\/iphysio.es\\\/#\\\/schema\\\/logo\\\/image\\\/\",\"url\":\"https:\\\/\\\/iphysio.es\\\/wp-content\\\/uploads\\\/2016\\\/11\\\/cropped-solologo.png\",\"contentUrl\":\"https:\\\/\\\/iphysio.es\\\/wp-content\\\/uploads\\\/2016\\\/11\\\/cropped-solologo.png\",\"width\":402,\"height\":428,\"caption\":\"Fisiotalavera S.L.\"},\"image\":{\"@id\":\"https:\\\/\\\/iphysio.es\\\/#\\\/schema\\\/logo\\\/image\\\/\"},\"sameAs\":[\"https:\\\/\\\/www.facebook.com\\\/iPhysioTalavera\\\/\",\"https:\\\/\\\/x.com\\\/IphysioT\"]}]}<\/script>\n<!-- \/ Yoast SEO plugin. -->","yoast_head_json":{"title":"M\u00edriam Al\u00eda. Nutricionista en Talavera | Cl\u00ednica iPhysio Therapy","description":"M\u00edriam Al\u00eda. Nutricionista en Cl\u00ednica iPhysio. Graduada en Nutrici\u00f3n Humana y Diet\u00e9tica por la Universidad Complutense (2016).","robots":{"index":"index","follow":"follow","max-snippet":"max-snippet:-1","max-image-preview":"max-image-preview:large","max-video-preview":"max-video-preview:-1"},"canonical":"https:\/\/iphysio.es\/index.php\/miriam-alia-nutricionista\/","og_locale":"es_ES","og_type":"article","og_title":"M\u00edriam Al\u00eda. Nutricionista en Talavera | Cl\u00ednica iPhysio Therapy","og_description":"M\u00edriam Al\u00eda. Nutricionista en Cl\u00ednica iPhysio. Graduada en Nutrici\u00f3n Humana y Diet\u00e9tica por la Universidad Complutense (2016).","og_url":"https:\/\/iphysio.es\/index.php\/miriam-alia-nutricionista\/","og_site_name":"Cl\u00ednica iPhysio Therapy","article_publisher":"https:\/\/www.facebook.com\/iPhysioTalavera\/","article_modified_time":"2023-09-21T10:17:05+00:00","og_image":[{"url":"https:\/\/iphysio.es\/wp-content\/uploads\/2019\/08\/iphysio-nutricion-desayuno-saludable-1024x1024.jpg","type":"","width":"","height":""}],"twitter_card":"summary_large_image","twitter_site":"@IphysioT","twitter_misc":{"Tiempo de lectura":"2 minutos"},"schema":{"@context":"https:\/\/schema.org","@graph":[{"@type":"WebPage","@id":"https:\/\/iphysio.es\/index.php\/miriam-alia-nutricionista\/","url":"https:\/\/iphysio.es\/index.php\/miriam-alia-nutricionista\/","name":"M\u00edriam Al\u00eda. Nutricionista en Talavera | Cl\u00ednica iPhysio Therapy","isPartOf":{"@id":"https:\/\/iphysio.es\/#website"},"primaryImageOfPage":{"@id":"https:\/\/iphysio.es\/index.php\/miriam-alia-nutricionista\/#primaryimage"},"image":{"@id":"https:\/\/iphysio.es\/index.php\/miriam-alia-nutricionista\/#primaryimage"},"thumbnailUrl":"https:\/\/iphysio.es\/wp-content\/uploads\/2019\/08\/iphysio-nutricion-desayuno-saludable-1024x1024.jpg","datePublished":"2019-10-02T11:26:30+00:00","dateModified":"2023-09-21T10:17:05+00:00","description":"M\u00edriam Al\u00eda. Nutricionista en Cl\u00ednica iPhysio. Graduada en Nutrici\u00f3n Humana y Diet\u00e9tica por la Universidad Complutense (2016).","breadcrumb":{"@id":"https:\/\/iphysio.es\/index.php\/miriam-alia-nutricionista\/#breadcrumb"},"inLanguage":"es","potentialAction":[{"@type":"ReadAction","target":["https:\/\/iphysio.es\/index.php\/miriam-alia-nutricionista\/"]}]},{"@type":"ImageObject","inLanguage":"es","@id":"https:\/\/iphysio.es\/index.php\/miriam-alia-nutricionista\/#primaryimage","url":"https:\/\/iphysio.es\/wp-content\/uploads\/2019\/08\/iphysio-nutricion-desayuno-saludable.jpg","contentUrl":"https:\/\/iphysio.es\/wp-content\/uploads\/2019\/08\/iphysio-nutricion-desayuno-saludable.jpg","width":1280,"height":1280,"caption":"Desayuno saludable, iPhysio Nutrici\u00f3n"},{"@type":"BreadcrumbList","@id":"https:\/\/iphysio.es\/index.php\/miriam-alia-nutricionista\/#breadcrumb","itemListElement":[{"@type":"ListItem","position":1,"name":"Portada","item":"https:\/\/iphysio.es\/"},{"@type":"ListItem","position":2,"name":"M\u00edriam Al\u00eda, Nutricionista"}]},{"@type":"WebSite","@id":"https:\/\/iphysio.es\/#website","url":"https:\/\/iphysio.es\/","name":"Cl\u00ednica iPhysio Therapy","description":"Fisioterapia, Nutrici\u00f3n y Diet\u00e9tica, Pilates, Hipopresivos, Lumbalgias, Cervicalgias, Esguinces, Biomec\u00e1nica","publisher":{"@id":"https:\/\/iphysio.es\/#organization"},"potentialAction":[{"@type":"SearchAction","target":{"@type":"EntryPoint","urlTemplate":"https:\/\/iphysio.es\/?s={search_term_string}"},"query-input":{"@type":"PropertyValueSpecification","valueRequired":true,"valueName":"search_term_string"}}],"inLanguage":"es"},{"@type":"Organization","@id":"https:\/\/iphysio.es\/#organization","name":"Fisiotalavera S.L.","url":"https:\/\/iphysio.es\/","logo":{"@type":"ImageObject","inLanguage":"es","@id":"https:\/\/iphysio.es\/#\/schema\/logo\/image\/","url":"https:\/\/iphysio.es\/wp-content\/uploads\/2016\/11\/cropped-solologo.png","contentUrl":"https:\/\/iphysio.es\/wp-content\/uploads\/2016\/11\/cropped-solologo.png","width":402,"height":428,"caption":"Fisiotalavera S.L."},"image":{"@id":"https:\/\/iphysio.es\/#\/schema\/logo\/image\/"},"sameAs":["https:\/\/www.facebook.com\/iPhysioTalavera\/","https:\/\/x.com\/IphysioT"]}]}},"_links":{"self":[{"href":"https:\/\/iphysio.es\/index.php\/wp-json\/wp\/v2\/pages\/4068","targetHints":{"allow":["GET"]}}],"collection":[{"href":"https:\/\/iphysio.es\/index.php\/wp-json\/wp\/v2\/pages"}],"about":[{"href":"https:\/\/iphysio.es\/index.php\/wp-json\/wp\/v2\/types\/page"}],"author":[{"embeddable":true,"href":"https:\/\/iphysio.es\/index.php\/wp-json\/wp\/v2\/users\/1"}],"replies":[{"embeddable":true,"href":"https:\/\/iphysio.es\/index.php\/wp-json\/wp\/v2\/comments?post=4068"}],"version-history":[{"count":0,"href":"https:\/\/iphysio.es\/index.php\/wp-json\/wp\/v2\/pages\/4068\/revisions"}],"wp:attachment":[{"href":"https:\/\/iphysio.es\/index.php\/wp-json\/wp\/v2\/media?parent=4068"}],"curies":[{"name":"wp","href":"https:\/\/api.w.org\/{rel}","templated":true}]}}