{"id":50,"date":"2017-01-04T17:07:21","date_gmt":"2017-01-04T17:07:21","guid":{"rendered":"http:\/\/iphysio.es\/?page_id=50"},"modified":"2024-01-31T11:23:38","modified_gmt":"2024-01-31T10:23:38","slug":"nuestros-servicios","status":"publish","type":"page","link":"https:\/\/iphysio.es\/index.php\/nuestros-servicios\/","title":{"rendered":"Nuestros servicios"},"content":{"rendered":"<h1>NUESTROS SERVICIOS en fisioterapia, nutrici\u00f3n y sala<\/h1>\n<h6>Cl\u00ednica iPhysio Therapy, al servicio global de tu salud. Profesionales titulados y con larga experiencia, trabajando con un concepto casi <span id=\"su_tooltip_6a01c40c4bb7c_button\" class=\"su-tooltip-button su-tooltip-button-outline-yes\" aria-describedby=\"su_tooltip_6a01c40c4bb7c\" data-settings='{\"position\":\"top\",\"behavior\":\"hover\",\"hideDelay\":0}' tabindex=\"0\"><span style=\"color: #ff9900;\"><strong>hol\u00edstico<\/strong><\/span><\/span><span style=\"display:none;z-index:100\" id=\"su_tooltip_6a01c40c4bb7c\" class=\"su-tooltip\" role=\"tooltip\"><span class=\"su-tooltip-inner su-tooltip-shadow-no\" style=\"z-index:100;background:#FFFFFF;color:#454545;font-size:14px;border-radius:5px;text-align:left;max-width:300px;line-height:1.25\"><span class=\"su-tooltip-title\">HOL\u00cdSTICO<\/span><span class=\"su-tooltip-content su-u-trim\">Que contempla todo en un conjunto. Que no analiza las partes de un todo por separado.<\/span><\/span><span id=\"su_tooltip_6a01c40c4bb7c_arrow\" class=\"su-tooltip-arrow\" style=\"z-index:100;background:#FFFFFF\" data-popper-arrow><\/span><\/span>\u00a0para ayudarte a escuchar a tu cuerpo y a cuidarlo. Porque&#8230; \u00bfqu\u00e9 te dice tu cuerpo en este momento?<\/h6>\n<h4 style=\"text-align: center;\"><div class=\"su-quote su-quote-style-default su-quote-has-cite\"><div class=\"su-quote-inner su-u-clearfix su-u-trim\">Comer, hacer ejercicio, descansar. En el equilibrio correcto, los tres contribuyen a un estilo de vida verdaderamente saludable. Ven a buscarlo.<span class=\"su-quote-cite\">Cl\u00ednica iPhysio Therapy<\/span><\/div><\/div><\/h4>\n<h2><img loading=\"lazy\" decoding=\"async\" class=\"aligncenter wp-image-337 size-full\" src=\"https:\/\/iphysio.es\/wp-content\/uploads\/2017\/02\/fachada-para-rotulos-e1486217891644.jpg\" alt=\"\" width=\"2394\" height=\"786\" \/><\/h2>\n<p style=\"text-align: left;\">Nuestros servicios abarcan <strong>diferentes disciplinas<\/strong>, encaminadas a <strong>mantener o mejorar tu salud y tus condiciones f\u00edsicas<\/strong>. En conjunto, ponemos a tu disposici\u00f3n terapias y tratamientos englobados en un gran proyecto de salud. Con las mejores garant\u00edas. Con <strong>los mejores profesionales<\/strong>.\u00a0El resultado es una\u00a0<strong>atenci\u00f3n cercana, r\u00e1pida y personalizada<\/strong> seg\u00fan tus necesidades y tu tratamiento. Ponemos a tu disposici\u00f3n unas <strong>instalaciones modernas y c\u00f3modas<\/strong>, con el equipamiento y recursos materiales y humanos necesarios para que recibas la asistencia integral que necesites. Te recibimos adem\u00e1s en un entorno muy cuidado, dise\u00f1ado para ofrecerte la sensaci\u00f3n de relajaci\u00f3n y bienestar que necesitas.<\/p>\n<div class=\"su-row\"><div class=\"su-column su-column-size-1-3\"><div class=\"su-column-inner su-u-clearfix su-u-trim\">\n<h3 style=\"text-align: center;\"><a href=\"https:\/\/iphysio.es\/index.php\/nuestros-servicios\/fisioterapia-talavera-de-la-reina\/\"><strong>FISIOTERAPIA<\/strong><\/a><\/h3>\n<p><img loading=\"lazy\" decoding=\"async\" class=\"alignnone wp-image-3883 size-full\" src=\"https:\/\/iphysio.es\/wp-content\/uploads\/2018\/12\/fisioterapia_02.jpg\" alt=\"\" width=\"451\" height=\"600\" srcset=\"https:\/\/iphysio.es\/wp-content\/uploads\/2018\/12\/fisioterapia_02.jpg 451w, https:\/\/iphysio.es\/wp-content\/uploads\/2018\/12\/fisioterapia_02-226x300.jpg 226w\" sizes=\"auto, (max-width: 451px) 100vw, 451px\" \/><\/p>\n<div class=\"su-quote su-quote-style-default\"><div class=\"su-quote-inner su-u-clearfix su-u-trim\">No podemos ni debemos olvidar el papel fundamental de la fisioterapia tambi\u00e9n en la prevenci\u00f3n para el \u00f3ptimo estado general de salud.<\/div><\/div>\n<p style=\"text-align: left;\">Es una alternativa terap\u00e9utica para mitigar, sin f\u00e1rmacos, los s\u00edntomas de m\u00faltiples dolencias. La fisioterapia, que adem\u00e1s implica un conocimiento profundo del ser humano, es en algunos casos la primera terapia en aplicarse; en otros, se utiliza como terapia de apoyo y refuerzo en algunos tratamientos tanto m\u00e9dicos como farmacol\u00f3gicos.<\/p>\n\n<table id=\"tablepress-4\" class=\"tablepress tablepress-id-4\">\n<tbody class=\"row-hover\">\n<tr class=\"row-1\">\n\t<td class=\"column-1\">Fisioterapia cl\u00ednica<\/td>\n<\/tr>\n<tr class=\"row-2\">\n\t<td class=\"column-1\"><a href=\"https:\/\/iphysio.es\/index.php\/nuestros-servicios\/fisioterapia-talavera-de-la-reina\/fisioterapia-deportiva\/\">Fisioterapia Deportiva\u00a0<\/a><\/td>\n<\/tr>\n<tr class=\"row-3\">\n\t<td class=\"column-1\"><a href=\"https:\/\/iphysio.es\/index.php\/ecografia-musculoesqueletica\/\">Ecograf\u00eda Musculoesquel\u00e9tica<\/a><\/td>\n<\/tr>\n<tr class=\"row-4\">\n\t<td class=\"column-1\"><a href=\"https:\/\/iphysio.es\/index.php\/nuestros-servicios\/fisioterapia-talavera-de-la-reina\/especialistas-en-atm-articulacion-temporo-mandibular-bruxismo-talavera\/\">Articulaci\u00f3n Temporo Mandibular <\/a><\/td>\n<\/tr>\n<tr class=\"row-5\">\n\t<td class=\"column-1\"><a href=\"https:\/\/iphysio.es\/index.php\/nuestros-servicios\/fisioterapia-talavera-de-la-reina\/puncion-seca-pgm\/\">Punci\u00f3n Seca PGM<\/a><\/td>\n<\/tr>\n<tr class=\"row-6\">\n\t<td class=\"column-1\"><a href=\"https:\/\/iphysio.es\/index.php\/diastasis-abdominal\/\">Di\u00e1stasis abdominal<\/a><\/td>\n<\/tr>\n<tr class=\"row-7\">\n\t<td class=\"column-1\"><a href=\"https:\/\/iphysio.es\/index.php\/nuestros-servicios\/fisioterapia-talavera-de-la-reina\/vendaje-neuromuscular\/\">Vendaje Neuromuscular<\/a><\/td>\n<\/tr>\n<tr class=\"row-8\">\n\t<td class=\"column-1\"><a href=\"https:\/\/iphysio.es\/index.php\/nuestros-servicios\/fisioterapia-talavera-de-la-reina\/colico-del-lactante\/\">C\u00f3lico del lactante <\/a><\/td>\n<\/tr>\n<tr class=\"row-9\">\n\t<td class=\"column-1\"><a href=\"https:\/\/iphysio.es\/index.php\/nuestros-servicios\/fisioterapia-talavera-de-la-reina\/fibrolisis-instrumental-ganchos\/\">Fibrolisis Instrumental (Ganchos)<\/a><\/td>\n<\/tr>\n<tr class=\"row-10\">\n\t<td class=\"column-1\"><a href=\"https:\/\/iphysio.es\/index.php\/nuestros-servicios\/fisioterapia-talavera-de-la-reina\/fisioterapia-traumatologica-y-reumatologica\/\">Fisioterapia en Traumatolog\u00eda y Reumatolog\u00eda<\/a><\/td>\n<\/tr>\n<tr class=\"row-11\">\n\t<td class=\"column-1\"><a href=\"https:\/\/iphysio.es\/index.php\/nuestros-servicios\/fisioterapia-talavera-de-la-reina\/entrenamiento-isoinercial-epte\/\">Entrenamiento Isoinercial y Exc\u00e9ntrico EPTE\u00ae<\/a><\/td>\n<\/tr>\n<tr class=\"row-12\">\n\t<td class=\"column-1\"><a href=\"https:\/\/iphysio.es\/index.php\/nuestros-servicios\/fisioterapia-talavera-de-la-reina\/electrolisis-percutanea-terapeutica-epte\/\">Electrolisis Percut\u00e1nea Terap\u00e9utica EPTE\u00ae<\/a><\/td>\n<\/tr>\n<\/tbody>\n<\/table>\n<!-- #tablepress-4 from cache -->\n<p style=\"text-align: left;\">En Cl\u00ednica iPhysio Therapy encontrar\u00e1s una de las mayores, mejores y m\u00e1s completas ofertas asistenciales en Talavera de la Reina y su comarca, profesionales altamente cualificados, especializados e inscritos en el Colegio Oficial de Fisioterapeutas de Castilla la Mancha.<\/p>\n<p><img loading=\"lazy\" decoding=\"async\" class=\"alignnone wp-image-2573 size-full\" src=\"https:\/\/iphysio.es\/wp-content\/uploads\/2017\/01\/punci\u00f3n-seca-iphysio.jpg\" alt=\"Nuestros servicios: punci\u00f3n seca en Talavera\" width=\"900\" height=\"596\" srcset=\"https:\/\/iphysio.es\/wp-content\/uploads\/2017\/01\/punci\u00f3n-seca-iphysio.jpg 900w, https:\/\/iphysio.es\/wp-content\/uploads\/2017\/01\/punci\u00f3n-seca-iphysio-300x199.jpg 300w, https:\/\/iphysio.es\/wp-content\/uploads\/2017\/01\/punci\u00f3n-seca-iphysio-768x509.jpg 768w\" sizes=\"auto, (max-width: 900px) 100vw, 900px\" \/><\/p>\n<\/div><\/div>\n<div class=\"su-column su-column-size-1-3\"><div class=\"su-column-inner su-u-clearfix su-u-trim\">\n<h3 style=\"text-align: center;\"><a href=\"https:\/\/iphysio.es\/index.php\/nuestros-servicios\/nutricion-y-dietetica-talavera\/\"><strong>NUTRICI\u00d3N<\/strong><\/a><\/h3>\n<p><img loading=\"lazy\" decoding=\"async\" class=\"alignnone wp-image-10817 size-full\" src=\"https:\/\/iphysio.es\/wp-content\/uploads\/2024\/01\/nutricion-en-talavera.jpg\" alt=\"\" width=\"700\" height=\"933\" srcset=\"https:\/\/iphysio.es\/wp-content\/uploads\/2024\/01\/nutricion-en-talavera.jpg 700w, https:\/\/iphysio.es\/wp-content\/uploads\/2024\/01\/nutricion-en-talavera-225x300.jpg 225w\" sizes=\"auto, (max-width: 700px) 100vw, 700px\" \/><\/p>\n<div class=\"su-quote su-quote-style-default\"><div class=\"su-quote-inner su-u-clearfix su-u-trim\">Cuidar la salud no es comer mucho o poco, sino lo apropiado en cada momento, y lo m\u00e1s beneficioso para nuestro cuerpo.<\/div><\/div>\n<p style=\"text-align: left;\">Lo que comemos influye directamente en nuestro estado de salud actual, y en el que tengamos en el futuro. Por ello debemos tomar conciencia de c\u00f3mo comemos.\u00a0Alimentarnos es un hecho cotidiano que realizamos a diario y al que, muchas veces, no damos la importancia que merece.\u00a0Gozar de buena salud consiste en tener un buen estado f\u00edsico y mental.<\/p>\n\n<table id=\"tablepress-5\" class=\"tablepress tablepress-id-5\">\n<tbody class=\"row-hover\">\n<tr class=\"row-1\">\n\t<td class=\"column-1\"><a href=\"https:\/\/iphysio.es\/index.php\/nuestros-servicios\/nutricion-y-dietetica-talavera\/nutricion-clinica\/\">Nutrici\u00f3n Cl\u00ednica<\/a><\/td>\n<\/tr>\n<tr class=\"row-2\">\n\t<td class=\"column-1\"><a href=\"https:\/\/iphysio.es\/index.php\/nuestros-servicios\/nutricion-y-dietetica-talavera\/nutricion-deportiva\/\">Nutrici\u00f3n Deportiva<\/a><\/td>\n<\/tr>\n<tr class=\"row-3\">\n\t<td class=\"column-1\"><a href=\"https:\/\/iphysio.es\/index.php\/nuestros-servicios\/nutricion-y-dietetica-talavera\/nutricion-infantil\/\">Nutrici\u00f3n Infantil<\/a><\/td>\n<\/tr>\n<tr class=\"row-4\">\n\t<td class=\"column-1\"><a href=\"https:\/\/iphysio.es\/index.php\/nuestros-servicios\/nutricion-y-dietetica-talavera\/nutricion-en-el-embarazo-y-lactancia\/\">Embarazo y lactancia<\/a><\/td>\n<\/tr>\n<tr class=\"row-5\">\n\t<td class=\"column-1\"><a href=\"https:\/\/iphysio.es\/index.php\/nuestros-servicios\/nutricion-y-dietetica-talavera\/veganismo-y-vegetarianismo\/\">Vegetariana y vegana <\/a><\/td>\n<\/tr>\n<tr class=\"row-6\">\n\t<td class=\"column-1\">Educaci\u00f3n Nutricional<\/td>\n<\/tr>\n<\/tbody>\n<\/table>\n<!-- #tablepress-5 from cache -->\n<p><img loading=\"lazy\" decoding=\"async\" class=\"alignnone wp-image-2157 size-full\" src=\"https:\/\/iphysio.es\/wp-content\/uploads\/2018\/08\/hand-apple-nature-person-girl-hair-1037996-pxhere.com_.jpg\" alt=\"Nuestros servicios: nutrici\u00f3n infantil en Talavera\" width=\"510\" height=\"768\" srcset=\"https:\/\/iphysio.es\/wp-content\/uploads\/2018\/08\/hand-apple-nature-person-girl-hair-1037996-pxhere.com_.jpg 510w, https:\/\/iphysio.es\/wp-content\/uploads\/2018\/08\/hand-apple-nature-person-girl-hair-1037996-pxhere.com_-199x300.jpg 199w\" sizes=\"auto, (max-width: 510px) 100vw, 510px\" \/><\/p>\n<p style=\"text-align: justify;\"><\/div><\/div> <div class=\"su-column su-column-size-1-3\"><div class=\"su-column-inner su-u-clearfix su-u-trim\">\n<h3 style=\"text-align: center;\"><a href=\"https:\/\/iphysio.es\/index.php\/nuestros-servicios\/actividades-en-sala-cuidar-tu-cuerpo\/\"><strong>PILATES\/ENTRENAMIENTO<\/strong><\/a><\/h3>\n<p><img loading=\"lazy\" decoding=\"async\" class=\"alignnone wp-image-10815 size-full\" src=\"https:\/\/iphysio.es\/wp-content\/uploads\/2024\/01\/pilates-en-talavera-de-la-reina.jpg\" alt=\"\" width=\"700\" height=\"933\" srcset=\"https:\/\/iphysio.es\/wp-content\/uploads\/2024\/01\/pilates-en-talavera-de-la-reina.jpg 700w, https:\/\/iphysio.es\/wp-content\/uploads\/2024\/01\/pilates-en-talavera-de-la-reina-225x300.jpg 225w\" sizes=\"auto, (max-width: 700px) 100vw, 700px\" \/><\/p>\n<div class=\"su-quote su-quote-style-default\"><div class=\"su-quote-inner su-u-clearfix su-u-trim\">A trav\u00e9s del control de cuerpo y mente, descubrir\u00e1s la capacidad, pero tambi\u00e9n las posibles barreras que haya en tu interior.<\/div><\/div>\n<p style=\"text-align: left;\">Entre nuestros servicios tienes los \u00faltimos avances en equipamiento para las actividades en sala: estructura para actividades en suspensi\u00f3n como TRX, mancuernas de distintos pesos, lastres, Thera Band, Bossu, Aros Magic, colchonetas con grosor especial para tener el mayor confort en el apoyo de tu cuerpo, Spring Board M\u00e1quinas para Pilates.<\/p>\n\n<table id=\"tablepress-6\" class=\"tablepress tablepress-id-6\">\n<tbody class=\"row-hover\">\n<tr class=\"row-1\">\n\t<td class=\"column-1\"><a href=\"https:\/\/pilatestalavera.com\">Pilates<\/a><\/td>\n<\/tr>\n<tr class=\"row-2\">\n\t<td class=\"column-1\">Pilates suelo \/ MAT<\/td>\n<\/tr>\n<tr class=\"row-3\">\n\t<td class=\"column-1\">Pilates m\u00e1quinas \/ Reformer<\/td>\n<\/tr>\n<tr class=\"row-4\">\n\t<td class=\"column-1\"><a href=\"https:\/\/entrenamientotalavera.com\">Entrenamiento<\/a><\/td>\n<\/tr>\n<tr class=\"row-5\">\n\t<td class=\"column-1\">Entrenamiento funcional\/deportivo<\/td>\n<\/tr>\n<tr class=\"row-6\">\n\t<td class=\"column-1\">Entrenamiento personal\/Grupos reducidos<\/td>\n<\/tr>\n<\/tbody>\n<\/table>\n<!-- #tablepress-6 from cache -->\n<p><img loading=\"lazy\" decoding=\"async\" class=\"alignnone wp-image-10816 size-full\" src=\"https:\/\/iphysio.es\/wp-content\/uploads\/2024\/01\/ENTRENAMIENTO-TALAVERA.jpg\" alt=\"\" width=\"845\" height=\"662\" srcset=\"https:\/\/iphysio.es\/wp-content\/uploads\/2024\/01\/ENTRENAMIENTO-TALAVERA.jpg 845w, https:\/\/iphysio.es\/wp-content\/uploads\/2024\/01\/ENTRENAMIENTO-TALAVERA-300x235.jpg 300w, https:\/\/iphysio.es\/wp-content\/uploads\/2024\/01\/ENTRENAMIENTO-TALAVERA-768x602.jpg 768w\" sizes=\"auto, (max-width: 845px) 100vw, 845px\" \/><\/p>\n<p><img loading=\"lazy\" decoding=\"async\" class=\"alignnone wp-image-2477 size-full\" title=\"Nuestros servicios\" src=\"https:\/\/iphysio.es\/wp-content\/uploads\/2018\/09\/nuestros-servicios_01.jpg\" alt=\"Nuestros servicios\" width=\"933\" height=\"693\" srcset=\"https:\/\/iphysio.es\/wp-content\/uploads\/2018\/09\/nuestros-servicios_01.jpg 933w, https:\/\/iphysio.es\/wp-content\/uploads\/2018\/09\/nuestros-servicios_01-300x223.jpg 300w, https:\/\/iphysio.es\/wp-content\/uploads\/2018\/09\/nuestros-servicios_01-768x570.jpg 768w\" sizes=\"auto, (max-width: 933px) 100vw, 933px\" \/><\/p>\n<\/div><\/div><\/div>\n<p>S\u00edguenos en <a href=\"https:\/\/www.facebook.com\/iPhysioTalavera\/\" target=\"_blank\" rel=\"noopener\">RRSS<\/a><\/p>\n ","protected":false},"excerpt":{"rendered":"<p>NUESTROS SERVICIOS en fisioterapia, nutrici\u00f3n y sala Cl\u00ednica iPhysio Therapy, al servicio global de tu salud. Profesionales titulados y con larga experiencia, trabajando con un concepto casi \u00a0para ayudarte a escuchar a tu cuerpo y a cuidarlo. Porque&#8230; \u00bfqu\u00e9 te dice tu cuerpo en este momento? Nuestros servicios abarcan diferentes disciplinas, encaminadas a mantener o mejorar tu salud y tus condiciones f\u00edsicas. En conjunto, ponemos a tu disposici\u00f3n terapias y tratamientos englobados en un gran proyecto de salud. Con las&hellip;<\/p>\n","protected":false},"author":1,"featured_media":0,"parent":0,"menu_order":0,"comment_status":"closed","ping_status":"closed","template":"","meta":{"footnotes":"","_links_to":"","_links_to_target":""},"class_list":["post-50","page","type-page","status-publish","hentry"],"yoast_head":"<!-- This site is optimized with the Yoast SEO plugin v27.5 - https:\/\/yoast.com\/product\/yoast-seo-wordpress\/ -->\n<title>Nuestros servicios para tu salud | Cl\u00ednica iPhysio Therapy<\/title>\n<meta name=\"description\" content=\"Nuestros servicios abarcan diferentes disciplinas y tratamientos encaminados a mantener o mejorar tu salud y tus condiciones f\u00edsicas.\" \/>\n<meta name=\"robots\" content=\"index, follow, max-snippet:-1, max-image-preview:large, max-video-preview:-1\" \/>\n<link rel=\"canonical\" href=\"https:\/\/iphysio.es\/index.php\/nuestros-servicios\/\" \/>\n<meta property=\"og:locale\" content=\"es_ES\" \/>\n<meta property=\"og:type\" content=\"article\" \/>\n<meta property=\"og:title\" content=\"Nuestros servicios para tu salud | Cl\u00ednica iPhysio Therapy\" \/>\n<meta property=\"og:description\" content=\"Nuestros servicios abarcan diferentes disciplinas y tratamientos encaminados a mantener o mejorar tu salud y tus condiciones f\u00edsicas.\" \/>\n<meta property=\"og:url\" content=\"https:\/\/iphysio.es\/index.php\/nuestros-servicios\/\" \/>\n<meta property=\"og:site_name\" content=\"Cl\u00ednica iPhysio Therapy\" \/>\n<meta property=\"article:publisher\" content=\"https:\/\/www.facebook.com\/iPhysioTalavera\/\" \/>\n<meta property=\"article:modified_time\" content=\"2024-01-31T10:23:38+00:00\" \/>\n<meta property=\"og:image\" content=\"https:\/\/iphysio.es\/wp-content\/uploads\/2017\/02\/fachada-para-rotulos-e1486217891644.jpg\" \/>\n<meta name=\"twitter:card\" content=\"summary_large_image\" \/>\n<meta name=\"twitter:site\" content=\"@IphysioT\" \/>\n<meta name=\"twitter:label1\" content=\"Tiempo de lectura\" \/>\n\t<meta name=\"twitter:data1\" content=\"3 minutos\" \/>\n<script type=\"application\/ld+json\" class=\"yoast-schema-graph\">{\"@context\":\"https:\\\/\\\/schema.org\",\"@graph\":[{\"@type\":\"WebPage\",\"@id\":\"https:\\\/\\\/iphysio.es\\\/index.php\\\/nuestros-servicios\\\/\",\"url\":\"https:\\\/\\\/iphysio.es\\\/index.php\\\/nuestros-servicios\\\/\",\"name\":\"Nuestros servicios para tu salud | Cl\u00ednica iPhysio Therapy\",\"isPartOf\":{\"@id\":\"https:\\\/\\\/iphysio.es\\\/#website\"},\"primaryImageOfPage\":{\"@id\":\"https:\\\/\\\/iphysio.es\\\/index.php\\\/nuestros-servicios\\\/#primaryimage\"},\"image\":{\"@id\":\"https:\\\/\\\/iphysio.es\\\/index.php\\\/nuestros-servicios\\\/#primaryimage\"},\"thumbnailUrl\":\"https:\\\/\\\/iphysio.es\\\/wp-content\\\/uploads\\\/2017\\\/02\\\/fachada-para-rotulos-e1486217891644.jpg\",\"datePublished\":\"2017-01-04T17:07:21+00:00\",\"dateModified\":\"2024-01-31T10:23:38+00:00\",\"description\":\"Nuestros servicios abarcan diferentes disciplinas y tratamientos encaminados a mantener o mejorar tu salud y tus condiciones f\u00edsicas.\",\"breadcrumb\":{\"@id\":\"https:\\\/\\\/iphysio.es\\\/index.php\\\/nuestros-servicios\\\/#breadcrumb\"},\"inLanguage\":\"es\",\"potentialAction\":[{\"@type\":\"ReadAction\",\"target\":[\"https:\\\/\\\/iphysio.es\\\/index.php\\\/nuestros-servicios\\\/\"]}]},{\"@type\":\"ImageObject\",\"inLanguage\":\"es\",\"@id\":\"https:\\\/\\\/iphysio.es\\\/index.php\\\/nuestros-servicios\\\/#primaryimage\",\"url\":\"https:\\\/\\\/iphysio.es\\\/wp-content\\\/uploads\\\/2017\\\/02\\\/fachada-para-rotulos-e1486217891644.jpg\",\"contentUrl\":\"https:\\\/\\\/iphysio.es\\\/wp-content\\\/uploads\\\/2017\\\/02\\\/fachada-para-rotulos-e1486217891644.jpg\",\"width\":2394,\"height\":786},{\"@type\":\"BreadcrumbList\",\"@id\":\"https:\\\/\\\/iphysio.es\\\/index.php\\\/nuestros-servicios\\\/#breadcrumb\",\"itemListElement\":[{\"@type\":\"ListItem\",\"position\":1,\"name\":\"Portada\",\"item\":\"https:\\\/\\\/iphysio.es\\\/\"},{\"@type\":\"ListItem\",\"position\":2,\"name\":\"Nuestros servicios\"}]},{\"@type\":\"WebSite\",\"@id\":\"https:\\\/\\\/iphysio.es\\\/#website\",\"url\":\"https:\\\/\\\/iphysio.es\\\/\",\"name\":\"Cl\u00ednica iPhysio Therapy\",\"description\":\"Fisioterapia, Nutrici\u00f3n y Diet\u00e9tica, Pilates, Hipopresivos, Lumbalgias, Cervicalgias, Esguinces, Biomec\u00e1nica\",\"publisher\":{\"@id\":\"https:\\\/\\\/iphysio.es\\\/#organization\"},\"potentialAction\":[{\"@type\":\"SearchAction\",\"target\":{\"@type\":\"EntryPoint\",\"urlTemplate\":\"https:\\\/\\\/iphysio.es\\\/?s={search_term_string}\"},\"query-input\":{\"@type\":\"PropertyValueSpecification\",\"valueRequired\":true,\"valueName\":\"search_term_string\"}}],\"inLanguage\":\"es\"},{\"@type\":\"Organization\",\"@id\":\"https:\\\/\\\/iphysio.es\\\/#organization\",\"name\":\"Fisiotalavera S.L.\",\"url\":\"https:\\\/\\\/iphysio.es\\\/\",\"logo\":{\"@type\":\"ImageObject\",\"inLanguage\":\"es\",\"@id\":\"https:\\\/\\\/iphysio.es\\\/#\\\/schema\\\/logo\\\/image\\\/\",\"url\":\"https:\\\/\\\/iphysio.es\\\/wp-content\\\/uploads\\\/2016\\\/11\\\/cropped-solologo.png\",\"contentUrl\":\"https:\\\/\\\/iphysio.es\\\/wp-content\\\/uploads\\\/2016\\\/11\\\/cropped-solologo.png\",\"width\":402,\"height\":428,\"caption\":\"Fisiotalavera S.L.\"},\"image\":{\"@id\":\"https:\\\/\\\/iphysio.es\\\/#\\\/schema\\\/logo\\\/image\\\/\"},\"sameAs\":[\"https:\\\/\\\/www.facebook.com\\\/iPhysioTalavera\\\/\",\"https:\\\/\\\/x.com\\\/IphysioT\"]}]}<\/script>\n<!-- \/ Yoast SEO plugin. -->","yoast_head_json":{"title":"Nuestros servicios para tu salud | Cl\u00ednica iPhysio Therapy","description":"Nuestros servicios abarcan diferentes disciplinas y tratamientos encaminados a mantener o mejorar tu salud y tus condiciones f\u00edsicas.","robots":{"index":"index","follow":"follow","max-snippet":"max-snippet:-1","max-image-preview":"max-image-preview:large","max-video-preview":"max-video-preview:-1"},"canonical":"https:\/\/iphysio.es\/index.php\/nuestros-servicios\/","og_locale":"es_ES","og_type":"article","og_title":"Nuestros servicios para tu salud | Cl\u00ednica iPhysio Therapy","og_description":"Nuestros servicios abarcan diferentes disciplinas y tratamientos encaminados a mantener o mejorar tu salud y tus condiciones f\u00edsicas.","og_url":"https:\/\/iphysio.es\/index.php\/nuestros-servicios\/","og_site_name":"Cl\u00ednica iPhysio Therapy","article_publisher":"https:\/\/www.facebook.com\/iPhysioTalavera\/","article_modified_time":"2024-01-31T10:23:38+00:00","og_image":[{"url":"https:\/\/iphysio.es\/wp-content\/uploads\/2017\/02\/fachada-para-rotulos-e1486217891644.jpg","type":"","width":"","height":""}],"twitter_card":"summary_large_image","twitter_site":"@IphysioT","twitter_misc":{"Tiempo de lectura":"3 minutos"},"schema":{"@context":"https:\/\/schema.org","@graph":[{"@type":"WebPage","@id":"https:\/\/iphysio.es\/index.php\/nuestros-servicios\/","url":"https:\/\/iphysio.es\/index.php\/nuestros-servicios\/","name":"Nuestros servicios para tu salud | Cl\u00ednica iPhysio Therapy","isPartOf":{"@id":"https:\/\/iphysio.es\/#website"},"primaryImageOfPage":{"@id":"https:\/\/iphysio.es\/index.php\/nuestros-servicios\/#primaryimage"},"image":{"@id":"https:\/\/iphysio.es\/index.php\/nuestros-servicios\/#primaryimage"},"thumbnailUrl":"https:\/\/iphysio.es\/wp-content\/uploads\/2017\/02\/fachada-para-rotulos-e1486217891644.jpg","datePublished":"2017-01-04T17:07:21+00:00","dateModified":"2024-01-31T10:23:38+00:00","description":"Nuestros servicios abarcan diferentes disciplinas y tratamientos encaminados a mantener o mejorar tu salud y tus condiciones f\u00edsicas.","breadcrumb":{"@id":"https:\/\/iphysio.es\/index.php\/nuestros-servicios\/#breadcrumb"},"inLanguage":"es","potentialAction":[{"@type":"ReadAction","target":["https:\/\/iphysio.es\/index.php\/nuestros-servicios\/"]}]},{"@type":"ImageObject","inLanguage":"es","@id":"https:\/\/iphysio.es\/index.php\/nuestros-servicios\/#primaryimage","url":"https:\/\/iphysio.es\/wp-content\/uploads\/2017\/02\/fachada-para-rotulos-e1486217891644.jpg","contentUrl":"https:\/\/iphysio.es\/wp-content\/uploads\/2017\/02\/fachada-para-rotulos-e1486217891644.jpg","width":2394,"height":786},{"@type":"BreadcrumbList","@id":"https:\/\/iphysio.es\/index.php\/nuestros-servicios\/#breadcrumb","itemListElement":[{"@type":"ListItem","position":1,"name":"Portada","item":"https:\/\/iphysio.es\/"},{"@type":"ListItem","position":2,"name":"Nuestros servicios"}]},{"@type":"WebSite","@id":"https:\/\/iphysio.es\/#website","url":"https:\/\/iphysio.es\/","name":"Cl\u00ednica iPhysio Therapy","description":"Fisioterapia, Nutrici\u00f3n y Diet\u00e9tica, Pilates, Hipopresivos, Lumbalgias, Cervicalgias, Esguinces, Biomec\u00e1nica","publisher":{"@id":"https:\/\/iphysio.es\/#organization"},"potentialAction":[{"@type":"SearchAction","target":{"@type":"EntryPoint","urlTemplate":"https:\/\/iphysio.es\/?s={search_term_string}"},"query-input":{"@type":"PropertyValueSpecification","valueRequired":true,"valueName":"search_term_string"}}],"inLanguage":"es"},{"@type":"Organization","@id":"https:\/\/iphysio.es\/#organization","name":"Fisiotalavera S.L.","url":"https:\/\/iphysio.es\/","logo":{"@type":"ImageObject","inLanguage":"es","@id":"https:\/\/iphysio.es\/#\/schema\/logo\/image\/","url":"https:\/\/iphysio.es\/wp-content\/uploads\/2016\/11\/cropped-solologo.png","contentUrl":"https:\/\/iphysio.es\/wp-content\/uploads\/2016\/11\/cropped-solologo.png","width":402,"height":428,"caption":"Fisiotalavera S.L."},"image":{"@id":"https:\/\/iphysio.es\/#\/schema\/logo\/image\/"},"sameAs":["https:\/\/www.facebook.com\/iPhysioTalavera\/","https:\/\/x.com\/IphysioT"]}]}},"_links":{"self":[{"href":"https:\/\/iphysio.es\/index.php\/wp-json\/wp\/v2\/pages\/50","targetHints":{"allow":["GET"]}}],"collection":[{"href":"https:\/\/iphysio.es\/index.php\/wp-json\/wp\/v2\/pages"}],"about":[{"href":"https:\/\/iphysio.es\/index.php\/wp-json\/wp\/v2\/types\/page"}],"author":[{"embeddable":true,"href":"https:\/\/iphysio.es\/index.php\/wp-json\/wp\/v2\/users\/1"}],"replies":[{"embeddable":true,"href":"https:\/\/iphysio.es\/index.php\/wp-json\/wp\/v2\/comments?post=50"}],"version-history":[{"count":0,"href":"https:\/\/iphysio.es\/index.php\/wp-json\/wp\/v2\/pages\/50\/revisions"}],"wp:attachment":[{"href":"https:\/\/iphysio.es\/index.php\/wp-json\/wp\/v2\/media?parent=50"}],"curies":[{"name":"wp","href":"https:\/\/api.w.org\/{rel}","templated":true}]}}