{"id":52,"date":"2017-01-04T17:07:21","date_gmt":"2017-01-04T17:07:21","guid":{"rendered":"http:\/\/iphysio.es\/?page_id=52"},"modified":"2022-05-06T16:49:57","modified_gmt":"2022-05-06T14:49:57","slug":"fisioterapia-talavera-de-la-reina","status":"publish","type":"page","link":"https:\/\/iphysio.es\/index.php\/nuestros-servicios\/fisioterapia-talavera-de-la-reina\/","title":{"rendered":"Fisioterapia"},"content":{"rendered":"<h2>FISIOTERAPIA Y FISIOTERAPEUTAS<\/h2>\n<div class=\"mceTemp\"><\/div>\n<div id=\"attachment_1063\" style=\"width: 510px\" class=\"wp-caption alignright\"><img loading=\"lazy\" decoding=\"async\" aria-describedby=\"caption-attachment-1063\" class=\"Cl\u00ednica iPhysio Therapy, fisioterapia | FISIOWARM\u00ae wp-image-1063\" title=\"Cl\u00ednica iPhysio Therapy, fisioterapia | FISIOWARM\u00ae\" src=\"https:\/\/iphysio.es\/wp-content\/uploads\/2018\/07\/3R9A7363-1024x1024.jpg\" alt=\"Cl\u00ednica iPhysio Therapy, fisioterapia | FISIOWARM\u00ae\" width=\"500\" height=\"500\" srcset=\"https:\/\/iphysio.es\/wp-content\/uploads\/2018\/07\/3R9A7363-1024x1024.jpg 1024w, https:\/\/iphysio.es\/wp-content\/uploads\/2018\/07\/3R9A7363-150x150.jpg 150w, https:\/\/iphysio.es\/wp-content\/uploads\/2018\/07\/3R9A7363-300x300.jpg 300w, https:\/\/iphysio.es\/wp-content\/uploads\/2018\/07\/3R9A7363-768x768.jpg 768w\" sizes=\"auto, (max-width: 500px) 100vw, 500px\" \/><p id=\"caption-attachment-1063\" class=\"wp-caption-text\">Cl\u00ednica iPhysio Therapy, fisioterapia | FISIOWARM\u00ae<\/p><\/div>\n<h4 style=\"text-align: justify;\">La<strong> fisioterapia<\/strong>, tambi\u00e9n denominada\u00a0<em>terapia f\u00edsica<\/em>, es una de las disciplinas que se ocupan del<strong> cuidado de la Salud<\/strong>.<\/h4>\n<p style=\"text-align: left;\">La fisioterapia es una alternativa terap\u00e9utica para mitigar, sin f\u00e1rmacos, los s\u00edntomas de m\u00faltiples dolencias, tanto agudas como cr\u00f3nicas. Para ello utiliza diferentes t\u00e9cnicas, por ejemplo el ejercicio terap\u00e9utico, el calor y\/o el fr\u00edo, la luz, el agua,\u00a0 t\u00e9cnicas manuales (como el masaje) y la electricidad.\u00a0En algunos casos es la primera terapia en aplicarse, y en otros es un apoyo y refuerzo para una tratamiento m\u00e9dico o farmacol\u00f3gico.<\/p>\n<p style=\"text-align: left;\">Por supuesto, el profesional autorizado y capacitado para ejercerla es el\u00a0<strong>fisioterapeuta<\/strong>. Con una formaci\u00f3n universitaria (4 a\u00f1os para el Grado), las competencias de este profesional de la salud quedan recogidas en la <a href=\"https:\/\/www.boe.es\/buscar\/act.php?id=BOE-A-2003-21340\" target=\"_blank\" rel=\"noopener\">Ley 44\/2003, de 21 de noviembre, de ordenaci\u00f3n de las profesiones sanitarias<\/a>.<\/p>\n<p style=\"text-align: left;\"><span style=\"text-align: justify;\"><div class=\"su-pullquote su-pullquote-align-left\"><\/span><strong style=\"text-align: justify;\">No podemos ni debemos olvidar el <span style=\"color: #333333;\">papel fundamental<\/span> que tiene la\u00a0<span style=\"color: #333333;\">fisioterapia\u00a0<\/span>en el \u00e1mbito de la\u00a0<span style=\"color: #333333;\">prevenci\u00f3n\u00a0<\/span>para el \u00f3ptimo estado general de salud.<\/strong><span style=\"text-align: justify;\"><\/div><\/span><span style=\"text-align: justify;\">Se busca el desarrollo adecuado de las funciones del cuerpo, porque su buen o mal funcionamiento repercute en la cin\u00e9tica o movimiento corporal humano.<\/span><\/p>\n<p style=\"text-align: left;\">Seg\u00fan la <strong>Confederaci\u00f3n Mundial para la Fisioterapia<\/strong> (<a href=\"https:\/\/www.wcpt.org\/\" target=\"_blank\" rel=\"noopener\">WCPT<\/a>, fundada en 1951), el objetivo de la terapia f\u00edsica es \u00abfacilitar el desarrollo, mantenimiento y recuperaci\u00f3n de la m\u00e1xima funcionalidad y movilidad del individuo, o grupo de personas, a trav\u00e9s de su vida\u00bb.<\/p>\n<h6><div class=\"su-row\"><div class=\"su-column su-column-size-3-4\"><div class=\"su-column-inner su-u-clearfix su-u-trim\"><div class=\"su-quote su-quote-style-default\"><div class=\"su-quote-inner su-u-clearfix su-u-trim\">SE CREE QUE M\u00c9DICOS COMO HIP\u00d3CRATES Y, M\u00c1S TARDE, GALENO, FUERON LOS PRIMEROS PRACTICANTES DE TERAPIA F\u00cdSICA, Y QUE PROPUGNABAN LAS T\u00c9CNICAS DE TERAPIA MANUAL (ENTRE ELLAS EL MASAJE) Y LA HIDROTERAPIA PARA TRATAR A LAS PERSONAS. ERA EL A\u00d1O 460 AC.<\/div><\/div><\/div><\/div> <div class=\"su-column su-column-size-1-4\"><div class=\"su-column-inner su-u-clearfix su-u-trim\"><img loading=\"lazy\" decoding=\"async\" class=\"alignnone size-full wp-image-8877\" src=\"https:\/\/iphysio.es\/wp-content\/uploads\/2022\/05\/clinica-iphysio-whatsapp.png\" alt=\"\" width=\"336\" height=\"140\" \/><\/div><\/div><\/div><\/h6>\n<p><img loading=\"lazy\" decoding=\"async\" class=\"alignleft wp-image-1092 size-large\" title=\"Fisioterapia deportiva Talavera\" src=\"https:\/\/iphysio.es\/wp-content\/uploads\/2018\/07\/IMG_3860-1024x683.jpg\" alt=\"Fisioterapia deportiva Talavera\" width=\"640\" height=\"427\" srcset=\"https:\/\/iphysio.es\/wp-content\/uploads\/2018\/07\/IMG_3860-1024x683.jpg 1024w, https:\/\/iphysio.es\/wp-content\/uploads\/2018\/07\/IMG_3860-300x200.jpg 300w, https:\/\/iphysio.es\/wp-content\/uploads\/2018\/07\/IMG_3860-768x512.jpg 768w, https:\/\/iphysio.es\/wp-content\/uploads\/2018\/07\/IMG_3860-600x400.jpg 600w\" sizes=\"auto, (max-width: 640px) 100vw, 640px\" \/><\/p>\n<p style=\"text-align: left;\">La fisioterapia emplea t\u00e9cnicas cient\u00edficamente contrastadas cuando alguien ha perdido (o se encuentra en riesgo de perder o de que se altere de forma temporal o permanente) el adecuado movimiento, y con ello las funciones f\u00edsicas.<\/p>\n<h4 style=\"text-align: justify;\">En conclusi\u00f3n, la fisioterapia <strong>no<\/strong> se limita a un conjunto de procedimientos o de t\u00e9cnicas.<\/h4>\n<p style=\"text-align: justify;\">Porque va mucho m\u00e1s all\u00e1: implica un conocimiento profundo del ser humano. Y para ello es fundamental tratar a las personas en su globalidad bio-psico-social, por la estrecha interrelaci\u00f3n entre estos tres \u00e1mbitos.<\/p>\n<p style=\"text-align: left;\">En <a href=\"https:\/\/www.facebook.com\/iPhysioTalavera\/\">Cl\u00ednica iPhysio Therapy<\/a> somos profesionales altamente cualificados. Adem\u00e1s, nuestras especializaciones hacen de nuestra oferta asistencial una de las mayores y mejores en Talavera de la Reina y su comarca.\u00a0<a href=\"https:\/\/iphysio.es\/index.php\/equipo-y-clinica\/\" target=\"_blank\" rel=\"noopener\">Nuestros titulados<\/a> est\u00e1n inscritos en el Colegio Oficial de Fisioterapeutas de Castilla la Mancha y tienen su correspondiente de N\u00famero de Colegiado.<\/p>\n<div class=\"su-note\"  style=\"border-color:#dfdfdf;border-radius:2px;-moz-border-radius:2px;-webkit-border-radius:2px;\"><div class=\"su-note-inner su-u-clearfix su-u-trim\" style=\"background-color:#f9f9f9;border-color:#ffffff;color:#3c3c3c;border-radius:2px;-moz-border-radius:2px;-webkit-border-radius:2px;\">\n<h2>SERVICIOS Y TRATAMIENTOS EN FISIOTERAPIA<\/h2>\n<div class=\"su-row\"><div class=\"su-column su-column-size-3-4\"><div class=\"su-column-inner su-u-clearfix su-u-trim\">\n\n<table id=\"tablepress-10\" class=\"tablepress tablepress-id-10\">\n<tbody class=\"row-striping row-hover\">\n<tr class=\"row-1\">\n\t<td class=\"column-1\">Fisioterapia cl\u00ednica<\/td><td class=\"column-2\"><a href=\"https:\/\/iphysio.es\/index.php\/nuestros-servicios\/fisioterapia-talavera-de-la-reina\/puncion-seca-pgm\/\">Punci\u00f3n seca PGM<\/a><\/td><td class=\"column-3\"><a href=\"https:\/\/iphysio.es\/index.php\/nuestros-servicios\/fisioterapia-talavera-de-la-reina\/fisioterapia-traumatologica-y-reumatologica\/\">Fisioterapia en Traumatolog\u00eda y Reumatolog\u00eda<\/a><\/td>\n<\/tr>\n<tr class=\"row-2\">\n\t<td class=\"column-1\"><a href=\"https:\/\/iphysio.es\/index.php\/nuestros-servicios\/fisioterapia-talavera-de-la-reina\/fisioterapia-deportiva\/\">Fisioterapia deportiva<\/a><\/td><td class=\"column-2\"><a href=\"https:\/\/iphysio.es\/index.php\/nuestros-servicios\/fisioterapia-talavera-de-la-reina\/vendaje-neuromuscular\/\">Vendaje neuromuscular<\/a><\/td><td class=\"column-3\"><a href=\"https:\/\/iphysio.es\/index.php\/nuestros-servicios\/fisioterapia-talavera-de-la-reina\/entrenamiento-isoinercial-epte\/\">Entrenamiento Isoinercial y Exc\u00e9ntrico EPTE\u00ae<\/a><\/td>\n<\/tr>\n<tr class=\"row-3\">\n\t<td class=\"column-1\"><a href=\"https:\/\/iphysio.es\/index.php\/ecografia-musculoesqueletica\/\">Ecograf\u00eda musculoesquel\u00e9tica<\/a><\/td><td class=\"column-2\"><a href=\"https:\/\/iphysio.es\/index.php\/nuestros-servicios\/fisioterapia-talavera-de-la-reina\/colico-del-lactante\/\">C\u00f3lico del lactante<\/a><\/td><td class=\"column-3\"><a href=\"https:\/\/iphysio.es\/index.php\/nuestros-servicios\/fisioterapia-talavera-de-la-reina\/electrolisis-percutanea-terapeutica-epte\/\">Electrolisis Percut\u00e1nea Terap\u00e9utica EPTE\u00ae<\/a><\/td>\n<\/tr>\n<tr class=\"row-4\">\n\t<td class=\"column-1\"><a href=\"https:\/\/iphysio.es\/index.php\/nuestros-servicios\/fisioterapia-talavera-de-la-reina\/especialistas-en-atm-articulacion-temporo-mandibular-bruxismo-talavera\/\">Articulaci\u00f3n Temporomandibular<\/a><\/td><td class=\"column-2\"><a href=\"https:\/\/iphysio.es\/index.php\/diastasis-abdominal\/\">Di\u00e1stasis abdominal<\/a><\/td><td class=\"column-3\"><a href=\"https:\/\/iphysio.es\/index.php\/nuestros-servicios\/fisioterapia-talavera-de-la-reina\/fibrolisis-instrumental-ganchos\/\">Fibrolisis instrumental (ganchos)<\/a><\/td>\n<\/tr>\n<tr class=\"row-5\">\n\t<td class=\"column-1\"><\/td><td class=\"column-2\"><\/td><td class=\"column-3\"><\/td>\n<\/tr>\n<\/tbody>\n<\/table>\n<!-- #tablepress-10 from cache -->\n<\/div><\/div> <div class=\"su-column su-column-size-1-4\"><div class=\"su-column-inner su-u-clearfix su-u-trim\">\n<p><img loading=\"lazy\" decoding=\"async\" class=\" wp-image-8046 alignright\" src=\"https:\/\/iphysio.es\/wp-content\/uploads\/2021\/11\/fisioterapia-en-talavera-clinica-iphysio.jpg\" alt=\"\" width=\"354\" height=\"263\" srcset=\"https:\/\/iphysio.es\/wp-content\/uploads\/2021\/11\/fisioterapia-en-talavera-clinica-iphysio.jpg 1000w, https:\/\/iphysio.es\/wp-content\/uploads\/2021\/11\/fisioterapia-en-talavera-clinica-iphysio-300x222.jpg 300w, https:\/\/iphysio.es\/wp-content\/uploads\/2021\/11\/fisioterapia-en-talavera-clinica-iphysio-768x569.jpg 768w\" sizes=\"auto, (max-width: 354px) 100vw, 354px\" \/><\/p>\n<\/div><\/div><\/div><\/div><\/div>\n<div class=\"su-row\"><div class=\"su-column su-column-size-1-3\"><div class=\"su-column-inner su-u-clearfix su-u-trim\"><div class=\"su-service\"><div class=\"su-service-title\" style=\"padding-left:32px;min-height:18px;line-height:18px\"><i class=\"sui sui-star\" style=\"font-size:18px;color:#348dc1\"><\/i> Presoterapia<\/div><div class=\"su-service-content su-u-clearfix su-u-trim\" style=\"padding-left:32px\">Inf\u00f3rmate\u00a0<a href=\"https:\/\/iphysio.es\/index.php\/presoterapia-talavera\/\" target=\"_blank\" rel=\"noopener\">aqu\u00ed<\/a> sobre los beneficios de la presoterapia<\/div><\/div><\/div><\/div> <div class=\"su-column su-column-size-1-3\"><div class=\"su-column-inner su-u-clearfix su-u-trim\"><div class=\"su-service\"><div class=\"su-service-title\" style=\"padding-left:32px;min-height:18px;line-height:18px\"><i class=\"sui sui-star\" style=\"font-size:18px;color:#348dc1\"><\/i> Mutuas<\/div><div class=\"su-service-content su-u-clearfix su-u-trim\" style=\"padding-left:32px\">Consulta <a href=\"https:\/\/iphysio.es\/index.php\/mutuas\/\" target=\"_blank\" rel=\"noopener\">aqu\u00ed<\/a> las condiciones para mutuas o aseguradoras<\/div><\/div><\/div><\/div> <div class=\"su-column su-column-size-1-3\"><div class=\"su-column-inner su-u-clearfix su-u-trim\"><div class=\"su-service\"><div class=\"su-service-title\" style=\"padding-left:32px;min-height:18px;line-height:18px\"><i class=\"sui sui-star\" style=\"font-size:18px;color:#348dc1\"><\/i> Bonos y tarjetas-regalo<\/div><div class=\"su-service-content su-u-clearfix su-u-trim\" style=\"padding-left:32px\">Tambi\u00e9n puedes regalar salud:\u00a0<a href=\"https:\/\/iphysio.es\/index.php\/bonos-iphysio\/\" target=\"_blank\" rel=\"noopener\">m\u00e1s informaci\u00f3n<\/a><\/div><\/div><\/div><\/div><\/div>\n<div class=\"su-note\"  style=\"border-color:#d8d8d8;border-radius:2px;-moz-border-radius:2px;-webkit-border-radius:2px;\"><div class=\"su-note-inner su-u-clearfix su-u-trim\" style=\"background-color:#f2f2f2;border-color:#ffffff;color:#3c3c3c;border-radius:2px;-moz-border-radius:2px;-webkit-border-radius:2px;\">\n<table id=\"tablepress-13\" class=\"tablepress tablepress-id-13\">\n<tbody class=\"row-hover\">\n<tr class=\"row-1\">\n\t<td class=\"column-1\"><b>Servicios Cl\u00ednica iPhysio<\/b><\/td><td class=\"column-2\"><a href=\"https:\/\/iphysio.es\/index.php\/nuestros-servicios\/fisioterapia-talavera-de-la-reina\/\"> \u00b7 Fisioterapia<\/a><\/td><td class=\"column-3\"><a href=\"https:\/\/iphysio.es\/index.php\/unidad-para-la-mujer-2\/\"> \u00b7 Unidad para la mujer<\/a><\/td><td class=\"column-4\"><a href=\"https:\/\/iphysio.es\/index.php\/nuestros-servicios\/fisioterapia-talavera-de-la-reina\/colico-del-lactante\/\"> \u00b7 Lactantes<\/a><\/td><td class=\"column-5\"><a href=\"https:\/\/iphysio.es\/index.php\/nuestros-servicios\/nutricion-y-dietetica-talavera\/\">\u00b7 Nutrici\u00f3n<\/a><\/td><td class=\"column-6\"><a href=\"https:\/\/iphysio.es\/index.php\/nuestros-servicios\/actividades-en-sala-cuidar-tu-cuerpo\/\">\u00b7 Pilates<\/a><\/td><td class=\"column-7\"><a href=\"https:\/\/iphysio.es\/index.php\/entrenamiento-deportivo\/\">\u00b7 Entrenamiento<\/a><\/td>\n<\/tr>\n<\/tbody>\n<\/table>\n<!-- #tablepress-13 from cache --><\/div><\/div>\n ","protected":false},"excerpt":{"rendered":"<p>FISIOTERAPIA Y FISIOTERAPEUTAS La fisioterapia, tambi\u00e9n denominada\u00a0terapia f\u00edsica, es una de las disciplinas que se ocupan del cuidado de la Salud. La fisioterapia es una alternativa terap\u00e9utica para mitigar, sin f\u00e1rmacos, los s\u00edntomas de m\u00faltiples dolencias, tanto agudas como cr\u00f3nicas. Para ello utiliza diferentes t\u00e9cnicas, por ejemplo el ejercicio terap\u00e9utico, el calor y\/o el fr\u00edo, la luz, el agua,\u00a0 t\u00e9cnicas manuales (como el masaje) y la electricidad.\u00a0En algunos casos es la primera terapia en aplicarse, y en otros es un&hellip;<\/p>\n","protected":false},"author":1,"featured_media":0,"parent":50,"menu_order":0,"comment_status":"closed","ping_status":"closed","template":"","meta":{"footnotes":"","_links_to":"","_links_to_target":""},"class_list":["post-52","page","type-page","status-publish","hentry"],"yoast_head":"<!-- This site is optimized with the Yoast SEO plugin v27.5 - https:\/\/yoast.com\/product\/yoast-seo-wordpress\/ -->\n<title>Fisioterapia y fisioterapeutas en Talavera | Cl\u00ednica iPhysio Therapy<\/title>\n<meta name=\"description\" content=\"Talavera de la Reina. Fisioterapia cl\u00ednica y deportiva, rehabilitaci\u00f3n y recuperaci\u00f3n de lesiones, tratamiento de lumbalgias, cervicalgias, traumatismos.\" \/>\n<meta name=\"robots\" content=\"index, follow, max-snippet:-1, max-image-preview:large, max-video-preview:-1\" \/>\n<link rel=\"canonical\" href=\"https:\/\/iphysio.es\/index.php\/nuestros-servicios\/fisioterapia-talavera-de-la-reina\/\" \/>\n<meta property=\"og:locale\" content=\"es_ES\" \/>\n<meta property=\"og:type\" content=\"article\" \/>\n<meta property=\"og:title\" content=\"Fisioterapia y fisioterapeutas en Talavera | Cl\u00ednica iPhysio Therapy\" \/>\n<meta property=\"og:description\" content=\"Talavera de la Reina. Fisioterapia cl\u00ednica y deportiva, rehabilitaci\u00f3n y recuperaci\u00f3n de lesiones, tratamiento de lumbalgias, cervicalgias, traumatismos.\" \/>\n<meta property=\"og:url\" content=\"https:\/\/iphysio.es\/index.php\/nuestros-servicios\/fisioterapia-talavera-de-la-reina\/\" \/>\n<meta property=\"og:site_name\" content=\"Cl\u00ednica iPhysio Therapy\" \/>\n<meta property=\"article:publisher\" content=\"https:\/\/www.facebook.com\/iPhysioTalavera\/\" \/>\n<meta property=\"article:modified_time\" content=\"2022-05-06T14:49:57+00:00\" \/>\n<meta property=\"og:image\" content=\"https:\/\/iphysio.es\/wp-content\/uploads\/2018\/07\/3R9A7363-1024x1024.jpg\" \/>\n<meta name=\"twitter:card\" content=\"summary_large_image\" \/>\n<meta name=\"twitter:site\" content=\"@IphysioT\" \/>\n<meta name=\"twitter:label1\" content=\"Tiempo de lectura\" \/>\n\t<meta name=\"twitter:data1\" content=\"3 minutos\" \/>\n<script type=\"application\/ld+json\" class=\"yoast-schema-graph\">{\"@context\":\"https:\\\/\\\/schema.org\",\"@graph\":[{\"@type\":\"WebPage\",\"@id\":\"https:\\\/\\\/iphysio.es\\\/index.php\\\/nuestros-servicios\\\/fisioterapia-talavera-de-la-reina\\\/\",\"url\":\"https:\\\/\\\/iphysio.es\\\/index.php\\\/nuestros-servicios\\\/fisioterapia-talavera-de-la-reina\\\/\",\"name\":\"Fisioterapia y fisioterapeutas en Talavera | Cl\u00ednica iPhysio Therapy\",\"isPartOf\":{\"@id\":\"https:\\\/\\\/iphysio.es\\\/#website\"},\"primaryImageOfPage\":{\"@id\":\"https:\\\/\\\/iphysio.es\\\/index.php\\\/nuestros-servicios\\\/fisioterapia-talavera-de-la-reina\\\/#primaryimage\"},\"image\":{\"@id\":\"https:\\\/\\\/iphysio.es\\\/index.php\\\/nuestros-servicios\\\/fisioterapia-talavera-de-la-reina\\\/#primaryimage\"},\"thumbnailUrl\":\"https:\\\/\\\/iphysio.es\\\/wp-content\\\/uploads\\\/2018\\\/07\\\/3R9A7363-1024x1024.jpg\",\"datePublished\":\"2017-01-04T17:07:21+00:00\",\"dateModified\":\"2022-05-06T14:49:57+00:00\",\"description\":\"Talavera de la Reina. Fisioterapia cl\u00ednica y deportiva, rehabilitaci\u00f3n y recuperaci\u00f3n de lesiones, tratamiento de lumbalgias, cervicalgias, traumatismos.\",\"breadcrumb\":{\"@id\":\"https:\\\/\\\/iphysio.es\\\/index.php\\\/nuestros-servicios\\\/fisioterapia-talavera-de-la-reina\\\/#breadcrumb\"},\"inLanguage\":\"es\",\"potentialAction\":[{\"@type\":\"ReadAction\",\"target\":[\"https:\\\/\\\/iphysio.es\\\/index.php\\\/nuestros-servicios\\\/fisioterapia-talavera-de-la-reina\\\/\"]}]},{\"@type\":\"ImageObject\",\"inLanguage\":\"es\",\"@id\":\"https:\\\/\\\/iphysio.es\\\/index.php\\\/nuestros-servicios\\\/fisioterapia-talavera-de-la-reina\\\/#primaryimage\",\"url\":\"https:\\\/\\\/iphysio.es\\\/wp-content\\\/uploads\\\/2018\\\/07\\\/3R9A7363.jpg\",\"contentUrl\":\"https:\\\/\\\/iphysio.es\\\/wp-content\\\/uploads\\\/2018\\\/07\\\/3R9A7363.jpg\",\"width\":2641,\"height\":2640},{\"@type\":\"BreadcrumbList\",\"@id\":\"https:\\\/\\\/iphysio.es\\\/index.php\\\/nuestros-servicios\\\/fisioterapia-talavera-de-la-reina\\\/#breadcrumb\",\"itemListElement\":[{\"@type\":\"ListItem\",\"position\":1,\"name\":\"Portada\",\"item\":\"https:\\\/\\\/iphysio.es\\\/\"},{\"@type\":\"ListItem\",\"position\":2,\"name\":\"Nuestros servicios\",\"item\":\"https:\\\/\\\/iphysio.es\\\/index.php\\\/nuestros-servicios\\\/\"},{\"@type\":\"ListItem\",\"position\":3,\"name\":\"Fisioterapia\"}]},{\"@type\":\"WebSite\",\"@id\":\"https:\\\/\\\/iphysio.es\\\/#website\",\"url\":\"https:\\\/\\\/iphysio.es\\\/\",\"name\":\"Cl\u00ednica iPhysio Therapy\",\"description\":\"Fisioterapia, Nutrici\u00f3n y Diet\u00e9tica, Pilates, Hipopresivos, Lumbalgias, Cervicalgias, Esguinces, Biomec\u00e1nica\",\"publisher\":{\"@id\":\"https:\\\/\\\/iphysio.es\\\/#organization\"},\"potentialAction\":[{\"@type\":\"SearchAction\",\"target\":{\"@type\":\"EntryPoint\",\"urlTemplate\":\"https:\\\/\\\/iphysio.es\\\/?s={search_term_string}\"},\"query-input\":{\"@type\":\"PropertyValueSpecification\",\"valueRequired\":true,\"valueName\":\"search_term_string\"}}],\"inLanguage\":\"es\"},{\"@type\":\"Organization\",\"@id\":\"https:\\\/\\\/iphysio.es\\\/#organization\",\"name\":\"Fisiotalavera S.L.\",\"url\":\"https:\\\/\\\/iphysio.es\\\/\",\"logo\":{\"@type\":\"ImageObject\",\"inLanguage\":\"es\",\"@id\":\"https:\\\/\\\/iphysio.es\\\/#\\\/schema\\\/logo\\\/image\\\/\",\"url\":\"https:\\\/\\\/iphysio.es\\\/wp-content\\\/uploads\\\/2016\\\/11\\\/cropped-solologo.png\",\"contentUrl\":\"https:\\\/\\\/iphysio.es\\\/wp-content\\\/uploads\\\/2016\\\/11\\\/cropped-solologo.png\",\"width\":402,\"height\":428,\"caption\":\"Fisiotalavera S.L.\"},\"image\":{\"@id\":\"https:\\\/\\\/iphysio.es\\\/#\\\/schema\\\/logo\\\/image\\\/\"},\"sameAs\":[\"https:\\\/\\\/www.facebook.com\\\/iPhysioTalavera\\\/\",\"https:\\\/\\\/x.com\\\/IphysioT\"]}]}<\/script>\n<!-- \/ Yoast SEO plugin. -->","yoast_head_json":{"title":"Fisioterapia y fisioterapeutas en Talavera | Cl\u00ednica iPhysio Therapy","description":"Talavera de la Reina. Fisioterapia cl\u00ednica y deportiva, rehabilitaci\u00f3n y recuperaci\u00f3n de lesiones, tratamiento de lumbalgias, cervicalgias, traumatismos.","robots":{"index":"index","follow":"follow","max-snippet":"max-snippet:-1","max-image-preview":"max-image-preview:large","max-video-preview":"max-video-preview:-1"},"canonical":"https:\/\/iphysio.es\/index.php\/nuestros-servicios\/fisioterapia-talavera-de-la-reina\/","og_locale":"es_ES","og_type":"article","og_title":"Fisioterapia y fisioterapeutas en Talavera | Cl\u00ednica iPhysio Therapy","og_description":"Talavera de la Reina. Fisioterapia cl\u00ednica y deportiva, rehabilitaci\u00f3n y recuperaci\u00f3n de lesiones, tratamiento de lumbalgias, cervicalgias, traumatismos.","og_url":"https:\/\/iphysio.es\/index.php\/nuestros-servicios\/fisioterapia-talavera-de-la-reina\/","og_site_name":"Cl\u00ednica iPhysio Therapy","article_publisher":"https:\/\/www.facebook.com\/iPhysioTalavera\/","article_modified_time":"2022-05-06T14:49:57+00:00","og_image":[{"url":"https:\/\/iphysio.es\/wp-content\/uploads\/2018\/07\/3R9A7363-1024x1024.jpg","type":"","width":"","height":""}],"twitter_card":"summary_large_image","twitter_site":"@IphysioT","twitter_misc":{"Tiempo de lectura":"3 minutos"},"schema":{"@context":"https:\/\/schema.org","@graph":[{"@type":"WebPage","@id":"https:\/\/iphysio.es\/index.php\/nuestros-servicios\/fisioterapia-talavera-de-la-reina\/","url":"https:\/\/iphysio.es\/index.php\/nuestros-servicios\/fisioterapia-talavera-de-la-reina\/","name":"Fisioterapia y fisioterapeutas en Talavera | Cl\u00ednica iPhysio Therapy","isPartOf":{"@id":"https:\/\/iphysio.es\/#website"},"primaryImageOfPage":{"@id":"https:\/\/iphysio.es\/index.php\/nuestros-servicios\/fisioterapia-talavera-de-la-reina\/#primaryimage"},"image":{"@id":"https:\/\/iphysio.es\/index.php\/nuestros-servicios\/fisioterapia-talavera-de-la-reina\/#primaryimage"},"thumbnailUrl":"https:\/\/iphysio.es\/wp-content\/uploads\/2018\/07\/3R9A7363-1024x1024.jpg","datePublished":"2017-01-04T17:07:21+00:00","dateModified":"2022-05-06T14:49:57+00:00","description":"Talavera de la Reina. Fisioterapia cl\u00ednica y deportiva, rehabilitaci\u00f3n y recuperaci\u00f3n de lesiones, tratamiento de lumbalgias, cervicalgias, traumatismos.","breadcrumb":{"@id":"https:\/\/iphysio.es\/index.php\/nuestros-servicios\/fisioterapia-talavera-de-la-reina\/#breadcrumb"},"inLanguage":"es","potentialAction":[{"@type":"ReadAction","target":["https:\/\/iphysio.es\/index.php\/nuestros-servicios\/fisioterapia-talavera-de-la-reina\/"]}]},{"@type":"ImageObject","inLanguage":"es","@id":"https:\/\/iphysio.es\/index.php\/nuestros-servicios\/fisioterapia-talavera-de-la-reina\/#primaryimage","url":"https:\/\/iphysio.es\/wp-content\/uploads\/2018\/07\/3R9A7363.jpg","contentUrl":"https:\/\/iphysio.es\/wp-content\/uploads\/2018\/07\/3R9A7363.jpg","width":2641,"height":2640},{"@type":"BreadcrumbList","@id":"https:\/\/iphysio.es\/index.php\/nuestros-servicios\/fisioterapia-talavera-de-la-reina\/#breadcrumb","itemListElement":[{"@type":"ListItem","position":1,"name":"Portada","item":"https:\/\/iphysio.es\/"},{"@type":"ListItem","position":2,"name":"Nuestros servicios","item":"https:\/\/iphysio.es\/index.php\/nuestros-servicios\/"},{"@type":"ListItem","position":3,"name":"Fisioterapia"}]},{"@type":"WebSite","@id":"https:\/\/iphysio.es\/#website","url":"https:\/\/iphysio.es\/","name":"Cl\u00ednica iPhysio Therapy","description":"Fisioterapia, Nutrici\u00f3n y Diet\u00e9tica, Pilates, Hipopresivos, Lumbalgias, Cervicalgias, Esguinces, Biomec\u00e1nica","publisher":{"@id":"https:\/\/iphysio.es\/#organization"},"potentialAction":[{"@type":"SearchAction","target":{"@type":"EntryPoint","urlTemplate":"https:\/\/iphysio.es\/?s={search_term_string}"},"query-input":{"@type":"PropertyValueSpecification","valueRequired":true,"valueName":"search_term_string"}}],"inLanguage":"es"},{"@type":"Organization","@id":"https:\/\/iphysio.es\/#organization","name":"Fisiotalavera S.L.","url":"https:\/\/iphysio.es\/","logo":{"@type":"ImageObject","inLanguage":"es","@id":"https:\/\/iphysio.es\/#\/schema\/logo\/image\/","url":"https:\/\/iphysio.es\/wp-content\/uploads\/2016\/11\/cropped-solologo.png","contentUrl":"https:\/\/iphysio.es\/wp-content\/uploads\/2016\/11\/cropped-solologo.png","width":402,"height":428,"caption":"Fisiotalavera S.L."},"image":{"@id":"https:\/\/iphysio.es\/#\/schema\/logo\/image\/"},"sameAs":["https:\/\/www.facebook.com\/iPhysioTalavera\/","https:\/\/x.com\/IphysioT"]}]}},"_links":{"self":[{"href":"https:\/\/iphysio.es\/index.php\/wp-json\/wp\/v2\/pages\/52","targetHints":{"allow":["GET"]}}],"collection":[{"href":"https:\/\/iphysio.es\/index.php\/wp-json\/wp\/v2\/pages"}],"about":[{"href":"https:\/\/iphysio.es\/index.php\/wp-json\/wp\/v2\/types\/page"}],"author":[{"embeddable":true,"href":"https:\/\/iphysio.es\/index.php\/wp-json\/wp\/v2\/users\/1"}],"replies":[{"embeddable":true,"href":"https:\/\/iphysio.es\/index.php\/wp-json\/wp\/v2\/comments?post=52"}],"version-history":[{"count":0,"href":"https:\/\/iphysio.es\/index.php\/wp-json\/wp\/v2\/pages\/52\/revisions"}],"up":[{"embeddable":true,"href":"https:\/\/iphysio.es\/index.php\/wp-json\/wp\/v2\/pages\/50"}],"wp:attachment":[{"href":"https:\/\/iphysio.es\/index.php\/wp-json\/wp\/v2\/media?parent=52"}],"curies":[{"name":"wp","href":"https:\/\/api.w.org\/{rel}","templated":true}]}}