{"id":73,"date":"2017-01-04T17:16:56","date_gmt":"2017-01-04T17:16:56","guid":{"rendered":"http:\/\/iphysio.es\/?page_id=73"},"modified":"2024-04-23T09:54:57","modified_gmt":"2024-04-23T07:54:57","slug":"contacto","status":"publish","type":"page","link":"https:\/\/iphysio.es\/index.php\/contacto\/","title":{"rendered":"Sistema de reservas"},"content":{"rendered":"<h1 style=\"text-align: center;\">CONTACTO IPHYSIO <strong><span style=\"color: #000000;\">925 68 12 02<\/span><\/strong>, o PREGUNTA ONLINE<\/h1>\n<h4 style=\"text-align: center;\">Pide tu cita en Cl\u00ednica iPhysio por tel\u00e9fono o a trav\u00e9s del formulario de contacto<\/h4>\n<h4 style=\"text-align: center;\"><span style=\"color: #de5912;\"><div class=\"su-note\"  style=\"border-color:#d8d8d8;border-radius:2px;-moz-border-radius:2px;-webkit-border-radius:2px;\"><div class=\"su-note-inner su-u-clearfix su-u-trim\" style=\"background-color:#f2f2f2;border-color:#ffffff;color:#3c3c3c;border-radius:2px;-moz-border-radius:2px;-webkit-border-radius:2px;\"><\/span>* Los<span style=\"color: #de5912;\">\u00a0<\/span><span style=\"color: #000000;\"><strong>horarios<\/strong>\u00a0<\/span><span style=\"color: #de5912;\">de atenci\u00f3n del servicio de<\/span><span style=\"color: #de5912;\">\u00a0<\/span><span style=\"color: #000000;\"><strong>Recepci\u00f3n<\/strong><\/span><span style=\"color: #de5912;\">, y de Tel\u00e9fono, WhastApp y chat son<br \/>\nde <span style=\"color: #000000;\">Lunes a Viernes, de<\/span><\/span><span style=\"color: #000000;\">\u00a0<strong>09:00 a 13:00 y de 16:00 a 20:00<\/strong><\/span><span style=\"color: #de5912;\">.<\/span><\/div><\/div><\/h4>\n<div class=\"su-row\"><div class=\"su-column su-column-size-1-2\"><div class=\"su-column-inner su-u-clearfix su-u-trim\">\n<h6 style=\"text-align: center;\">Con este formulario de contacto puedes <span style=\"color: #000000;\"><strong>solicitar tu cita<\/strong><\/span>,<br \/>\ny <strong><span style=\"color: #000000;\">te llamaremos a la mayor brevedad<\/span><\/strong> para confirmar d\u00eda y hora.<\/h6>\n<p style=\"text-align: center;\"><strong>Todos los campos son obligatorios.<\/strong><\/p>\n<p style=\"text-align: left;\"><div class=\"su-note\"  style=\"border-color:#d8d8d8;border-radius:2px;-moz-border-radius:2px;-webkit-border-radius:2px;\"><div class=\"su-note-inner su-u-clearfix su-u-trim\" style=\"background-color:#f2f2f2;border-color:#ffffff;color:#3c3c3c;border-radius:2px;-moz-border-radius:2px;-webkit-border-radius:2px;\"><div class=\"wpforms-container wpforms-container-full\" id=\"wpforms-6616\"><form id=\"wpforms-form-6616\" class=\"wpforms-validate wpforms-form\" data-formid=\"6616\" method=\"post\" enctype=\"multipart\/form-data\" action=\"\/index.php\/wp-json\/wp\/v2\/pages\/73\" data-token=\"405ec7fbc19e7fcd7d87aae8f3a0c191\" data-token-time=\"1778500594\"><noscript class=\"wpforms-error-noscript\">Por favor, activa JavaScript en tu navegador para completar este formulario.<\/noscript><div class=\"wpforms-field-container\"><div id=\"wpforms-6616-field_0-container\" class=\"wpforms-field wpforms-field-name\" data-field-id=\"0\"><label class=\"wpforms-field-label\">Nombre <span class=\"wpforms-required-label\">*<\/span><\/label><div class=\"wpforms-field-row wpforms-field-medium\"><div class=\"wpforms-field-row-block wpforms-first wpforms-one-half\"><input type=\"text\" id=\"wpforms-6616-field_0\" class=\"wpforms-field-name-first wpforms-field-required\" name=\"wpforms[fields][0][first]\" required><label for=\"wpforms-6616-field_0\" class=\"wpforms-field-sublabel after\">Nombre<\/label><\/div><div class=\"wpforms-field-row-block wpforms-one-half\"><input type=\"text\" id=\"wpforms-6616-field_0-last\" class=\"wpforms-field-name-last wpforms-field-required\" name=\"wpforms[fields][0][last]\" required><label for=\"wpforms-6616-field_0-last\" class=\"wpforms-field-sublabel after\">Apellidos<\/label><\/div><\/div><\/div><div id=\"wpforms-6616-field_13-container\" class=\"wpforms-field wpforms-field-checkbox\" data-field-id=\"13\"><label class=\"wpforms-field-label\">Confirmo que  <span class=\"wpforms-required-label\">*<\/span><\/label><ul id=\"wpforms-6616-field_13\" class=\"wpforms-field-required\"><li class=\"choice-1 depth-1\"><input type=\"checkbox\" id=\"wpforms-6616-field_13_1\" name=\"wpforms[fields][13][]\" value=\"Soy mayor de edad\" required ><label class=\"wpforms-field-label-inline\" for=\"wpforms-6616-field_13_1\">Soy mayor de edad<\/label><\/li><\/ul><\/div><div id=\"wpforms-6616-field_3-container\" class=\"wpforms-field wpforms-field-number\" data-field-id=\"3\"><label class=\"wpforms-field-label\" for=\"wpforms-6616-field_3\">Tel\u00e9fono <span class=\"wpforms-required-label\">*<\/span><\/label><input type=\"number\" id=\"wpforms-6616-field_3\" class=\"wpforms-field-medium wpforms-field-required\" name=\"wpforms[fields][3]\" step=\"any\" required><\/div><div id=\"wpforms-6616-field_15-container\" class=\"wpforms-field wpforms-field-checkbox wpforms-list-inline\" data-field-id=\"15\"><label class=\"wpforms-field-label\">SOLICITO CITA PARA EL SERVICIO DE  <span class=\"wpforms-required-label\">*<\/span><\/label><ul id=\"wpforms-6616-field_15\" class=\"wpforms-field-required\" data-choice-limit=\"1\"><li class=\"choice-1 depth-1\"><input type=\"checkbox\" id=\"wpforms-6616-field_15_1\" data-rule-check-limit=\"true\" name=\"wpforms[fields][15][]\" value=\"Fisioterapia\" required ><label class=\"wpforms-field-label-inline\" for=\"wpforms-6616-field_15_1\">Fisioterapia<\/label><\/li><li class=\"choice-2 depth-1\"><input type=\"checkbox\" id=\"wpforms-6616-field_15_2\" data-rule-check-limit=\"true\" name=\"wpforms[fields][15][]\" value=\"Nutrici\u00f3n\" required ><label class=\"wpforms-field-label-inline\" for=\"wpforms-6616-field_15_2\">Nutrici\u00f3n<\/label><\/li><li class=\"choice-3 depth-1\"><input type=\"checkbox\" id=\"wpforms-6616-field_15_3\" data-rule-check-limit=\"true\" name=\"wpforms[fields][15][]\" value=\"Lactantes\" required ><label class=\"wpforms-field-label-inline\" for=\"wpforms-6616-field_15_3\">Lactantes<\/label><\/li><\/ul><\/div><div id=\"wpforms-6616-field_17-container\" class=\"wpforms-field wpforms-field-checkbox wpforms-list-2-columns\" data-field-id=\"17\"><label class=\"wpforms-field-label\">Con el profesional:<\/label><ul id=\"wpforms-6616-field_17\"><li class=\"choice-1 depth-1\"><input type=\"checkbox\" id=\"wpforms-6616-field_17_1\" name=\"wpforms[fields][17][]\" value=\"Juan Antonio D\u00edaz (F)\"  ><label class=\"wpforms-field-label-inline\" for=\"wpforms-6616-field_17_1\">Juan Antonio D\u00edaz (F)<\/label><\/li><li class=\"choice-2 depth-1\"><input type=\"checkbox\" id=\"wpforms-6616-field_17_2\" name=\"wpforms[fields][17][]\" value=\"Luis Fernando Navas (F)\"  ><label class=\"wpforms-field-label-inline\" for=\"wpforms-6616-field_17_2\">Luis Fernando Navas (F)<\/label><\/li><li class=\"choice-4 depth-1\"><input type=\"checkbox\" id=\"wpforms-6616-field_17_4\" name=\"wpforms[fields][17][]\" value=\"\u00c1ngel P\u00e9rez (F)\"  ><label class=\"wpforms-field-label-inline\" for=\"wpforms-6616-field_17_4\">\u00c1ngel P\u00e9rez (F)<\/label><\/li><li class=\"choice-7 depth-1\"><input type=\"checkbox\" id=\"wpforms-6616-field_17_7\" name=\"wpforms[fields][17][]\" value=\"M\u00edriam Fern\u00e1ndez (F)\"  ><label class=\"wpforms-field-label-inline\" for=\"wpforms-6616-field_17_7\">M\u00edriam Fern\u00e1ndez (F)<\/label><\/li><li class=\"choice-8 depth-1\"><input type=\"checkbox\" id=\"wpforms-6616-field_17_8\" name=\"wpforms[fields][17][]\" value=\"Marta Santamar\u00eda (F)\"  ><label class=\"wpforms-field-label-inline\" for=\"wpforms-6616-field_17_8\">Marta Santamar\u00eda (F)<\/label><\/li><li class=\"choice-9 depth-1\"><input type=\"checkbox\" id=\"wpforms-6616-field_17_9\" name=\"wpforms[fields][17][]\" value=\"Laura Bisca (F)\"  ><label class=\"wpforms-field-label-inline\" for=\"wpforms-6616-field_17_9\">Laura Bisca (F)<\/label><\/li><li class=\"choice-10 depth-1\"><input type=\"checkbox\" id=\"wpforms-6616-field_17_10\" name=\"wpforms[fields][17][]\" value=\"Pedro Camacho (E)\"  ><label class=\"wpforms-field-label-inline\" for=\"wpforms-6616-field_17_10\">Pedro Camacho (E)<\/label><\/li><li class=\"choice-5 depth-1\"><input type=\"checkbox\" id=\"wpforms-6616-field_17_5\" name=\"wpforms[fields][17][]\" value=\"David Olmedo (N)\"  ><label class=\"wpforms-field-label-inline\" for=\"wpforms-6616-field_17_5\">David Olmedo (N)<\/label><\/li><\/ul><\/div><div id=\"wpforms-6616-field_19-container\" class=\"wpforms-field wpforms-field-text\" data-field-id=\"19\"><label class=\"wpforms-field-label\" for=\"wpforms-6616-field_19\">Para una consulta de:<\/label><input type=\"text\" id=\"wpforms-6616-field_19\" class=\"wpforms-field-medium\" name=\"wpforms[fields][19]\" ><div class=\"wpforms-field-description\">Indique brevemente qu\u00e9 necesita tratarse<\/div><\/div><div id=\"wpforms-6616-field_16-container\" class=\"wpforms-field wpforms-field-gdpr-checkbox\" data-field-id=\"16\"><label class=\"wpforms-field-label\">Acuerdo RGPD  <span class=\"wpforms-required-label\">*<\/span><\/label><ul id=\"wpforms-6616-field_16\" class=\"wpforms-field-required\"><li class=\"choice-1\"><input type=\"checkbox\" id=\"wpforms-6616-field_16_1\" name=\"wpforms[fields][16][]\" value=\"Doy mi consentimiento para que esta web almacene la informaci\u00f3n que env\u00edo para que puedan responder a mi petici\u00f3n. \" required ><label class=\"wpforms-field-label-inline\" for=\"wpforms-6616-field_16_1\">Doy mi consentimiento para que esta web almacene la informaci\u00f3n que env\u00edo para que puedan responder a mi petici\u00f3n. <\/label><\/li><\/ul><\/div><\/div><!-- .wpforms-field-container --><div class=\"wpforms-field wpforms-field-hp\"><label for=\"wpforms-6616-field-hp\" class=\"wpforms-field-label\">Email<\/label><input type=\"text\" name=\"wpforms[hp]\" id=\"wpforms-6616-field-hp\" class=\"wpforms-field-medium\"><\/div><div class=\"wpforms-submit-container\" ><input type=\"hidden\" name=\"wpforms[id]\" value=\"6616\"><input type=\"hidden\" name=\"page_title\" value=\"\"><input type=\"hidden\" name=\"page_url\" value=\"https:\/\/iphysio.es\/index.php\/wp-json\/wp\/v2\/pages\/73\"><input type=\"hidden\" name=\"url_referer\" value=\"\"><button type=\"submit\" name=\"wpforms[submit]\" id=\"wpforms-submit-6616\" class=\"wpforms-submit\" data-alt-text=\"Enviando...\" data-submit-text=\"Enviar\" aria-live=\"assertive\" value=\"wpforms-submit\">Enviar<\/button><\/div><\/form><\/div>  <!-- .wpforms-container --><\/div><\/div><img loading=\"lazy\" decoding=\"async\" class=\"wp-image-7473 aligncenter\" src=\"https:\/\/iphysio.es\/wp-content\/uploads\/2020\/10\/ven-a-iphysio-e1603906558691-1024x642.png\" alt=\"\" width=\"251\" height=\"157\" srcset=\"https:\/\/iphysio.es\/wp-content\/uploads\/2020\/10\/ven-a-iphysio-e1603906558691-1024x642.png 1024w, https:\/\/iphysio.es\/wp-content\/uploads\/2020\/10\/ven-a-iphysio-e1603906558691-300x188.png 300w, https:\/\/iphysio.es\/wp-content\/uploads\/2020\/10\/ven-a-iphysio-e1603906558691-768x482.png 768w, https:\/\/iphysio.es\/wp-content\/uploads\/2020\/10\/ven-a-iphysio-e1603906558691.png 1747w\" sizes=\"auto, (max-width: 251px) 100vw, 251px\" \/><\/p>\n<h3><\/div><\/div> <div class=\"su-column su-column-size-1-2\"><div class=\"su-column-inner su-u-clearfix su-u-trim\"><\/h3>\n<p><img loading=\"lazy\" decoding=\"async\" class=\"alignnone wp-image-303 size-large\" title=\"Contacto reserva cita on-line\" src=\"https:\/\/iphysio.es\/wp-content\/uploads\/2017\/01\/DSC00964-1024x768.jpg\" alt=\"Contacto reserva cita on-line\" width=\"640\" height=\"480\" srcset=\"https:\/\/iphysio.es\/wp-content\/uploads\/2017\/01\/DSC00964-1024x768.jpg 1024w, https:\/\/iphysio.es\/wp-content\/uploads\/2017\/01\/DSC00964-300x225.jpg 300w, https:\/\/iphysio.es\/wp-content\/uploads\/2017\/01\/DSC00964-768x576.jpg 768w\" sizes=\"auto, (max-width: 640px) 100vw, 640px\" \/><\/p>\n<h4><img loading=\"lazy\" decoding=\"async\" class=\"wp-image-7855 alignright\" src=\"https:\/\/iphysio.es\/wp-content\/uploads\/2021\/07\/Lorena-01-e1627399637550-813x1024.jpeg\" alt=\"\" width=\"159\" height=\"200\" srcset=\"https:\/\/iphysio.es\/wp-content\/uploads\/2021\/07\/Lorena-01-e1627399637550-813x1024.jpeg 813w, https:\/\/iphysio.es\/wp-content\/uploads\/2021\/07\/Lorena-01-e1627399637550-238x300.jpeg 238w, https:\/\/iphysio.es\/wp-content\/uploads\/2021\/07\/Lorena-01-e1627399637550-768x968.jpeg 768w, https:\/\/iphysio.es\/wp-content\/uploads\/2021\/07\/Lorena-01-e1627399637550.jpeg 1200w\" sizes=\"auto, (max-width: 159px) 100vw, 159px\" \/><\/h4>\n<p>&nbsp;<\/p>\n<h5>Ahora m\u00e1s f\u00e1cil. Porque si has llegado a nuestra cl\u00ednica online, <strong>puedes\u00a0solicitar m\u00e1s informaci\u00f3n<\/strong> para citas\u00a0<strong><span style=\"color: #00ccff;\">iPhysio <\/span><\/strong>a trav\u00e9s de este formulario, y te llamaremos.<\/h5>\n<p><img loading=\"lazy\" decoding=\"async\" class=\"alignnone wp-image-9512 size-full\" src=\"https:\/\/iphysio.es\/wp-content\/uploads\/2022\/09\/clinica-iphysio-talavera.jpg\" alt=\"\" width=\"741\" height=\"400\" srcset=\"https:\/\/iphysio.es\/wp-content\/uploads\/2022\/09\/clinica-iphysio-talavera.jpg 741w, https:\/\/iphysio.es\/wp-content\/uploads\/2022\/09\/clinica-iphysio-talavera-300x162.jpg 300w\" sizes=\"auto, (max-width: 741px) 100vw, 741px\" \/><\/p>\n<h3 style=\"text-align: left;\"><\/div><\/div><\/div><\/h3>\n<h3 style=\"text-align: center;\"><strong><div class=\"su-note\"  style=\"border-color:#d8d8d8;border-radius:2px;-moz-border-radius:2px;-webkit-border-radius:2px;\"><div class=\"su-note-inner su-u-clearfix su-u-trim\" style=\"background-color:#f2f2f2;border-color:#ffffff;color:#3c3c3c;border-radius:2px;-moz-border-radius:2px;-webkit-border-radius:2px;\"><\/strong><div class=\"su-quote su-quote-style-default\"><div class=\"su-quote-inner su-u-clearfix su-u-trim\"><strong>Si<\/strong> lo <strong>prefieres<\/strong>, env\u00edanos un <strong><span style=\"color: #000000;\">mensaje de texto<\/span>\u00a0v\u00eda <span style=\"color: #000000;\">WhatsApp:<br \/>\n<\/span><\/strong>+34 <strong>657 65 82 69 (<a href=\"https:\/\/iphysio.es\/index.php\/nuestros-servicios\/fisioterapia-talavera-de-la-reina\/\">fisioterapia<\/a>) o <\/strong>+34<strong> 660 21 06 22 (<a href=\"https:\/\/www.pilatestalavera.com\/\" target=\"_blank\" rel=\"noopener\">pilates<\/a>)<\/strong><\/h3>\n<h3 style=\"text-align: left;\"><\/div><\/div><strong><\/div><\/div><\/strong><\/h3>\n ","protected":false},"excerpt":{"rendered":"<p>CONTACTO IPHYSIO 925 68 12 02, o PREGUNTA ONLINE Pide tu cita en Cl\u00ednica iPhysio por tel\u00e9fono o a trav\u00e9s del formulario de contacto<\/p>\n","protected":false},"author":1,"featured_media":0,"parent":0,"menu_order":0,"comment_status":"closed","ping_status":"closed","template":"","meta":{"footnotes":"","_links_to":"","_links_to_target":""},"class_list":["post-73","page","type-page","status-publish","hentry"],"yoast_head":"<!-- This site is optimized with the Yoast SEO plugin v27.5 - https:\/\/yoast.com\/product\/yoast-seo-wordpress\/ -->\n<title>Contacto y Cita Previa| Cl\u00ednica iPhysio Therapy | Fisioterapia en Talavera<\/title>\n<meta name=\"description\" content=\"Contacto con Cl\u00ednica iPhysio. Fisioterapia. Nutrici\u00f3n. Pilates. Ecograf\u00edas. Ahora m\u00e1s f\u00e1cil: tel\u00e9fono, WhatsApp, formulario. En Talavera, por tu salud.\" \/>\n<meta name=\"robots\" content=\"index, follow, max-snippet:-1, max-image-preview:large, max-video-preview:-1\" \/>\n<link rel=\"canonical\" href=\"https:\/\/iphysio.es\/index.php\/contacto\/\" \/>\n<meta property=\"og:locale\" content=\"es_ES\" \/>\n<meta property=\"og:type\" content=\"article\" \/>\n<meta property=\"og:title\" content=\"Contacto y Cita Previa| Cl\u00ednica iPhysio Therapy | Fisioterapia en Talavera\" \/>\n<meta property=\"og:description\" content=\"Contacto con Cl\u00ednica iPhysio. Fisioterapia. Nutrici\u00f3n. Pilates. Ecograf\u00edas. Ahora m\u00e1s f\u00e1cil: tel\u00e9fono, WhatsApp, formulario. En Talavera, por tu salud.\" \/>\n<meta property=\"og:url\" content=\"https:\/\/iphysio.es\/index.php\/contacto\/\" \/>\n<meta property=\"og:site_name\" content=\"Cl\u00ednica iPhysio Therapy\" \/>\n<meta property=\"article:publisher\" content=\"https:\/\/www.facebook.com\/iPhysioTalavera\/\" \/>\n<meta property=\"article:modified_time\" content=\"2024-04-23T07:54:57+00:00\" \/>\n<meta property=\"og:image\" content=\"https:\/\/iphysio.es\/wp-content\/uploads\/2020\/10\/ven-a-iphysio-e1603906558691-1024x642.png\" \/>\n<meta name=\"twitter:card\" content=\"summary_large_image\" \/>\n<meta name=\"twitter:site\" content=\"@IphysioT\" \/>\n<meta name=\"twitter:label1\" content=\"Tiempo de lectura\" \/>\n\t<meta name=\"twitter:data1\" content=\"1 minuto\" \/>\n<script type=\"application\/ld+json\" class=\"yoast-schema-graph\">{\"@context\":\"https:\\\/\\\/schema.org\",\"@graph\":[{\"@type\":\"WebPage\",\"@id\":\"https:\\\/\\\/iphysio.es\\\/index.php\\\/contacto\\\/\",\"url\":\"https:\\\/\\\/iphysio.es\\\/index.php\\\/contacto\\\/\",\"name\":\"Contacto y Cita Previa| Cl\u00ednica iPhysio Therapy | Fisioterapia en Talavera\",\"isPartOf\":{\"@id\":\"https:\\\/\\\/iphysio.es\\\/#website\"},\"primaryImageOfPage\":{\"@id\":\"https:\\\/\\\/iphysio.es\\\/index.php\\\/contacto\\\/#primaryimage\"},\"image\":{\"@id\":\"https:\\\/\\\/iphysio.es\\\/index.php\\\/contacto\\\/#primaryimage\"},\"thumbnailUrl\":\"https:\\\/\\\/iphysio.es\\\/wp-content\\\/uploads\\\/2020\\\/10\\\/ven-a-iphysio-e1603906558691-1024x642.png\",\"datePublished\":\"2017-01-04T17:16:56+00:00\",\"dateModified\":\"2024-04-23T07:54:57+00:00\",\"description\":\"Contacto con Cl\u00ednica iPhysio. Fisioterapia. Nutrici\u00f3n. Pilates. Ecograf\u00edas. Ahora m\u00e1s f\u00e1cil: tel\u00e9fono, WhatsApp, formulario. En Talavera, por tu salud.\",\"breadcrumb\":{\"@id\":\"https:\\\/\\\/iphysio.es\\\/index.php\\\/contacto\\\/#breadcrumb\"},\"inLanguage\":\"es\",\"potentialAction\":[{\"@type\":\"ReadAction\",\"target\":[\"https:\\\/\\\/iphysio.es\\\/index.php\\\/contacto\\\/\"]}]},{\"@type\":\"ImageObject\",\"inLanguage\":\"es\",\"@id\":\"https:\\\/\\\/iphysio.es\\\/index.php\\\/contacto\\\/#primaryimage\",\"url\":\"https:\\\/\\\/iphysio.es\\\/wp-content\\\/uploads\\\/2020\\\/10\\\/ven-a-iphysio-e1603906558691.png\",\"contentUrl\":\"https:\\\/\\\/iphysio.es\\\/wp-content\\\/uploads\\\/2020\\\/10\\\/ven-a-iphysio-e1603906558691.png\",\"width\":1747,\"height\":1096},{\"@type\":\"BreadcrumbList\",\"@id\":\"https:\\\/\\\/iphysio.es\\\/index.php\\\/contacto\\\/#breadcrumb\",\"itemListElement\":[{\"@type\":\"ListItem\",\"position\":1,\"name\":\"Portada\",\"item\":\"https:\\\/\\\/iphysio.es\\\/\"},{\"@type\":\"ListItem\",\"position\":2,\"name\":\"Sistema de reservas\"}]},{\"@type\":\"WebSite\",\"@id\":\"https:\\\/\\\/iphysio.es\\\/#website\",\"url\":\"https:\\\/\\\/iphysio.es\\\/\",\"name\":\"Cl\u00ednica iPhysio Therapy\",\"description\":\"Fisioterapia, Nutrici\u00f3n y Diet\u00e9tica, Pilates, Hipopresivos, Lumbalgias, Cervicalgias, Esguinces, Biomec\u00e1nica\",\"publisher\":{\"@id\":\"https:\\\/\\\/iphysio.es\\\/#organization\"},\"potentialAction\":[{\"@type\":\"SearchAction\",\"target\":{\"@type\":\"EntryPoint\",\"urlTemplate\":\"https:\\\/\\\/iphysio.es\\\/?s={search_term_string}\"},\"query-input\":{\"@type\":\"PropertyValueSpecification\",\"valueRequired\":true,\"valueName\":\"search_term_string\"}}],\"inLanguage\":\"es\"},{\"@type\":\"Organization\",\"@id\":\"https:\\\/\\\/iphysio.es\\\/#organization\",\"name\":\"Fisiotalavera S.L.\",\"url\":\"https:\\\/\\\/iphysio.es\\\/\",\"logo\":{\"@type\":\"ImageObject\",\"inLanguage\":\"es\",\"@id\":\"https:\\\/\\\/iphysio.es\\\/#\\\/schema\\\/logo\\\/image\\\/\",\"url\":\"https:\\\/\\\/iphysio.es\\\/wp-content\\\/uploads\\\/2016\\\/11\\\/cropped-solologo.png\",\"contentUrl\":\"https:\\\/\\\/iphysio.es\\\/wp-content\\\/uploads\\\/2016\\\/11\\\/cropped-solologo.png\",\"width\":402,\"height\":428,\"caption\":\"Fisiotalavera S.L.\"},\"image\":{\"@id\":\"https:\\\/\\\/iphysio.es\\\/#\\\/schema\\\/logo\\\/image\\\/\"},\"sameAs\":[\"https:\\\/\\\/www.facebook.com\\\/iPhysioTalavera\\\/\",\"https:\\\/\\\/x.com\\\/IphysioT\"]}]}<\/script>\n<!-- \/ Yoast SEO plugin. -->","yoast_head_json":{"title":"Contacto y Cita Previa| Cl\u00ednica iPhysio Therapy | Fisioterapia en Talavera","description":"Contacto con Cl\u00ednica iPhysio. Fisioterapia. Nutrici\u00f3n. Pilates. Ecograf\u00edas. Ahora m\u00e1s f\u00e1cil: tel\u00e9fono, WhatsApp, formulario. En Talavera, por tu salud.","robots":{"index":"index","follow":"follow","max-snippet":"max-snippet:-1","max-image-preview":"max-image-preview:large","max-video-preview":"max-video-preview:-1"},"canonical":"https:\/\/iphysio.es\/index.php\/contacto\/","og_locale":"es_ES","og_type":"article","og_title":"Contacto y Cita Previa| Cl\u00ednica iPhysio Therapy | Fisioterapia en Talavera","og_description":"Contacto con Cl\u00ednica iPhysio. Fisioterapia. Nutrici\u00f3n. Pilates. Ecograf\u00edas. Ahora m\u00e1s f\u00e1cil: tel\u00e9fono, WhatsApp, formulario. En Talavera, por tu salud.","og_url":"https:\/\/iphysio.es\/index.php\/contacto\/","og_site_name":"Cl\u00ednica iPhysio Therapy","article_publisher":"https:\/\/www.facebook.com\/iPhysioTalavera\/","article_modified_time":"2024-04-23T07:54:57+00:00","og_image":[{"url":"https:\/\/iphysio.es\/wp-content\/uploads\/2020\/10\/ven-a-iphysio-e1603906558691-1024x642.png","type":"","width":"","height":""}],"twitter_card":"summary_large_image","twitter_site":"@IphysioT","twitter_misc":{"Tiempo de lectura":"1 minuto"},"schema":{"@context":"https:\/\/schema.org","@graph":[{"@type":"WebPage","@id":"https:\/\/iphysio.es\/index.php\/contacto\/","url":"https:\/\/iphysio.es\/index.php\/contacto\/","name":"Contacto y Cita Previa| Cl\u00ednica iPhysio Therapy | Fisioterapia en Talavera","isPartOf":{"@id":"https:\/\/iphysio.es\/#website"},"primaryImageOfPage":{"@id":"https:\/\/iphysio.es\/index.php\/contacto\/#primaryimage"},"image":{"@id":"https:\/\/iphysio.es\/index.php\/contacto\/#primaryimage"},"thumbnailUrl":"https:\/\/iphysio.es\/wp-content\/uploads\/2020\/10\/ven-a-iphysio-e1603906558691-1024x642.png","datePublished":"2017-01-04T17:16:56+00:00","dateModified":"2024-04-23T07:54:57+00:00","description":"Contacto con Cl\u00ednica iPhysio. Fisioterapia. Nutrici\u00f3n. Pilates. Ecograf\u00edas. Ahora m\u00e1s f\u00e1cil: tel\u00e9fono, WhatsApp, formulario. En Talavera, por tu salud.","breadcrumb":{"@id":"https:\/\/iphysio.es\/index.php\/contacto\/#breadcrumb"},"inLanguage":"es","potentialAction":[{"@type":"ReadAction","target":["https:\/\/iphysio.es\/index.php\/contacto\/"]}]},{"@type":"ImageObject","inLanguage":"es","@id":"https:\/\/iphysio.es\/index.php\/contacto\/#primaryimage","url":"https:\/\/iphysio.es\/wp-content\/uploads\/2020\/10\/ven-a-iphysio-e1603906558691.png","contentUrl":"https:\/\/iphysio.es\/wp-content\/uploads\/2020\/10\/ven-a-iphysio-e1603906558691.png","width":1747,"height":1096},{"@type":"BreadcrumbList","@id":"https:\/\/iphysio.es\/index.php\/contacto\/#breadcrumb","itemListElement":[{"@type":"ListItem","position":1,"name":"Portada","item":"https:\/\/iphysio.es\/"},{"@type":"ListItem","position":2,"name":"Sistema de reservas"}]},{"@type":"WebSite","@id":"https:\/\/iphysio.es\/#website","url":"https:\/\/iphysio.es\/","name":"Cl\u00ednica iPhysio Therapy","description":"Fisioterapia, Nutrici\u00f3n y Diet\u00e9tica, Pilates, Hipopresivos, Lumbalgias, Cervicalgias, Esguinces, Biomec\u00e1nica","publisher":{"@id":"https:\/\/iphysio.es\/#organization"},"potentialAction":[{"@type":"SearchAction","target":{"@type":"EntryPoint","urlTemplate":"https:\/\/iphysio.es\/?s={search_term_string}"},"query-input":{"@type":"PropertyValueSpecification","valueRequired":true,"valueName":"search_term_string"}}],"inLanguage":"es"},{"@type":"Organization","@id":"https:\/\/iphysio.es\/#organization","name":"Fisiotalavera S.L.","url":"https:\/\/iphysio.es\/","logo":{"@type":"ImageObject","inLanguage":"es","@id":"https:\/\/iphysio.es\/#\/schema\/logo\/image\/","url":"https:\/\/iphysio.es\/wp-content\/uploads\/2016\/11\/cropped-solologo.png","contentUrl":"https:\/\/iphysio.es\/wp-content\/uploads\/2016\/11\/cropped-solologo.png","width":402,"height":428,"caption":"Fisiotalavera S.L."},"image":{"@id":"https:\/\/iphysio.es\/#\/schema\/logo\/image\/"},"sameAs":["https:\/\/www.facebook.com\/iPhysioTalavera\/","https:\/\/x.com\/IphysioT"]}]}},"_links":{"self":[{"href":"https:\/\/iphysio.es\/index.php\/wp-json\/wp\/v2\/pages\/73","targetHints":{"allow":["GET"]}}],"collection":[{"href":"https:\/\/iphysio.es\/index.php\/wp-json\/wp\/v2\/pages"}],"about":[{"href":"https:\/\/iphysio.es\/index.php\/wp-json\/wp\/v2\/types\/page"}],"author":[{"embeddable":true,"href":"https:\/\/iphysio.es\/index.php\/wp-json\/wp\/v2\/users\/1"}],"replies":[{"embeddable":true,"href":"https:\/\/iphysio.es\/index.php\/wp-json\/wp\/v2\/comments?post=73"}],"version-history":[{"count":0,"href":"https:\/\/iphysio.es\/index.php\/wp-json\/wp\/v2\/pages\/73\/revisions"}],"wp:attachment":[{"href":"https:\/\/iphysio.es\/index.php\/wp-json\/wp\/v2\/media?parent=73"}],"curies":[{"name":"wp","href":"https:\/\/api.w.org\/{rel}","templated":true}]}}