{"id":7853,"date":"2021-07-27T18:53:43","date_gmt":"2021-07-27T16:53:43","guid":{"rendered":"https:\/\/iphysio.es\/?page_id=7853"},"modified":"2025-01-24T16:27:05","modified_gmt":"2025-01-24T15:27:05","slug":"lorena-jara-fisioterapeuta","status":"publish","type":"page","link":"https:\/\/iphysio.es\/index.php\/lorena-jara-fisioterapeuta\/","title":{"rendered":"Lorena Jara, fisioterapeuta"},"content":{"rendered":"<div class=\"su-row\"><div class=\"su-column su-column-size-1-3\"><div class=\"su-column-inner su-u-clearfix su-u-trim\">\n<p><img loading=\"lazy\" decoding=\"async\" class=\"alignnone wp-image-10336 size-full\" src=\"https:\/\/iphysio.es\/wp-content\/uploads\/2023\/09\/Lorena.jpg\" alt=\"\" width=\"600\" height=\"800\" srcset=\"https:\/\/iphysio.es\/wp-content\/uploads\/2023\/09\/Lorena.jpg 600w, https:\/\/iphysio.es\/wp-content\/uploads\/2023\/09\/Lorena-225x300.jpg 225w\" sizes=\"auto, (max-width: 600px) 100vw, 600px\" \/><\/p>\n<div class=\"su-note\"  style=\"border-color:#dfdfdf;border-radius:2px;-moz-border-radius:2px;-webkit-border-radius:2px;\"><div class=\"su-note-inner su-u-clearfix su-u-trim\" style=\"background-color:#f9f9f9;border-color:#ffffff;color:#3c3c3c;border-radius:2px;-moz-border-radius:2px;-webkit-border-radius:2px;\">\n<table id=\"tablepress-8\" class=\"tablepress tablepress-id-8\">\n<tbody class=\"row-hover\">\n<tr class=\"row-1\">\n\t<td class=\"column-1\"><a href=\"https:\/\/iphysio.es\/index.php\/nuestros-servicios\/fisioterapia-talavera-de-la-reina\/\"><b>FISIOTERAPIA<\/b><\/a><br \/>\n<a href=\"https:\/\/iphysio.es\/index.php\/sara-porrero-fisioterapeuta\/\">Sara<\/a> Porrero<br \/>\n<a href=\"https:\/\/iphysio.es\/index.php\/angel-perez-fisioterapeuta\/\">\u00c1ngel<\/a> P\u00e9rez<br \/>\n<a href=\"https:\/\/iphysio.es\/index.php\/miriam-fernandez\/\">M\u00edriam<\/a> Fern\u00e1ndez<\/td><td class=\"column-2\"><a href=\"https:\/\/iphysio.es\/index.php\/juan-fisioterapeuta\/\">Juan Antonio<\/a> D. Basilio<br \/>\n<a href=\"https:\/\/iphysio.es\/index.php\/luis-navas\/\">Luis Fernando<\/a> Navas<br \/>\n<a href=\"https:\/\/iphysio.es\/index.php\/lorena-jara-fisioterapeuta\/\">Lorena<\/a> Jara<br \/>\n<i>(E)<\/i> <a href=\"https:\/\/iphysio.es\/index.php\/pedro-camacho\/\">Pedro<\/a> Camacho<\/td>\n<\/tr>\n<tr class=\"row-2\">\n\t<td class=\"column-1\"><a href=\"https:\/\/iphysio.es\/index.php\/nuestros-servicios\/fisioterapia-talavera-de-la-reina\/\"><b>NUTRICI\u00d3N<\/b><\/a><br \/>\n<a href=\"https:\/\/iphysio.es\/index.php\/miriam-alia-nutricionista\/\">M\u00edriam  <\/a> Al\u00eda<\/td><td class=\"column-2\">.<br \/>\n<a href=\"https:\/\/iphysio.es\/index.php\/david-olmedo-nutricionista\/\">David  <\/a> Olmedo<\/td>\n<\/tr>\n<tr class=\"row-3\">\n\t<td class=\"column-1\"><a href=\"https:\/\/iphysio.es\/index.php\/nuestros-servicios\/actividades-en-sala-cuidar-tu-cuerpo\/\"><b>PILATES<\/b><\/a><br \/>\n<a href=\"https:\/\/iphysio.es\/index.php\/miriam-fernandez\/\">M\u00edriam<\/a> Fern\u00e1ndez<\/td><td class=\"column-2\"><a href=\"https:\/\/iphysio.es\/index.php\/pablo-luengo\/\">Pablo<\/a> G. Luengo<br \/>\nCarolina Rodr\u00edguez<\/td>\n<\/tr>\n<tr class=\"row-4\">\n\t<td class=\"column-1\"><a href=\"https:\/\/iphysio.es\/index.php\/entrenamiento-deportivo\/\"><b>ENTRENAMIENTO<\/b><\/a><\/td><td class=\"column-2\"><a href=\"https:\/\/iphysio.es\/index.php\/alvaro-s-arjona-entrenador\/\">\u00c1lvaro<\/a> S. Arjona<\/td>\n<\/tr>\n<\/tbody>\n<\/table>\n<!-- #tablepress-8 from cache --><\/div><\/div>\n<\/div><\/div> <div class=\"su-column su-column-size-1-3\"><div class=\"su-column-inner su-u-clearfix su-u-trim\">\n<h2 style=\"text-align: center;\"><strong>Lorena Jara<\/strong><br \/>\nDiplomada en Fisioterapia<\/h2>\n<p style=\"text-align: center;\">Colegiada 3258\u00a0<a href=\"https:\/\/www.coficam.org\/\" target=\"_blank\" rel=\"noopener\">COFICAM<\/a><\/p>\n<hr \/>\n<ul>\n<li><strong>Diplomada en Fisioterapia<br \/>\n<\/strong>(Universidad Rey Juan Carlos, Madrid 2018)<\/li>\n<li><strong>Experta en Fisioterapia Invasiva<\/strong>: Punci\u00f3n Seca, Ecograf\u00eda, Punci\u00f3n Eco-guiada, Acupuntura Cl\u00ednica, Electrolisis, Neuromodulaci\u00f3n, Electrolisis Eco-guiada y Punci\u00f3n Seca en paciente Neurol\u00f3gico (Univ. Rey Juan Carlos, Madrid)<\/li>\n<li><strong>Experta en Terapia manual osteoarticular y punci\u00f3n seca muscular del aparato locomotor\u00a0<\/strong>(Universidad Rey Juan Carlos, Madrid)<\/li>\n<li><strong>M\u00e1ster oficial Neurocontrol motor\u00a0<\/strong>(Universidad Rey Juan Carlos, Madrid)<\/li>\n<li><strong>Suelo p\u00e9lvico y entrenamiento durante el embarazo y postparto<\/strong> (CrysDyaz &amp; Co., Madrid)<\/li>\n<li><strong>Actividad f\u00edsica y ejercicio terap\u00e9utico en el embarazo<\/strong>\u00a0(FisioFocus)<\/li>\n<li><strong>Actividad f\u00edsica y ejercicio terap\u00e9utico en la recuperaci\u00f3n postparto<\/strong>\u00a0(FisioFocus)<\/li>\n<li><strong>Fisioterapia aplicada al embarazo<\/strong>\u00a0(FisioFocus)<\/li>\n<li><strong>Ejercicio Terap\u00e9utico en Cada Etapa de la Vida de la Mujer<\/strong> (FisioFocus)<\/li>\n<\/ul>\n<\/div><\/div> <div class=\"su-column su-column-size-1-3\"><div class=\"su-column-inner su-u-clearfix su-u-trim\">\n<p><img loading=\"lazy\" decoding=\"async\" class=\"alignnone wp-image-7855 size-large\" src=\"https:\/\/iphysio.es\/wp-content\/uploads\/2021\/07\/Lorena-01-e1627399637550-813x1024.jpeg\" alt=\"\" width=\"640\" height=\"806\" srcset=\"https:\/\/iphysio.es\/wp-content\/uploads\/2021\/07\/Lorena-01-e1627399637550-813x1024.jpeg 813w, https:\/\/iphysio.es\/wp-content\/uploads\/2021\/07\/Lorena-01-e1627399637550-238x300.jpeg 238w, https:\/\/iphysio.es\/wp-content\/uploads\/2021\/07\/Lorena-01-e1627399637550-768x968.jpeg 768w, https:\/\/iphysio.es\/wp-content\/uploads\/2021\/07\/Lorena-01-e1627399637550.jpeg 1200w\" sizes=\"auto, (max-width: 640px) 100vw, 640px\" \/><\/p>\n<div class=\"su-accordion su-u-trim\"><div class=\"su-spoiler su-spoiler-style-default su-spoiler-icon-plus su-spoiler-closed\" data-scroll-offset=\"0\" data-anchor-in-url=\"no\"><div class=\"su-spoiler-title\" tabindex=\"0\" role=\"button\"><span class=\"su-spoiler-icon\"><\/span><strong>OTRAS TITULACIONES, JORNADAS ESPECIALIZADAS<\/strong><\/div><div class=\"su-spoiler-content su-u-clearfix su-u-trim\">\n<ul>\n<li>Jornada\u00a0de<strong> Ejercicio f\u00edsico en pacientes con c\u00e1ncer de mama <\/strong>(Universidad Rey Juan Carlos, Madrid)<\/li>\n<li>Congreso internacional de <strong>fisioterapia invasiva y musculoesqu\u00e9letica\u00a0<\/strong>(COFIM 2019)<\/li>\n<li>Actualizaci\u00f3n en <strong>Fisioterapia<\/strong> en la afectaci\u00f3n del <strong>paciente con COVID-19<\/strong><\/li>\n<li>Congreso <strong>razonamiento cl\u00ednico<\/strong> (Fisiofocus)<\/li>\n<li><strong>M\u00e9todo Pilates<\/strong> suelo, Pilates Accesorios, Pilates en <strong>embarazo y postparto<\/strong> (Fisiofocus)<\/li>\n<li>Curso <strong>Tendinopat\u00edas<\/strong> con \u00c1ngel Basas (Fisiofocus)<\/li>\n<\/ul>\n<\/div><\/div><div class=\"su-spoiler su-spoiler-style-default su-spoiler-icon-plus su-spoiler-closed\" data-scroll-offset=\"0\" data-anchor-in-url=\"no\"><div class=\"su-spoiler-title\" tabindex=\"0\" role=\"button\"><span class=\"su-spoiler-icon\"><\/span><strong>BLOG<\/strong><\/div><div class=\"su-spoiler-content su-u-clearfix su-u-trim\">\n<\/div><\/div> <div class=\"su-spoiler su-spoiler-style-default su-spoiler-icon-plus su-spoiler-closed\" data-scroll-offset=\"0\" data-anchor-in-url=\"no\"><div class=\"su-spoiler-title\" tabindex=\"0\" role=\"button\"><span class=\"su-spoiler-icon\"><\/span><strong>SOLICITUD DE CONSULTA de fisioterapia con Lorena Jara<\/strong><\/div><div class=\"su-spoiler-content su-u-clearfix su-u-trim\">\n<p>Puede<strong> solicitar cita <\/strong>en nuestro<strong> servicio de fisioterapia:<\/strong><\/p>\n<ul>\n<li>Por <strong>tel\u00e9fono<\/strong>: 925 68 12 02<\/li>\n<li>Por <strong>WhastApp<\/strong>: 657 658 269<\/li>\n<li>Mediante <strong><a href=\"https:\/\/iphysio.es\/index.php\/contacto\/\">formulario<\/a><\/strong><\/li>\n<\/ul>\n<\/div><\/div> <\/div>\n<\/div><\/div><\/div>\n ","protected":false},"excerpt":{"rendered":"","protected":false},"author":1,"featured_media":0,"parent":0,"menu_order":0,"comment_status":"closed","ping_status":"closed","template":"","meta":{"footnotes":"","_links_to":"","_links_to_target":""},"class_list":["post-7853","page","type-page","status-publish","hentry"],"yoast_head":"<!-- This site is optimized with the Yoast SEO plugin v27.6 - https:\/\/yoast.com\/product\/yoast-seo-wordpress\/ -->\n<title>Lorena Jara, fisioterapeuta | Cl\u00ednica iPhysio Therapy<\/title>\n<meta name=\"description\" content=\"Lorena Jara, fisioterapeuta en Talavera de la Reina. Experta en fisioterapia invasiva y terapia manual osteoarticular. M\u00e1ster en neurocontrol motor.\" \/>\n<meta name=\"robots\" content=\"index, follow, max-snippet:-1, max-image-preview:large, max-video-preview:-1\" \/>\n<link rel=\"canonical\" href=\"https:\/\/iphysio.es\/index.php\/lorena-jara-fisioterapeuta\/\" \/>\n<meta property=\"og:locale\" content=\"es_ES\" \/>\n<meta property=\"og:type\" content=\"article\" \/>\n<meta property=\"og:title\" content=\"Lorena Jara, fisioterapeuta | Cl\u00ednica iPhysio Therapy\" \/>\n<meta property=\"og:description\" content=\"Lorena Jara, fisioterapeuta en Talavera de la Reina. Experta en fisioterapia invasiva y terapia manual osteoarticular. M\u00e1ster en neurocontrol motor.\" \/>\n<meta property=\"og:url\" content=\"https:\/\/iphysio.es\/index.php\/lorena-jara-fisioterapeuta\/\" \/>\n<meta property=\"og:site_name\" content=\"Cl\u00ednica iPhysio Therapy\" \/>\n<meta property=\"article:publisher\" content=\"https:\/\/www.facebook.com\/iPhysioTalavera\/\" \/>\n<meta property=\"article:modified_time\" content=\"2025-01-24T15:27:05+00:00\" \/>\n<meta property=\"og:image\" content=\"https:\/\/iphysio.es\/wp-content\/uploads\/2023\/09\/Lorena.jpg\" \/>\n<meta name=\"twitter:card\" content=\"summary_large_image\" \/>\n<meta name=\"twitter:site\" content=\"@IphysioT\" \/>\n<meta name=\"twitter:label1\" content=\"Tiempo de lectura\" \/>\n\t<meta name=\"twitter:data1\" content=\"2 minutos\" \/>\n<script type=\"application\/ld+json\" class=\"yoast-schema-graph\">{\"@context\":\"https:\\\/\\\/schema.org\",\"@graph\":[{\"@type\":\"WebPage\",\"@id\":\"https:\\\/\\\/iphysio.es\\\/index.php\\\/lorena-jara-fisioterapeuta\\\/\",\"url\":\"https:\\\/\\\/iphysio.es\\\/index.php\\\/lorena-jara-fisioterapeuta\\\/\",\"name\":\"Lorena Jara, fisioterapeuta | Cl\u00ednica iPhysio Therapy\",\"isPartOf\":{\"@id\":\"https:\\\/\\\/iphysio.es\\\/#website\"},\"primaryImageOfPage\":{\"@id\":\"https:\\\/\\\/iphysio.es\\\/index.php\\\/lorena-jara-fisioterapeuta\\\/#primaryimage\"},\"image\":{\"@id\":\"https:\\\/\\\/iphysio.es\\\/index.php\\\/lorena-jara-fisioterapeuta\\\/#primaryimage\"},\"thumbnailUrl\":\"https:\\\/\\\/iphysio.es\\\/wp-content\\\/uploads\\\/2023\\\/09\\\/Lorena.jpg\",\"datePublished\":\"2021-07-27T16:53:43+00:00\",\"dateModified\":\"2025-01-24T15:27:05+00:00\",\"description\":\"Lorena Jara, fisioterapeuta en Talavera de la Reina. Experta en fisioterapia invasiva y terapia manual osteoarticular. M\u00e1ster en neurocontrol motor.\",\"breadcrumb\":{\"@id\":\"https:\\\/\\\/iphysio.es\\\/index.php\\\/lorena-jara-fisioterapeuta\\\/#breadcrumb\"},\"inLanguage\":\"es\",\"potentialAction\":[{\"@type\":\"ReadAction\",\"target\":[\"https:\\\/\\\/iphysio.es\\\/index.php\\\/lorena-jara-fisioterapeuta\\\/\"]}]},{\"@type\":\"ImageObject\",\"inLanguage\":\"es\",\"@id\":\"https:\\\/\\\/iphysio.es\\\/index.php\\\/lorena-jara-fisioterapeuta\\\/#primaryimage\",\"url\":\"https:\\\/\\\/iphysio.es\\\/wp-content\\\/uploads\\\/2023\\\/09\\\/Lorena.jpg\",\"contentUrl\":\"https:\\\/\\\/iphysio.es\\\/wp-content\\\/uploads\\\/2023\\\/09\\\/Lorena.jpg\",\"width\":600,\"height\":800},{\"@type\":\"BreadcrumbList\",\"@id\":\"https:\\\/\\\/iphysio.es\\\/index.php\\\/lorena-jara-fisioterapeuta\\\/#breadcrumb\",\"itemListElement\":[{\"@type\":\"ListItem\",\"position\":1,\"name\":\"Portada\",\"item\":\"https:\\\/\\\/iphysio.es\\\/\"},{\"@type\":\"ListItem\",\"position\":2,\"name\":\"Lorena Jara, fisioterapeuta\"}]},{\"@type\":\"WebSite\",\"@id\":\"https:\\\/\\\/iphysio.es\\\/#website\",\"url\":\"https:\\\/\\\/iphysio.es\\\/\",\"name\":\"Cl\u00ednica iPhysio Therapy\",\"description\":\"Fisioterapia, Nutrici\u00f3n y Diet\u00e9tica, Pilates, Hipopresivos, Lumbalgias, Cervicalgias, Esguinces, Biomec\u00e1nica\",\"publisher\":{\"@id\":\"https:\\\/\\\/iphysio.es\\\/#organization\"},\"potentialAction\":[{\"@type\":\"SearchAction\",\"target\":{\"@type\":\"EntryPoint\",\"urlTemplate\":\"https:\\\/\\\/iphysio.es\\\/?s={search_term_string}\"},\"query-input\":{\"@type\":\"PropertyValueSpecification\",\"valueRequired\":true,\"valueName\":\"search_term_string\"}}],\"inLanguage\":\"es\"},{\"@type\":\"Organization\",\"@id\":\"https:\\\/\\\/iphysio.es\\\/#organization\",\"name\":\"Fisiotalavera S.L.\",\"url\":\"https:\\\/\\\/iphysio.es\\\/\",\"logo\":{\"@type\":\"ImageObject\",\"inLanguage\":\"es\",\"@id\":\"https:\\\/\\\/iphysio.es\\\/#\\\/schema\\\/logo\\\/image\\\/\",\"url\":\"https:\\\/\\\/iphysio.es\\\/wp-content\\\/uploads\\\/2016\\\/11\\\/cropped-solologo.png\",\"contentUrl\":\"https:\\\/\\\/iphysio.es\\\/wp-content\\\/uploads\\\/2016\\\/11\\\/cropped-solologo.png\",\"width\":402,\"height\":428,\"caption\":\"Fisiotalavera S.L.\"},\"image\":{\"@id\":\"https:\\\/\\\/iphysio.es\\\/#\\\/schema\\\/logo\\\/image\\\/\"},\"sameAs\":[\"https:\\\/\\\/www.facebook.com\\\/iPhysioTalavera\\\/\",\"https:\\\/\\\/x.com\\\/IphysioT\"]}]}<\/script>\n<!-- \/ Yoast SEO plugin. -->","yoast_head_json":{"title":"Lorena Jara, fisioterapeuta | Cl\u00ednica iPhysio Therapy","description":"Lorena Jara, fisioterapeuta en Talavera de la Reina. Experta en fisioterapia invasiva y terapia manual osteoarticular. M\u00e1ster en neurocontrol motor.","robots":{"index":"index","follow":"follow","max-snippet":"max-snippet:-1","max-image-preview":"max-image-preview:large","max-video-preview":"max-video-preview:-1"},"canonical":"https:\/\/iphysio.es\/index.php\/lorena-jara-fisioterapeuta\/","og_locale":"es_ES","og_type":"article","og_title":"Lorena Jara, fisioterapeuta | Cl\u00ednica iPhysio Therapy","og_description":"Lorena Jara, fisioterapeuta en Talavera de la Reina. Experta en fisioterapia invasiva y terapia manual osteoarticular. M\u00e1ster en neurocontrol motor.","og_url":"https:\/\/iphysio.es\/index.php\/lorena-jara-fisioterapeuta\/","og_site_name":"Cl\u00ednica iPhysio Therapy","article_publisher":"https:\/\/www.facebook.com\/iPhysioTalavera\/","article_modified_time":"2025-01-24T15:27:05+00:00","og_image":[{"url":"https:\/\/iphysio.es\/wp-content\/uploads\/2023\/09\/Lorena.jpg","type":"","width":"","height":""}],"twitter_card":"summary_large_image","twitter_site":"@IphysioT","twitter_misc":{"Tiempo de lectura":"2 minutos"},"schema":{"@context":"https:\/\/schema.org","@graph":[{"@type":"WebPage","@id":"https:\/\/iphysio.es\/index.php\/lorena-jara-fisioterapeuta\/","url":"https:\/\/iphysio.es\/index.php\/lorena-jara-fisioterapeuta\/","name":"Lorena Jara, fisioterapeuta | Cl\u00ednica iPhysio Therapy","isPartOf":{"@id":"https:\/\/iphysio.es\/#website"},"primaryImageOfPage":{"@id":"https:\/\/iphysio.es\/index.php\/lorena-jara-fisioterapeuta\/#primaryimage"},"image":{"@id":"https:\/\/iphysio.es\/index.php\/lorena-jara-fisioterapeuta\/#primaryimage"},"thumbnailUrl":"https:\/\/iphysio.es\/wp-content\/uploads\/2023\/09\/Lorena.jpg","datePublished":"2021-07-27T16:53:43+00:00","dateModified":"2025-01-24T15:27:05+00:00","description":"Lorena Jara, fisioterapeuta en Talavera de la Reina. Experta en fisioterapia invasiva y terapia manual osteoarticular. M\u00e1ster en neurocontrol motor.","breadcrumb":{"@id":"https:\/\/iphysio.es\/index.php\/lorena-jara-fisioterapeuta\/#breadcrumb"},"inLanguage":"es","potentialAction":[{"@type":"ReadAction","target":["https:\/\/iphysio.es\/index.php\/lorena-jara-fisioterapeuta\/"]}]},{"@type":"ImageObject","inLanguage":"es","@id":"https:\/\/iphysio.es\/index.php\/lorena-jara-fisioterapeuta\/#primaryimage","url":"https:\/\/iphysio.es\/wp-content\/uploads\/2023\/09\/Lorena.jpg","contentUrl":"https:\/\/iphysio.es\/wp-content\/uploads\/2023\/09\/Lorena.jpg","width":600,"height":800},{"@type":"BreadcrumbList","@id":"https:\/\/iphysio.es\/index.php\/lorena-jara-fisioterapeuta\/#breadcrumb","itemListElement":[{"@type":"ListItem","position":1,"name":"Portada","item":"https:\/\/iphysio.es\/"},{"@type":"ListItem","position":2,"name":"Lorena Jara, fisioterapeuta"}]},{"@type":"WebSite","@id":"https:\/\/iphysio.es\/#website","url":"https:\/\/iphysio.es\/","name":"Cl\u00ednica iPhysio Therapy","description":"Fisioterapia, Nutrici\u00f3n y Diet\u00e9tica, Pilates, Hipopresivos, Lumbalgias, Cervicalgias, Esguinces, Biomec\u00e1nica","publisher":{"@id":"https:\/\/iphysio.es\/#organization"},"potentialAction":[{"@type":"SearchAction","target":{"@type":"EntryPoint","urlTemplate":"https:\/\/iphysio.es\/?s={search_term_string}"},"query-input":{"@type":"PropertyValueSpecification","valueRequired":true,"valueName":"search_term_string"}}],"inLanguage":"es"},{"@type":"Organization","@id":"https:\/\/iphysio.es\/#organization","name":"Fisiotalavera S.L.","url":"https:\/\/iphysio.es\/","logo":{"@type":"ImageObject","inLanguage":"es","@id":"https:\/\/iphysio.es\/#\/schema\/logo\/image\/","url":"https:\/\/iphysio.es\/wp-content\/uploads\/2016\/11\/cropped-solologo.png","contentUrl":"https:\/\/iphysio.es\/wp-content\/uploads\/2016\/11\/cropped-solologo.png","width":402,"height":428,"caption":"Fisiotalavera S.L."},"image":{"@id":"https:\/\/iphysio.es\/#\/schema\/logo\/image\/"},"sameAs":["https:\/\/www.facebook.com\/iPhysioTalavera\/","https:\/\/x.com\/IphysioT"]}]}},"_links":{"self":[{"href":"https:\/\/iphysio.es\/index.php\/wp-json\/wp\/v2\/pages\/7853","targetHints":{"allow":["GET"]}}],"collection":[{"href":"https:\/\/iphysio.es\/index.php\/wp-json\/wp\/v2\/pages"}],"about":[{"href":"https:\/\/iphysio.es\/index.php\/wp-json\/wp\/v2\/types\/page"}],"author":[{"embeddable":true,"href":"https:\/\/iphysio.es\/index.php\/wp-json\/wp\/v2\/users\/1"}],"replies":[{"embeddable":true,"href":"https:\/\/iphysio.es\/index.php\/wp-json\/wp\/v2\/comments?post=7853"}],"version-history":[{"count":0,"href":"https:\/\/iphysio.es\/index.php\/wp-json\/wp\/v2\/pages\/7853\/revisions"}],"wp:attachment":[{"href":"https:\/\/iphysio.es\/index.php\/wp-json\/wp\/v2\/media?parent=7853"}],"curies":[{"name":"wp","href":"https:\/\/api.w.org\/{rel}","templated":true}]}}