{"id":851,"date":"2017-06-06T09:57:13","date_gmt":"2017-06-06T09:57:13","guid":{"rendered":"https:\/\/iphysio.es\/?page_id=851"},"modified":"2023-09-20T11:29:16","modified_gmt":"2023-09-20T09:29:16","slug":"juan-fisioterapeuta","status":"publish","type":"page","link":"https:\/\/iphysio.es\/index.php\/juan-fisioterapeuta\/","title":{"rendered":"Fisioterapeuta | Juan A. D\u00edaz Basilio"},"content":{"rendered":"<div class=\"su-row\"><div class=\"su-column su-column-size-1-3\"><div class=\"su-column-inner su-u-clearfix su-u-trim\">\n<p><img loading=\"lazy\" decoding=\"async\" class=\"alignnone wp-image-10334 size-full\" src=\"https:\/\/iphysio.es\/wp-content\/uploads\/2023\/09\/Juan.jpg\" alt=\"\" width=\"600\" height=\"800\" srcset=\"https:\/\/iphysio.es\/wp-content\/uploads\/2023\/09\/Juan.jpg 600w, https:\/\/iphysio.es\/wp-content\/uploads\/2023\/09\/Juan-225x300.jpg 225w\" sizes=\"auto, (max-width: 600px) 100vw, 600px\" \/><\/p>\n<div class=\"su-note\"  style=\"border-color:#dfdfdf;border-radius:2px;-moz-border-radius:2px;-webkit-border-radius:2px;\"><div class=\"su-note-inner su-u-clearfix su-u-trim\" style=\"background-color:#f9f9f9;border-color:#ffffff;color:#3c3c3c;border-radius:2px;-moz-border-radius:2px;-webkit-border-radius:2px;\">\n<table id=\"tablepress-8\" class=\"tablepress tablepress-id-8\">\n<tbody class=\"row-hover\">\n<tr class=\"row-1\">\n\t<td class=\"column-1\"><a href=\"https:\/\/iphysio.es\/index.php\/nuestros-servicios\/fisioterapia-talavera-de-la-reina\/\"><b>FISIOTERAPIA<\/b><\/a><br \/>\n<a href=\"https:\/\/iphysio.es\/index.php\/sara-porrero-fisioterapeuta\/\">Sara<\/a> Porrero<br \/>\n<a href=\"https:\/\/iphysio.es\/index.php\/angel-perez-fisioterapeuta\/\">\u00c1ngel<\/a> P\u00e9rez<br \/>\n<a href=\"https:\/\/iphysio.es\/index.php\/miriam-fernandez\/\">M\u00edriam<\/a> Fern\u00e1ndez<\/td><td class=\"column-2\"><a href=\"https:\/\/iphysio.es\/index.php\/juan-fisioterapeuta\/\">Juan Antonio<\/a> D. Basilio<br \/>\n<a href=\"https:\/\/iphysio.es\/index.php\/luis-navas\/\">Luis Fernando<\/a> Navas<br \/>\n<a href=\"https:\/\/iphysio.es\/index.php\/lorena-jara-fisioterapeuta\/\">Lorena<\/a> Jara<br \/>\n<i>(E)<\/i> <a href=\"https:\/\/iphysio.es\/index.php\/pedro-camacho\/\">Pedro<\/a> Camacho<\/td>\n<\/tr>\n<tr class=\"row-2\">\n\t<td class=\"column-1\"><a href=\"https:\/\/iphysio.es\/index.php\/nuestros-servicios\/fisioterapia-talavera-de-la-reina\/\"><b>NUTRICI\u00d3N<\/b><\/a><br \/>\n<a href=\"https:\/\/iphysio.es\/index.php\/miriam-alia-nutricionista\/\">M\u00edriam  <\/a> Al\u00eda<\/td><td class=\"column-2\">.<br \/>\n<a href=\"https:\/\/iphysio.es\/index.php\/david-olmedo-nutricionista\/\">David  <\/a> Olmedo<\/td>\n<\/tr>\n<tr class=\"row-3\">\n\t<td class=\"column-1\"><a href=\"https:\/\/iphysio.es\/index.php\/nuestros-servicios\/actividades-en-sala-cuidar-tu-cuerpo\/\"><b>PILATES<\/b><\/a><br \/>\n<a href=\"https:\/\/iphysio.es\/index.php\/miriam-fernandez\/\">M\u00edriam<\/a> Fern\u00e1ndez<\/td><td class=\"column-2\"><a href=\"https:\/\/iphysio.es\/index.php\/pablo-luengo\/\">Pablo<\/a> G. Luengo<br \/>\nCarolina Rodr\u00edguez<\/td>\n<\/tr>\n<tr class=\"row-4\">\n\t<td class=\"column-1\"><a href=\"https:\/\/iphysio.es\/index.php\/entrenamiento-deportivo\/\"><b>ENTRENAMIENTO<\/b><\/a><\/td><td class=\"column-2\"><a href=\"https:\/\/iphysio.es\/index.php\/alvaro-s-arjona-entrenador\/\">\u00c1lvaro<\/a> S. Arjona<\/td>\n<\/tr>\n<\/tbody>\n<\/table>\n<!-- #tablepress-8 from cache --><\/div><\/div>\n<\/div><\/div> <div class=\"su-column su-column-size-1-3\"><div class=\"su-column-inner su-u-clearfix su-u-trim\">\n<h2 style=\"text-align: center;\"><strong>Juan A. D\u00edaz Basilio<\/strong><br \/>\nDiplomado en Fisioterapia<\/h2>\n<p style=\"text-align: center;\">Colegiado 0664\u00a0<a href=\"https:\/\/www.coficam.org\" target=\"_blank\" rel=\"noopener\">COFICAM<\/a><\/p>\n<hr \/>\n<ul>\n<li><strong>Diplomado en Fisioterapia<br \/>\n<\/strong>(Universidad Europea de Madrid, Madrid 2005)<\/li>\n<li>T\u00e9cnico Superior en Actividades F\u00edsicas y Deportivas <strong>TAFAD<\/strong><\/li>\n<li>Experto en <strong>Fisioterapia Deportiva Avanzada<\/strong><br \/>\n(Universidad Internacional Isabel I de Castilla)<\/li>\n<li>Experto\u00a0<strong>Ecograf\u00eda Musculoesquel\u00e9tica<br \/>\n<\/strong>(Universidad Francisco de Vitoria, Madrid)<\/li>\n<li><strong>Posgrado<\/strong> Experto en <strong>Fisioterapia Invasiva<\/strong> y en <strong>Ecograf\u00eda\u00a0<\/strong>(Universidad Cat\u00f3lica de Murcia)<\/li>\n<li>Especialista universitario en valoraci\u00f3n y tratamiento de la ATM y <strong>Cervicalgias.\u00a0<\/strong><\/li>\n<li>Especialista en las <strong>Disfunciones de la Articulaci\u00f3n Temporo-Mandibular<\/strong> ATM\u00a0(Escuela Universitaria de Enfermer\u00eda y Fisoterapia, UCLM Toledo)<\/li>\n<li><strong>Electrolisis<\/strong> Percut\u00e1nea Terap\u00e9utica Avanzada (<a href=\"https:\/\/www.electrolisisterapeutica.com\/\" target=\"_blank\" rel=\"noopener\">EPTE<\/a>) Ecoguiada.<\/li>\n<\/ul>\n<\/div><\/div> <div class=\"su-column su-column-size-1-3\"><div class=\"su-column-inner su-u-clearfix su-u-trim\">\n<div id=\"attachment_3610\" style=\"width: 970px\" class=\"wp-caption alignnone\"><img loading=\"lazy\" decoding=\"async\" aria-describedby=\"caption-attachment-3610\" class=\"wp-image-3610 size-full\" src=\"https:\/\/iphysio.es\/wp-content\/uploads\/2018\/11\/Mundial_Karate_Sandra-Sanchez-iphysio.jpg\" alt=\"Mundial_Karate_Sandra-Sanchez-iphysio\" width=\"960\" height=\"915\" srcset=\"https:\/\/iphysio.es\/wp-content\/uploads\/2018\/11\/Mundial_Karate_Sandra-Sanchez-iphysio.jpg 960w, https:\/\/iphysio.es\/wp-content\/uploads\/2018\/11\/Mundial_Karate_Sandra-Sanchez-iphysio-300x286.jpg 300w, https:\/\/iphysio.es\/wp-content\/uploads\/2018\/11\/Mundial_Karate_Sandra-Sanchez-iphysio-768x732.jpg 768w\" sizes=\"auto, (max-width: 960px) 100vw, 960px\" \/><p id=\"caption-attachment-3610\" class=\"wp-caption-text\">10.11.18 &#8211; Sandra S\u00e1nchez. Medalla de Oro Kata femenino, Mundial de K\u00e1rate 2018.<\/p><\/div>\n<p>&nbsp;<\/p>\n<div class=\"su-accordion su-u-trim\"><div class=\"su-spoiler su-spoiler-style-default su-spoiler-icon-plus su-spoiler-closed\" data-scroll-offset=\"0\" data-anchor-in-url=\"no\"><div class=\"su-spoiler-title\" tabindex=\"0\" role=\"button\"><span class=\"su-spoiler-icon\"><\/span><strong>OTRAS TITULACIONES, JORNADAS ESPECIALIZADAS<\/strong><\/div><div class=\"su-spoiler-content su-u-clearfix su-u-trim\">\n<ul>\n<li>Electrolisis Percut\u00e1nea Terap\u00e9utica: <strong>Tratamiento Cl\u00ednico de Tendinopat\u00edas\u00a0<\/strong>(EPTE, Madrid)<\/li>\n<li><strong>Ejercicio Terap\u00e9utico Isoinercial\u00a0<\/strong>(EPTE, Madrid)<\/li>\n<li>Curso de <strong>Punci\u00f3n Seca\u00a0<\/strong>(COFICAM, Toledo)<\/li>\n<li><strong>Diatermia<\/strong> en fisioterapia<\/li>\n<li>Actualizaciones en el <strong>Tratamiento del Miembro Superior\u00a0<\/strong>(SESCAM, Talavera de la Reina)<\/li>\n<li>Fundamentos B\u00e1sicos del <strong>Entrenamiento Isoinercial\u00a0<\/strong>(EPTE, Madrid)<\/li>\n<li><strong>Radiculopat\u00eda Ci\u00e1tica<\/strong> y Discapacidad\u00a0(Hospital Universitario Ram\u00f3n y Cajal, Madrid)<\/li>\n<li>Formador de Formadores\u00a0(Universidad Camilo Jos\u00e9 Cela, Villanueva de la Ca\u00f1ada)<\/li>\n<li><strong>Rehabilitaci\u00f3n de Rodilla\u00a0<\/strong>(LOGOSS, Ja\u00e9n)<\/li>\n<li>Protocolo del Tratamiento Fisioter\u00e1pico en el <strong>S\u00edndrome del Latigazo Cervical\u00a0<\/strong>(Universidad Europea de Madrid, Madrid)<\/li>\n<li>Tratamiento y Recuperaci\u00f3n Funcional de la <strong>Mano Traum\u00e1tica\u00a0\u00a0<\/strong>(Universidad Europea de Madrid, Madrid)<\/li>\n<li>La Sedestaci\u00f3n en el <strong>Paciente Neurol\u00f3gico\u00a0<\/strong> (Universidad Europea de Madrid, Madrid)<\/li>\n<li>Programas de <strong>Fisioterapia en Medio Acu\u00e1tico<\/strong> en las Intervenciones Comunitarias: Dise\u00f1o, Implantaci\u00f3n y Desarrollo\u00a0(COFICAM, Albacete)<\/li>\n<li><strong>Alteraciones Oculares<\/strong>. M\u00e9todos de Acci\u00f3n Combinados entre Optometrista y Oftalm\u00f3logo\u00a0(Universidad Europea de Madrid, Altea)<\/li>\n<li><strong>Estiramientos con Electroterapia\u00a0<\/strong>(Universidad Europea de Madrid, Altea)<\/li>\n<li>Equipo Multidisciplinar versus Fisioterapia en el <strong>Tratamiento de la Incontinencia Urinaria\u00a0\u00a0<\/strong>(Universidad Europea de Madrid, Altea)<\/li>\n<li><strong>Kinesio Taping en el Deporte\u00a0<\/strong>(Universidad Europea de Madrid, Altea 2004)<\/li>\n<li>Orientaciones Innovadoras para el <strong>Rendimiento en F\u00fatbol Sala\u00a0<\/strong>(Consejer\u00eda de Educaci\u00f3n y Ciencia JCCLM, Talavera de la Reina).<\/li>\n<li><strong>Osteopat\u00eda del Raquis<\/strong> (columna vertebral).<\/li>\n<li>Tratamiento miofascial de los <strong>puntos gatillo y Punci\u00f3n Seca<\/strong> (fisioterapia invasiva).<\/li>\n<li>Nuevos avances en el tratamiento de <strong>lesiones de espalda<\/strong>.<\/li>\n<li>Lesiones de <strong>hernia discal<\/strong> (Hospital Ram\u00f3n y Cajal).<\/li>\n<\/ul>\n<p>Como TAFAD, instruy\u00f3 a distintos grupos de edad en nataci\u00f3n y equipos de f\u00fatbol sala. Fisioterapeuta durante cuatro a\u00f1os en el \u00e1mbito geri\u00e1trico. Titular del \u00e1rea del Balneoterapia y Fisioterapia durante dos a\u00f1os, y fisioterapeuta durante siete, del grupo hospitalario Quir\u00f3n.<\/p>\n<\/div><\/div><div class=\"su-spoiler su-spoiler-style-default su-spoiler-icon-plus su-spoiler-closed\" data-scroll-offset=\"0\" data-anchor-in-url=\"no\"><div class=\"su-spoiler-title\" tabindex=\"0\" role=\"button\"><span class=\"su-spoiler-icon\"><\/span><strong>BLOG<\/strong><\/div><div class=\"su-spoiler-content su-u-clearfix su-u-trim\">\n<ul>\n<li><a href=\"https:\/\/iphysio.es\/index.php\/2020\/05\/01\/covid19-y-deporte\/\" target=\"_blank\" rel=\"noopener\">COVID19 y deporte, consejos para la vuelta<\/a><\/li>\n<li><a href=\"https:\/\/iphysio.es\/index.php\/2018\/07\/04\/que-es-la-diatermia-o-tecarterapia\/\" target=\"_blank\" rel=\"noopener\">\u00bfQu\u00e9 es la diatermia o tecarterapia?<\/a><\/li>\n<li><a href=\"https:\/\/iphysio.es\/index.php\/2017\/01\/04\/osteopatia-estructural\/\" target=\"_blank\" rel=\"noopener\">Osteopat\u00eda Estructural<\/a><\/li>\n<li><a href=\"https:\/\/iphysio.es\/index.php\/2017\/01\/04\/diastasis-abdominal\/\" target=\"_blank\" rel=\"noopener\">Di\u00e1stasis Abdominal<\/a><\/li>\n<li><a href=\"https:\/\/iphysio.es\/index.php\/2017\/01\/04\/puncion-seca\/\" target=\"_blank\" rel=\"noopener\">Punci\u00f3n Seca<\/a><\/li>\n<\/ul>\n<\/div><\/div> <div class=\"su-spoiler su-spoiler-style-default su-spoiler-icon-plus su-spoiler-closed\" data-scroll-offset=\"0\" data-anchor-in-url=\"no\"><div class=\"su-spoiler-title\" tabindex=\"0\" role=\"button\"><span class=\"su-spoiler-icon\"><\/span><strong>SOLICITUD DE CONSULTA de fisioterapia y\/o ecograf\u00eda musculoesquel\u00e9tica con Juan A. D\u00edaz<\/strong><\/div><div class=\"su-spoiler-content su-u-clearfix su-u-trim\">\n<p>Puede<strong> solicitar cita <\/strong>en nuestro<strong> servicio de fisioterapia:<\/strong><\/p>\n<ul>\n<li>Por <strong>tel\u00e9fono<\/strong>: 925 68 12 02<\/li>\n<li>Por <strong>WhastApp<\/strong>: 657 658 269<\/li>\n<li>Mediante <strong><a href=\"https:\/\/iphysio.es\/index.php\/contacto\/\">formulario<\/a><\/strong><\/li>\n<\/ul>\n<\/div><\/div> <\/div>\n<\/div><\/div><\/div>\n ","protected":false},"excerpt":{"rendered":"","protected":false},"author":1,"featured_media":0,"parent":0,"menu_order":0,"comment_status":"closed","ping_status":"closed","template":"","meta":{"footnotes":"","_links_to":"","_links_to_target":""},"class_list":["post-851","page","type-page","status-publish","hentry"],"yoast_head":"<!-- This site is optimized with the Yoast SEO plugin v27.4 - https:\/\/yoast.com\/product\/yoast-seo-wordpress\/ -->\n<title>Juan Antonio D\u00edaz Basilio, Fisioterapeuta | Cl\u00ednica iPhysio Therapy<\/title>\n<meta name=\"description\" content=\"Juan Antonio D\u00edaz Basilio. Fisioterapeuta, COFICAM 664. Rehabilitaci\u00f3n. Ecograf\u00eda Musculoesquel\u00e9tica. Punci\u00f3n seca. Tendinopat\u00edas. EPTE. ATM.\" \/>\n<meta name=\"robots\" content=\"index, follow, max-snippet:-1, max-image-preview:large, max-video-preview:-1\" \/>\n<link rel=\"canonical\" href=\"https:\/\/iphysio.es\/index.php\/juan-fisioterapeuta\/\" \/>\n<meta property=\"og:locale\" content=\"es_ES\" \/>\n<meta property=\"og:type\" content=\"article\" \/>\n<meta property=\"og:title\" content=\"Juan Antonio D\u00edaz Basilio, Fisioterapeuta | Cl\u00ednica iPhysio Therapy\" \/>\n<meta property=\"og:description\" content=\"Juan Antonio D\u00edaz Basilio. Fisioterapeuta, COFICAM 664. Rehabilitaci\u00f3n. Ecograf\u00eda Musculoesquel\u00e9tica. Punci\u00f3n seca. Tendinopat\u00edas. EPTE. ATM.\" \/>\n<meta property=\"og:url\" content=\"https:\/\/iphysio.es\/index.php\/juan-fisioterapeuta\/\" \/>\n<meta property=\"og:site_name\" content=\"Cl\u00ednica iPhysio Therapy\" \/>\n<meta property=\"article:publisher\" content=\"https:\/\/www.facebook.com\/iPhysioTalavera\/\" \/>\n<meta property=\"article:modified_time\" content=\"2023-09-20T09:29:16+00:00\" \/>\n<meta property=\"og:image\" content=\"https:\/\/iphysio.es\/wp-content\/uploads\/2023\/09\/Juan.jpg\" \/>\n<meta name=\"twitter:card\" content=\"summary_large_image\" \/>\n<meta name=\"twitter:site\" content=\"@IphysioT\" \/>\n<meta name=\"twitter:label1\" content=\"Tiempo de lectura\" \/>\n\t<meta name=\"twitter:data1\" content=\"3 minutos\" \/>\n<script type=\"application\/ld+json\" class=\"yoast-schema-graph\">{\"@context\":\"https:\\\/\\\/schema.org\",\"@graph\":[{\"@type\":\"WebPage\",\"@id\":\"https:\\\/\\\/iphysio.es\\\/index.php\\\/juan-fisioterapeuta\\\/\",\"url\":\"https:\\\/\\\/iphysio.es\\\/index.php\\\/juan-fisioterapeuta\\\/\",\"name\":\"Juan Antonio D\u00edaz Basilio, Fisioterapeuta | Cl\u00ednica iPhysio Therapy\",\"isPartOf\":{\"@id\":\"https:\\\/\\\/iphysio.es\\\/#website\"},\"primaryImageOfPage\":{\"@id\":\"https:\\\/\\\/iphysio.es\\\/index.php\\\/juan-fisioterapeuta\\\/#primaryimage\"},\"image\":{\"@id\":\"https:\\\/\\\/iphysio.es\\\/index.php\\\/juan-fisioterapeuta\\\/#primaryimage\"},\"thumbnailUrl\":\"https:\\\/\\\/iphysio.es\\\/wp-content\\\/uploads\\\/2023\\\/09\\\/Juan.jpg\",\"datePublished\":\"2017-06-06T09:57:13+00:00\",\"dateModified\":\"2023-09-20T09:29:16+00:00\",\"description\":\"Juan Antonio D\u00edaz Basilio. Fisioterapeuta, COFICAM 664. Rehabilitaci\u00f3n. Ecograf\u00eda Musculoesquel\u00e9tica. Punci\u00f3n seca. Tendinopat\u00edas. EPTE. ATM.\",\"breadcrumb\":{\"@id\":\"https:\\\/\\\/iphysio.es\\\/index.php\\\/juan-fisioterapeuta\\\/#breadcrumb\"},\"inLanguage\":\"es\",\"potentialAction\":[{\"@type\":\"ReadAction\",\"target\":[\"https:\\\/\\\/iphysio.es\\\/index.php\\\/juan-fisioterapeuta\\\/\"]}]},{\"@type\":\"ImageObject\",\"inLanguage\":\"es\",\"@id\":\"https:\\\/\\\/iphysio.es\\\/index.php\\\/juan-fisioterapeuta\\\/#primaryimage\",\"url\":\"https:\\\/\\\/iphysio.es\\\/wp-content\\\/uploads\\\/2023\\\/09\\\/Juan.jpg\",\"contentUrl\":\"https:\\\/\\\/iphysio.es\\\/wp-content\\\/uploads\\\/2023\\\/09\\\/Juan.jpg\",\"width\":600,\"height\":800,\"caption\":\"Fisioterapeuta COFICAM 664\"},{\"@type\":\"BreadcrumbList\",\"@id\":\"https:\\\/\\\/iphysio.es\\\/index.php\\\/juan-fisioterapeuta\\\/#breadcrumb\",\"itemListElement\":[{\"@type\":\"ListItem\",\"position\":1,\"name\":\"Portada\",\"item\":\"https:\\\/\\\/iphysio.es\\\/\"},{\"@type\":\"ListItem\",\"position\":2,\"name\":\"Fisioterapeuta | Juan A. D\u00edaz Basilio\"}]},{\"@type\":\"WebSite\",\"@id\":\"https:\\\/\\\/iphysio.es\\\/#website\",\"url\":\"https:\\\/\\\/iphysio.es\\\/\",\"name\":\"Cl\u00ednica iPhysio Therapy\",\"description\":\"Fisioterapia, Nutrici\u00f3n y Diet\u00e9tica, Pilates, Hipopresivos, Lumbalgias, Cervicalgias, Esguinces, Biomec\u00e1nica\",\"publisher\":{\"@id\":\"https:\\\/\\\/iphysio.es\\\/#organization\"},\"potentialAction\":[{\"@type\":\"SearchAction\",\"target\":{\"@type\":\"EntryPoint\",\"urlTemplate\":\"https:\\\/\\\/iphysio.es\\\/?s={search_term_string}\"},\"query-input\":{\"@type\":\"PropertyValueSpecification\",\"valueRequired\":true,\"valueName\":\"search_term_string\"}}],\"inLanguage\":\"es\"},{\"@type\":\"Organization\",\"@id\":\"https:\\\/\\\/iphysio.es\\\/#organization\",\"name\":\"Fisiotalavera S.L.\",\"url\":\"https:\\\/\\\/iphysio.es\\\/\",\"logo\":{\"@type\":\"ImageObject\",\"inLanguage\":\"es\",\"@id\":\"https:\\\/\\\/iphysio.es\\\/#\\\/schema\\\/logo\\\/image\\\/\",\"url\":\"https:\\\/\\\/iphysio.es\\\/wp-content\\\/uploads\\\/2016\\\/11\\\/cropped-solologo.png\",\"contentUrl\":\"https:\\\/\\\/iphysio.es\\\/wp-content\\\/uploads\\\/2016\\\/11\\\/cropped-solologo.png\",\"width\":402,\"height\":428,\"caption\":\"Fisiotalavera S.L.\"},\"image\":{\"@id\":\"https:\\\/\\\/iphysio.es\\\/#\\\/schema\\\/logo\\\/image\\\/\"},\"sameAs\":[\"https:\\\/\\\/www.facebook.com\\\/iPhysioTalavera\\\/\",\"https:\\\/\\\/x.com\\\/IphysioT\"]}]}<\/script>\n<!-- \/ Yoast SEO plugin. -->","yoast_head_json":{"title":"Juan Antonio D\u00edaz Basilio, Fisioterapeuta | Cl\u00ednica iPhysio Therapy","description":"Juan Antonio D\u00edaz Basilio. Fisioterapeuta, COFICAM 664. Rehabilitaci\u00f3n. Ecograf\u00eda Musculoesquel\u00e9tica. Punci\u00f3n seca. Tendinopat\u00edas. EPTE. ATM.","robots":{"index":"index","follow":"follow","max-snippet":"max-snippet:-1","max-image-preview":"max-image-preview:large","max-video-preview":"max-video-preview:-1"},"canonical":"https:\/\/iphysio.es\/index.php\/juan-fisioterapeuta\/","og_locale":"es_ES","og_type":"article","og_title":"Juan Antonio D\u00edaz Basilio, Fisioterapeuta | Cl\u00ednica iPhysio Therapy","og_description":"Juan Antonio D\u00edaz Basilio. Fisioterapeuta, COFICAM 664. Rehabilitaci\u00f3n. Ecograf\u00eda Musculoesquel\u00e9tica. Punci\u00f3n seca. Tendinopat\u00edas. EPTE. ATM.","og_url":"https:\/\/iphysio.es\/index.php\/juan-fisioterapeuta\/","og_site_name":"Cl\u00ednica iPhysio Therapy","article_publisher":"https:\/\/www.facebook.com\/iPhysioTalavera\/","article_modified_time":"2023-09-20T09:29:16+00:00","og_image":[{"url":"https:\/\/iphysio.es\/wp-content\/uploads\/2023\/09\/Juan.jpg","type":"","width":"","height":""}],"twitter_card":"summary_large_image","twitter_site":"@IphysioT","twitter_misc":{"Tiempo de lectura":"3 minutos"},"schema":{"@context":"https:\/\/schema.org","@graph":[{"@type":"WebPage","@id":"https:\/\/iphysio.es\/index.php\/juan-fisioterapeuta\/","url":"https:\/\/iphysio.es\/index.php\/juan-fisioterapeuta\/","name":"Juan Antonio D\u00edaz Basilio, Fisioterapeuta | Cl\u00ednica iPhysio Therapy","isPartOf":{"@id":"https:\/\/iphysio.es\/#website"},"primaryImageOfPage":{"@id":"https:\/\/iphysio.es\/index.php\/juan-fisioterapeuta\/#primaryimage"},"image":{"@id":"https:\/\/iphysio.es\/index.php\/juan-fisioterapeuta\/#primaryimage"},"thumbnailUrl":"https:\/\/iphysio.es\/wp-content\/uploads\/2023\/09\/Juan.jpg","datePublished":"2017-06-06T09:57:13+00:00","dateModified":"2023-09-20T09:29:16+00:00","description":"Juan Antonio D\u00edaz Basilio. Fisioterapeuta, COFICAM 664. Rehabilitaci\u00f3n. Ecograf\u00eda Musculoesquel\u00e9tica. Punci\u00f3n seca. Tendinopat\u00edas. EPTE. ATM.","breadcrumb":{"@id":"https:\/\/iphysio.es\/index.php\/juan-fisioterapeuta\/#breadcrumb"},"inLanguage":"es","potentialAction":[{"@type":"ReadAction","target":["https:\/\/iphysio.es\/index.php\/juan-fisioterapeuta\/"]}]},{"@type":"ImageObject","inLanguage":"es","@id":"https:\/\/iphysio.es\/index.php\/juan-fisioterapeuta\/#primaryimage","url":"https:\/\/iphysio.es\/wp-content\/uploads\/2023\/09\/Juan.jpg","contentUrl":"https:\/\/iphysio.es\/wp-content\/uploads\/2023\/09\/Juan.jpg","width":600,"height":800,"caption":"Fisioterapeuta COFICAM 664"},{"@type":"BreadcrumbList","@id":"https:\/\/iphysio.es\/index.php\/juan-fisioterapeuta\/#breadcrumb","itemListElement":[{"@type":"ListItem","position":1,"name":"Portada","item":"https:\/\/iphysio.es\/"},{"@type":"ListItem","position":2,"name":"Fisioterapeuta | Juan A. D\u00edaz Basilio"}]},{"@type":"WebSite","@id":"https:\/\/iphysio.es\/#website","url":"https:\/\/iphysio.es\/","name":"Cl\u00ednica iPhysio Therapy","description":"Fisioterapia, Nutrici\u00f3n y Diet\u00e9tica, Pilates, Hipopresivos, Lumbalgias, Cervicalgias, Esguinces, Biomec\u00e1nica","publisher":{"@id":"https:\/\/iphysio.es\/#organization"},"potentialAction":[{"@type":"SearchAction","target":{"@type":"EntryPoint","urlTemplate":"https:\/\/iphysio.es\/?s={search_term_string}"},"query-input":{"@type":"PropertyValueSpecification","valueRequired":true,"valueName":"search_term_string"}}],"inLanguage":"es"},{"@type":"Organization","@id":"https:\/\/iphysio.es\/#organization","name":"Fisiotalavera S.L.","url":"https:\/\/iphysio.es\/","logo":{"@type":"ImageObject","inLanguage":"es","@id":"https:\/\/iphysio.es\/#\/schema\/logo\/image\/","url":"https:\/\/iphysio.es\/wp-content\/uploads\/2016\/11\/cropped-solologo.png","contentUrl":"https:\/\/iphysio.es\/wp-content\/uploads\/2016\/11\/cropped-solologo.png","width":402,"height":428,"caption":"Fisiotalavera S.L."},"image":{"@id":"https:\/\/iphysio.es\/#\/schema\/logo\/image\/"},"sameAs":["https:\/\/www.facebook.com\/iPhysioTalavera\/","https:\/\/x.com\/IphysioT"]}]}},"_links":{"self":[{"href":"https:\/\/iphysio.es\/index.php\/wp-json\/wp\/v2\/pages\/851","targetHints":{"allow":["GET"]}}],"collection":[{"href":"https:\/\/iphysio.es\/index.php\/wp-json\/wp\/v2\/pages"}],"about":[{"href":"https:\/\/iphysio.es\/index.php\/wp-json\/wp\/v2\/types\/page"}],"author":[{"embeddable":true,"href":"https:\/\/iphysio.es\/index.php\/wp-json\/wp\/v2\/users\/1"}],"replies":[{"embeddable":true,"href":"https:\/\/iphysio.es\/index.php\/wp-json\/wp\/v2\/comments?post=851"}],"version-history":[{"count":0,"href":"https:\/\/iphysio.es\/index.php\/wp-json\/wp\/v2\/pages\/851\/revisions"}],"wp:attachment":[{"href":"https:\/\/iphysio.es\/index.php\/wp-json\/wp\/v2\/media?parent=851"}],"curies":[{"name":"wp","href":"https:\/\/api.w.org\/{rel}","templated":true}]}}