{"id":9251,"date":"2022-09-16T12:10:15","date_gmt":"2022-09-16T10:10:15","guid":{"rendered":"https:\/\/iphysio.es\/?page_id=9251"},"modified":"2023-10-06T10:36:54","modified_gmt":"2023-10-06T08:36:54","slug":"entrenamiento-deportivo-talavera","status":"publish","type":"page","link":"https:\/\/iphysio.es\/index.php\/entrenamiento-deportivo-talavera\/","title":{"rendered":"Entrenamiento deportivo en Talavera"},"content":{"rendered":"<h1>ENTRENAMIENTO y PREPARACI\u00d3N F\u00cdSICA con iPhysio<\/h1>\n<div class=\"su-row\"><div class=\"su-column su-column-size-3-4\"><div class=\"su-column-inner su-u-clearfix su-u-trim\"><img loading=\"lazy\" decoding=\"async\" class=\"alignnone wp-image-9311 size-full\" src=\"https:\/\/iphysio.es\/wp-content\/uploads\/2022\/09\/gimnasio-talavera.jpg\" alt=\"\" width=\"900\" height=\"506\" srcset=\"https:\/\/iphysio.es\/wp-content\/uploads\/2022\/09\/gimnasio-talavera.jpg 900w, https:\/\/iphysio.es\/wp-content\/uploads\/2022\/09\/gimnasio-talavera-300x169.jpg 300w, https:\/\/iphysio.es\/wp-content\/uploads\/2022\/09\/gimnasio-talavera-768x432.jpg 768w\" sizes=\"auto, (max-width: 900px) 100vw, 900px\" \/><\/p>\n<h2><em>Un proyecto de entrenamiento deportivo y funcional y preparaci\u00f3n f\u00edsica,\u00a0 que es innovador en\u00a0<strong>Talavera de la Reina,\u00a0<\/strong><strong>para mejorar tu salud y que optimices tu<\/strong>\u00a0<strong>rendimiento<\/strong><\/em><\/h2>\n<h3 style=\"text-align: left;\"><img loading=\"lazy\" decoding=\"async\" class=\"wp-image-9249 alignright\" src=\"https:\/\/iphysio.es\/wp-content\/uploads\/2022\/09\/LOGO-CIRCULAR-e1663062575296.jpg\" alt=\"\" width=\"237\" height=\"236\" srcset=\"https:\/\/iphysio.es\/wp-content\/uploads\/2022\/09\/LOGO-CIRCULAR-e1663062575296.jpg 381w, https:\/\/iphysio.es\/wp-content\/uploads\/2022\/09\/LOGO-CIRCULAR-e1663062575296-150x150.jpg 150w, https:\/\/iphysio.es\/wp-content\/uploads\/2022\/09\/LOGO-CIRCULAR-e1663062575296-300x298.jpg 300w\" sizes=\"auto, (max-width: 237px) 100vw, 237px\" \/><\/h3>\n<p><strong>Dirigido por profesionales de la salud y la forma f\u00edsica<\/strong>, nuestro programa de entrenamiento deportivo y preparaci\u00f3n f\u00edsica va<strong> dirigido a<\/strong> ti si quieres\u00a0<strong>mejorar tu salud,\u00a0<\/strong>dar un <strong>salto de calidad en tu rendimiento<\/strong> deportivo,\u00a0<strong>cambiar tus h\u00e1bitos de vida,\u00a0<\/strong><strong>encontrar<\/strong> una <strong>motivaci\u00f3n.<\/strong><\/p>\n<p><strong>Resultados eficientes y eficaces<\/strong> sin ning\u00fan secreto ni milagro m\u00e1s all\u00e1 que entrenar y cuidarse, <strong>somos tu elecci\u00f3n en Talavera de la Reina<\/strong>.<\/p>\n<p><strong>Somos especialistas en forma f\u00edsica y salud<\/strong>, y te ofrecemos un entrenamiento personal y personalizado, para que desarrolles tu mejor energ\u00eda para avanzar.<\/p>\n<h3 style=\"text-align: left;\"><div class=\"su-quote su-quote-style-default\"><div class=\"su-quote-inner su-u-clearfix su-u-trim\">Tendr\u00e1s siempre a tu lado un <strong>equipo multidisciplinar y experto<\/strong>, integrado por <strong>fisioterapeutas, nutricionistas y CAFYD<\/strong>.<\/div><\/div><\/h3>\n<h2><img loading=\"lazy\" decoding=\"async\" class=\"alignleft wp-image-7159\" src=\"https:\/\/iphysio.es\/wp-content\/uploads\/2020\/10\/contact-iphysio-talavera-150x150.png\" alt=\"\" width=\"35\" height=\"34\" srcset=\"https:\/\/iphysio.es\/wp-content\/uploads\/2020\/10\/contact-iphysio-talavera-150x150.png 150w, https:\/\/iphysio.es\/wp-content\/uploads\/2020\/10\/contact-iphysio-talavera-300x293.png 300w, https:\/\/iphysio.es\/wp-content\/uploads\/2020\/10\/contact-iphysio-talavera.png 640w\" sizes=\"auto, (max-width: 35px) 100vw, 35px\" \/>Tu entrenamiento deportivo y funcional, con nosotros<\/h2>\n<p>\u00bfCansad@ de ir a un <strong>gimnasio<\/strong> y no saber qu\u00e9 hacer? \u00bfSensaci\u00f3n de no saber realizar bien los <strong>ejercicios<\/strong>? \u00bfTe cuesta conseguir tus <strong>objetivos<\/strong> o readaptar de una <strong>lesi\u00f3n<\/strong>? Si alguna respuesta ha sido \u00abs\u00ed\u00bb,\u00a0<strong>la opci\u00f3n que buscas est\u00e1 en <a href=\"https:\/\/iphysio.es\/\">iPhysio<\/a> Training.<\/strong><\/p>\n<p><strong>Porque con nosotros tendr\u00e1s un entrenamiento<\/strong> (personal o grupal reducido) <strong>guiado por profesionales<\/strong> que te ayudar\u00e1n a conseguir tus metas, con una <strong>planificaci\u00f3n 100% individualizada<\/strong> a partir de la entrevista previa, <strong>para crearte un programa de entrenamiento adaptado<\/strong> <strong>a tus objetivos y motivaciones, y seg\u00fan tus necesidades y situaci\u00f3n f\u00edsica<\/strong>. Y siempre con un trato cercano e individualizado.<\/p>\n<h2><img loading=\"lazy\" decoding=\"async\" class=\"alignleft wp-image-7159\" src=\"https:\/\/iphysio.es\/wp-content\/uploads\/2020\/10\/contact-iphysio-talavera-150x150.png\" alt=\"\" width=\"35\" height=\"34\" srcset=\"https:\/\/iphysio.es\/wp-content\/uploads\/2020\/10\/contact-iphysio-talavera-150x150.png 150w, https:\/\/iphysio.es\/wp-content\/uploads\/2020\/10\/contact-iphysio-talavera-300x293.png 300w, https:\/\/iphysio.es\/wp-content\/uploads\/2020\/10\/contact-iphysio-talavera.png 640w\" sizes=\"auto, (max-width: 35px) 100vw, 35px\" \/><strong>Empieza un <span style=\"color: #000000;\">programa de entrenamiento<\/span>\u00a0bien pautado\u00a0<\/strong><\/h2>\n<p>Te valoraremos<strong>\u00a0a nivel funcional<\/strong> (asimetr\u00edas, flexibilidad y fuerza), y centraremos tu entrenamiento de fuerza en una <strong>primera fase de adaptaci\u00f3n<\/strong> que te prepare, para despu\u00e9s <strong>empezar a enfocarlo<\/strong>\u00a0seg\u00fan tu requerimiento deportivo u objetivo.<\/p>\n<h3><div class=\"su-quote su-quote-style-default\"><div class=\"su-quote-inner su-u-clearfix su-u-trim\">\u00bfQuieres conocer <strong>las instalaciones deportivas que tendr\u00e1s a tu disposici\u00f3n<\/strong>? <a href=\"https:\/\/www.entrenamientotalavera.com\/el-centro\" target=\"_blank\" rel=\"noopener\">Sigue este link&#8230;<\/a><\/div><\/div><\/h3>\n<\/div><\/div>\n<div class=\"su-column su-column-size-1-4\"><div class=\"su-column-inner su-u-clearfix su-u-trim\">\n<div class=\"su-note\"  style=\"border-color:#c7dee5;border-radius:2px;-moz-border-radius:2px;-webkit-border-radius:2px;\"><div class=\"su-note-inner su-u-clearfix su-u-trim\" style=\"background-color:#e1f8ff;border-color:#ffffff;color:#3c3c3c;border-radius:2px;-moz-border-radius:2px;-webkit-border-radius:2px;\">\n<b>IPHYSIO TRAINING<\/b><\/p>\n\n<table id=\"tablepress-15\" class=\"tablepress tablepress-id-15\">\n<tbody class=\"row-hover\">\n<tr class=\"row-1\">\n\t<td class=\"column-1\"><a href=\"https:\/\/iphysio.es\/index.php\/entrenamiento-deportivo-talavera\/\">Entrenar con nosotros<\/a><\/td>\n<\/tr>\n<tr class=\"row-2\">\n\t<td class=\"column-1\"><a href=\"https:\/\/iphysio.es\/index.php\/instalaciones-deportivas\/\">Instalaciones\/gimnasio<\/a><\/td>\n<\/tr>\n<tr class=\"row-3\">\n\t<td class=\"column-1\"><a href=\"https:\/\/iphysio.es\/index.php\/informacion-y-contacto-entrenamiento\/\">Contacto y reservas<\/a><\/td>\n<\/tr>\n<\/tbody>\n<\/table>\n<!-- #tablepress-15 from cache --><\/div><\/div>\n<p><img loading=\"lazy\" decoding=\"async\" class=\"aligncenter wp-image-9313 size-full\" src=\"https:\/\/iphysio.es\/wp-content\/uploads\/2022\/09\/gimnasio-talavera-2.jpg\" alt=\"entrenamiento deportivo en Talavera\" width=\"500\" height=\"667\" srcset=\"https:\/\/iphysio.es\/wp-content\/uploads\/2022\/09\/gimnasio-talavera-2.jpg 500w, https:\/\/iphysio.es\/wp-content\/uploads\/2022\/09\/gimnasio-talavera-2-225x300.jpg 225w\" sizes=\"auto, (max-width: 500px) 100vw, 500px\" \/><\/p>\n<div class=\"su-note\"  style=\"border-color:#d8d8d8;border-radius:2px;-moz-border-radius:2px;-webkit-border-radius:2px;\"><div class=\"su-note-inner su-u-clearfix su-u-trim\" style=\"background-color:#f2f2f2;border-color:#ffffff;color:#3c3c3c;border-radius:2px;-moz-border-radius:2px;-webkit-border-radius:2px;\"><strong>HORARIOS<\/strong><\/p>\n<p>Las sesiones de entrenamiento son de 55 minutos, dos d\u00edas por semana, en Lunes y Mi\u00e9rcoles, o Martes y Jueves, en horario de ma\u00f1ana o de tarde. Tambi\u00e9n estaremos para ti los viernes.<\/p>\n<p style=\"text-align: center;\"><strong>\u00a1Elige tu mejor momento y <a href=\"https:\/\/www.entrenamientotalavera.com\/contacto\" target=\"_blank\" rel=\"noopener\">contacta con nosotros<\/a>!<\/strong> <\/div><\/div>\n<p style=\"text-align: center;\"><img loading=\"lazy\" decoding=\"async\" class=\"aligncenter wp-image-9572 size-full\" src=\"https:\/\/iphysio.es\/wp-content\/uploads\/2022\/10\/telefono.png\" alt=\"entrenamiento deportivo en Talavera\" width=\"504\" height=\"210\" srcset=\"https:\/\/iphysio.es\/wp-content\/uploads\/2022\/10\/telefono.png 504w, https:\/\/iphysio.es\/wp-content\/uploads\/2022\/10\/telefono-300x125.png 300w\" sizes=\"auto, (max-width: 504px) 100vw, 504px\" \/><img loading=\"lazy\" decoding=\"async\" class=\"aligncenter wp-image-9571 size-full\" src=\"https:\/\/iphysio.es\/wp-content\/uploads\/2022\/10\/mail.png\" alt=\"entrenamiento deportivo en Talavera\" width=\"504\" height=\"210\" srcset=\"https:\/\/iphysio.es\/wp-content\/uploads\/2022\/10\/mail.png 504w, https:\/\/iphysio.es\/wp-content\/uploads\/2022\/10\/mail-300x125.png 300w\" sizes=\"auto, (max-width: 504px) 100vw, 504px\" \/><\/p>\n<h2><img loading=\"lazy\" decoding=\"async\" class=\"wp-image-9442 alignright\" style=\"font-size: 14px; font-weight: 400;\" src=\"https:\/\/iphysio.es\/wp-content\/uploads\/2022\/09\/Luis-Fernando-Navas.jpg\" alt=\"entrenamiento deportivo en Talavera\" width=\"254\" height=\"307\" srcset=\"https:\/\/iphysio.es\/wp-content\/uploads\/2022\/09\/Luis-Fernando-Navas.jpg 550w, https:\/\/iphysio.es\/wp-content\/uploads\/2022\/09\/Luis-Fernando-Navas-248x300.jpg 248w\" sizes=\"auto, (max-width: 254px) 100vw, 254px\" \/><\/h2>\n<\/div><\/div><\/div>\n<hr \/>\n<div class=\"su-note\"  style=\"border-color:#d8d8d8;border-radius:2px;-moz-border-radius:2px;-webkit-border-radius:2px;\"><div class=\"su-note-inner su-u-clearfix su-u-trim\" style=\"background-color:#f2f2f2;border-color:#ffffff;color:#3c3c3c;border-radius:2px;-moz-border-radius:2px;-webkit-border-radius:2px;\">\n<table id=\"tablepress-13\" class=\"tablepress tablepress-id-13\">\n<tbody class=\"row-hover\">\n<tr class=\"row-1\">\n\t<td class=\"column-1\"><b>Servicios Cl\u00ednica iPhysio<\/b><\/td><td class=\"column-2\"><a href=\"https:\/\/iphysio.es\/index.php\/nuestros-servicios\/fisioterapia-talavera-de-la-reina\/\"> \u00b7 Fisioterapia<\/a><\/td><td class=\"column-3\"><a href=\"https:\/\/iphysio.es\/index.php\/unidad-para-la-mujer-2\/\"> \u00b7 Unidad para la mujer<\/a><\/td><td class=\"column-4\"><a href=\"https:\/\/iphysio.es\/index.php\/nuestros-servicios\/fisioterapia-talavera-de-la-reina\/colico-del-lactante\/\"> \u00b7 Lactantes<\/a><\/td><td class=\"column-5\"><a href=\"https:\/\/iphysio.es\/index.php\/nuestros-servicios\/nutricion-y-dietetica-talavera\/\">\u00b7 Nutrici\u00f3n<\/a><\/td><td class=\"column-6\"><a href=\"https:\/\/iphysio.es\/index.php\/nuestros-servicios\/actividades-en-sala-cuidar-tu-cuerpo\/\">\u00b7 Pilates<\/a><\/td><td class=\"column-7\"><a href=\"https:\/\/iphysio.es\/index.php\/entrenamiento-deportivo\/\">\u00b7 Entrenamiento<\/a><\/td>\n<\/tr>\n<\/tbody>\n<\/table>\n<!-- #tablepress-13 from cache --><\/div><\/div>\n ","protected":false},"excerpt":{"rendered":"<p>ENTRENAMIENTO y PREPARACI\u00d3N F\u00cdSICA con iPhysio<\/p>\n","protected":false},"author":1,"featured_media":0,"parent":0,"menu_order":0,"comment_status":"closed","ping_status":"closed","template":"","meta":{"footnotes":"","_links_to":"","_links_to_target":""},"class_list":["post-9251","page","type-page","status-publish","hentry"],"yoast_head":"<!-- This site is optimized with the Yoast SEO plugin v27.5 - https:\/\/yoast.com\/product\/yoast-seo-wordpress\/ -->\n<title>Entrenamiento deportivo en Talavera | iPhysio Centro de Entrenamiento<\/title>\n<meta name=\"description\" content=\"Entrenamiento deportivo en Talavera de la Reina guiado por profesionales, con una planificaci\u00f3n 100% individualizada a partir de la entrevista previa.\" \/>\n<meta name=\"robots\" content=\"index, follow, max-snippet:-1, max-image-preview:large, max-video-preview:-1\" \/>\n<link rel=\"canonical\" href=\"https:\/\/iphysio.es\/index.php\/entrenamiento-deportivo-talavera\/\" \/>\n<meta property=\"og:locale\" content=\"es_ES\" \/>\n<meta property=\"og:type\" content=\"article\" \/>\n<meta property=\"og:title\" content=\"Entrenamiento deportivo en Talavera | iPhysio Centro de Entrenamiento\" \/>\n<meta property=\"og:description\" content=\"Entrenamiento deportivo en Talavera de la Reina guiado por profesionales, con una planificaci\u00f3n 100% individualizada a partir de la entrevista previa.\" \/>\n<meta property=\"og:url\" content=\"https:\/\/iphysio.es\/index.php\/entrenamiento-deportivo-talavera\/\" \/>\n<meta property=\"og:site_name\" content=\"Cl\u00ednica iPhysio Therapy\" \/>\n<meta property=\"article:publisher\" content=\"https:\/\/www.facebook.com\/iPhysioTalavera\/\" \/>\n<meta property=\"article:modified_time\" content=\"2023-10-06T08:36:54+00:00\" \/>\n<meta property=\"og:image\" content=\"https:\/\/iphysio.es\/wp-content\/uploads\/2022\/09\/gimnasio-talavera.jpg\" \/>\n<meta name=\"twitter:card\" content=\"summary_large_image\" \/>\n<meta name=\"twitter:site\" content=\"@IphysioT\" \/>\n<meta name=\"twitter:label1\" content=\"Tiempo de lectura\" \/>\n\t<meta name=\"twitter:data1\" content=\"2 minutos\" \/>\n<script type=\"application\/ld+json\" class=\"yoast-schema-graph\">{\"@context\":\"https:\\\/\\\/schema.org\",\"@graph\":[{\"@type\":\"WebPage\",\"@id\":\"https:\\\/\\\/iphysio.es\\\/index.php\\\/entrenamiento-deportivo-talavera\\\/\",\"url\":\"https:\\\/\\\/iphysio.es\\\/index.php\\\/entrenamiento-deportivo-talavera\\\/\",\"name\":\"Entrenamiento deportivo en Talavera | iPhysio Centro de Entrenamiento\",\"isPartOf\":{\"@id\":\"https:\\\/\\\/iphysio.es\\\/#website\"},\"primaryImageOfPage\":{\"@id\":\"https:\\\/\\\/iphysio.es\\\/index.php\\\/entrenamiento-deportivo-talavera\\\/#primaryimage\"},\"image\":{\"@id\":\"https:\\\/\\\/iphysio.es\\\/index.php\\\/entrenamiento-deportivo-talavera\\\/#primaryimage\"},\"thumbnailUrl\":\"https:\\\/\\\/iphysio.es\\\/wp-content\\\/uploads\\\/2022\\\/09\\\/gimnasio-talavera.jpg\",\"datePublished\":\"2022-09-16T10:10:15+00:00\",\"dateModified\":\"2023-10-06T08:36:54+00:00\",\"description\":\"Entrenamiento deportivo en Talavera de la Reina guiado por profesionales, con una planificaci\u00f3n 100% individualizada a partir de la entrevista previa.\",\"breadcrumb\":{\"@id\":\"https:\\\/\\\/iphysio.es\\\/index.php\\\/entrenamiento-deportivo-talavera\\\/#breadcrumb\"},\"inLanguage\":\"es\",\"potentialAction\":[{\"@type\":\"ReadAction\",\"target\":[\"https:\\\/\\\/iphysio.es\\\/index.php\\\/entrenamiento-deportivo-talavera\\\/\"]}]},{\"@type\":\"ImageObject\",\"inLanguage\":\"es\",\"@id\":\"https:\\\/\\\/iphysio.es\\\/index.php\\\/entrenamiento-deportivo-talavera\\\/#primaryimage\",\"url\":\"https:\\\/\\\/iphysio.es\\\/wp-content\\\/uploads\\\/2022\\\/09\\\/gimnasio-talavera.jpg\",\"contentUrl\":\"https:\\\/\\\/iphysio.es\\\/wp-content\\\/uploads\\\/2022\\\/09\\\/gimnasio-talavera.jpg\",\"width\":900,\"height\":506},{\"@type\":\"BreadcrumbList\",\"@id\":\"https:\\\/\\\/iphysio.es\\\/index.php\\\/entrenamiento-deportivo-talavera\\\/#breadcrumb\",\"itemListElement\":[{\"@type\":\"ListItem\",\"position\":1,\"name\":\"Portada\",\"item\":\"https:\\\/\\\/iphysio.es\\\/\"},{\"@type\":\"ListItem\",\"position\":2,\"name\":\"Entrenamiento deportivo en Talavera\"}]},{\"@type\":\"WebSite\",\"@id\":\"https:\\\/\\\/iphysio.es\\\/#website\",\"url\":\"https:\\\/\\\/iphysio.es\\\/\",\"name\":\"Cl\u00ednica iPhysio Therapy\",\"description\":\"Fisioterapia, Nutrici\u00f3n y Diet\u00e9tica, Pilates, Hipopresivos, Lumbalgias, Cervicalgias, Esguinces, Biomec\u00e1nica\",\"publisher\":{\"@id\":\"https:\\\/\\\/iphysio.es\\\/#organization\"},\"potentialAction\":[{\"@type\":\"SearchAction\",\"target\":{\"@type\":\"EntryPoint\",\"urlTemplate\":\"https:\\\/\\\/iphysio.es\\\/?s={search_term_string}\"},\"query-input\":{\"@type\":\"PropertyValueSpecification\",\"valueRequired\":true,\"valueName\":\"search_term_string\"}}],\"inLanguage\":\"es\"},{\"@type\":\"Organization\",\"@id\":\"https:\\\/\\\/iphysio.es\\\/#organization\",\"name\":\"Fisiotalavera S.L.\",\"url\":\"https:\\\/\\\/iphysio.es\\\/\",\"logo\":{\"@type\":\"ImageObject\",\"inLanguage\":\"es\",\"@id\":\"https:\\\/\\\/iphysio.es\\\/#\\\/schema\\\/logo\\\/image\\\/\",\"url\":\"https:\\\/\\\/iphysio.es\\\/wp-content\\\/uploads\\\/2016\\\/11\\\/cropped-solologo.png\",\"contentUrl\":\"https:\\\/\\\/iphysio.es\\\/wp-content\\\/uploads\\\/2016\\\/11\\\/cropped-solologo.png\",\"width\":402,\"height\":428,\"caption\":\"Fisiotalavera S.L.\"},\"image\":{\"@id\":\"https:\\\/\\\/iphysio.es\\\/#\\\/schema\\\/logo\\\/image\\\/\"},\"sameAs\":[\"https:\\\/\\\/www.facebook.com\\\/iPhysioTalavera\\\/\",\"https:\\\/\\\/x.com\\\/IphysioT\"]}]}<\/script>\n<!-- \/ Yoast SEO plugin. -->","yoast_head_json":{"title":"Entrenamiento deportivo en Talavera | iPhysio Centro de Entrenamiento","description":"Entrenamiento deportivo en Talavera de la Reina guiado por profesionales, con una planificaci\u00f3n 100% individualizada a partir de la entrevista previa.","robots":{"index":"index","follow":"follow","max-snippet":"max-snippet:-1","max-image-preview":"max-image-preview:large","max-video-preview":"max-video-preview:-1"},"canonical":"https:\/\/iphysio.es\/index.php\/entrenamiento-deportivo-talavera\/","og_locale":"es_ES","og_type":"article","og_title":"Entrenamiento deportivo en Talavera | iPhysio Centro de Entrenamiento","og_description":"Entrenamiento deportivo en Talavera de la Reina guiado por profesionales, con una planificaci\u00f3n 100% individualizada a partir de la entrevista previa.","og_url":"https:\/\/iphysio.es\/index.php\/entrenamiento-deportivo-talavera\/","og_site_name":"Cl\u00ednica iPhysio Therapy","article_publisher":"https:\/\/www.facebook.com\/iPhysioTalavera\/","article_modified_time":"2023-10-06T08:36:54+00:00","og_image":[{"url":"https:\/\/iphysio.es\/wp-content\/uploads\/2022\/09\/gimnasio-talavera.jpg","type":"","width":"","height":""}],"twitter_card":"summary_large_image","twitter_site":"@IphysioT","twitter_misc":{"Tiempo de lectura":"2 minutos"},"schema":{"@context":"https:\/\/schema.org","@graph":[{"@type":"WebPage","@id":"https:\/\/iphysio.es\/index.php\/entrenamiento-deportivo-talavera\/","url":"https:\/\/iphysio.es\/index.php\/entrenamiento-deportivo-talavera\/","name":"Entrenamiento deportivo en Talavera | iPhysio Centro de Entrenamiento","isPartOf":{"@id":"https:\/\/iphysio.es\/#website"},"primaryImageOfPage":{"@id":"https:\/\/iphysio.es\/index.php\/entrenamiento-deportivo-talavera\/#primaryimage"},"image":{"@id":"https:\/\/iphysio.es\/index.php\/entrenamiento-deportivo-talavera\/#primaryimage"},"thumbnailUrl":"https:\/\/iphysio.es\/wp-content\/uploads\/2022\/09\/gimnasio-talavera.jpg","datePublished":"2022-09-16T10:10:15+00:00","dateModified":"2023-10-06T08:36:54+00:00","description":"Entrenamiento deportivo en Talavera de la Reina guiado por profesionales, con una planificaci\u00f3n 100% individualizada a partir de la entrevista previa.","breadcrumb":{"@id":"https:\/\/iphysio.es\/index.php\/entrenamiento-deportivo-talavera\/#breadcrumb"},"inLanguage":"es","potentialAction":[{"@type":"ReadAction","target":["https:\/\/iphysio.es\/index.php\/entrenamiento-deportivo-talavera\/"]}]},{"@type":"ImageObject","inLanguage":"es","@id":"https:\/\/iphysio.es\/index.php\/entrenamiento-deportivo-talavera\/#primaryimage","url":"https:\/\/iphysio.es\/wp-content\/uploads\/2022\/09\/gimnasio-talavera.jpg","contentUrl":"https:\/\/iphysio.es\/wp-content\/uploads\/2022\/09\/gimnasio-talavera.jpg","width":900,"height":506},{"@type":"BreadcrumbList","@id":"https:\/\/iphysio.es\/index.php\/entrenamiento-deportivo-talavera\/#breadcrumb","itemListElement":[{"@type":"ListItem","position":1,"name":"Portada","item":"https:\/\/iphysio.es\/"},{"@type":"ListItem","position":2,"name":"Entrenamiento deportivo en Talavera"}]},{"@type":"WebSite","@id":"https:\/\/iphysio.es\/#website","url":"https:\/\/iphysio.es\/","name":"Cl\u00ednica iPhysio Therapy","description":"Fisioterapia, Nutrici\u00f3n y Diet\u00e9tica, Pilates, Hipopresivos, Lumbalgias, Cervicalgias, Esguinces, Biomec\u00e1nica","publisher":{"@id":"https:\/\/iphysio.es\/#organization"},"potentialAction":[{"@type":"SearchAction","target":{"@type":"EntryPoint","urlTemplate":"https:\/\/iphysio.es\/?s={search_term_string}"},"query-input":{"@type":"PropertyValueSpecification","valueRequired":true,"valueName":"search_term_string"}}],"inLanguage":"es"},{"@type":"Organization","@id":"https:\/\/iphysio.es\/#organization","name":"Fisiotalavera S.L.","url":"https:\/\/iphysio.es\/","logo":{"@type":"ImageObject","inLanguage":"es","@id":"https:\/\/iphysio.es\/#\/schema\/logo\/image\/","url":"https:\/\/iphysio.es\/wp-content\/uploads\/2016\/11\/cropped-solologo.png","contentUrl":"https:\/\/iphysio.es\/wp-content\/uploads\/2016\/11\/cropped-solologo.png","width":402,"height":428,"caption":"Fisiotalavera S.L."},"image":{"@id":"https:\/\/iphysio.es\/#\/schema\/logo\/image\/"},"sameAs":["https:\/\/www.facebook.com\/iPhysioTalavera\/","https:\/\/x.com\/IphysioT"]}]}},"_links":{"self":[{"href":"https:\/\/iphysio.es\/index.php\/wp-json\/wp\/v2\/pages\/9251","targetHints":{"allow":["GET"]}}],"collection":[{"href":"https:\/\/iphysio.es\/index.php\/wp-json\/wp\/v2\/pages"}],"about":[{"href":"https:\/\/iphysio.es\/index.php\/wp-json\/wp\/v2\/types\/page"}],"author":[{"embeddable":true,"href":"https:\/\/iphysio.es\/index.php\/wp-json\/wp\/v2\/users\/1"}],"replies":[{"embeddable":true,"href":"https:\/\/iphysio.es\/index.php\/wp-json\/wp\/v2\/comments?post=9251"}],"version-history":[{"count":0,"href":"https:\/\/iphysio.es\/index.php\/wp-json\/wp\/v2\/pages\/9251\/revisions"}],"wp:attachment":[{"href":"https:\/\/iphysio.es\/index.php\/wp-json\/wp\/v2\/media?parent=9251"}],"curies":[{"name":"wp","href":"https:\/\/api.w.org\/{rel}","templated":true}]}}