{"id":1139,"date":"2018-08-20T08:31:56","date_gmt":"2018-08-20T08:31:56","guid":{"rendered":"https:\/\/iphysio.es\/?page_id=1139"},"modified":"2026-01-30T20:12:14","modified_gmt":"2026-01-30T19:12:14","slug":"equipo-y-clinica","status":"publish","type":"page","link":"https:\/\/iphysio.es\/index.php\/equipo-y-clinica\/","title":{"rendered":"Equipo y Cl\u00ednica"},"content":{"rendered":"<h1 style=\"text-align: left;\">El equipo de la cl\u00ednica iPhysio al servicio de vuestra salud.<\/h1>\n<h4 style=\"text-align: left;\">Te presentamos el equipo, los servicios e instalaciones de la Cl\u00ednica iPhysio Therapy en Talavera de la Reina.<br \/>\n<a href=\"https:\/\/iphysio.es\/index.php\/nuestros-servicios\/fisioterapia-talavera-de-la-reina\/\">Fisioterapia<\/a>, <a href=\"https:\/\/iphysio.es\/index.php\/nuestros-servicios\/nutricion-y-dietetica-talavera\/\">Nutrici\u00f3n y Diet\u00e9tica<\/a>, <a href=\"https:\/\/iphysio.es\/index.php\/pilates-mat-on-line\/\">Actividades en Sala\/Pilates<\/a> y <a href=\"https:\/\/iphysio.es\/index.php\/entrenamiento-deportivo\/\">Entrenamiento Deportivo<\/a>, para cuidarte. \u00a1Te damos la bienvenida!<\/h4>\n<div class=\"su-note\"  style=\"border-color:#dfdfdf;border-radius:2px;-moz-border-radius:2px;-webkit-border-radius:2px;\"><div class=\"su-note-inner su-u-clearfix su-u-trim\" style=\"background-color:#f9f9f9;border-color:#ffffff;color:#3c3c3c;border-radius:2px;-moz-border-radius:2px;-webkit-border-radius:2px;\">\n<div class=\"su-row\"><div class=\"su-column su-column-size-1-7\"><div class=\"su-column-inner su-u-clearfix su-u-trim\">\n<p style=\"text-align: center;\"><strong style=\"text-align: center;\"><img loading=\"lazy\" decoding=\"async\" class=\"aligncenter wp-image-10334\" src=\"https:\/\/iphysio.es\/wp-content\/uploads\/2023\/09\/Juan-150x150.jpg\" alt=\"\" width=\"120\" height=\"160\" srcset=\"https:\/\/iphysio.es\/wp-content\/uploads\/2023\/09\/Juan-225x300.jpg 225w, https:\/\/iphysio.es\/wp-content\/uploads\/2023\/09\/Juan.jpg 600w\" sizes=\"auto, (max-width: 120px) 100vw, 120px\" \/><\/strong><strong><a href=\"https:\/\/iphysio.es\/index.php\/juan-fisioterapeuta\/\">Juan A.\u00a0<\/a><\/strong><a href=\"https:\/\/iphysio.es\/index.php\/juan-fisioterapeuta\/\">D\u00edaz<\/a><br \/>\nDir.\u00a0<strong>Fisioterapia<\/strong><br \/>\nCOFICAM 664<\/p>\n<\/div><\/div>\n<div class=\"su-column su-column-size-1-7\"><div class=\"su-column-inner su-u-clearfix su-u-trim\">\n<p style=\"text-align: center;\"><strong style=\"text-align: center;\"><img loading=\"lazy\" decoding=\"async\" class=\"aligncenter wp-image-10335\" src=\"https:\/\/iphysio.es\/wp-content\/uploads\/2023\/09\/Luis-150x150.jpg\" alt=\"\" width=\"120\" height=\"160\" srcset=\"https:\/\/iphysio.es\/wp-content\/uploads\/2023\/09\/Luis-225x300.jpg 225w, https:\/\/iphysio.es\/wp-content\/uploads\/2023\/09\/Luis.jpg 600w\" sizes=\"auto, (max-width: 120px) 100vw, 120px\" \/><\/strong><a href=\"https:\/\/iphysio.es\/index.php\/luis-navas\/\"><strong>Luis F.\u00a0<\/strong>Navas<\/a><br \/>\nDir. <strong>Fisioterapia<\/strong><br \/>\nCOFICAM 850<\/p>\n<\/div><\/div>\n<div class=\"su-column su-column-size-1-7\"><div class=\"su-column-inner su-u-clearfix su-u-trim\">\n<p style=\"text-align: center;\"><img loading=\"lazy\" decoding=\"async\" class=\"aligncenter wp-image-10336\" src=\"https:\/\/iphysio.es\/wp-content\/uploads\/2023\/09\/Lorena-150x150.jpg\" alt=\"\" width=\"120\" height=\"160\" srcset=\"https:\/\/iphysio.es\/wp-content\/uploads\/2023\/09\/Lorena-225x300.jpg 225w, https:\/\/iphysio.es\/wp-content\/uploads\/2023\/09\/Lorena.jpg 600w\" sizes=\"auto, (max-width: 120px) 100vw, 120px\" \/><strong><a href=\"https:\/\/iphysio.es\/index.php\/lorena-jara-fisioterapeuta\/\">Lorena Jara<\/a><\/strong><br \/>\n<strong>Fisioterapia<\/strong><br \/>\nCOFICAM 3258<\/p>\n<\/div><\/div>\n<div class=\"su-column su-column-size-1-7\"><div class=\"su-column-inner su-u-clearfix su-u-trim\">\n<p style=\"text-align: center;\"><strong style=\"text-align: center;\"><img loading=\"lazy\" decoding=\"async\" class=\"alignnone wp-image-11306\" src=\"https:\/\/iphysio.es\/wp-content\/uploads\/Marta-Santamaria-rotated.jpg\" alt=\"\" width=\"120\" height=\"160\" \/><br \/>\n<\/strong><strong>Marta <\/strong>Santamar\u00eda<br \/>\n<strong>Fisioterapia<\/strong><br \/>\nCOFICAM 3581<\/p>\n<\/div><\/div>\n<div class=\"su-column su-column-size-1-7\"><div class=\"su-column-inner su-u-clearfix su-u-trim\">\n<p style=\"text-align: center;\"><img loading=\"lazy\" decoding=\"async\" class=\"aligncenter wp-image-11051\" src=\"https:\/\/iphysio.es\/wp-content\/uploads\/2024\/06\/Angel-Perez-fisioterapeuta-150x150.jpg\" alt=\"\" width=\"120\" height=\"160\" srcset=\"https:\/\/iphysio.es\/wp-content\/uploads\/2024\/06\/Angel-Perez-fisioterapeuta-225x300.jpg 225w, https:\/\/iphysio.es\/wp-content\/uploads\/2024\/06\/Angel-Perez-fisioterapeuta.jpg 600w\" sizes=\"auto, (max-width: 120px) 100vw, 120px\" \/><a href=\"https:\/\/iphysio.es\/index.php\/angel-perez-fisioterapeuta\/\"><strong>\u00c1ngel\u00a0<\/strong>P\u00e9rez<\/a><br \/>\n<strong>Fisioterapia<\/strong><br \/>\nCOFICAM 2332<\/p>\n<\/div><\/div>\n<div class=\"su-column su-column-size-1-7\"><div class=\"su-column-inner su-u-clearfix su-u-trim\">\n<p style=\"text-align: center;\"><img loading=\"lazy\" decoding=\"async\" class=\"wp-image-11192 aligncenter\" src=\"https:\/\/iphysio.es\/wp-content\/uploads\/2024\/09\/Miriam-Fernandez-fisioterapia.jpg\" alt=\"\" width=\"120\" height=\"160\" srcset=\"https:\/\/iphysio.es\/wp-content\/uploads\/2024\/09\/Miriam-Fernandez-fisioterapia.jpg 300w, https:\/\/iphysio.es\/wp-content\/uploads\/2024\/09\/Miriam-Fernandez-fisioterapia-225x300.jpg 225w\" sizes=\"auto, (max-width: 120px) 100vw, 120px\" \/><a href=\"https:\/\/iphysio.es\/index.php\/miriam-fernandez\/\"><b>M\u00edriam<\/b> Fern\u00e1ndez<\/a><br \/>\n<strong>Fisioterapia \/ Pilates<\/strong><br \/>\nCOFICAM 3332<\/p>\n<\/div><\/div>\n<div class=\"su-column su-column-size-1-7\"><div class=\"su-column-inner su-u-clearfix su-u-trim\">\n<p style=\"text-align: center;\"><img loading=\"lazy\" decoding=\"async\" class=\"aligncenter wp-image-11156\" src=\"https:\/\/iphysio.es\/wp-content\/uploads\/2024\/09\/Pedro-Camacho.jpg\" alt=\"\" width=\"120\" height=\"160\" srcset=\"https:\/\/iphysio.es\/wp-content\/uploads\/2024\/09\/Pedro-Camacho.jpg 600w, https:\/\/iphysio.es\/wp-content\/uploads\/2024\/09\/Pedro-Camacho-225x300.jpg 225w\" sizes=\"auto, (max-width: 120px) 100vw, 120px\" \/><\/p>\n<p style=\"text-align: center;\"><a href=\"https:\/\/iphysio.es\/index.php\/pedro-camacho\/\"><b>Pedro<\/b> Camacho<\/a><br \/>\n<strong>Enfermero<\/strong><br \/>\nCOENTO 3812<\/p>\n<p style=\"text-align: left;\"><\/div><\/div>\n<\/div>\n<div class=\"su-row\"><div class=\"su-column su-column-size-1-6\"><div class=\"su-column-inner su-u-clearfix su-u-trim\"><img loading=\"lazy\" decoding=\"async\" class=\"aligncenter wp-image-10835\" src=\"https:\/\/iphysio.es\/wp-content\/uploads\/2024\/02\/David-Olmedo-nutricionista-talavera-iphysio-150x150.jpg\" alt=\"\" width=\"120\" height=\"160\" srcset=\"https:\/\/iphysio.es\/wp-content\/uploads\/2024\/02\/David-Olmedo-nutricionista-talavera-iphysio-225x300.jpg 225w, https:\/\/iphysio.es\/wp-content\/uploads\/2024\/02\/David-Olmedo-nutricionista-talavera-iphysio.jpg 600w\" sizes=\"auto, (max-width: 120px) 100vw, 120px\" \/><\/p>\n<p style=\"text-align: center;\"><a href=\"https:\/\/iphysio.es\/index.php\/david-olmedo-nutricionista\/\"><strong>David\u00a0<\/strong>Olmedo<\/a><br \/>\n<strong>Nutrici\u00f3n y diet\u00e9tica<br \/>\n<\/strong>MAD00175<\/p>\n<p><strong style=\"text-align: center;\">\u00a0<\/strong><\/p>\n<\/div><\/div>\n<div class=\"su-column su-column-size-1-6\"><div class=\"su-column-inner su-u-clearfix su-u-trim\"><\/div><\/div>\n<div class=\"su-column su-column-size-1-6\"><div class=\"su-column-inner su-u-clearfix su-u-trim\">\n<p style=\"text-align: center;\"><img loading=\"lazy\" decoding=\"async\" class=\"aligncenter wp-image-10341\" src=\"https:\/\/iphysio.es\/wp-content\/uploads\/2023\/09\/Pablo-150x150.jpg\" alt=\"\" width=\"120\" height=\"160\" srcset=\"https:\/\/iphysio.es\/wp-content\/uploads\/2023\/09\/Pablo-225x300.jpg 225w, https:\/\/iphysio.es\/wp-content\/uploads\/2023\/09\/Pablo.jpg 600w\" sizes=\"auto, (max-width: 120px) 100vw, 120px\" \/><\/p>\n<p style=\"text-align: center;\"><a href=\"https:\/\/iphysio.es\/index.php\/pablo-luengo\/\"><strong>Pablo\u00a0<\/strong>G. Luengo<\/a><br \/>\n<strong>Pilates<\/strong><\/p>\n<\/div><\/div>\n<div class=\"su-column su-column-size-1-6\"><div class=\"su-column-inner su-u-clearfix su-u-trim\">\n<p><img loading=\"lazy\" decoding=\"async\" class=\"aligncenter wp-image-10342\" src=\"https:\/\/iphysio.es\/wp-content\/uploads\/2023\/09\/Carol-150x150.jpg\" alt=\"\" width=\"120\" height=\"160\" srcset=\"https:\/\/iphysio.es\/wp-content\/uploads\/2023\/09\/Carol-225x300.jpg 225w, https:\/\/iphysio.es\/wp-content\/uploads\/2023\/09\/Carol.jpg 600w\" sizes=\"auto, (max-width: 120px) 100vw, 120px\" \/><\/p>\n<p style=\"text-align: center;\"><strong>Carolina\u00a0<\/strong>Rodr\u00edguez<br \/>\n<strong>Pilates<\/strong><\/p>\n<\/div><\/div><div class=\"su-column su-column-size-1-6\"><div class=\"su-column-inner su-u-clearfix su-u-trim\">\n<p><img loading=\"lazy\" decoding=\"async\" class=\"aligncenter wp-image-10343\" src=\"https:\/\/iphysio.es\/wp-content\/uploads\/2023\/09\/\u00c1lvaro-150x150.jpg\" alt=\"\" width=\"120\" height=\"160\" srcset=\"https:\/\/iphysio.es\/wp-content\/uploads\/2023\/09\/\u00c1lvaro-225x300.jpg 225w, https:\/\/iphysio.es\/wp-content\/uploads\/2023\/09\/\u00c1lvaro.jpg 600w\" sizes=\"auto, (max-width: 120px) 100vw, 120px\" \/><\/p>\n<p style=\"text-align: center;\"><a href=\"https:\/\/iphysio.es\/index.php\/lorena-jara-fisioterapeuta\/\">Lorena Jara<\/a><br \/>\n<strong>Entrenamiento<\/strong><\/p>\n<\/div><\/div>\n<div class=\"su-column su-column-size-1-6\"><div class=\"su-column-inner su-u-clearfix su-u-trim\">\n<p><img loading=\"lazy\" decoding=\"async\" class=\"aligncenter wp-image-10338\" src=\"https:\/\/iphysio.es\/wp-content\/uploads\/2023\/09\/Matilde-150x150.jpg\" alt=\"\" width=\"120\" height=\"160\" srcset=\"https:\/\/iphysio.es\/wp-content\/uploads\/2023\/09\/Matilde-225x300.jpg 225w, https:\/\/iphysio.es\/wp-content\/uploads\/2023\/09\/Matilde.jpg 600w\" sizes=\"auto, (max-width: 120px) 100vw, 120px\" \/><\/p>\n<p style=\"text-align: center;\"><strong>Matilde\u00a0<\/strong>Figueroa<br \/>\n<strong>Administraci\u00f3n<\/strong><br \/>\nComunicaci\u00f3n<\/p>\n<p style=\"text-align: center;\"><\/div><\/div><\/div>\n<\/div><\/div>\n<h2><\/h2>\n<h2><strong>CL\u00cdNICA iPHYSIO<\/strong><\/h2>\n<section id=\"content\" class=\"content\">\n<div id=\"post-40\" class=\"post-40 page type-page status-publish hentry\">\n<div class=\"page-content\">\n<div class=\"su-row\"><div class=\"su-column su-column-size-1-3\"><div class=\"su-column-inner su-u-clearfix su-u-trim\">\n<p><span style=\"color: #333333;\">Registro de Centros, Servicios y Establecimientos Sanitarios CLM 4507670\/4513925 (2016)<\/span><\/p>\n<h4>CENTRO HOMOLOGADO<\/h4>\n<ul>\n<li><strong>Inertial Functional Training<\/strong><\/li>\n<li>Electr\u00f3lisis Percut\u00e1nea Terap\u00e9utica <a href=\"https:\/\/www.electrolisisterapeutica.com\/\" target=\"_blank\" rel=\"noopener\"><strong>EPTE<\/strong><\/a>\u00ae<\/li>\n<li><strong>SpringBoard<\/strong>\u00ae Pilates<\/li>\n<\/ul>\n<h4><strong>DEPORTE<\/strong><\/h4>\n<ul>\n<li>Prevenci\u00f3n de lesiones<\/li>\n<li>Reincorporaci\u00f3n a la actividad deportiva<\/li>\n<li>Lesiones deportivas<\/li>\n<li>Recuperaci\u00f3n funcional<\/li>\n<li>Masaje deportivo<\/li>\n<li>Propiocepci\u00f3n<\/li>\n<li>An\u00e1lisis y mejora del gesto deportivo<\/li>\n<\/ul>\n<p style=\"text-align: right;\"><\/div><\/div> <div class=\"su-column su-column-size-2-3\"><div class=\"su-column-inner su-u-clearfix su-u-trim\">\n<iframe loading=\"lazy\" style=\"border: 0;\" src=\"https:\/\/www.google.com\/maps\/embed?pb=!1m0!3m2!1ses!2ses!4v1488540557741!6m8!1m7!1ss8VgAjADj6gAAAQvxYqG8Q!2m2!1d39.96330949416109!2d-4.818724356520875!3f165!4f0!5f0.7820865974627469\" width=\"700\" height=\"450\" frameborder=\"0\" allowfullscreen=\"allowfullscreen\"><span data-mce-type=\"bookmark\" style=\"display: inline-block; width: 0px; overflow: hidden; line-height: 0;\" class=\"mce_SELRES_start\">\ufeff<\/span><\/iframe><\/div><\/div><\/div>\n<h4><\/h4>\n<div class=\"su-row\"><div class=\"su-column su-column-size-1-3\"><div class=\"su-column-inner su-u-clearfix su-u-trim\">\n<h3><a href=\"https:\/\/iphysio.es\/index.php\/nuestros-servicios\/fisioterapia-talavera-de-la-reina\/\"><strong>FISIOTERAPIA<\/strong><\/a><\/h3>\n<h4>TRAUMATOLOG\u00cdA<\/h4>\n<ul>\n<li>Accidentes de tr\u00e1fico: latigazo cervical<\/li>\n<li>Lumbalgias, cervicalgias<\/li>\n<li>Tendinosis, esquinces<\/li>\n<\/ul>\n<h4>REUMATOLOG\u00cdA<\/h4>\n<ul>\n<li>Artrosis, artritis<\/li>\n<li>Escoliosis<\/li>\n<\/ul>\n<h4>CINESITERAPIA<\/h4>\n<h4>FISIOTERAPIA DE COLUMNA<\/h4>\n<h4>ELECTROTERAPIA<\/h4>\n<\/div><\/div> <div class=\"su-column su-column-size-1-3\"><div class=\"su-column-inner su-u-clearfix su-u-trim\">\n<h4>T\u00c9CNICAS ESPECIALES<\/h4>\n<ul>\n<li>Ecograf\u00eda musculoesquel\u00e9tica<\/li>\n<li>Vendaje neuromuscular, McConell, funcional<\/li>\n<li>Ganchos (reeducaci\u00f3n miofascial)<\/li>\n<li>Punci\u00f3n seca<\/li>\n<li>Electrolisis percut\u00e1nea terap\u00e9utica EPTE<\/li>\n<li>Neurodinamia<\/li>\n<li>ATM: Expertos Articulaci\u00f3n Temporomandibular (bruxismo, cefaleas, cervicobraquialgias, &#8230;)<\/li>\n<li>Entrenamiento y readaptaci\u00f3n Isoinercial EPTE<\/li>\n<li>C\u00f3lico del lactante<\/li>\n<li>Tort\u00edcolis cong\u00e9nita<\/li>\n<li>Reeducaci\u00f3n postural global RPG<\/li>\n<\/ul>\n<\/div><\/div> <div class=\"su-column su-column-size-1-3\"><div class=\"su-column-inner su-u-clearfix su-u-trim\">\n<h4><a href=\"https:\/\/iphysio.es\/index.php\/nuestros-servicios\/nutricion-y-dietetica-talavera\/\"><strong>NUTRICI\u00d3N Y DIET\u00c9TICA<\/strong><\/a><\/h4>\n<ul>\n<li>Cl\u00ednica<\/li>\n<li>Deportiva<\/li>\n<li>Infantil<\/li>\n<li>Nutrici\u00f3n en el embarazo y lactancia<\/li>\n<li>Nutrici\u00f3n vegetariana o\u00a0vegana<\/li>\n<li>Educaci\u00f3n nutricional<\/li>\n<li>Dietoterapia<\/li>\n<\/ul>\n<\/div><\/div><\/div>\n<div class=\"su-row\"><div class=\"su-column su-column-size-1-3\"><div class=\"su-column-inner su-u-clearfix su-u-trim\">\n<h4><a href=\"https:\/\/iphysio.es\/index.php\/nuestros-servicios\/actividades-en-sala-cuidar-tu-cuerpo\/\"><strong>CUIDAMOS TU CUERPO<\/strong><\/a><\/h4>\n<ul>\n<li><a href=\"https:\/\/pilatestalavera.com\" target=\"_blank\" rel=\"noopener\">Pilates<\/a> suelo y m\u00e1quinas<\/li>\n<li>iPhysioFit<\/li>\n<li><a href=\"https:\/\/entrenamientotalavera.com\" target=\"_blank\" rel=\"noopener\">Entrenamiento<\/a>:\n<ul>\n<li>Personal<\/li>\n<li>Grupos reducidos<\/li>\n<li>Deportivo\/funcional<\/li>\n<\/ul>\n<\/li>\n<li>TRX<\/li>\n<li>Isoinerciales Concept Excentrics<\/li>\n<\/ul>\n<\/div><\/div> <div class=\"su-column su-column-size-2-3\"><div class=\"su-column-inner su-u-clearfix su-u-trim\"><iframe loading=\"lazy\" style=\"border: 0;\" src=\"https:\/\/www.google.com\/maps\/embed?pb=!1m18!1m12!1m3!1d764.5048025439512!2d-4.819371470729077!3d39.963321198713764!2m3!1f0!2f0!3f0!3m2!1i1024!2i768!4f13.1!3m3!1m2!1s0xd401bf800a1320d%3A0x772648486339d32f!2sCl%C3%ADnica+iPhysio+Therapy+Fisioterapia+Talavera!5e0!3m2!1ses!2ses!4v1488539062014\" width=\"700\" height=\"290\" frameborder=\"0\" allowfullscreen=\"allowfullscreen\"><\/iframe><\/div><\/div><\/div>\n<\/div>\n<\/div>\n<\/section>\n ","protected":false},"excerpt":{"rendered":"<p>El equipo de la cl\u00ednica iPhysio al servicio de vuestra salud. Te presentamos el equipo, los servicios e instalaciones de la Cl\u00ednica iPhysio Therapy en Talavera de la Reina. Fisioterapia, Nutrici\u00f3n y Diet\u00e9tica, Actividades en Sala\/Pilates y Entrenamiento Deportivo, para cuidarte. \u00a1Te damos la bienvenida! CL\u00cdNICA iPHYSIO<\/p>\n","protected":false},"author":1,"featured_media":0,"parent":0,"menu_order":0,"comment_status":"closed","ping_status":"closed","template":"","meta":{"footnotes":"","_links_to":"","_links_to_target":""},"class_list":["post-1139","page","type-page","status-publish","hentry"],"yoast_head":"<!-- This site is optimized with the Yoast SEO plugin v27.4 - https:\/\/yoast.com\/product\/yoast-seo-wordpress\/ -->\n<title>Equipo profesional e instalaciones | Cl\u00ednica iPhysio Therapy<\/title>\n<meta name=\"description\" content=\"Equipo. Profesionales e instalaciones de la C\u00ednica iPhysio Therapy, especialistas en salud: fisioterapia, nutrici\u00f3n y pilates.\" \/>\n<meta name=\"robots\" content=\"index, follow, max-snippet:-1, max-image-preview:large, max-video-preview:-1\" \/>\n<link rel=\"canonical\" href=\"https:\/\/iphysio.es\/index.php\/equipo-y-clinica\/\" \/>\n<meta property=\"og:locale\" content=\"es_ES\" \/>\n<meta property=\"og:type\" content=\"article\" \/>\n<meta property=\"og:title\" content=\"Equipo profesional e instalaciones | Cl\u00ednica iPhysio Therapy\" \/>\n<meta property=\"og:description\" content=\"Equipo. Profesionales e instalaciones de la C\u00ednica iPhysio Therapy, especialistas en salud: fisioterapia, nutrici\u00f3n y pilates.\" \/>\n<meta property=\"og:url\" content=\"https:\/\/iphysio.es\/index.php\/equipo-y-clinica\/\" \/>\n<meta property=\"og:site_name\" content=\"Cl\u00ednica iPhysio Therapy\" \/>\n<meta property=\"article:publisher\" content=\"https:\/\/www.facebook.com\/iPhysioTalavera\/\" \/>\n<meta property=\"article:modified_time\" content=\"2026-01-30T19:12:14+00:00\" \/>\n<meta property=\"og:image\" content=\"https:\/\/iphysio.es\/wp-content\/uploads\/2023\/09\/Juan.jpg\" \/>\n\t<meta property=\"og:image:width\" content=\"600\" \/>\n\t<meta property=\"og:image:height\" content=\"800\" \/>\n\t<meta property=\"og:image:type\" content=\"image\/jpeg\" \/>\n<meta name=\"twitter:card\" content=\"summary_large_image\" \/>\n<meta name=\"twitter:site\" content=\"@IphysioT\" \/>\n<meta name=\"twitter:label1\" content=\"Tiempo de lectura\" \/>\n\t<meta name=\"twitter:data1\" content=\"5 minutos\" \/>\n<script type=\"application\/ld+json\" class=\"yoast-schema-graph\">{\"@context\":\"https:\\\/\\\/schema.org\",\"@graph\":[{\"@type\":\"WebPage\",\"@id\":\"https:\\\/\\\/iphysio.es\\\/index.php\\\/equipo-y-clinica\\\/\",\"url\":\"https:\\\/\\\/iphysio.es\\\/index.php\\\/equipo-y-clinica\\\/\",\"name\":\"Equipo profesional e instalaciones | Cl\u00ednica iPhysio Therapy\",\"isPartOf\":{\"@id\":\"https:\\\/\\\/iphysio.es\\\/#website\"},\"primaryImageOfPage\":{\"@id\":\"https:\\\/\\\/iphysio.es\\\/index.php\\\/equipo-y-clinica\\\/#primaryimage\"},\"image\":{\"@id\":\"https:\\\/\\\/iphysio.es\\\/index.php\\\/equipo-y-clinica\\\/#primaryimage\"},\"thumbnailUrl\":\"https:\\\/\\\/iphysio.es\\\/wp-content\\\/uploads\\\/2023\\\/09\\\/Juan-150x150.jpg\",\"datePublished\":\"2018-08-20T08:31:56+00:00\",\"dateModified\":\"2026-01-30T19:12:14+00:00\",\"description\":\"Equipo. Profesionales e instalaciones de la C\u00ednica iPhysio Therapy, especialistas en salud: fisioterapia, nutrici\u00f3n y pilates.\",\"breadcrumb\":{\"@id\":\"https:\\\/\\\/iphysio.es\\\/index.php\\\/equipo-y-clinica\\\/#breadcrumb\"},\"inLanguage\":\"es\",\"potentialAction\":[{\"@type\":\"ReadAction\",\"target\":[\"https:\\\/\\\/iphysio.es\\\/index.php\\\/equipo-y-clinica\\\/\"]}]},{\"@type\":\"ImageObject\",\"inLanguage\":\"es\",\"@id\":\"https:\\\/\\\/iphysio.es\\\/index.php\\\/equipo-y-clinica\\\/#primaryimage\",\"url\":\"https:\\\/\\\/iphysio.es\\\/wp-content\\\/uploads\\\/2023\\\/09\\\/Juan.jpg\",\"contentUrl\":\"https:\\\/\\\/iphysio.es\\\/wp-content\\\/uploads\\\/2023\\\/09\\\/Juan.jpg\",\"width\":600,\"height\":800,\"caption\":\"Fisioterapeuta COFICAM 664\"},{\"@type\":\"BreadcrumbList\",\"@id\":\"https:\\\/\\\/iphysio.es\\\/index.php\\\/equipo-y-clinica\\\/#breadcrumb\",\"itemListElement\":[{\"@type\":\"ListItem\",\"position\":1,\"name\":\"Portada\",\"item\":\"https:\\\/\\\/iphysio.es\\\/\"},{\"@type\":\"ListItem\",\"position\":2,\"name\":\"Equipo y Cl\u00ednica\"}]},{\"@type\":\"WebSite\",\"@id\":\"https:\\\/\\\/iphysio.es\\\/#website\",\"url\":\"https:\\\/\\\/iphysio.es\\\/\",\"name\":\"Cl\u00ednica iPhysio Therapy\",\"description\":\"Fisioterapia, Nutrici\u00f3n y Diet\u00e9tica, Pilates, Hipopresivos, Lumbalgias, Cervicalgias, Esguinces, Biomec\u00e1nica\",\"publisher\":{\"@id\":\"https:\\\/\\\/iphysio.es\\\/#organization\"},\"potentialAction\":[{\"@type\":\"SearchAction\",\"target\":{\"@type\":\"EntryPoint\",\"urlTemplate\":\"https:\\\/\\\/iphysio.es\\\/?s={search_term_string}\"},\"query-input\":{\"@type\":\"PropertyValueSpecification\",\"valueRequired\":true,\"valueName\":\"search_term_string\"}}],\"inLanguage\":\"es\"},{\"@type\":\"Organization\",\"@id\":\"https:\\\/\\\/iphysio.es\\\/#organization\",\"name\":\"Fisiotalavera S.L.\",\"url\":\"https:\\\/\\\/iphysio.es\\\/\",\"logo\":{\"@type\":\"ImageObject\",\"inLanguage\":\"es\",\"@id\":\"https:\\\/\\\/iphysio.es\\\/#\\\/schema\\\/logo\\\/image\\\/\",\"url\":\"https:\\\/\\\/iphysio.es\\\/wp-content\\\/uploads\\\/2016\\\/11\\\/cropped-solologo.png\",\"contentUrl\":\"https:\\\/\\\/iphysio.es\\\/wp-content\\\/uploads\\\/2016\\\/11\\\/cropped-solologo.png\",\"width\":402,\"height\":428,\"caption\":\"Fisiotalavera S.L.\"},\"image\":{\"@id\":\"https:\\\/\\\/iphysio.es\\\/#\\\/schema\\\/logo\\\/image\\\/\"},\"sameAs\":[\"https:\\\/\\\/www.facebook.com\\\/iPhysioTalavera\\\/\",\"https:\\\/\\\/x.com\\\/IphysioT\"]}]}<\/script>\n<!-- \/ Yoast SEO plugin. -->","yoast_head_json":{"title":"Equipo profesional e instalaciones | Cl\u00ednica iPhysio Therapy","description":"Equipo. Profesionales e instalaciones de la C\u00ednica iPhysio Therapy, especialistas en salud: fisioterapia, nutrici\u00f3n y pilates.","robots":{"index":"index","follow":"follow","max-snippet":"max-snippet:-1","max-image-preview":"max-image-preview:large","max-video-preview":"max-video-preview:-1"},"canonical":"https:\/\/iphysio.es\/index.php\/equipo-y-clinica\/","og_locale":"es_ES","og_type":"article","og_title":"Equipo profesional e instalaciones | Cl\u00ednica iPhysio Therapy","og_description":"Equipo. Profesionales e instalaciones de la C\u00ednica iPhysio Therapy, especialistas en salud: fisioterapia, nutrici\u00f3n y pilates.","og_url":"https:\/\/iphysio.es\/index.php\/equipo-y-clinica\/","og_site_name":"Cl\u00ednica iPhysio Therapy","article_publisher":"https:\/\/www.facebook.com\/iPhysioTalavera\/","article_modified_time":"2026-01-30T19:12:14+00:00","og_image":[{"width":600,"height":800,"url":"https:\/\/iphysio.es\/wp-content\/uploads\/2023\/09\/Juan.jpg","type":"image\/jpeg"}],"twitter_card":"summary_large_image","twitter_site":"@IphysioT","twitter_misc":{"Tiempo de lectura":"5 minutos"},"schema":{"@context":"https:\/\/schema.org","@graph":[{"@type":"WebPage","@id":"https:\/\/iphysio.es\/index.php\/equipo-y-clinica\/","url":"https:\/\/iphysio.es\/index.php\/equipo-y-clinica\/","name":"Equipo profesional e instalaciones | Cl\u00ednica iPhysio Therapy","isPartOf":{"@id":"https:\/\/iphysio.es\/#website"},"primaryImageOfPage":{"@id":"https:\/\/iphysio.es\/index.php\/equipo-y-clinica\/#primaryimage"},"image":{"@id":"https:\/\/iphysio.es\/index.php\/equipo-y-clinica\/#primaryimage"},"thumbnailUrl":"https:\/\/iphysio.es\/wp-content\/uploads\/2023\/09\/Juan-150x150.jpg","datePublished":"2018-08-20T08:31:56+00:00","dateModified":"2026-01-30T19:12:14+00:00","description":"Equipo. Profesionales e instalaciones de la C\u00ednica iPhysio Therapy, especialistas en salud: fisioterapia, nutrici\u00f3n y pilates.","breadcrumb":{"@id":"https:\/\/iphysio.es\/index.php\/equipo-y-clinica\/#breadcrumb"},"inLanguage":"es","potentialAction":[{"@type":"ReadAction","target":["https:\/\/iphysio.es\/index.php\/equipo-y-clinica\/"]}]},{"@type":"ImageObject","inLanguage":"es","@id":"https:\/\/iphysio.es\/index.php\/equipo-y-clinica\/#primaryimage","url":"https:\/\/iphysio.es\/wp-content\/uploads\/2023\/09\/Juan.jpg","contentUrl":"https:\/\/iphysio.es\/wp-content\/uploads\/2023\/09\/Juan.jpg","width":600,"height":800,"caption":"Fisioterapeuta COFICAM 664"},{"@type":"BreadcrumbList","@id":"https:\/\/iphysio.es\/index.php\/equipo-y-clinica\/#breadcrumb","itemListElement":[{"@type":"ListItem","position":1,"name":"Portada","item":"https:\/\/iphysio.es\/"},{"@type":"ListItem","position":2,"name":"Equipo y Cl\u00ednica"}]},{"@type":"WebSite","@id":"https:\/\/iphysio.es\/#website","url":"https:\/\/iphysio.es\/","name":"Cl\u00ednica iPhysio Therapy","description":"Fisioterapia, Nutrici\u00f3n y Diet\u00e9tica, Pilates, Hipopresivos, Lumbalgias, Cervicalgias, Esguinces, Biomec\u00e1nica","publisher":{"@id":"https:\/\/iphysio.es\/#organization"},"potentialAction":[{"@type":"SearchAction","target":{"@type":"EntryPoint","urlTemplate":"https:\/\/iphysio.es\/?s={search_term_string}"},"query-input":{"@type":"PropertyValueSpecification","valueRequired":true,"valueName":"search_term_string"}}],"inLanguage":"es"},{"@type":"Organization","@id":"https:\/\/iphysio.es\/#organization","name":"Fisiotalavera S.L.","url":"https:\/\/iphysio.es\/","logo":{"@type":"ImageObject","inLanguage":"es","@id":"https:\/\/iphysio.es\/#\/schema\/logo\/image\/","url":"https:\/\/iphysio.es\/wp-content\/uploads\/2016\/11\/cropped-solologo.png","contentUrl":"https:\/\/iphysio.es\/wp-content\/uploads\/2016\/11\/cropped-solologo.png","width":402,"height":428,"caption":"Fisiotalavera S.L."},"image":{"@id":"https:\/\/iphysio.es\/#\/schema\/logo\/image\/"},"sameAs":["https:\/\/www.facebook.com\/iPhysioTalavera\/","https:\/\/x.com\/IphysioT"]}]}},"_links":{"self":[{"href":"https:\/\/iphysio.es\/index.php\/wp-json\/wp\/v2\/pages\/1139","targetHints":{"allow":["GET"]}}],"collection":[{"href":"https:\/\/iphysio.es\/index.php\/wp-json\/wp\/v2\/pages"}],"about":[{"href":"https:\/\/iphysio.es\/index.php\/wp-json\/wp\/v2\/types\/page"}],"author":[{"embeddable":true,"href":"https:\/\/iphysio.es\/index.php\/wp-json\/wp\/v2\/users\/1"}],"replies":[{"embeddable":true,"href":"https:\/\/iphysio.es\/index.php\/wp-json\/wp\/v2\/comments?post=1139"}],"version-history":[{"count":4,"href":"https:\/\/iphysio.es\/index.php\/wp-json\/wp\/v2\/pages\/1139\/revisions"}],"predecessor-version":[{"id":11308,"href":"https:\/\/iphysio.es\/index.php\/wp-json\/wp\/v2\/pages\/1139\/revisions\/11308"}],"wp:attachment":[{"href":"https:\/\/iphysio.es\/index.php\/wp-json\/wp\/v2\/media?parent=1139"}],"curies":[{"name":"wp","href":"https:\/\/api.w.org\/{rel}","templated":true}]}}